{"id":734,"date":"2018-10-16T06:51:31","date_gmt":"2018-10-16T06:51:31","guid":{"rendered":"http:\/\/sebetanne.co.uk\/hkblog\/?page_id=734"},"modified":"2026-04-17T11:08:48","modified_gmt":"2026-04-17T11:08:48","slug":"last-days-in-happy-valley-09-2018","status":"publish","type":"page","link":"https:\/\/sebetanne.co.uk\/hkblog\/gallery-photos\/hong-kong\/2018-august-to-december\/last-days-in-happy-valley-09-2018\/","title":{"rendered":"Last Days in Happy Valley &#8211; 09-2018"},"content":{"rendered":"<p>I took these pictures on my way to or from school or from our flat.<\/p>\n<p style=\"text-align: right;\"><em>J&#8217;ai pris ces photos sur le chemin de l&#8217;\u00e9cole ou de notre appartement.<\/em><\/p>\n<figure id=\"attachment_582\" aria-describedby=\"caption-attachment-582\" style=\"width: 768px\" class=\"wp-caption alignnone\"><a href=\"https:\/\/sebetanne.co.uk\/hkblog\/wp-content\/uploads\/2018\/09\/20180905_039-EFFECTS.jpg\"><img loading=\"lazy\" decoding=\"async\" class=\"wp-image-582 size-large\" src=\"https:\/\/sebetanne.co.uk\/hkblog\/wp-content\/uploads\/2018\/09\/20180905_039-EFFECTS-768x1024.jpg\" alt=\"\" width=\"768\" height=\"1024\" srcset=\"https:\/\/sebetanne.co.uk\/hkblog\/wp-content\/uploads\/2018\/09\/20180905_039-EFFECTS-768x1024.jpg 768w, https:\/\/sebetanne.co.uk\/hkblog\/wp-content\/uploads\/2018\/09\/20180905_039-EFFECTS-225x300.jpg 225w\" sizes=\"auto, (max-width: 768px) 100vw, 768px\" \/><\/a><figcaption id=\"caption-attachment-582\" class=\"wp-caption-text\">Yes, it&#8217;s a church! \/ Et oui, c&#8217;est un \u00e9glise !<\/figcaption><\/figure>\n<p>Every Wednesday night, the racecourse comes to life. Thousands of people come and bet on the horses. We had a very good view from our flat. But this was a bit dull to watch: half an hour to set a race, 2 minutes to race and another half an hour to see the medals. It&#8217;s probably more fun to go and mingle.<\/p>\n<p style=\"text-align: right;\"><em>Chaque mercredi soir, l&#8217;hippodrome s&#8217;anime. Des milliers de personnes viennent assister aux courses et parier sur les chevaux. Nous avions une tr\u00e8s bonne vue de notre appartement. Mais c&#8217;\u00e9tait un peu ennuyeux \u00e0 regarder: une demi-heure pour mettre en place une course, 2 minutes de course et une demi-heure pour voir les m\u00e9dailles. C&#8217;est probablement plus amusant d&#8217;aller \u00e0 l\u2019hippodrome directement.<\/em><\/p>\n<p><a href=\"https:\/\/sebetanne.co.uk\/hkblog\/wp-content\/uploads\/2018\/09\/20180905_043.jpg\"><img loading=\"lazy\" decoding=\"async\" class=\"alignnone size-large wp-image-586\" src=\"https:\/\/sebetanne.co.uk\/hkblog\/wp-content\/uploads\/2018\/09\/20180905_043-1024x683.jpg\" alt=\"\" width=\"840\" height=\"560\" srcset=\"https:\/\/sebetanne.co.uk\/hkblog\/wp-content\/uploads\/2018\/09\/20180905_043-1024x683.jpg 1024w, https:\/\/sebetanne.co.uk\/hkblog\/wp-content\/uploads\/2018\/09\/20180905_043-300x200.jpg 300w, https:\/\/sebetanne.co.uk\/hkblog\/wp-content\/uploads\/2018\/09\/20180905_043-768x512.jpg 768w, https:\/\/sebetanne.co.uk\/hkblog\/wp-content\/uploads\/2018\/09\/20180905_043-840x560.jpg 840w, https:\/\/sebetanne.co.uk\/hkblog\/wp-content\/uploads\/2018\/09\/20180905_043-120x80.jpg 120w, https:\/\/sebetanne.co.uk\/hkblog\/wp-content\/uploads\/2018\/09\/20180905_043-360x240.jpg 360w, https:\/\/sebetanne.co.uk\/hkblog\/wp-content\/uploads\/2018\/09\/20180905_043-600x400.jpg 600w\" sizes=\"auto, (max-width: 840px) 100vw, 840px\" \/><\/a><\/p>\n<p><a href=\"https:\/\/sebetanne.co.uk\/hkblog\/wp-content\/uploads\/2018\/09\/20180906_048.jpg\"><img loading=\"lazy\" decoding=\"async\" class=\"alignnone size-large wp-image-591\" src=\"https:\/\/sebetanne.co.uk\/hkblog\/wp-content\/uploads\/2018\/09\/20180906_048-1024x768.jpg\" alt=\"\" width=\"840\" height=\"630\" srcset=\"https:\/\/sebetanne.co.uk\/hkblog\/wp-content\/uploads\/2018\/09\/20180906_048-1024x768.jpg 1024w, https:\/\/sebetanne.co.uk\/hkblog\/wp-content\/uploads\/2018\/09\/20180906_048-300x225.jpg 300w, https:\/\/sebetanne.co.uk\/hkblog\/wp-content\/uploads\/2018\/09\/20180906_048-768x576.jpg 768w\" sizes=\"auto, (max-width: 840px) 100vw, 840px\" \/><\/a><\/p>\n<figure id=\"attachment_593\" aria-describedby=\"caption-attachment-593\" style=\"width: 768px\" class=\"wp-caption alignnone\"><a href=\"https:\/\/sebetanne.co.uk\/hkblog\/wp-content\/uploads\/2018\/09\/20180906_050.jpg\"><img loading=\"lazy\" decoding=\"async\" class=\"wp-image-593 size-large\" src=\"https:\/\/sebetanne.co.uk\/hkblog\/wp-content\/uploads\/2018\/09\/20180906_050-768x1024.jpg\" alt=\"\" width=\"768\" height=\"1024\" srcset=\"https:\/\/sebetanne.co.uk\/hkblog\/wp-content\/uploads\/2018\/09\/20180906_050-768x1024.jpg 768w, https:\/\/sebetanne.co.uk\/hkblog\/wp-content\/uploads\/2018\/09\/20180906_050-225x300.jpg 225w\" sizes=\"auto, (max-width: 768px) 100vw, 768px\" \/><\/a><figcaption id=\"caption-attachment-593\" class=\"wp-caption-text\">Another church, another style \/ Une autre \u00e9glise dans un style diff\u00e9rent<\/figcaption><\/figure>\n<p><a href=\"https:\/\/sebetanne.co.uk\/hkblog\/wp-content\/uploads\/2018\/09\/20180906_051.jpg\"><img loading=\"lazy\" decoding=\"async\" class=\"alignnone size-large wp-image-594\" src=\"https:\/\/sebetanne.co.uk\/hkblog\/wp-content\/uploads\/2018\/09\/20180906_051-768x1024.jpg\" alt=\"\" width=\"768\" height=\"1024\" srcset=\"https:\/\/sebetanne.co.uk\/hkblog\/wp-content\/uploads\/2018\/09\/20180906_051-768x1024.jpg 768w, https:\/\/sebetanne.co.uk\/hkblog\/wp-content\/uploads\/2018\/09\/20180906_051-225x300.jpg 225w\" sizes=\"auto, (max-width: 768px) 100vw, 768px\" \/><\/a><\/p>\n<figure id=\"attachment_595\" aria-describedby=\"caption-attachment-595\" style=\"width: 768px\" class=\"wp-caption alignnone\"><a href=\"https:\/\/sebetanne.co.uk\/hkblog\/wp-content\/uploads\/2018\/09\/20180907_052.jpg\"><img loading=\"lazy\" decoding=\"async\" class=\"wp-image-595 size-large\" src=\"https:\/\/sebetanne.co.uk\/hkblog\/wp-content\/uploads\/2018\/09\/20180907_052-768x1024.jpg\" alt=\"\" width=\"768\" height=\"1024\" srcset=\"https:\/\/sebetanne.co.uk\/hkblog\/wp-content\/uploads\/2018\/09\/20180907_052-768x1024.jpg 768w, https:\/\/sebetanne.co.uk\/hkblog\/wp-content\/uploads\/2018\/09\/20180907_052-225x300.jpg 225w\" sizes=\"auto, (max-width: 768px) 100vw, 768px\" \/><\/a><figcaption id=\"caption-attachment-595\" class=\"wp-caption-text\">I passed this building twice a day coming back from school \/ Je passais deux fois par jour devant cet immeuble en rentrant de l&#8217;\u00e9cole<\/figcaption><\/figure>\n<p><a href=\"https:\/\/sebetanne.co.uk\/hkblog\/wp-content\/uploads\/2018\/09\/20180910_057.jpg\"><img loading=\"lazy\" decoding=\"async\" class=\"alignnone size-large wp-image-600\" src=\"https:\/\/sebetanne.co.uk\/hkblog\/wp-content\/uploads\/2018\/09\/20180910_057-768x1024.jpg\" alt=\"\" width=\"768\" height=\"1024\" srcset=\"https:\/\/sebetanne.co.uk\/hkblog\/wp-content\/uploads\/2018\/09\/20180910_057-768x1024.jpg 768w, https:\/\/sebetanne.co.uk\/hkblog\/wp-content\/uploads\/2018\/09\/20180910_057-225x300.jpg 225w\" sizes=\"auto, (max-width: 768px) 100vw, 768px\" \/><\/a><\/p>\n<p><a href=\"https:\/\/sebetanne.co.uk\/hkblog\/wp-content\/uploads\/2018\/10\/20180911_059.jpg\"><img loading=\"lazy\" decoding=\"async\" class=\"alignnone size-large wp-image-643\" src=\"https:\/\/sebetanne.co.uk\/hkblog\/wp-content\/uploads\/2018\/10\/20180911_059-768x1024.jpg\" alt=\"\" width=\"768\" height=\"1024\" srcset=\"https:\/\/sebetanne.co.uk\/hkblog\/wp-content\/uploads\/2018\/10\/20180911_059-768x1024.jpg 768w, https:\/\/sebetanne.co.uk\/hkblog\/wp-content\/uploads\/2018\/10\/20180911_059-225x300.jpg 225w\" sizes=\"auto, (max-width: 768px) 100vw, 768px\" \/><\/a><\/p>\n<figure id=\"attachment_644\" aria-describedby=\"caption-attachment-644\" style=\"width: 840px\" class=\"wp-caption alignnone\"><a href=\"https:\/\/sebetanne.co.uk\/hkblog\/wp-content\/uploads\/2018\/10\/20180913_060-EFFECTS.jpg\"><img loading=\"lazy\" decoding=\"async\" class=\"wp-image-644 size-large\" src=\"https:\/\/sebetanne.co.uk\/hkblog\/wp-content\/uploads\/2018\/10\/20180913_060-EFFECTS-1024x768.jpg\" alt=\"\" width=\"840\" height=\"630\" srcset=\"https:\/\/sebetanne.co.uk\/hkblog\/wp-content\/uploads\/2018\/10\/20180913_060-EFFECTS-1024x768.jpg 1024w, https:\/\/sebetanne.co.uk\/hkblog\/wp-content\/uploads\/2018\/10\/20180913_060-EFFECTS-300x225.jpg 300w, https:\/\/sebetanne.co.uk\/hkblog\/wp-content\/uploads\/2018\/10\/20180913_060-EFFECTS-768x576.jpg 768w\" sizes=\"auto, (max-width: 840px) 100vw, 840px\" \/><\/a><figcaption id=\"caption-attachment-644\" class=\"wp-caption-text\">The view from the swimming pool. I liked all the pipes going out of the building \/ Vue de la piscine. J&#8217;aime tous les tuyaux qui sortent<\/figcaption><\/figure>\n<figure id=\"attachment_645\" aria-describedby=\"caption-attachment-645\" style=\"width: 840px\" class=\"wp-caption alignnone\"><a href=\"https:\/\/sebetanne.co.uk\/hkblog\/wp-content\/uploads\/2018\/10\/20180914_061.jpg\"><img loading=\"lazy\" decoding=\"async\" class=\"wp-image-645 size-large\" src=\"https:\/\/sebetanne.co.uk\/hkblog\/wp-content\/uploads\/2018\/10\/20180914_061-1024x768.jpg\" alt=\"\" width=\"840\" height=\"630\" srcset=\"https:\/\/sebetanne.co.uk\/hkblog\/wp-content\/uploads\/2018\/10\/20180914_061-1024x768.jpg 1024w, https:\/\/sebetanne.co.uk\/hkblog\/wp-content\/uploads\/2018\/10\/20180914_061-300x225.jpg 300w, https:\/\/sebetanne.co.uk\/hkblog\/wp-content\/uploads\/2018\/10\/20180914_061-768x576.jpg 768w\" sizes=\"auto, (max-width: 840px) 100vw, 840px\" \/><\/a><figcaption id=\"caption-attachment-645\" class=\"wp-caption-text\">Last picture from our flat \/ Derni\u00e8re photo de notre appartment<\/figcaption><\/figure>\n","protected":false},"excerpt":{"rendered":"<p>I took these pictures on my way to or from school or from our flat. J&#8217;ai pris ces photos sur[&#8230;]<\/p>\n","protected":false},"author":1,"featured_media":585,"parent":1735,"menu_order":12,"comment_status":"closed","ping_status":"closed","template":"template-fullwidth.php","meta":{"footnotes":""},"class_list":["post-734","page","type-page","status-publish","has-post-thumbnail","hentry"],"post_mailing_queue_ids":[],"_links":{"self":[{"href":"https:\/\/sebetanne.co.uk\/hkblog\/wp-json\/wp\/v2\/pages\/734","targetHints":{"allow":["GET"]}}],"collection":[{"href":"https:\/\/sebetanne.co.uk\/hkblog\/wp-json\/wp\/v2\/pages"}],"about":[{"href":"https:\/\/sebetanne.co.uk\/hkblog\/wp-json\/wp\/v2\/types\/page"}],"author":[{"embeddable":true,"href":"https:\/\/sebetanne.co.uk\/hkblog\/wp-json\/wp\/v2\/users\/1"}],"replies":[{"embeddable":true,"href":"https:\/\/sebetanne.co.uk\/hkblog\/wp-json\/wp\/v2\/comments?post=734"}],"version-history":[{"count":1,"href":"https:\/\/sebetanne.co.uk\/hkblog\/wp-json\/wp\/v2\/pages\/734\/revisions"}],"predecessor-version":[{"id":33540,"href":"https:\/\/sebetanne.co.uk\/hkblog\/wp-json\/wp\/v2\/pages\/734\/revisions\/33540"}],"up":[{"embeddable":true,"href":"https:\/\/sebetanne.co.uk\/hkblog\/wp-json\/wp\/v2\/pages\/1735"}],"wp:featuredmedia":[{"embeddable":true,"href":"https:\/\/sebetanne.co.uk\/hkblog\/wp-json\/wp\/v2\/media\/585"}],"wp:attachment":[{"href":"https:\/\/sebetanne.co.uk\/hkblog\/wp-json\/wp\/v2\/media?parent=734"}],"curies":[{"name":"wp","href":"https:\/\/api.w.org\/{rel}","templated":true}]}}