{"id":602,"date":"2018-09-11T06:15:10","date_gmt":"2018-09-11T06:15:10","guid":{"rendered":"http:\/\/sebetanne.co.uk\/hkblog\/?page_id=602"},"modified":"2026-04-17T11:08:54","modified_gmt":"2026-04-17T11:08:54","slug":"victoria-peak-02-09-2018","status":"publish","type":"page","link":"https:\/\/sebetanne.co.uk\/hkblog\/gallery-photos\/hong-kong\/2018-august-to-december\/victoria-peak-02-09-2018\/","title":{"rendered":"Victoria Peak &#8211; 02-09-2018"},"content":{"rendered":"<p>We went to the Peak early (around 10.30am) in the morning while it was in the clouds. They lifted while we were there.<\/p>\n<p style=\"text-align: right;\"><em>Nous sommes all\u00e9s au Victoria Peak t\u00f4t le matin (vers 10h30) alors qu&#8217;il \u00e9tait dans les nuages. La brume s&#8217;est lev\u00e9e pendant que nous y \u00e9tions. <\/em><\/p>\n<p><a href=\"https:\/\/sebetanne.co.uk\/hkblog\/wp-content\/uploads\/2018\/09\/20180902_004.jpg\"><img loading=\"lazy\" decoding=\"async\" class=\"alignnone size-large wp-image-545\" src=\"https:\/\/sebetanne.co.uk\/hkblog\/wp-content\/uploads\/2018\/09\/20180902_004-1024x768.jpg\" alt=\"\" width=\"840\" height=\"630\" srcset=\"https:\/\/sebetanne.co.uk\/hkblog\/wp-content\/uploads\/2018\/09\/20180902_004-1024x768.jpg 1024w, https:\/\/sebetanne.co.uk\/hkblog\/wp-content\/uploads\/2018\/09\/20180902_004-300x225.jpg 300w, https:\/\/sebetanne.co.uk\/hkblog\/wp-content\/uploads\/2018\/09\/20180902_004-768x576.jpg 768w\" sizes=\"auto, (max-width: 840px) 100vw, 840px\" \/><\/a><\/p>\n<p><a href=\"https:\/\/sebetanne.co.uk\/hkblog\/wp-content\/uploads\/2018\/09\/20180902_005.jpg\"><img loading=\"lazy\" decoding=\"async\" class=\"alignnone size-large wp-image-546\" src=\"https:\/\/sebetanne.co.uk\/hkblog\/wp-content\/uploads\/2018\/09\/20180902_005-1024x768.jpg\" alt=\"\" width=\"840\" height=\"630\" srcset=\"https:\/\/sebetanne.co.uk\/hkblog\/wp-content\/uploads\/2018\/09\/20180902_005-1024x768.jpg 1024w, https:\/\/sebetanne.co.uk\/hkblog\/wp-content\/uploads\/2018\/09\/20180902_005-300x225.jpg 300w, https:\/\/sebetanne.co.uk\/hkblog\/wp-content\/uploads\/2018\/09\/20180902_005-768x576.jpg 768w\" sizes=\"auto, (max-width: 840px) 100vw, 840px\" \/><\/a><\/p>\n<p><a href=\"https:\/\/sebetanne.co.uk\/hkblog\/wp-content\/uploads\/2018\/09\/20180902_006.jpg\"><img loading=\"lazy\" decoding=\"async\" class=\"alignnone size-large wp-image-547\" src=\"https:\/\/sebetanne.co.uk\/hkblog\/wp-content\/uploads\/2018\/09\/20180902_006-768x1024.jpg\" alt=\"\" width=\"768\" height=\"1024\" srcset=\"https:\/\/sebetanne.co.uk\/hkblog\/wp-content\/uploads\/2018\/09\/20180902_006-768x1024.jpg 768w, https:\/\/sebetanne.co.uk\/hkblog\/wp-content\/uploads\/2018\/09\/20180902_006-225x300.jpg 225w\" sizes=\"auto, (max-width: 768px) 100vw, 768px\" \/><\/a><\/p>\n<p><a href=\"https:\/\/sebetanne.co.uk\/hkblog\/wp-content\/uploads\/2018\/09\/20180902_007.jpg\"><img loading=\"lazy\" decoding=\"async\" class=\"alignnone size-large wp-image-548\" src=\"https:\/\/sebetanne.co.uk\/hkblog\/wp-content\/uploads\/2018\/09\/20180902_007-768x1024.jpg\" alt=\"\" width=\"768\" height=\"1024\" srcset=\"https:\/\/sebetanne.co.uk\/hkblog\/wp-content\/uploads\/2018\/09\/20180902_007-768x1024.jpg 768w, https:\/\/sebetanne.co.uk\/hkblog\/wp-content\/uploads\/2018\/09\/20180902_007-225x300.jpg 225w\" sizes=\"auto, (max-width: 768px) 100vw, 768px\" \/><\/a><\/p>\n<p><a href=\"https:\/\/sebetanne.co.uk\/hkblog\/wp-content\/uploads\/2018\/09\/20180902_008.jpg\"><img loading=\"lazy\" decoding=\"async\" class=\"alignnone size-large wp-image-549\" src=\"https:\/\/sebetanne.co.uk\/hkblog\/wp-content\/uploads\/2018\/09\/20180902_008-1024x768.jpg\" alt=\"\" width=\"840\" height=\"630\" srcset=\"https:\/\/sebetanne.co.uk\/hkblog\/wp-content\/uploads\/2018\/09\/20180902_008-1024x768.jpg 1024w, https:\/\/sebetanne.co.uk\/hkblog\/wp-content\/uploads\/2018\/09\/20180902_008-300x225.jpg 300w, https:\/\/sebetanne.co.uk\/hkblog\/wp-content\/uploads\/2018\/09\/20180902_008-768x576.jpg 768w\" sizes=\"auto, (max-width: 840px) 100vw, 840px\" \/><\/a><\/p>\n<p><a href=\"https:\/\/sebetanne.co.uk\/hkblog\/wp-content\/uploads\/2018\/09\/20180902_008.jpg\"><img loading=\"lazy\" decoding=\"async\" class=\"alignnone size-large wp-image-549\" src=\"https:\/\/sebetanne.co.uk\/hkblog\/wp-content\/uploads\/2018\/09\/20180902_008-1024x768.jpg\" alt=\"\" width=\"840\" height=\"630\" srcset=\"https:\/\/sebetanne.co.uk\/hkblog\/wp-content\/uploads\/2018\/09\/20180902_008-1024x768.jpg 1024w, https:\/\/sebetanne.co.uk\/hkblog\/wp-content\/uploads\/2018\/09\/20180902_008-300x225.jpg 300w, https:\/\/sebetanne.co.uk\/hkblog\/wp-content\/uploads\/2018\/09\/20180902_008-768x576.jpg 768w\" sizes=\"auto, (max-width: 840px) 100vw, 840px\" \/><\/a><\/p>\n<p><a href=\"https:\/\/sebetanne.co.uk\/hkblog\/wp-content\/uploads\/2018\/09\/20180902_009.jpg\"><img loading=\"lazy\" decoding=\"async\" class=\"alignnone size-large wp-image-550\" src=\"https:\/\/sebetanne.co.uk\/hkblog\/wp-content\/uploads\/2018\/09\/20180902_009-1024x768.jpg\" alt=\"\" width=\"840\" height=\"630\" srcset=\"https:\/\/sebetanne.co.uk\/hkblog\/wp-content\/uploads\/2018\/09\/20180902_009-1024x768.jpg 1024w, https:\/\/sebetanne.co.uk\/hkblog\/wp-content\/uploads\/2018\/09\/20180902_009-300x225.jpg 300w, https:\/\/sebetanne.co.uk\/hkblog\/wp-content\/uploads\/2018\/09\/20180902_009-768x576.jpg 768w\" sizes=\"auto, (max-width: 840px) 100vw, 840px\" \/><\/a><\/p>\n<p><a href=\"https:\/\/sebetanne.co.uk\/hkblog\/wp-content\/uploads\/2018\/09\/20180902_011.jpg\"><img loading=\"lazy\" decoding=\"async\" class=\"alignnone size-large wp-image-552\" src=\"https:\/\/sebetanne.co.uk\/hkblog\/wp-content\/uploads\/2018\/09\/20180902_011-1024x768.jpg\" alt=\"\" width=\"840\" height=\"630\" srcset=\"https:\/\/sebetanne.co.uk\/hkblog\/wp-content\/uploads\/2018\/09\/20180902_011-1024x768.jpg 1024w, https:\/\/sebetanne.co.uk\/hkblog\/wp-content\/uploads\/2018\/09\/20180902_011-300x225.jpg 300w, https:\/\/sebetanne.co.uk\/hkblog\/wp-content\/uploads\/2018\/09\/20180902_011-768x576.jpg 768w\" sizes=\"auto, (max-width: 840px) 100vw, 840px\" \/><\/a><\/p>\n<p><a href=\"https:\/\/sebetanne.co.uk\/hkblog\/wp-content\/uploads\/2018\/09\/20180902_013.jpg\"><img loading=\"lazy\" decoding=\"async\" class=\"alignnone size-large wp-image-554\" src=\"https:\/\/sebetanne.co.uk\/hkblog\/wp-content\/uploads\/2018\/09\/20180902_013-768x1024.jpg\" alt=\"\" width=\"768\" height=\"1024\" srcset=\"https:\/\/sebetanne.co.uk\/hkblog\/wp-content\/uploads\/2018\/09\/20180902_013-768x1024.jpg 768w, https:\/\/sebetanne.co.uk\/hkblog\/wp-content\/uploads\/2018\/09\/20180902_013-225x300.jpg 225w\" sizes=\"auto, (max-width: 768px) 100vw, 768px\" \/><\/a><\/p>\n<p><a href=\"https:\/\/sebetanne.co.uk\/hkblog\/wp-content\/uploads\/2018\/09\/20180902_014.jpg\"><img loading=\"lazy\" decoding=\"async\" class=\"alignnone size-large wp-image-555\" src=\"https:\/\/sebetanne.co.uk\/hkblog\/wp-content\/uploads\/2018\/09\/20180902_014-1024x768.jpg\" alt=\"\" width=\"840\" height=\"630\" srcset=\"https:\/\/sebetanne.co.uk\/hkblog\/wp-content\/uploads\/2018\/09\/20180902_014-1024x768.jpg 1024w, https:\/\/sebetanne.co.uk\/hkblog\/wp-content\/uploads\/2018\/09\/20180902_014-300x225.jpg 300w, https:\/\/sebetanne.co.uk\/hkblog\/wp-content\/uploads\/2018\/09\/20180902_014-768x576.jpg 768w\" sizes=\"auto, (max-width: 840px) 100vw, 840px\" \/><\/a><\/p>\n<p><a href=\"https:\/\/sebetanne.co.uk\/hkblog\/wp-content\/uploads\/2018\/09\/20180902_015.jpg\"><img loading=\"lazy\" decoding=\"async\" class=\"alignnone size-large wp-image-556\" src=\"https:\/\/sebetanne.co.uk\/hkblog\/wp-content\/uploads\/2018\/09\/20180902_015-1024x768.jpg\" alt=\"\" width=\"840\" height=\"630\" srcset=\"https:\/\/sebetanne.co.uk\/hkblog\/wp-content\/uploads\/2018\/09\/20180902_015-1024x768.jpg 1024w, https:\/\/sebetanne.co.uk\/hkblog\/wp-content\/uploads\/2018\/09\/20180902_015-300x225.jpg 300w, https:\/\/sebetanne.co.uk\/hkblog\/wp-content\/uploads\/2018\/09\/20180902_015-768x576.jpg 768w\" sizes=\"auto, (max-width: 840px) 100vw, 840px\" \/><\/a><\/p>\n<p><a href=\"https:\/\/sebetanne.co.uk\/hkblog\/wp-content\/uploads\/2018\/09\/20180902_016-EFFECTS.jpg\"><img loading=\"lazy\" decoding=\"async\" class=\"alignnone size-large wp-image-558\" src=\"https:\/\/sebetanne.co.uk\/hkblog\/wp-content\/uploads\/2018\/09\/20180902_016-EFFECTS-768x1024.jpg\" alt=\"\" width=\"768\" height=\"1024\" srcset=\"https:\/\/sebetanne.co.uk\/hkblog\/wp-content\/uploads\/2018\/09\/20180902_016-EFFECTS-768x1024.jpg 768w, https:\/\/sebetanne.co.uk\/hkblog\/wp-content\/uploads\/2018\/09\/20180902_016-EFFECTS-225x300.jpg 225w\" sizes=\"auto, (max-width: 768px) 100vw, 768px\" \/><\/a><\/p>\n<p><a href=\"https:\/\/sebetanne.co.uk\/hkblog\/wp-content\/uploads\/2018\/09\/20180902_018.jpg\"><img loading=\"lazy\" decoding=\"async\" class=\"alignnone size-large wp-image-560\" src=\"https:\/\/sebetanne.co.uk\/hkblog\/wp-content\/uploads\/2018\/09\/20180902_018-1024x768.jpg\" alt=\"\" width=\"840\" height=\"630\" srcset=\"https:\/\/sebetanne.co.uk\/hkblog\/wp-content\/uploads\/2018\/09\/20180902_018-1024x768.jpg 1024w, https:\/\/sebetanne.co.uk\/hkblog\/wp-content\/uploads\/2018\/09\/20180902_018-300x225.jpg 300w, https:\/\/sebetanne.co.uk\/hkblog\/wp-content\/uploads\/2018\/09\/20180902_018-768x576.jpg 768w\" sizes=\"auto, (max-width: 840px) 100vw, 840px\" \/><\/a><\/p>\n<p>Going down from the Peak by bus.<\/p>\n<p style=\"text-align: right;\"><em>En descendant du Peak en bus.<\/em><\/p>\n<p><a href=\"https:\/\/sebetanne.co.uk\/hkblog\/wp-content\/uploads\/2018\/09\/20180902_020.jpg\"><img loading=\"lazy\" decoding=\"async\" class=\"alignnone size-large wp-image-562\" src=\"https:\/\/sebetanne.co.uk\/hkblog\/wp-content\/uploads\/2018\/09\/20180902_020-768x1024.jpg\" alt=\"\" width=\"768\" height=\"1024\" srcset=\"https:\/\/sebetanne.co.uk\/hkblog\/wp-content\/uploads\/2018\/09\/20180902_020-768x1024.jpg 768w, https:\/\/sebetanne.co.uk\/hkblog\/wp-content\/uploads\/2018\/09\/20180902_020-225x300.jpg 225w\" sizes=\"auto, (max-width: 768px) 100vw, 768px\" \/><\/a><\/p>\n<p><a href=\"https:\/\/sebetanne.co.uk\/hkblog\/wp-content\/uploads\/2018\/09\/20180902_021.jpg\"><img loading=\"lazy\" decoding=\"async\" class=\"alignnone size-large wp-image-563\" src=\"https:\/\/sebetanne.co.uk\/hkblog\/wp-content\/uploads\/2018\/09\/20180902_021-1024x768.jpg\" alt=\"\" width=\"840\" height=\"630\" srcset=\"https:\/\/sebetanne.co.uk\/hkblog\/wp-content\/uploads\/2018\/09\/20180902_021-1024x768.jpg 1024w, https:\/\/sebetanne.co.uk\/hkblog\/wp-content\/uploads\/2018\/09\/20180902_021-300x225.jpg 300w, https:\/\/sebetanne.co.uk\/hkblog\/wp-content\/uploads\/2018\/09\/20180902_021-768x576.jpg 768w\" sizes=\"auto, (max-width: 840px) 100vw, 840px\" \/><\/a><\/p>\n","protected":false},"excerpt":{"rendered":"<p>We went to the Peak early (around 10.30am) in the morning while it was in the clouds. They lifted while[&#8230;]<\/p>\n","protected":false},"author":1,"featured_media":550,"parent":1735,"menu_order":11,"comment_status":"closed","ping_status":"closed","template":"template-fullwidth.php","meta":{"footnotes":""},"class_list":["post-602","page","type-page","status-publish","has-post-thumbnail","hentry"],"post_mailing_queue_ids":[],"_links":{"self":[{"href":"https:\/\/sebetanne.co.uk\/hkblog\/wp-json\/wp\/v2\/pages\/602","targetHints":{"allow":["GET"]}}],"collection":[{"href":"https:\/\/sebetanne.co.uk\/hkblog\/wp-json\/wp\/v2\/pages"}],"about":[{"href":"https:\/\/sebetanne.co.uk\/hkblog\/wp-json\/wp\/v2\/types\/page"}],"author":[{"embeddable":true,"href":"https:\/\/sebetanne.co.uk\/hkblog\/wp-json\/wp\/v2\/users\/1"}],"replies":[{"embeddable":true,"href":"https:\/\/sebetanne.co.uk\/hkblog\/wp-json\/wp\/v2\/comments?post=602"}],"version-history":[{"count":1,"href":"https:\/\/sebetanne.co.uk\/hkblog\/wp-json\/wp\/v2\/pages\/602\/revisions"}],"predecessor-version":[{"id":33541,"href":"https:\/\/sebetanne.co.uk\/hkblog\/wp-json\/wp\/v2\/pages\/602\/revisions\/33541"}],"up":[{"embeddable":true,"href":"https:\/\/sebetanne.co.uk\/hkblog\/wp-json\/wp\/v2\/pages\/1735"}],"wp:featuredmedia":[{"embeddable":true,"href":"https:\/\/sebetanne.co.uk\/hkblog\/wp-json\/wp\/v2\/media\/550"}],"wp:attachment":[{"href":"https:\/\/sebetanne.co.uk\/hkblog\/wp-json\/wp\/v2\/media?parent=602"}],"curies":[{"name":"wp","href":"https:\/\/api.w.org\/{rel}","templated":true}]}}