{"id":436,"date":"2018-08-28T11:24:13","date_gmt":"2018-08-28T11:24:13","guid":{"rendered":"http:\/\/sebetanne.co.uk\/hkblog\/?page_id=436"},"modified":"2026-04-17T11:07:19","modified_gmt":"2026-04-17T11:07:19","slug":"hong-kong-maritime-museum-26-08-2018","status":"publish","type":"page","link":"https:\/\/sebetanne.co.uk\/hkblog\/gallery-photos\/hong-kong\/2018-august-to-december\/hong-kong-maritime-museum-26-08-2018\/","title":{"rendered":"Hong Kong Maritime Museum &#8211; 26-08-2018"},"content":{"rendered":"<p>We took the tram to Central and walked on an elevated passageway to to museum.<\/p>\n<p style=\"text-align: right;\"><em>Nous avons pris le tram jusqu&#8217;\u00e0 Central et nous avons emprunt\u00e9 une gallerie couverte pour aller jusqu&#8217;au mus\u00e9e.<\/em><\/p>\n<p><a href=\"https:\/\/sebetanne.co.uk\/hkblog\/wp-content\/uploads\/2018\/08\/20180826_229.jpg\"><img loading=\"lazy\" decoding=\"async\" class=\"alignnone size-large wp-image-410\" src=\"https:\/\/sebetanne.co.uk\/hkblog\/wp-content\/uploads\/2018\/08\/20180826_229-1024x768.jpg\" alt=\"\" width=\"840\" height=\"630\" srcset=\"https:\/\/sebetanne.co.uk\/hkblog\/wp-content\/uploads\/2018\/08\/20180826_229-1024x768.jpg 1024w, https:\/\/sebetanne.co.uk\/hkblog\/wp-content\/uploads\/2018\/08\/20180826_229-300x225.jpg 300w, https:\/\/sebetanne.co.uk\/hkblog\/wp-content\/uploads\/2018\/08\/20180826_229-768x576.jpg 768w\" sizes=\"auto, (max-width: 840px) 100vw, 840px\" \/><\/a><\/p>\n<p><a href=\"https:\/\/sebetanne.co.uk\/hkblog\/wp-content\/uploads\/2018\/08\/20180826_230.jpg\"><img loading=\"lazy\" decoding=\"async\" class=\"alignnone size-large wp-image-411\" src=\"https:\/\/sebetanne.co.uk\/hkblog\/wp-content\/uploads\/2018\/08\/20180826_230-1024x768.jpg\" alt=\"\" width=\"840\" height=\"630\" srcset=\"https:\/\/sebetanne.co.uk\/hkblog\/wp-content\/uploads\/2018\/08\/20180826_230-1024x768.jpg 1024w, https:\/\/sebetanne.co.uk\/hkblog\/wp-content\/uploads\/2018\/08\/20180826_230-300x225.jpg 300w, https:\/\/sebetanne.co.uk\/hkblog\/wp-content\/uploads\/2018\/08\/20180826_230-768x576.jpg 768w\" sizes=\"auto, (max-width: 840px) 100vw, 840px\" \/><\/a><\/p>\n<p><a href=\"https:\/\/sebetanne.co.uk\/hkblog\/wp-content\/uploads\/2018\/08\/20180826_231.jpg\"><img loading=\"lazy\" decoding=\"async\" class=\"alignnone size-large wp-image-412\" src=\"https:\/\/sebetanne.co.uk\/hkblog\/wp-content\/uploads\/2018\/08\/20180826_231-1024x768.jpg\" alt=\"\" width=\"840\" height=\"630\" srcset=\"https:\/\/sebetanne.co.uk\/hkblog\/wp-content\/uploads\/2018\/08\/20180826_231-1024x768.jpg 1024w, https:\/\/sebetanne.co.uk\/hkblog\/wp-content\/uploads\/2018\/08\/20180826_231-300x225.jpg 300w, https:\/\/sebetanne.co.uk\/hkblog\/wp-content\/uploads\/2018\/08\/20180826_231-768x576.jpg 768w\" sizes=\"auto, (max-width: 840px) 100vw, 840px\" \/><\/a><\/p>\n<p><a href=\"https:\/\/sebetanne.co.uk\/hkblog\/wp-content\/uploads\/2018\/08\/20180826_232.jpg\"><img loading=\"lazy\" decoding=\"async\" class=\"alignnone size-large wp-image-413\" src=\"https:\/\/sebetanne.co.uk\/hkblog\/wp-content\/uploads\/2018\/08\/20180826_232-1024x768.jpg\" alt=\"\" width=\"840\" height=\"630\" srcset=\"https:\/\/sebetanne.co.uk\/hkblog\/wp-content\/uploads\/2018\/08\/20180826_232-1024x768.jpg 1024w, https:\/\/sebetanne.co.uk\/hkblog\/wp-content\/uploads\/2018\/08\/20180826_232-300x225.jpg 300w, https:\/\/sebetanne.co.uk\/hkblog\/wp-content\/uploads\/2018\/08\/20180826_232-768x576.jpg 768w\" sizes=\"auto, (max-width: 840px) 100vw, 840px\" \/><\/a><\/p>\n<p><a href=\"https:\/\/sebetanne.co.uk\/hkblog\/wp-content\/uploads\/2018\/08\/20180826_233.jpg\"><img loading=\"lazy\" decoding=\"async\" class=\"alignnone size-large wp-image-414\" src=\"https:\/\/sebetanne.co.uk\/hkblog\/wp-content\/uploads\/2018\/08\/20180826_233-768x1024.jpg\" alt=\"\" width=\"768\" height=\"1024\" srcset=\"https:\/\/sebetanne.co.uk\/hkblog\/wp-content\/uploads\/2018\/08\/20180826_233-768x1024.jpg 768w, https:\/\/sebetanne.co.uk\/hkblog\/wp-content\/uploads\/2018\/08\/20180826_233-225x300.jpg 225w\" sizes=\"auto, (max-width: 768px) 100vw, 768px\" \/><\/a><\/p>\n<p><a href=\"https:\/\/sebetanne.co.uk\/hkblog\/wp-content\/uploads\/2018\/08\/20180826_234.jpg\"><img loading=\"lazy\" decoding=\"async\" class=\"alignnone size-large wp-image-415\" src=\"https:\/\/sebetanne.co.uk\/hkblog\/wp-content\/uploads\/2018\/08\/20180826_234-1024x768.jpg\" alt=\"\" width=\"840\" height=\"630\" srcset=\"https:\/\/sebetanne.co.uk\/hkblog\/wp-content\/uploads\/2018\/08\/20180826_234-1024x768.jpg 1024w, https:\/\/sebetanne.co.uk\/hkblog\/wp-content\/uploads\/2018\/08\/20180826_234-300x225.jpg 300w, https:\/\/sebetanne.co.uk\/hkblog\/wp-content\/uploads\/2018\/08\/20180826_234-768x576.jpg 768w\" sizes=\"auto, (max-width: 840px) 100vw, 840px\" \/><\/a><\/p>\n<p><a href=\"https:\/\/sebetanne.co.uk\/hkblog\/wp-content\/uploads\/2018\/08\/20180826_235.jpg\"><img loading=\"lazy\" decoding=\"async\" class=\"alignnone size-large wp-image-417\" src=\"https:\/\/sebetanne.co.uk\/hkblog\/wp-content\/uploads\/2018\/08\/20180826_235-768x1024.jpg\" alt=\"\" width=\"768\" height=\"1024\" srcset=\"https:\/\/sebetanne.co.uk\/hkblog\/wp-content\/uploads\/2018\/08\/20180826_235-768x1024.jpg 768w, https:\/\/sebetanne.co.uk\/hkblog\/wp-content\/uploads\/2018\/08\/20180826_235-225x300.jpg 225w\" sizes=\"auto, (max-width: 768px) 100vw, 768px\" \/><\/a><\/p>\n<p><a href=\"https:\/\/sebetanne.co.uk\/hkblog\/wp-content\/uploads\/2018\/08\/20180826_236.jpg\"><img loading=\"lazy\" decoding=\"async\" class=\"alignnone size-large wp-image-418\" src=\"https:\/\/sebetanne.co.uk\/hkblog\/wp-content\/uploads\/2018\/08\/20180826_236-768x1024.jpg\" alt=\"\" width=\"768\" height=\"1024\" srcset=\"https:\/\/sebetanne.co.uk\/hkblog\/wp-content\/uploads\/2018\/08\/20180826_236-768x1024.jpg 768w, https:\/\/sebetanne.co.uk\/hkblog\/wp-content\/uploads\/2018\/08\/20180826_236-225x300.jpg 225w\" sizes=\"auto, (max-width: 768px) 100vw, 768px\" \/><\/a><\/p>\n","protected":false},"excerpt":{"rendered":"<p>We took the tram to Central and walked on an elevated passageway to to museum. Nous avons pris le tram[&#8230;]<\/p>\n","protected":false},"author":1,"featured_media":414,"parent":1735,"menu_order":8,"comment_status":"closed","ping_status":"closed","template":"template-fullwidth.php","meta":{"footnotes":""},"class_list":["post-436","page","type-page","status-publish","has-post-thumbnail","hentry"],"post_mailing_queue_ids":[],"_links":{"self":[{"href":"https:\/\/sebetanne.co.uk\/hkblog\/wp-json\/wp\/v2\/pages\/436","targetHints":{"allow":["GET"]}}],"collection":[{"href":"https:\/\/sebetanne.co.uk\/hkblog\/wp-json\/wp\/v2\/pages"}],"about":[{"href":"https:\/\/sebetanne.co.uk\/hkblog\/wp-json\/wp\/v2\/types\/page"}],"author":[{"embeddable":true,"href":"https:\/\/sebetanne.co.uk\/hkblog\/wp-json\/wp\/v2\/users\/1"}],"replies":[{"embeddable":true,"href":"https:\/\/sebetanne.co.uk\/hkblog\/wp-json\/wp\/v2\/comments?post=436"}],"version-history":[{"count":1,"href":"https:\/\/sebetanne.co.uk\/hkblog\/wp-json\/wp\/v2\/pages\/436\/revisions"}],"predecessor-version":[{"id":33525,"href":"https:\/\/sebetanne.co.uk\/hkblog\/wp-json\/wp\/v2\/pages\/436\/revisions\/33525"}],"up":[{"embeddable":true,"href":"https:\/\/sebetanne.co.uk\/hkblog\/wp-json\/wp\/v2\/pages\/1735"}],"wp:featuredmedia":[{"embeddable":true,"href":"https:\/\/sebetanne.co.uk\/hkblog\/wp-json\/wp\/v2\/media\/414"}],"wp:attachment":[{"href":"https:\/\/sebetanne.co.uk\/hkblog\/wp-json\/wp\/v2\/media?parent=436"}],"curies":[{"name":"wp","href":"https:\/\/api.w.org\/{rel}","templated":true}]}}