{"id":33175,"date":"2024-04-01T06:35:51","date_gmt":"2024-04-01T06:35:51","guid":{"rendered":"https:\/\/sebetanne.co.uk\/hkblog\/?page_id=33175"},"modified":"2024-04-01T07:26:13","modified_gmt":"2024-04-01T07:26:13","slug":"haw-par-villa-29-03-2024","status":"publish","type":"page","link":"https:\/\/sebetanne.co.uk\/hkblog\/gallery-photos\/singapour\/2024-january-to-july\/haw-par-villa-29-03-2024\/","title":{"rendered":"Haw Par Villa &#8211; 29-03-2024"},"content":{"rendered":"\n<p>Haw Par Villa is situated very near the port of Singapore (map <a href=\"https:\/\/maps.app.goo.gl\/dcUCzYvCKqyThNxo9\" target=\"_blank\" rel=\"noreferrer noopener\">here<\/a>). It was built by the Aw Boon brothers, Haw and Par, the owner of the Tiger Balm business. The park of the villa is populated with statues and decorations based on Chinese folklore and myths. It was developed as a mean to educate younger generations. More details on Wikipedia <a href=\"https:\/\/en.wikipedia.org\/wiki\/Haw_Par_Villa\" target=\"_blank\" rel=\"noreferrer noopener\">here<\/a>. I do not know if I liked it or not. It is unique and worth a look.<\/p>\n\n\n\n<p class=\"has-text-align-right\"><em>Haw Par Villa est situ\u00e9e tout pr\u00e8s du port de Singapour (carte <a href=\"https:\/\/maps.app.goo.gl\/dcUCzYvCKqyThNxo9\" target=\"_blank\" rel=\"noreferrer noopener\">ici<\/a>). Elle a \u00e9t\u00e9 construite par les fr\u00e8res Aw Boon, Haw et Par, propri\u00e9taires de l&#8217;entreprise Tiger Balm. Le parc de la villa est peupl\u00e9 de statues et de d\u00e9corations bas\u00e9es sur le folklore et les mythes chinois. Il a \u00e9t\u00e9 d\u00e9velopp\u00e9 pour \u00e9duquer les jeunes g\u00e9n\u00e9rations. Plus de d\u00e9tails sur Wikip\u00e9dia <a href=\"https:\/\/en.wikipedia.org\/wiki\/Haw_Par_Villa\" target=\"_blank\" rel=\"noreferrer noopener\">ici<\/a>. Je ne sais pas si j&#8217;ai aim\u00e9 ou pas. Ce qui est s\u00fbr, c&#8217;est unique et que \u00e7a m\u00e9rite le d\u00e9tour.<\/em><\/p>\n\n\n\n<figure class=\"wp-block-gallery has-nested-images columns-default is-cropped wp-block-gallery-1 is-layout-flex wp-block-gallery-is-layout-flex\">\n<figure class=\"wp-block-image size-large\"><img loading=\"lazy\" decoding=\"async\" width=\"1024\" height=\"676\" data-id=\"33189\" src=\"https:\/\/sebetanne.co.uk\/hkblog\/wp-content\/uploads\/2024\/04\/20240329_135811-1-1024x676.jpg\" alt=\"\" class=\"wp-image-33189\" srcset=\"https:\/\/sebetanne.co.uk\/hkblog\/wp-content\/uploads\/2024\/04\/20240329_135811-1-1024x676.jpg 1024w, https:\/\/sebetanne.co.uk\/hkblog\/wp-content\/uploads\/2024\/04\/20240329_135811-1-300x198.jpg 300w, https:\/\/sebetanne.co.uk\/hkblog\/wp-content\/uploads\/2024\/04\/20240329_135811-1-768x507.jpg 768w, https:\/\/sebetanne.co.uk\/hkblog\/wp-content\/uploads\/2024\/04\/20240329_135811-1-1536x1015.jpg 1536w, https:\/\/sebetanne.co.uk\/hkblog\/wp-content\/uploads\/2024\/04\/20240329_135811-1-2048x1353.jpg 2048w, https:\/\/sebetanne.co.uk\/hkblog\/wp-content\/uploads\/2024\/04\/20240329_135811-1-120x80.jpg 120w\" sizes=\"auto, (max-width: 1024px) 100vw, 1024px\" \/><\/figure>\n\n\n\n<figure class=\"wp-block-image size-large\"><a href=\"https:\/\/sebetanne.co.uk\/hkblog\/wp-content\/uploads\/2024\/04\/20240329_135827-scaled.jpg\"><img loading=\"lazy\" decoding=\"async\" width=\"1024\" height=\"768\" data-id=\"33186\" src=\"https:\/\/sebetanne.co.uk\/hkblog\/wp-content\/uploads\/2024\/04\/20240329_135827-1024x768.jpg\" alt=\"\" class=\"wp-image-33186\" srcset=\"https:\/\/sebetanne.co.uk\/hkblog\/wp-content\/uploads\/2024\/04\/20240329_135827-1024x768.jpg 1024w, https:\/\/sebetanne.co.uk\/hkblog\/wp-content\/uploads\/2024\/04\/20240329_135827-300x225.jpg 300w, https:\/\/sebetanne.co.uk\/hkblog\/wp-content\/uploads\/2024\/04\/20240329_135827-768x576.jpg 768w, https:\/\/sebetanne.co.uk\/hkblog\/wp-content\/uploads\/2024\/04\/20240329_135827-1536x1152.jpg 1536w, https:\/\/sebetanne.co.uk\/hkblog\/wp-content\/uploads\/2024\/04\/20240329_135827-2048x1536.jpg 2048w\" sizes=\"auto, (max-width: 1024px) 100vw, 1024px\" \/><\/a><\/figure>\n\n\n\n<figure class=\"wp-block-image size-large\"><a href=\"https:\/\/sebetanne.co.uk\/hkblog\/wp-content\/uploads\/2024\/04\/20240329_135904-scaled.jpg\"><img loading=\"lazy\" decoding=\"async\" width=\"1024\" height=\"768\" data-id=\"33187\" src=\"https:\/\/sebetanne.co.uk\/hkblog\/wp-content\/uploads\/2024\/04\/20240329_135904-1024x768.jpg\" alt=\"\" class=\"wp-image-33187\" srcset=\"https:\/\/sebetanne.co.uk\/hkblog\/wp-content\/uploads\/2024\/04\/20240329_135904-1024x768.jpg 1024w, https:\/\/sebetanne.co.uk\/hkblog\/wp-content\/uploads\/2024\/04\/20240329_135904-300x225.jpg 300w, https:\/\/sebetanne.co.uk\/hkblog\/wp-content\/uploads\/2024\/04\/20240329_135904-768x576.jpg 768w, https:\/\/sebetanne.co.uk\/hkblog\/wp-content\/uploads\/2024\/04\/20240329_135904-1536x1152.jpg 1536w, https:\/\/sebetanne.co.uk\/hkblog\/wp-content\/uploads\/2024\/04\/20240329_135904-2048x1536.jpg 2048w\" sizes=\"auto, (max-width: 1024px) 100vw, 1024px\" \/><\/a><\/figure>\n\n\n\n<figure class=\"wp-block-image size-large\"><img loading=\"lazy\" decoding=\"async\" width=\"1024\" height=\"768\" data-id=\"33196\" src=\"https:\/\/sebetanne.co.uk\/hkblog\/wp-content\/uploads\/2024\/04\/20240329_140203-Copy-1024x768.jpg\" alt=\"\" class=\"wp-image-33196\" srcset=\"https:\/\/sebetanne.co.uk\/hkblog\/wp-content\/uploads\/2024\/04\/20240329_140203-Copy-1024x768.jpg 1024w, https:\/\/sebetanne.co.uk\/hkblog\/wp-content\/uploads\/2024\/04\/20240329_140203-Copy-300x225.jpg 300w, https:\/\/sebetanne.co.uk\/hkblog\/wp-content\/uploads\/2024\/04\/20240329_140203-Copy-768x576.jpg 768w, https:\/\/sebetanne.co.uk\/hkblog\/wp-content\/uploads\/2024\/04\/20240329_140203-Copy-1536x1152.jpg 1536w, https:\/\/sebetanne.co.uk\/hkblog\/wp-content\/uploads\/2024\/04\/20240329_140203-Copy-2048x1536.jpg 2048w\" sizes=\"auto, (max-width: 1024px) 100vw, 1024px\" \/><\/figure>\n\n\n\n<figure class=\"wp-block-image size-large\"><img loading=\"lazy\" decoding=\"async\" width=\"1024\" height=\"768\" data-id=\"33204\" src=\"https:\/\/sebetanne.co.uk\/hkblog\/wp-content\/uploads\/2024\/04\/20240329_142014-1-1024x768.jpg\" alt=\"\" class=\"wp-image-33204\" srcset=\"https:\/\/sebetanne.co.uk\/hkblog\/wp-content\/uploads\/2024\/04\/20240329_142014-1-1024x768.jpg 1024w, https:\/\/sebetanne.co.uk\/hkblog\/wp-content\/uploads\/2024\/04\/20240329_142014-1-300x225.jpg 300w, https:\/\/sebetanne.co.uk\/hkblog\/wp-content\/uploads\/2024\/04\/20240329_142014-1-768x576.jpg 768w, https:\/\/sebetanne.co.uk\/hkblog\/wp-content\/uploads\/2024\/04\/20240329_142014-1-1536x1152.jpg 1536w, https:\/\/sebetanne.co.uk\/hkblog\/wp-content\/uploads\/2024\/04\/20240329_142014-1-2048x1536.jpg 2048w\" sizes=\"auto, (max-width: 1024px) 100vw, 1024px\" \/><\/figure>\n\n\n\n<figure class=\"wp-block-image size-large\"><img loading=\"lazy\" decoding=\"async\" width=\"1024\" height=\"768\" data-id=\"33212\" src=\"https:\/\/sebetanne.co.uk\/hkblog\/wp-content\/uploads\/2024\/04\/20240329_144233-Copy-1-1024x768.jpg\" alt=\"\" class=\"wp-image-33212\" srcset=\"https:\/\/sebetanne.co.uk\/hkblog\/wp-content\/uploads\/2024\/04\/20240329_144233-Copy-1-1024x768.jpg 1024w, https:\/\/sebetanne.co.uk\/hkblog\/wp-content\/uploads\/2024\/04\/20240329_144233-Copy-1-300x225.jpg 300w, https:\/\/sebetanne.co.uk\/hkblog\/wp-content\/uploads\/2024\/04\/20240329_144233-Copy-1-768x576.jpg 768w, https:\/\/sebetanne.co.uk\/hkblog\/wp-content\/uploads\/2024\/04\/20240329_144233-Copy-1-1536x1152.jpg 1536w, https:\/\/sebetanne.co.uk\/hkblog\/wp-content\/uploads\/2024\/04\/20240329_144233-Copy-1-2048x1536.jpg 2048w\" sizes=\"auto, (max-width: 1024px) 100vw, 1024px\" \/><\/figure>\n\n\n\n<figure class=\"wp-block-image size-large\"><img loading=\"lazy\" decoding=\"async\" width=\"768\" height=\"1024\" data-id=\"33193\" src=\"https:\/\/sebetanne.co.uk\/hkblog\/wp-content\/uploads\/2024\/04\/20240329_140905-768x1024.jpg\" alt=\"\" class=\"wp-image-33193\" srcset=\"https:\/\/sebetanne.co.uk\/hkblog\/wp-content\/uploads\/2024\/04\/20240329_140905-768x1024.jpg 768w, https:\/\/sebetanne.co.uk\/hkblog\/wp-content\/uploads\/2024\/04\/20240329_140905-225x300.jpg 225w, https:\/\/sebetanne.co.uk\/hkblog\/wp-content\/uploads\/2024\/04\/20240329_140905-1152x1536.jpg 1152w, https:\/\/sebetanne.co.uk\/hkblog\/wp-content\/uploads\/2024\/04\/20240329_140905-1536x2048.jpg 1536w, https:\/\/sebetanne.co.uk\/hkblog\/wp-content\/uploads\/2024\/04\/20240329_140905-scaled.jpg 1920w\" sizes=\"auto, (max-width: 768px) 100vw, 768px\" \/><\/figure>\n\n\n\n<figure class=\"wp-block-image size-large\"><img loading=\"lazy\" decoding=\"async\" width=\"768\" height=\"1024\" data-id=\"33205\" src=\"https:\/\/sebetanne.co.uk\/hkblog\/wp-content\/uploads\/2024\/04\/20240329_140935-1-768x1024.jpg\" alt=\"\" class=\"wp-image-33205\" srcset=\"https:\/\/sebetanne.co.uk\/hkblog\/wp-content\/uploads\/2024\/04\/20240329_140935-1-768x1024.jpg 768w, https:\/\/sebetanne.co.uk\/hkblog\/wp-content\/uploads\/2024\/04\/20240329_140935-1-225x300.jpg 225w, https:\/\/sebetanne.co.uk\/hkblog\/wp-content\/uploads\/2024\/04\/20240329_140935-1-1152x1536.jpg 1152w, https:\/\/sebetanne.co.uk\/hkblog\/wp-content\/uploads\/2024\/04\/20240329_140935-1-1536x2048.jpg 1536w, https:\/\/sebetanne.co.uk\/hkblog\/wp-content\/uploads\/2024\/04\/20240329_140935-1-scaled.jpg 1920w\" sizes=\"auto, (max-width: 768px) 100vw, 768px\" \/><\/figure>\n\n\n\n<figure class=\"wp-block-image size-large\"><img loading=\"lazy\" decoding=\"async\" width=\"768\" height=\"1024\" data-id=\"33188\" src=\"https:\/\/sebetanne.co.uk\/hkblog\/wp-content\/uploads\/2024\/04\/20240329_141022-768x1024.jpg\" alt=\"\" class=\"wp-image-33188\" srcset=\"https:\/\/sebetanne.co.uk\/hkblog\/wp-content\/uploads\/2024\/04\/20240329_141022-768x1024.jpg 768w, https:\/\/sebetanne.co.uk\/hkblog\/wp-content\/uploads\/2024\/04\/20240329_141022-225x300.jpg 225w, https:\/\/sebetanne.co.uk\/hkblog\/wp-content\/uploads\/2024\/04\/20240329_141022-1152x1536.jpg 1152w, https:\/\/sebetanne.co.uk\/hkblog\/wp-content\/uploads\/2024\/04\/20240329_141022-1536x2048.jpg 1536w, https:\/\/sebetanne.co.uk\/hkblog\/wp-content\/uploads\/2024\/04\/20240329_141022-scaled.jpg 1920w\" sizes=\"auto, (max-width: 768px) 100vw, 768px\" \/><\/figure>\n\n\n\n<figure class=\"wp-block-image size-large\"><img loading=\"lazy\" decoding=\"async\" width=\"768\" height=\"1024\" data-id=\"33197\" src=\"https:\/\/sebetanne.co.uk\/hkblog\/wp-content\/uploads\/2024\/04\/20240329_141704-Copy-768x1024.jpg\" alt=\"\" class=\"wp-image-33197\" srcset=\"https:\/\/sebetanne.co.uk\/hkblog\/wp-content\/uploads\/2024\/04\/20240329_141704-Copy-768x1024.jpg 768w, https:\/\/sebetanne.co.uk\/hkblog\/wp-content\/uploads\/2024\/04\/20240329_141704-Copy-225x300.jpg 225w, https:\/\/sebetanne.co.uk\/hkblog\/wp-content\/uploads\/2024\/04\/20240329_141704-Copy-1152x1536.jpg 1152w, https:\/\/sebetanne.co.uk\/hkblog\/wp-content\/uploads\/2024\/04\/20240329_141704-Copy-1536x2048.jpg 1536w, https:\/\/sebetanne.co.uk\/hkblog\/wp-content\/uploads\/2024\/04\/20240329_141704-Copy-scaled.jpg 1920w\" sizes=\"auto, (max-width: 768px) 100vw, 768px\" \/><\/figure>\n\n\n\n<figure class=\"wp-block-image size-large\"><img loading=\"lazy\" decoding=\"async\" width=\"768\" height=\"1024\" data-id=\"33203\" src=\"https:\/\/sebetanne.co.uk\/hkblog\/wp-content\/uploads\/2024\/04\/20240329_141824-1-768x1024.jpg\" alt=\"\" class=\"wp-image-33203\" srcset=\"https:\/\/sebetanne.co.uk\/hkblog\/wp-content\/uploads\/2024\/04\/20240329_141824-1-768x1024.jpg 768w, https:\/\/sebetanne.co.uk\/hkblog\/wp-content\/uploads\/2024\/04\/20240329_141824-1-225x300.jpg 225w, https:\/\/sebetanne.co.uk\/hkblog\/wp-content\/uploads\/2024\/04\/20240329_141824-1-1152x1536.jpg 1152w, https:\/\/sebetanne.co.uk\/hkblog\/wp-content\/uploads\/2024\/04\/20240329_141824-1-1536x2048.jpg 1536w, https:\/\/sebetanne.co.uk\/hkblog\/wp-content\/uploads\/2024\/04\/20240329_141824-1-scaled.jpg 1920w\" sizes=\"auto, (max-width: 768px) 100vw, 768px\" \/><\/figure>\n\n\n\n<figure class=\"wp-block-image size-large\"><img loading=\"lazy\" decoding=\"async\" width=\"768\" height=\"1024\" data-id=\"33206\" src=\"https:\/\/sebetanne.co.uk\/hkblog\/wp-content\/uploads\/2024\/04\/20240329_142106-Copy-1-768x1024.jpg\" alt=\"\" class=\"wp-image-33206\" srcset=\"https:\/\/sebetanne.co.uk\/hkblog\/wp-content\/uploads\/2024\/04\/20240329_142106-Copy-1-768x1024.jpg 768w, https:\/\/sebetanne.co.uk\/hkblog\/wp-content\/uploads\/2024\/04\/20240329_142106-Copy-1-225x300.jpg 225w, https:\/\/sebetanne.co.uk\/hkblog\/wp-content\/uploads\/2024\/04\/20240329_142106-Copy-1-1152x1536.jpg 1152w, https:\/\/sebetanne.co.uk\/hkblog\/wp-content\/uploads\/2024\/04\/20240329_142106-Copy-1-1536x2048.jpg 1536w, https:\/\/sebetanne.co.uk\/hkblog\/wp-content\/uploads\/2024\/04\/20240329_142106-Copy-1-scaled.jpg 1920w\" sizes=\"auto, (max-width: 768px) 100vw, 768px\" \/><\/figure>\n\n\n\n<figure class=\"wp-block-image size-large\"><img loading=\"lazy\" decoding=\"async\" width=\"768\" height=\"1024\" data-id=\"33210\" src=\"https:\/\/sebetanne.co.uk\/hkblog\/wp-content\/uploads\/2024\/04\/20240329_142249-1-768x1024.jpg\" alt=\"\" class=\"wp-image-33210\" srcset=\"https:\/\/sebetanne.co.uk\/hkblog\/wp-content\/uploads\/2024\/04\/20240329_142249-1-768x1024.jpg 768w, https:\/\/sebetanne.co.uk\/hkblog\/wp-content\/uploads\/2024\/04\/20240329_142249-1-225x300.jpg 225w, https:\/\/sebetanne.co.uk\/hkblog\/wp-content\/uploads\/2024\/04\/20240329_142249-1-1152x1536.jpg 1152w, https:\/\/sebetanne.co.uk\/hkblog\/wp-content\/uploads\/2024\/04\/20240329_142249-1-1536x2048.jpg 1536w, https:\/\/sebetanne.co.uk\/hkblog\/wp-content\/uploads\/2024\/04\/20240329_142249-1-scaled.jpg 1920w\" sizes=\"auto, (max-width: 768px) 100vw, 768px\" \/><\/figure>\n\n\n\n<figure class=\"wp-block-image size-large\"><img loading=\"lazy\" decoding=\"async\" width=\"768\" height=\"1024\" data-id=\"33211\" src=\"https:\/\/sebetanne.co.uk\/hkblog\/wp-content\/uploads\/2024\/04\/20240329_142905-1-768x1024.jpg\" alt=\"\" class=\"wp-image-33211\" srcset=\"https:\/\/sebetanne.co.uk\/hkblog\/wp-content\/uploads\/2024\/04\/20240329_142905-1-768x1024.jpg 768w, https:\/\/sebetanne.co.uk\/hkblog\/wp-content\/uploads\/2024\/04\/20240329_142905-1-225x300.jpg 225w, https:\/\/sebetanne.co.uk\/hkblog\/wp-content\/uploads\/2024\/04\/20240329_142905-1-1152x1536.jpg 1152w, https:\/\/sebetanne.co.uk\/hkblog\/wp-content\/uploads\/2024\/04\/20240329_142905-1-1536x2048.jpg 1536w, https:\/\/sebetanne.co.uk\/hkblog\/wp-content\/uploads\/2024\/04\/20240329_142905-1-scaled.jpg 1920w\" sizes=\"auto, (max-width: 768px) 100vw, 768px\" \/><\/figure>\n\n\n\n<figure class=\"wp-block-image size-large\"><img loading=\"lazy\" decoding=\"async\" width=\"1024\" height=\"768\" data-id=\"33208\" src=\"https:\/\/sebetanne.co.uk\/hkblog\/wp-content\/uploads\/2024\/04\/20240329_144746-1-1024x768.jpg\" alt=\"\" class=\"wp-image-33208\" srcset=\"https:\/\/sebetanne.co.uk\/hkblog\/wp-content\/uploads\/2024\/04\/20240329_144746-1-1024x768.jpg 1024w, https:\/\/sebetanne.co.uk\/hkblog\/wp-content\/uploads\/2024\/04\/20240329_144746-1-300x225.jpg 300w, https:\/\/sebetanne.co.uk\/hkblog\/wp-content\/uploads\/2024\/04\/20240329_144746-1-768x576.jpg 768w, https:\/\/sebetanne.co.uk\/hkblog\/wp-content\/uploads\/2024\/04\/20240329_144746-1-1536x1152.jpg 1536w, https:\/\/sebetanne.co.uk\/hkblog\/wp-content\/uploads\/2024\/04\/20240329_144746-1-2048x1536.jpg 2048w\" sizes=\"auto, (max-width: 1024px) 100vw, 1024px\" \/><\/figure>\n\n\n\n<figure class=\"wp-block-image size-large\"><img loading=\"lazy\" decoding=\"async\" width=\"768\" height=\"1024\" data-id=\"33213\" src=\"https:\/\/sebetanne.co.uk\/hkblog\/wp-content\/uploads\/2024\/04\/20240329_143559-Copy-1-768x1024.jpg\" alt=\"\" class=\"wp-image-33213\" srcset=\"https:\/\/sebetanne.co.uk\/hkblog\/wp-content\/uploads\/2024\/04\/20240329_143559-Copy-1-768x1024.jpg 768w, https:\/\/sebetanne.co.uk\/hkblog\/wp-content\/uploads\/2024\/04\/20240329_143559-Copy-1-225x300.jpg 225w, https:\/\/sebetanne.co.uk\/hkblog\/wp-content\/uploads\/2024\/04\/20240329_143559-Copy-1-1152x1536.jpg 1152w, https:\/\/sebetanne.co.uk\/hkblog\/wp-content\/uploads\/2024\/04\/20240329_143559-Copy-1-1536x2048.jpg 1536w, https:\/\/sebetanne.co.uk\/hkblog\/wp-content\/uploads\/2024\/04\/20240329_143559-Copy-1-scaled.jpg 1920w\" sizes=\"auto, (max-width: 768px) 100vw, 768px\" \/><\/figure>\n\n\n\n<figure class=\"wp-block-image size-large\"><img loading=\"lazy\" decoding=\"async\" width=\"1024\" height=\"596\" data-id=\"33207\" src=\"https:\/\/sebetanne.co.uk\/hkblog\/wp-content\/uploads\/2024\/04\/20240329_143706-1-1024x596.jpg\" alt=\"\" class=\"wp-image-33207\" srcset=\"https:\/\/sebetanne.co.uk\/hkblog\/wp-content\/uploads\/2024\/04\/20240329_143706-1-1024x596.jpg 1024w, https:\/\/sebetanne.co.uk\/hkblog\/wp-content\/uploads\/2024\/04\/20240329_143706-1-300x175.jpg 300w, https:\/\/sebetanne.co.uk\/hkblog\/wp-content\/uploads\/2024\/04\/20240329_143706-1-768x447.jpg 768w, https:\/\/sebetanne.co.uk\/hkblog\/wp-content\/uploads\/2024\/04\/20240329_143706-1-1536x894.jpg 1536w, https:\/\/sebetanne.co.uk\/hkblog\/wp-content\/uploads\/2024\/04\/20240329_143706-1-2048x1192.jpg 2048w\" sizes=\"auto, (max-width: 1024px) 100vw, 1024px\" \/><\/figure>\n\n\n\n<figure class=\"wp-block-image size-large\"><img loading=\"lazy\" decoding=\"async\" width=\"768\" height=\"1024\" data-id=\"33209\" src=\"https:\/\/sebetanne.co.uk\/hkblog\/wp-content\/uploads\/2024\/04\/20240329_143825-1-768x1024.jpg\" alt=\"\" class=\"wp-image-33209\" srcset=\"https:\/\/sebetanne.co.uk\/hkblog\/wp-content\/uploads\/2024\/04\/20240329_143825-1-768x1024.jpg 768w, https:\/\/sebetanne.co.uk\/hkblog\/wp-content\/uploads\/2024\/04\/20240329_143825-1-225x300.jpg 225w, https:\/\/sebetanne.co.uk\/hkblog\/wp-content\/uploads\/2024\/04\/20240329_143825-1-1152x1536.jpg 1152w, https:\/\/sebetanne.co.uk\/hkblog\/wp-content\/uploads\/2024\/04\/20240329_143825-1-1536x2048.jpg 1536w, https:\/\/sebetanne.co.uk\/hkblog\/wp-content\/uploads\/2024\/04\/20240329_143825-1-scaled.jpg 1920w\" sizes=\"auto, (max-width: 768px) 100vw, 768px\" \/><\/figure>\n<\/figure>\n\n\n\n<p>And a bit of Chinese zodiac \ud83d\ude42<\/p>\n\n\n\n<figure class=\"wp-block-gallery has-nested-images columns-default is-cropped wp-block-gallery-2 is-layout-flex wp-block-gallery-is-layout-flex\">\n<figure class=\"wp-block-image size-large\"><a href=\"https:\/\/sebetanne.co.uk\/hkblog\/wp-content\/uploads\/2024\/04\/20240329_140135-Copy-scaled.jpg\"><img loading=\"lazy\" decoding=\"async\" width=\"768\" height=\"1024\" data-id=\"33195\" src=\"https:\/\/sebetanne.co.uk\/hkblog\/wp-content\/uploads\/2024\/04\/20240329_140135-Copy-768x1024.jpg\" alt=\"\" class=\"wp-image-33195\" srcset=\"https:\/\/sebetanne.co.uk\/hkblog\/wp-content\/uploads\/2024\/04\/20240329_140135-Copy-768x1024.jpg 768w, https:\/\/sebetanne.co.uk\/hkblog\/wp-content\/uploads\/2024\/04\/20240329_140135-Copy-225x300.jpg 225w, https:\/\/sebetanne.co.uk\/hkblog\/wp-content\/uploads\/2024\/04\/20240329_140135-Copy-1152x1536.jpg 1152w, https:\/\/sebetanne.co.uk\/hkblog\/wp-content\/uploads\/2024\/04\/20240329_140135-Copy-1536x2048.jpg 1536w, https:\/\/sebetanne.co.uk\/hkblog\/wp-content\/uploads\/2024\/04\/20240329_140135-Copy-scaled.jpg 1920w\" sizes=\"auto, (max-width: 768px) 100vw, 768px\" \/><\/a><figcaption class=\"wp-element-caption\">Alex<\/figcaption><\/figure>\n\n\n\n<figure class=\"wp-block-image size-large\"><a href=\"https:\/\/sebetanne.co.uk\/hkblog\/wp-content\/uploads\/2024\/04\/20240329_140112-scaled.jpg\"><img loading=\"lazy\" decoding=\"async\" width=\"768\" height=\"1024\" data-id=\"33194\" src=\"https:\/\/sebetanne.co.uk\/hkblog\/wp-content\/uploads\/2024\/04\/20240329_140112-768x1024.jpg\" alt=\"\" class=\"wp-image-33194\" srcset=\"https:\/\/sebetanne.co.uk\/hkblog\/wp-content\/uploads\/2024\/04\/20240329_140112-768x1024.jpg 768w, https:\/\/sebetanne.co.uk\/hkblog\/wp-content\/uploads\/2024\/04\/20240329_140112-225x300.jpg 225w, https:\/\/sebetanne.co.uk\/hkblog\/wp-content\/uploads\/2024\/04\/20240329_140112-1152x1536.jpg 1152w, https:\/\/sebetanne.co.uk\/hkblog\/wp-content\/uploads\/2024\/04\/20240329_140112-1536x2048.jpg 1536w, https:\/\/sebetanne.co.uk\/hkblog\/wp-content\/uploads\/2024\/04\/20240329_140112-scaled.jpg 1920w\" sizes=\"auto, (max-width: 768px) 100vw, 768px\" \/><\/a><figcaption class=\"wp-element-caption\">S\u00e9bastien + Emilie<\/figcaption><\/figure>\n\n\n\n<figure class=\"wp-block-image size-large\"><a href=\"https:\/\/sebetanne.co.uk\/hkblog\/wp-content\/uploads\/2024\/04\/20240329_140120-Copy-scaled.jpg\"><img loading=\"lazy\" decoding=\"async\" width=\"768\" height=\"1024\" data-id=\"33192\" src=\"https:\/\/sebetanne.co.uk\/hkblog\/wp-content\/uploads\/2024\/04\/20240329_140120-Copy-768x1024.jpg\" alt=\"\" class=\"wp-image-33192\" srcset=\"https:\/\/sebetanne.co.uk\/hkblog\/wp-content\/uploads\/2024\/04\/20240329_140120-Copy-768x1024.jpg 768w, https:\/\/sebetanne.co.uk\/hkblog\/wp-content\/uploads\/2024\/04\/20240329_140120-Copy-225x300.jpg 225w, https:\/\/sebetanne.co.uk\/hkblog\/wp-content\/uploads\/2024\/04\/20240329_140120-Copy-1152x1536.jpg 1152w, https:\/\/sebetanne.co.uk\/hkblog\/wp-content\/uploads\/2024\/04\/20240329_140120-Copy-1536x2048.jpg 1536w, https:\/\/sebetanne.co.uk\/hkblog\/wp-content\/uploads\/2024\/04\/20240329_140120-Copy-scaled.jpg 1920w\" sizes=\"auto, (max-width: 768px) 100vw, 768px\" \/><\/a><figcaption class=\"wp-element-caption\">Anne<\/figcaption><\/figure>\n<\/figure>\n","protected":false},"excerpt":{"rendered":"<p>Haw Par Villa is situated very near the port of Singapore (map here). It was built by the Aw Boon[&#8230;]<\/p>\n","protected":false},"author":1,"featured_media":33186,"parent":33043,"menu_order":6,"comment_status":"open","ping_status":"closed","template":"template-fullwidth.php","meta":{"footnotes":""},"class_list":["post-33175","page","type-page","status-publish","has-post-thumbnail","hentry"],"post_mailing_queue_ids":[],"_links":{"self":[{"href":"https:\/\/sebetanne.co.uk\/hkblog\/wp-json\/wp\/v2\/pages\/33175","targetHints":{"allow":["GET"]}}],"collection":[{"href":"https:\/\/sebetanne.co.uk\/hkblog\/wp-json\/wp\/v2\/pages"}],"about":[{"href":"https:\/\/sebetanne.co.uk\/hkblog\/wp-json\/wp\/v2\/types\/page"}],"author":[{"embeddable":true,"href":"https:\/\/sebetanne.co.uk\/hkblog\/wp-json\/wp\/v2\/users\/1"}],"replies":[{"embeddable":true,"href":"https:\/\/sebetanne.co.uk\/hkblog\/wp-json\/wp\/v2\/comments?post=33175"}],"version-history":[{"count":4,"href":"https:\/\/sebetanne.co.uk\/hkblog\/wp-json\/wp\/v2\/pages\/33175\/revisions"}],"predecessor-version":[{"id":33216,"href":"https:\/\/sebetanne.co.uk\/hkblog\/wp-json\/wp\/v2\/pages\/33175\/revisions\/33216"}],"up":[{"embeddable":true,"href":"https:\/\/sebetanne.co.uk\/hkblog\/wp-json\/wp\/v2\/pages\/33043"}],"wp:featuredmedia":[{"embeddable":true,"href":"https:\/\/sebetanne.co.uk\/hkblog\/wp-json\/wp\/v2\/media\/33186"}],"wp:attachment":[{"href":"https:\/\/sebetanne.co.uk\/hkblog\/wp-json\/wp\/v2\/media?parent=33175"}],"curies":[{"name":"wp","href":"https:\/\/api.w.org\/{rel}","templated":true}]}}