{"id":33071,"date":"2024-03-01T11:15:28","date_gmt":"2024-03-01T11:15:28","guid":{"rendered":"https:\/\/sebetanne.co.uk\/hkblog\/?page_id=33071"},"modified":"2024-03-04T10:55:39","modified_gmt":"2024-03-04T10:55:39","slug":"macritchie-reservoir-park-25-02-2024","status":"publish","type":"page","link":"https:\/\/sebetanne.co.uk\/hkblog\/gallery-photos\/singapour\/2024-january-to-july\/macritchie-reservoir-park-25-02-2024\/","title":{"rendered":"MacRitchie Reservoir Park &#8211; 25-02-2024"},"content":{"rendered":"\n<p>Another of our Sunday&#8217;s walk! We set off to walk along the south of the MacRitchie reservoir (map <a href=\"https:\/\/maps.app.goo.gl\/agHyysYeU3jLnykz5\" target=\"_blank\" rel=\"noreferrer noopener\">here<\/a>). It was a lovely walk. We walked along the golf course and continued westward. After 2 hours, we reached a road but there was no bus or anything and we had to walk another hour in a much wilder part to reach civilisation. We eventually went back home much later than we thought (after sundown). A bit of an adventure \ud83d\ude42<\/p>\n\n\n\n<p class=\"has-text-align-right\"><em>Une autre de nos balades du dimanche ! Nous avons long\u00e9 le sud du r\u00e9servoir MacRitchie (carte <a href=\"https:\/\/maps.app.goo.gl\/agHyysYeU3jLnykz5\" target=\"_blank\" rel=\"noreferrer noopener\">ici<\/a>). C&#8217;\u00e9tait une belle promenade. Nous sommes pass\u00e9 \u00e0 c\u00f4t\u00e9 du terrain de golf et continu\u00e9 vers l&#8217;ouest. Au bout de 2 heures, nous avons atteint une route mais il n&#8217;y avait pas de transport en commun. Nous avons d\u00fb marcher encore une heure dans une partie beaucoup plus sauvage pour atteindre la civilisation. Nous sommes finalement rentr\u00e9s chez nous plus tard que pr\u00e9vu (apr\u00e8s le coucher du soleil). Une petite aventure<\/em> \ud83d\ude42<\/p>\n\n\n\n<figure class=\"wp-block-gallery has-nested-images columns-default is-cropped wp-block-gallery-1 is-layout-flex wp-block-gallery-is-layout-flex\">\n<figure class=\"wp-block-image size-large\"><a href=\"https:\/\/sebetanne.co.uk\/hkblog\/wp-content\/uploads\/2024\/03\/20240225_164926-scaled.jpg\"><img loading=\"lazy\" decoding=\"async\" width=\"1024\" height=\"768\" data-id=\"33084\" src=\"https:\/\/sebetanne.co.uk\/hkblog\/wp-content\/uploads\/2024\/03\/20240225_164926-1024x768.jpg\" alt=\"\" class=\"wp-image-33084\" srcset=\"https:\/\/sebetanne.co.uk\/hkblog\/wp-content\/uploads\/2024\/03\/20240225_164926-1024x768.jpg 1024w, https:\/\/sebetanne.co.uk\/hkblog\/wp-content\/uploads\/2024\/03\/20240225_164926-300x225.jpg 300w, https:\/\/sebetanne.co.uk\/hkblog\/wp-content\/uploads\/2024\/03\/20240225_164926-768x576.jpg 768w, https:\/\/sebetanne.co.uk\/hkblog\/wp-content\/uploads\/2024\/03\/20240225_164926-1536x1152.jpg 1536w, https:\/\/sebetanne.co.uk\/hkblog\/wp-content\/uploads\/2024\/03\/20240225_164926-2048x1536.jpg 2048w\" sizes=\"auto, (max-width: 1024px) 100vw, 1024px\" \/><\/a><\/figure>\n\n\n\n<figure class=\"wp-block-image size-large\"><a href=\"https:\/\/sebetanne.co.uk\/hkblog\/wp-content\/uploads\/2024\/03\/20240225_165224-scaled.jpg\"><img loading=\"lazy\" decoding=\"async\" width=\"1024\" height=\"768\" data-id=\"33086\" src=\"https:\/\/sebetanne.co.uk\/hkblog\/wp-content\/uploads\/2024\/03\/20240225_165224-1024x768.jpg\" alt=\"\" class=\"wp-image-33086\" srcset=\"https:\/\/sebetanne.co.uk\/hkblog\/wp-content\/uploads\/2024\/03\/20240225_165224-1024x768.jpg 1024w, https:\/\/sebetanne.co.uk\/hkblog\/wp-content\/uploads\/2024\/03\/20240225_165224-300x225.jpg 300w, https:\/\/sebetanne.co.uk\/hkblog\/wp-content\/uploads\/2024\/03\/20240225_165224-768x576.jpg 768w, https:\/\/sebetanne.co.uk\/hkblog\/wp-content\/uploads\/2024\/03\/20240225_165224-1536x1152.jpg 1536w\" sizes=\"auto, (max-width: 1024px) 100vw, 1024px\" \/><\/a><\/figure>\n\n\n\n<figure class=\"wp-block-image size-large\"><a href=\"https:\/\/sebetanne.co.uk\/hkblog\/wp-content\/uploads\/2024\/03\/20240225_170328-scaled.jpg\"><img loading=\"lazy\" decoding=\"async\" width=\"1024\" height=\"768\" data-id=\"33093\" src=\"https:\/\/sebetanne.co.uk\/hkblog\/wp-content\/uploads\/2024\/03\/20240225_170328-1024x768.jpg\" alt=\"\" class=\"wp-image-33093\" srcset=\"https:\/\/sebetanne.co.uk\/hkblog\/wp-content\/uploads\/2024\/03\/20240225_170328-1024x768.jpg 1024w, https:\/\/sebetanne.co.uk\/hkblog\/wp-content\/uploads\/2024\/03\/20240225_170328-300x225.jpg 300w, https:\/\/sebetanne.co.uk\/hkblog\/wp-content\/uploads\/2024\/03\/20240225_170328-768x576.jpg 768w, https:\/\/sebetanne.co.uk\/hkblog\/wp-content\/uploads\/2024\/03\/20240225_170328-1536x1152.jpg 1536w, https:\/\/sebetanne.co.uk\/hkblog\/wp-content\/uploads\/2024\/03\/20240225_170328-2048x1536.jpg 2048w\" sizes=\"auto, (max-width: 1024px) 100vw, 1024px\" \/><\/a><\/figure>\n\n\n\n<figure class=\"wp-block-image size-large\"><a href=\"https:\/\/sebetanne.co.uk\/hkblog\/wp-content\/uploads\/2024\/03\/20240225_171404-scaled.jpg\"><img loading=\"lazy\" decoding=\"async\" width=\"1024\" height=\"768\" data-id=\"33091\" src=\"https:\/\/sebetanne.co.uk\/hkblog\/wp-content\/uploads\/2024\/03\/20240225_171404-1024x768.jpg\" alt=\"\" class=\"wp-image-33091\" srcset=\"https:\/\/sebetanne.co.uk\/hkblog\/wp-content\/uploads\/2024\/03\/20240225_171404-1024x768.jpg 1024w, https:\/\/sebetanne.co.uk\/hkblog\/wp-content\/uploads\/2024\/03\/20240225_171404-300x225.jpg 300w, https:\/\/sebetanne.co.uk\/hkblog\/wp-content\/uploads\/2024\/03\/20240225_171404-768x576.jpg 768w, https:\/\/sebetanne.co.uk\/hkblog\/wp-content\/uploads\/2024\/03\/20240225_171404-1536x1152.jpg 1536w, https:\/\/sebetanne.co.uk\/hkblog\/wp-content\/uploads\/2024\/03\/20240225_171404-2048x1536.jpg 2048w\" sizes=\"auto, (max-width: 1024px) 100vw, 1024px\" \/><\/a><\/figure>\n\n\n\n<figure class=\"wp-block-image size-large\"><a href=\"https:\/\/sebetanne.co.uk\/hkblog\/wp-content\/uploads\/2024\/03\/20240225_173238-Copy-scaled.jpg\"><img loading=\"lazy\" decoding=\"async\" width=\"768\" height=\"1024\" data-id=\"33088\" src=\"https:\/\/sebetanne.co.uk\/hkblog\/wp-content\/uploads\/2024\/03\/20240225_173238-Copy-768x1024.jpg\" alt=\"\" class=\"wp-image-33088\" srcset=\"https:\/\/sebetanne.co.uk\/hkblog\/wp-content\/uploads\/2024\/03\/20240225_173238-Copy-768x1024.jpg 768w, https:\/\/sebetanne.co.uk\/hkblog\/wp-content\/uploads\/2024\/03\/20240225_173238-Copy-225x300.jpg 225w, https:\/\/sebetanne.co.uk\/hkblog\/wp-content\/uploads\/2024\/03\/20240225_173238-Copy-1152x1536.jpg 1152w, https:\/\/sebetanne.co.uk\/hkblog\/wp-content\/uploads\/2024\/03\/20240225_173238-Copy-1536x2048.jpg 1536w, https:\/\/sebetanne.co.uk\/hkblog\/wp-content\/uploads\/2024\/03\/20240225_173238-Copy-scaled.jpg 1920w\" sizes=\"auto, (max-width: 768px) 100vw, 768px\" \/><\/a><\/figure>\n\n\n\n<figure class=\"wp-block-image size-large\"><a href=\"https:\/\/sebetanne.co.uk\/hkblog\/wp-content\/uploads\/2024\/03\/20240225_173244-Copy-scaled.jpg\"><img loading=\"lazy\" decoding=\"async\" width=\"768\" height=\"1024\" data-id=\"33092\" src=\"https:\/\/sebetanne.co.uk\/hkblog\/wp-content\/uploads\/2024\/03\/20240225_173244-Copy-768x1024.jpg\" alt=\"\" class=\"wp-image-33092\" srcset=\"https:\/\/sebetanne.co.uk\/hkblog\/wp-content\/uploads\/2024\/03\/20240225_173244-Copy-768x1024.jpg 768w, https:\/\/sebetanne.co.uk\/hkblog\/wp-content\/uploads\/2024\/03\/20240225_173244-Copy-225x300.jpg 225w, https:\/\/sebetanne.co.uk\/hkblog\/wp-content\/uploads\/2024\/03\/20240225_173244-Copy-1152x1536.jpg 1152w, https:\/\/sebetanne.co.uk\/hkblog\/wp-content\/uploads\/2024\/03\/20240225_173244-Copy-1536x2048.jpg 1536w, https:\/\/sebetanne.co.uk\/hkblog\/wp-content\/uploads\/2024\/03\/20240225_173244-Copy-scaled.jpg 1920w\" sizes=\"auto, (max-width: 768px) 100vw, 768px\" \/><\/a><\/figure>\n\n\n\n<figure class=\"wp-block-image size-large\"><a href=\"https:\/\/sebetanne.co.uk\/hkblog\/wp-content\/uploads\/2024\/03\/20240225_173505-Copy-scaled.jpg\"><img loading=\"lazy\" decoding=\"async\" width=\"1024\" height=\"768\" data-id=\"33087\" src=\"https:\/\/sebetanne.co.uk\/hkblog\/wp-content\/uploads\/2024\/03\/20240225_173505-Copy-1024x768.jpg\" alt=\"\" class=\"wp-image-33087\" srcset=\"https:\/\/sebetanne.co.uk\/hkblog\/wp-content\/uploads\/2024\/03\/20240225_173505-Copy-1024x768.jpg 1024w, https:\/\/sebetanne.co.uk\/hkblog\/wp-content\/uploads\/2024\/03\/20240225_173505-Copy-300x225.jpg 300w, https:\/\/sebetanne.co.uk\/hkblog\/wp-content\/uploads\/2024\/03\/20240225_173505-Copy-768x576.jpg 768w, https:\/\/sebetanne.co.uk\/hkblog\/wp-content\/uploads\/2024\/03\/20240225_173505-Copy-1536x1152.jpg 1536w, https:\/\/sebetanne.co.uk\/hkblog\/wp-content\/uploads\/2024\/03\/20240225_173505-Copy-2048x1536.jpg 2048w\" sizes=\"auto, (max-width: 1024px) 100vw, 1024px\" \/><\/a><\/figure>\n\n\n\n<figure class=\"wp-block-image size-large\"><a href=\"https:\/\/sebetanne.co.uk\/hkblog\/wp-content\/uploads\/2024\/03\/20240225_171004-scaled.jpg\"><img loading=\"lazy\" decoding=\"async\" width=\"1024\" height=\"768\" data-id=\"33089\" src=\"https:\/\/sebetanne.co.uk\/hkblog\/wp-content\/uploads\/2024\/03\/20240225_171004-1024x768.jpg\" alt=\"\" class=\"wp-image-33089\" srcset=\"https:\/\/sebetanne.co.uk\/hkblog\/wp-content\/uploads\/2024\/03\/20240225_171004-1024x768.jpg 1024w, https:\/\/sebetanne.co.uk\/hkblog\/wp-content\/uploads\/2024\/03\/20240225_171004-300x225.jpg 300w, https:\/\/sebetanne.co.uk\/hkblog\/wp-content\/uploads\/2024\/03\/20240225_171004-768x576.jpg 768w, https:\/\/sebetanne.co.uk\/hkblog\/wp-content\/uploads\/2024\/03\/20240225_171004-1536x1152.jpg 1536w, https:\/\/sebetanne.co.uk\/hkblog\/wp-content\/uploads\/2024\/03\/20240225_171004-2048x1536.jpg 2048w\" sizes=\"auto, (max-width: 1024px) 100vw, 1024px\" \/><\/a><\/figure>\n\n\n\n<figure class=\"wp-block-image size-large\"><a href=\"https:\/\/sebetanne.co.uk\/hkblog\/wp-content\/uploads\/2024\/03\/20240225_173853-scaled.jpg\"><img loading=\"lazy\" decoding=\"async\" width=\"1024\" height=\"768\" data-id=\"33085\" src=\"https:\/\/sebetanne.co.uk\/hkblog\/wp-content\/uploads\/2024\/03\/20240225_173853-1024x768.jpg\" alt=\"\" class=\"wp-image-33085\" srcset=\"https:\/\/sebetanne.co.uk\/hkblog\/wp-content\/uploads\/2024\/03\/20240225_173853-1024x768.jpg 1024w, https:\/\/sebetanne.co.uk\/hkblog\/wp-content\/uploads\/2024\/03\/20240225_173853-300x225.jpg 300w, https:\/\/sebetanne.co.uk\/hkblog\/wp-content\/uploads\/2024\/03\/20240225_173853-768x576.jpg 768w, https:\/\/sebetanne.co.uk\/hkblog\/wp-content\/uploads\/2024\/03\/20240225_173853-1536x1152.jpg 1536w, https:\/\/sebetanne.co.uk\/hkblog\/wp-content\/uploads\/2024\/03\/20240225_173853-2048x1536.jpg 2048w\" sizes=\"auto, (max-width: 1024px) 100vw, 1024px\" \/><\/a><\/figure>\n\n\n\n<figure class=\"wp-block-image size-large\"><a href=\"https:\/\/sebetanne.co.uk\/hkblog\/wp-content\/uploads\/2024\/03\/20240225_184316-Copy-scaled.jpg\"><img loading=\"lazy\" decoding=\"async\" width=\"1024\" height=\"768\" data-id=\"33090\" src=\"https:\/\/sebetanne.co.uk\/hkblog\/wp-content\/uploads\/2024\/03\/20240225_184316-Copy-1024x768.jpg\" alt=\"\" class=\"wp-image-33090\" srcset=\"https:\/\/sebetanne.co.uk\/hkblog\/wp-content\/uploads\/2024\/03\/20240225_184316-Copy-1024x768.jpg 1024w, https:\/\/sebetanne.co.uk\/hkblog\/wp-content\/uploads\/2024\/03\/20240225_184316-Copy-300x225.jpg 300w, https:\/\/sebetanne.co.uk\/hkblog\/wp-content\/uploads\/2024\/03\/20240225_184316-Copy-768x576.jpg 768w, https:\/\/sebetanne.co.uk\/hkblog\/wp-content\/uploads\/2024\/03\/20240225_184316-Copy-1536x1152.jpg 1536w, https:\/\/sebetanne.co.uk\/hkblog\/wp-content\/uploads\/2024\/03\/20240225_184316-Copy-2048x1536.jpg 2048w\" sizes=\"auto, (max-width: 1024px) 100vw, 1024px\" \/><\/a><\/figure>\n<\/figure>\n","protected":false},"excerpt":{"rendered":"<p>Another of our Sunday&#8217;s walk! We set off to walk along the south of the MacRitchie reservoir (map here). It[&#8230;]<\/p>\n","protected":false},"author":1,"featured_media":33082,"parent":33043,"menu_order":3,"comment_status":"open","ping_status":"closed","template":"template-fullwidth.php","meta":{"footnotes":""},"class_list":["post-33071","page","type-page","status-publish","has-post-thumbnail","hentry"],"post_mailing_queue_ids":[],"_links":{"self":[{"href":"https:\/\/sebetanne.co.uk\/hkblog\/wp-json\/wp\/v2\/pages\/33071","targetHints":{"allow":["GET"]}}],"collection":[{"href":"https:\/\/sebetanne.co.uk\/hkblog\/wp-json\/wp\/v2\/pages"}],"about":[{"href":"https:\/\/sebetanne.co.uk\/hkblog\/wp-json\/wp\/v2\/types\/page"}],"author":[{"embeddable":true,"href":"https:\/\/sebetanne.co.uk\/hkblog\/wp-json\/wp\/v2\/users\/1"}],"replies":[{"embeddable":true,"href":"https:\/\/sebetanne.co.uk\/hkblog\/wp-json\/wp\/v2\/comments?post=33071"}],"version-history":[{"count":2,"href":"https:\/\/sebetanne.co.uk\/hkblog\/wp-json\/wp\/v2\/pages\/33071\/revisions"}],"predecessor-version":[{"id":33094,"href":"https:\/\/sebetanne.co.uk\/hkblog\/wp-json\/wp\/v2\/pages\/33071\/revisions\/33094"}],"up":[{"embeddable":true,"href":"https:\/\/sebetanne.co.uk\/hkblog\/wp-json\/wp\/v2\/pages\/33043"}],"wp:featuredmedia":[{"embeddable":true,"href":"https:\/\/sebetanne.co.uk\/hkblog\/wp-json\/wp\/v2\/media\/33082"}],"wp:attachment":[{"href":"https:\/\/sebetanne.co.uk\/hkblog\/wp-json\/wp\/v2\/media?parent=33071"}],"curies":[{"name":"wp","href":"https:\/\/api.w.org\/{rel}","templated":true}]}}