{"id":33048,"date":"2024-03-01T10:47:30","date_gmt":"2024-03-01T10:47:30","guid":{"rendered":"https:\/\/sebetanne.co.uk\/hkblog\/?page_id=33048"},"modified":"2024-03-04T10:56:12","modified_gmt":"2024-03-04T10:56:12","slug":"jurong-lake-gardens-21-01-2024","status":"publish","type":"page","link":"https:\/\/sebetanne.co.uk\/hkblog\/gallery-photos\/singapour\/2024-january-to-july\/jurong-lake-gardens-21-01-2024\/","title":{"rendered":"Jurong Lake Gardens &#8211; 21-01-2024"},"content":{"rendered":"\n<p>In January, we resumed our Sunday&#8217;s exploration walks with Sebastien. This time, we went west to Jurong Lake Gardens (map <a href=\"https:\/\/maps.app.goo.gl\/3tA39MkPX9oUZ89i8\" target=\"_blank\" rel=\"noreferrer noopener\">here<\/a>). I wanted to see the Chinese and Japanese gardens but they were both closed. Anyway, we walked around the lake and had a lovely time!<\/p>\n\n\n\n<p class=\"has-text-align-right\"><em>En janvier, nous avons repris nos balades d&#8217;exploration du dimanche avec S\u00e9bastien. Cette fois, nous sommes all\u00e9s vers l\u2019ouest jusqu\u2019aux Jurong Lake Gardens (carte <a href=\"https:\/\/maps.app.goo.gl\/3tA39MkPX9oUZ89i8\" target=\"_blank\" rel=\"noreferrer noopener\">ici<\/a>). Je voulais voir les jardins chinois et japonais mais ils \u00e9taient tous les deux ferm\u00e9s. Quoi qu&#8217;il en soit, nous nous sommes promen\u00e9s autour du lac et avons pass\u00e9 un moment tr\u00e8s agr\u00e9able !<\/em><\/p>\n\n\n\n<figure class=\"wp-block-gallery has-nested-images columns-default is-cropped wp-block-gallery-1 is-layout-flex wp-block-gallery-is-layout-flex\">\n<figure class=\"wp-block-image size-large\"><a href=\"https:\/\/sebetanne.co.uk\/hkblog\/wp-content\/uploads\/2024\/03\/20240121_163737-Copy-2.jpg\"><img loading=\"lazy\" decoding=\"async\" width=\"1024\" height=\"768\" data-id=\"33056\" src=\"https:\/\/sebetanne.co.uk\/hkblog\/wp-content\/uploads\/2024\/03\/20240121_163737-Copy-2-1024x768.jpg\" alt=\"\" class=\"wp-image-33056\" srcset=\"https:\/\/sebetanne.co.uk\/hkblog\/wp-content\/uploads\/2024\/03\/20240121_163737-Copy-2-1024x768.jpg 1024w, https:\/\/sebetanne.co.uk\/hkblog\/wp-content\/uploads\/2024\/03\/20240121_163737-Copy-2-300x225.jpg 300w, https:\/\/sebetanne.co.uk\/hkblog\/wp-content\/uploads\/2024\/03\/20240121_163737-Copy-2-768x576.jpg 768w, https:\/\/sebetanne.co.uk\/hkblog\/wp-content\/uploads\/2024\/03\/20240121_163737-Copy-2-1536x1152.jpg 1536w, https:\/\/sebetanne.co.uk\/hkblog\/wp-content\/uploads\/2024\/03\/20240121_163737-Copy-2-2048x1536.jpg 2048w\" sizes=\"auto, (max-width: 1024px) 100vw, 1024px\" \/><\/a><\/figure>\n\n\n\n<figure class=\"wp-block-image size-large\"><a href=\"https:\/\/sebetanne.co.uk\/hkblog\/wp-content\/uploads\/2024\/03\/20240121_164315-1-scaled.jpg\"><img loading=\"lazy\" decoding=\"async\" width=\"768\" height=\"1024\" data-id=\"33058\" src=\"https:\/\/sebetanne.co.uk\/hkblog\/wp-content\/uploads\/2024\/03\/20240121_164315-1-768x1024.jpg\" alt=\"\" class=\"wp-image-33058\" srcset=\"https:\/\/sebetanne.co.uk\/hkblog\/wp-content\/uploads\/2024\/03\/20240121_164315-1-768x1024.jpg 768w, https:\/\/sebetanne.co.uk\/hkblog\/wp-content\/uploads\/2024\/03\/20240121_164315-1-225x300.jpg 225w, https:\/\/sebetanne.co.uk\/hkblog\/wp-content\/uploads\/2024\/03\/20240121_164315-1-1152x1536.jpg 1152w, https:\/\/sebetanne.co.uk\/hkblog\/wp-content\/uploads\/2024\/03\/20240121_164315-1-1536x2048.jpg 1536w, https:\/\/sebetanne.co.uk\/hkblog\/wp-content\/uploads\/2024\/03\/20240121_164315-1-scaled.jpg 1920w\" sizes=\"auto, (max-width: 768px) 100vw, 768px\" \/><\/a><\/figure>\n\n\n\n<figure class=\"wp-block-image size-large\"><a href=\"https:\/\/sebetanne.co.uk\/hkblog\/wp-content\/uploads\/2024\/03\/20240121_164515-scaled.jpg\"><img loading=\"lazy\" decoding=\"async\" width=\"1024\" height=\"768\" data-id=\"33050\" src=\"https:\/\/sebetanne.co.uk\/hkblog\/wp-content\/uploads\/2024\/03\/20240121_164515-1024x768.jpg\" alt=\"\" class=\"wp-image-33050\" srcset=\"https:\/\/sebetanne.co.uk\/hkblog\/wp-content\/uploads\/2024\/03\/20240121_164515-1024x768.jpg 1024w, https:\/\/sebetanne.co.uk\/hkblog\/wp-content\/uploads\/2024\/03\/20240121_164515-300x225.jpg 300w, https:\/\/sebetanne.co.uk\/hkblog\/wp-content\/uploads\/2024\/03\/20240121_164515-768x576.jpg 768w, https:\/\/sebetanne.co.uk\/hkblog\/wp-content\/uploads\/2024\/03\/20240121_164515-1536x1152.jpg 1536w, https:\/\/sebetanne.co.uk\/hkblog\/wp-content\/uploads\/2024\/03\/20240121_164515-2048x1536.jpg 2048w\" sizes=\"auto, (max-width: 1024px) 100vw, 1024px\" \/><\/a><\/figure>\n\n\n\n<figure class=\"wp-block-image size-large\"><a href=\"https:\/\/sebetanne.co.uk\/hkblog\/wp-content\/uploads\/2024\/03\/20240121_171245-scaled.jpg\"><img loading=\"lazy\" decoding=\"async\" width=\"1024\" height=\"768\" data-id=\"33053\" src=\"https:\/\/sebetanne.co.uk\/hkblog\/wp-content\/uploads\/2024\/03\/20240121_171245-1024x768.jpg\" alt=\"\" class=\"wp-image-33053\" srcset=\"https:\/\/sebetanne.co.uk\/hkblog\/wp-content\/uploads\/2024\/03\/20240121_171245-1024x768.jpg 1024w, https:\/\/sebetanne.co.uk\/hkblog\/wp-content\/uploads\/2024\/03\/20240121_171245-300x225.jpg 300w, https:\/\/sebetanne.co.uk\/hkblog\/wp-content\/uploads\/2024\/03\/20240121_171245-768x576.jpg 768w, https:\/\/sebetanne.co.uk\/hkblog\/wp-content\/uploads\/2024\/03\/20240121_171245-1536x1152.jpg 1536w, https:\/\/sebetanne.co.uk\/hkblog\/wp-content\/uploads\/2024\/03\/20240121_171245-2048x1536.jpg 2048w\" sizes=\"auto, (max-width: 1024px) 100vw, 1024px\" \/><\/a><\/figure>\n\n\n\n<figure class=\"wp-block-image size-large\"><a href=\"https:\/\/sebetanne.co.uk\/hkblog\/wp-content\/uploads\/2024\/03\/20240121_171259-scaled.jpg\"><img loading=\"lazy\" decoding=\"async\" width=\"1024\" height=\"768\" data-id=\"33057\" src=\"https:\/\/sebetanne.co.uk\/hkblog\/wp-content\/uploads\/2024\/03\/20240121_171259-1024x768.jpg\" alt=\"\" class=\"wp-image-33057\" srcset=\"https:\/\/sebetanne.co.uk\/hkblog\/wp-content\/uploads\/2024\/03\/20240121_171259-1024x768.jpg 1024w, https:\/\/sebetanne.co.uk\/hkblog\/wp-content\/uploads\/2024\/03\/20240121_171259-300x225.jpg 300w, https:\/\/sebetanne.co.uk\/hkblog\/wp-content\/uploads\/2024\/03\/20240121_171259-768x576.jpg 768w, https:\/\/sebetanne.co.uk\/hkblog\/wp-content\/uploads\/2024\/03\/20240121_171259-1536x1152.jpg 1536w, https:\/\/sebetanne.co.uk\/hkblog\/wp-content\/uploads\/2024\/03\/20240121_171259-2048x1536.jpg 2048w\" sizes=\"auto, (max-width: 1024px) 100vw, 1024px\" \/><\/a><\/figure>\n\n\n\n<figure class=\"wp-block-image size-large\"><a href=\"https:\/\/sebetanne.co.uk\/hkblog\/wp-content\/uploads\/2024\/03\/20240121_171415-scaled.jpg\"><img loading=\"lazy\" decoding=\"async\" width=\"1024\" height=\"768\" data-id=\"33054\" src=\"https:\/\/sebetanne.co.uk\/hkblog\/wp-content\/uploads\/2024\/03\/20240121_171415-1024x768.jpg\" alt=\"\" class=\"wp-image-33054\" srcset=\"https:\/\/sebetanne.co.uk\/hkblog\/wp-content\/uploads\/2024\/03\/20240121_171415-1024x768.jpg 1024w, https:\/\/sebetanne.co.uk\/hkblog\/wp-content\/uploads\/2024\/03\/20240121_171415-300x225.jpg 300w, https:\/\/sebetanne.co.uk\/hkblog\/wp-content\/uploads\/2024\/03\/20240121_171415-768x576.jpg 768w, https:\/\/sebetanne.co.uk\/hkblog\/wp-content\/uploads\/2024\/03\/20240121_171415-1536x1152.jpg 1536w, https:\/\/sebetanne.co.uk\/hkblog\/wp-content\/uploads\/2024\/03\/20240121_171415-2048x1536.jpg 2048w\" sizes=\"auto, (max-width: 1024px) 100vw, 1024px\" \/><\/a><\/figure>\n\n\n\n<figure class=\"wp-block-image size-large\"><a href=\"https:\/\/sebetanne.co.uk\/hkblog\/wp-content\/uploads\/2024\/03\/20240121_172052-scaled.jpg\"><img loading=\"lazy\" decoding=\"async\" width=\"1024\" height=\"768\" data-id=\"33051\" src=\"https:\/\/sebetanne.co.uk\/hkblog\/wp-content\/uploads\/2024\/03\/20240121_172052-1024x768.jpg\" alt=\"\" class=\"wp-image-33051\" srcset=\"https:\/\/sebetanne.co.uk\/hkblog\/wp-content\/uploads\/2024\/03\/20240121_172052-1024x768.jpg 1024w, https:\/\/sebetanne.co.uk\/hkblog\/wp-content\/uploads\/2024\/03\/20240121_172052-300x225.jpg 300w, https:\/\/sebetanne.co.uk\/hkblog\/wp-content\/uploads\/2024\/03\/20240121_172052-768x576.jpg 768w, https:\/\/sebetanne.co.uk\/hkblog\/wp-content\/uploads\/2024\/03\/20240121_172052-1536x1152.jpg 1536w, https:\/\/sebetanne.co.uk\/hkblog\/wp-content\/uploads\/2024\/03\/20240121_172052-2048x1536.jpg 2048w\" sizes=\"auto, (max-width: 1024px) 100vw, 1024px\" \/><\/a><\/figure>\n\n\n\n<figure class=\"wp-block-image size-large\"><a href=\"https:\/\/sebetanne.co.uk\/hkblog\/wp-content\/uploads\/2024\/03\/20240121_172123-scaled.jpg\"><img loading=\"lazy\" decoding=\"async\" width=\"1024\" height=\"768\" data-id=\"33052\" src=\"https:\/\/sebetanne.co.uk\/hkblog\/wp-content\/uploads\/2024\/03\/20240121_172123-1024x768.jpg\" alt=\"\" class=\"wp-image-33052\" srcset=\"https:\/\/sebetanne.co.uk\/hkblog\/wp-content\/uploads\/2024\/03\/20240121_172123-1024x768.jpg 1024w, https:\/\/sebetanne.co.uk\/hkblog\/wp-content\/uploads\/2024\/03\/20240121_172123-300x225.jpg 300w, https:\/\/sebetanne.co.uk\/hkblog\/wp-content\/uploads\/2024\/03\/20240121_172123-768x576.jpg 768w, https:\/\/sebetanne.co.uk\/hkblog\/wp-content\/uploads\/2024\/03\/20240121_172123-1536x1152.jpg 1536w, https:\/\/sebetanne.co.uk\/hkblog\/wp-content\/uploads\/2024\/03\/20240121_172123-2048x1536.jpg 2048w\" sizes=\"auto, (max-width: 1024px) 100vw, 1024px\" \/><\/a><\/figure>\n<\/figure>\n","protected":false},"excerpt":{"rendered":"<p>In January, we resumed our Sunday&#8217;s exploration walks with Sebastien. This time, we went west to Jurong Lake Gardens (map[&#8230;]<\/p>\n","protected":false},"author":1,"featured_media":33049,"parent":33043,"menu_order":1,"comment_status":"open","ping_status":"closed","template":"template-fullwidth.php","meta":{"footnotes":""},"class_list":["post-33048","page","type-page","status-publish","has-post-thumbnail","hentry"],"post_mailing_queue_ids":[],"_links":{"self":[{"href":"https:\/\/sebetanne.co.uk\/hkblog\/wp-json\/wp\/v2\/pages\/33048","targetHints":{"allow":["GET"]}}],"collection":[{"href":"https:\/\/sebetanne.co.uk\/hkblog\/wp-json\/wp\/v2\/pages"}],"about":[{"href":"https:\/\/sebetanne.co.uk\/hkblog\/wp-json\/wp\/v2\/types\/page"}],"author":[{"embeddable":true,"href":"https:\/\/sebetanne.co.uk\/hkblog\/wp-json\/wp\/v2\/users\/1"}],"replies":[{"embeddable":true,"href":"https:\/\/sebetanne.co.uk\/hkblog\/wp-json\/wp\/v2\/comments?post=33048"}],"version-history":[{"count":1,"href":"https:\/\/sebetanne.co.uk\/hkblog\/wp-json\/wp\/v2\/pages\/33048\/revisions"}],"predecessor-version":[{"id":33059,"href":"https:\/\/sebetanne.co.uk\/hkblog\/wp-json\/wp\/v2\/pages\/33048\/revisions\/33059"}],"up":[{"embeddable":true,"href":"https:\/\/sebetanne.co.uk\/hkblog\/wp-json\/wp\/v2\/pages\/33043"}],"wp:featuredmedia":[{"embeddable":true,"href":"https:\/\/sebetanne.co.uk\/hkblog\/wp-json\/wp\/v2\/media\/33049"}],"wp:attachment":[{"href":"https:\/\/sebetanne.co.uk\/hkblog\/wp-json\/wp\/v2\/media?parent=33048"}],"curies":[{"name":"wp","href":"https:\/\/api.w.org\/{rel}","templated":true}]}}