{"id":32980,"date":"2023-11-14T08:41:46","date_gmt":"2023-11-14T08:41:46","guid":{"rendered":"https:\/\/sebetanne.co.uk\/hkblog\/?page_id=32980"},"modified":"2023-11-15T09:43:56","modified_gmt":"2023-11-15T09:43:56","slug":"tiong-bahru-29-10-2023","status":"publish","type":"page","link":"https:\/\/sebetanne.co.uk\/hkblog\/gallery-photos\/singapour\/2023-january-to-june\/tiong-bahru-29-10-2023\/","title":{"rendered":"Tiong Bahru &#8211; 29-10-2023"},"content":{"rendered":"\n<p>Tiong Bahru is an area situated west of Chinatown. In the beginning of the 20th century, it was mainly swamps and small villages. But as the population grew, British decided to use this area for housing and cleaned the space. They built the first public housing there in the 1920s. These buildings are the only HDB listed in Singapore. If, like me you like the Art Deco design, this is heaven! <\/p>\n\n\n\n<p class=\"has-text-align-right\"><em>Tiong Bahru est un quartier situ\u00e9 \u00e0 l\u2019ouest de Chinatown. Au d\u00e9but du XXe si\u00e8cle, il y avait principalement des mar\u00e9cages et de petits villages. Mais la population grandissant, les Britanniques ont d\u00e9cid\u00e9 d\u2019utiliser cette zone pour y construire des logements et ont assaini les mar\u00e9cages. C&#8217;est ici qu&#8217;on \u00e9t\u00e9 construits les premiers logements sociaux dans les ann\u00e9es 1920. Ces b\u00e2timents sont d&#8217;ailleurs les seuls HDB class\u00e9s \u00e0 Singapour. Si comme moi vous aimez le design Art D\u00e9co, c&#8217;est le paradis !<\/em><\/p>\n\n\n\n<figure class=\"wp-block-gallery has-nested-images columns-default is-cropped wp-block-gallery-1 is-layout-flex wp-block-gallery-is-layout-flex\">\n<figure class=\"wp-block-image size-large\"><a href=\"https:\/\/sebetanne.co.uk\/hkblog\/wp-content\/uploads\/2023\/11\/20231029_180219-scaled.jpg\" target=\"_blank\" rel=\"noopener\"><img loading=\"lazy\" decoding=\"async\" width=\"1024\" height=\"768\" data-id=\"32985\" src=\"https:\/\/sebetanne.co.uk\/hkblog\/wp-content\/uploads\/2023\/11\/20231029_180219-1024x768.jpg\" alt=\"\" class=\"wp-image-32985\" srcset=\"https:\/\/sebetanne.co.uk\/hkblog\/wp-content\/uploads\/2023\/11\/20231029_180219-1024x768.jpg 1024w, https:\/\/sebetanne.co.uk\/hkblog\/wp-content\/uploads\/2023\/11\/20231029_180219-300x225.jpg 300w, https:\/\/sebetanne.co.uk\/hkblog\/wp-content\/uploads\/2023\/11\/20231029_180219-768x576.jpg 768w, https:\/\/sebetanne.co.uk\/hkblog\/wp-content\/uploads\/2023\/11\/20231029_180219-1536x1152.jpg 1536w, https:\/\/sebetanne.co.uk\/hkblog\/wp-content\/uploads\/2023\/11\/20231029_180219-2048x1536.jpg 2048w\" sizes=\"auto, (max-width: 1024px) 100vw, 1024px\" \/><\/a><\/figure>\n\n\n\n<figure class=\"wp-block-image size-large\"><a href=\"https:\/\/sebetanne.co.uk\/hkblog\/wp-content\/uploads\/2023\/11\/20231029_180459-scaled.jpg\" target=\"_blank\" rel=\"noopener\"><img loading=\"lazy\" decoding=\"async\" width=\"1024\" height=\"768\" data-id=\"32984\" src=\"https:\/\/sebetanne.co.uk\/hkblog\/wp-content\/uploads\/2023\/11\/20231029_180459-1024x768.jpg\" alt=\"\" class=\"wp-image-32984\" srcset=\"https:\/\/sebetanne.co.uk\/hkblog\/wp-content\/uploads\/2023\/11\/20231029_180459-1024x768.jpg 1024w, https:\/\/sebetanne.co.uk\/hkblog\/wp-content\/uploads\/2023\/11\/20231029_180459-300x225.jpg 300w, https:\/\/sebetanne.co.uk\/hkblog\/wp-content\/uploads\/2023\/11\/20231029_180459-768x576.jpg 768w, https:\/\/sebetanne.co.uk\/hkblog\/wp-content\/uploads\/2023\/11\/20231029_180459-1536x1152.jpg 1536w, https:\/\/sebetanne.co.uk\/hkblog\/wp-content\/uploads\/2023\/11\/20231029_180459-2048x1536.jpg 2048w\" sizes=\"auto, (max-width: 1024px) 100vw, 1024px\" \/><\/a><\/figure>\n\n\n\n<figure class=\"wp-block-image size-large\"><a href=\"https:\/\/sebetanne.co.uk\/hkblog\/wp-content\/uploads\/2023\/11\/20231029_180742-scaled.jpg\" target=\"_blank\" rel=\"noopener\"><img loading=\"lazy\" decoding=\"async\" width=\"1024\" height=\"768\" data-id=\"32983\" src=\"https:\/\/sebetanne.co.uk\/hkblog\/wp-content\/uploads\/2023\/11\/20231029_180742-1024x768.jpg\" alt=\"\" class=\"wp-image-32983\" srcset=\"https:\/\/sebetanne.co.uk\/hkblog\/wp-content\/uploads\/2023\/11\/20231029_180742-1024x768.jpg 1024w, https:\/\/sebetanne.co.uk\/hkblog\/wp-content\/uploads\/2023\/11\/20231029_180742-300x225.jpg 300w, https:\/\/sebetanne.co.uk\/hkblog\/wp-content\/uploads\/2023\/11\/20231029_180742-768x576.jpg 768w, https:\/\/sebetanne.co.uk\/hkblog\/wp-content\/uploads\/2023\/11\/20231029_180742-1536x1152.jpg 1536w, https:\/\/sebetanne.co.uk\/hkblog\/wp-content\/uploads\/2023\/11\/20231029_180742-2048x1536.jpg 2048w\" sizes=\"auto, (max-width: 1024px) 100vw, 1024px\" \/><\/a><\/figure>\n\n\n\n<figure class=\"wp-block-image size-large\"><a href=\"https:\/\/sebetanne.co.uk\/hkblog\/wp-content\/uploads\/2023\/11\/20231029_180854-scaled.jpg\" target=\"_blank\" rel=\"noopener\"><img loading=\"lazy\" decoding=\"async\" width=\"1024\" height=\"768\" data-id=\"32986\" src=\"https:\/\/sebetanne.co.uk\/hkblog\/wp-content\/uploads\/2023\/11\/20231029_180854-1024x768.jpg\" alt=\"\" class=\"wp-image-32986\" srcset=\"https:\/\/sebetanne.co.uk\/hkblog\/wp-content\/uploads\/2023\/11\/20231029_180854-1024x768.jpg 1024w, https:\/\/sebetanne.co.uk\/hkblog\/wp-content\/uploads\/2023\/11\/20231029_180854-300x225.jpg 300w, https:\/\/sebetanne.co.uk\/hkblog\/wp-content\/uploads\/2023\/11\/20231029_180854-768x576.jpg 768w, https:\/\/sebetanne.co.uk\/hkblog\/wp-content\/uploads\/2023\/11\/20231029_180854-1536x1152.jpg 1536w, https:\/\/sebetanne.co.uk\/hkblog\/wp-content\/uploads\/2023\/11\/20231029_180854-2048x1536.jpg 2048w\" sizes=\"auto, (max-width: 1024px) 100vw, 1024px\" \/><\/a><\/figure>\n\n\n\n<figure class=\"wp-block-image size-large\"><a href=\"https:\/\/sebetanne.co.uk\/hkblog\/wp-content\/uploads\/2023\/11\/20231029_182548-scaled.jpg\" target=\"_blank\" rel=\"noopener\"><img loading=\"lazy\" decoding=\"async\" width=\"1024\" height=\"768\" data-id=\"32987\" src=\"https:\/\/sebetanne.co.uk\/hkblog\/wp-content\/uploads\/2023\/11\/20231029_182548-1024x768.jpg\" alt=\"\" class=\"wp-image-32987\" srcset=\"https:\/\/sebetanne.co.uk\/hkblog\/wp-content\/uploads\/2023\/11\/20231029_182548-1024x768.jpg 1024w, https:\/\/sebetanne.co.uk\/hkblog\/wp-content\/uploads\/2023\/11\/20231029_182548-300x225.jpg 300w, https:\/\/sebetanne.co.uk\/hkblog\/wp-content\/uploads\/2023\/11\/20231029_182548-768x576.jpg 768w, https:\/\/sebetanne.co.uk\/hkblog\/wp-content\/uploads\/2023\/11\/20231029_182548-1536x1152.jpg 1536w, https:\/\/sebetanne.co.uk\/hkblog\/wp-content\/uploads\/2023\/11\/20231029_182548-2048x1536.jpg 2048w\" sizes=\"auto, (max-width: 1024px) 100vw, 1024px\" \/><\/a><\/figure>\n\n\n\n<figure class=\"wp-block-image size-large\"><a href=\"https:\/\/sebetanne.co.uk\/hkblog\/wp-content\/uploads\/2023\/11\/20231029_180945-scaled.jpg\" target=\"_blank\" rel=\"noopener\"><img loading=\"lazy\" decoding=\"async\" width=\"1024\" height=\"768\" data-id=\"32981\" src=\"https:\/\/sebetanne.co.uk\/hkblog\/wp-content\/uploads\/2023\/11\/20231029_180945-1024x768.jpg\" alt=\"\" class=\"wp-image-32981\" srcset=\"https:\/\/sebetanne.co.uk\/hkblog\/wp-content\/uploads\/2023\/11\/20231029_180945-1024x768.jpg 1024w, https:\/\/sebetanne.co.uk\/hkblog\/wp-content\/uploads\/2023\/11\/20231029_180945-300x225.jpg 300w, https:\/\/sebetanne.co.uk\/hkblog\/wp-content\/uploads\/2023\/11\/20231029_180945-768x576.jpg 768w, https:\/\/sebetanne.co.uk\/hkblog\/wp-content\/uploads\/2023\/11\/20231029_180945-1536x1152.jpg 1536w, https:\/\/sebetanne.co.uk\/hkblog\/wp-content\/uploads\/2023\/11\/20231029_180945-2048x1536.jpg 2048w\" sizes=\"auto, (max-width: 1024px) 100vw, 1024px\" \/><\/a><\/figure>\n\n\n\n<figure class=\"wp-block-image size-large\"><a href=\"https:\/\/sebetanne.co.uk\/hkblog\/wp-content\/uploads\/2023\/11\/20231029_180622-scaled.jpg\" target=\"_blank\" rel=\"noopener\"><img loading=\"lazy\" decoding=\"async\" width=\"1024\" height=\"768\" data-id=\"32982\" src=\"https:\/\/sebetanne.co.uk\/hkblog\/wp-content\/uploads\/2023\/11\/20231029_180622-1024x768.jpg\" alt=\"\" class=\"wp-image-32982\" srcset=\"https:\/\/sebetanne.co.uk\/hkblog\/wp-content\/uploads\/2023\/11\/20231029_180622-1024x768.jpg 1024w, https:\/\/sebetanne.co.uk\/hkblog\/wp-content\/uploads\/2023\/11\/20231029_180622-300x225.jpg 300w, https:\/\/sebetanne.co.uk\/hkblog\/wp-content\/uploads\/2023\/11\/20231029_180622-768x576.jpg 768w, https:\/\/sebetanne.co.uk\/hkblog\/wp-content\/uploads\/2023\/11\/20231029_180622-1536x1152.jpg 1536w, https:\/\/sebetanne.co.uk\/hkblog\/wp-content\/uploads\/2023\/11\/20231029_180622-2048x1536.jpg 2048w\" sizes=\"auto, (max-width: 1024px) 100vw, 1024px\" \/><\/a><\/figure>\n<\/figure>\n\n\n\n<p>We also spotted a few interesting posters. I let you make your own mind \ud83d\ude42<\/p>\n\n\n\n<p class=\"has-text-align-right\"><em>J&#8217;ai aussi vu quelques posters rigolos. A vous de juger<\/em> \ud83d\ude42<\/p>\n\n\n\n<figure class=\"wp-block-gallery has-nested-images columns-2 is-cropped wp-block-gallery-2 is-layout-flex wp-block-gallery-is-layout-flex\">\n<figure class=\"wp-block-image size-large\"><a href=\"https:\/\/sebetanne.co.uk\/hkblog\/wp-content\/uploads\/2023\/11\/20231029_174651-scaled.jpg\" target=\"_blank\" rel=\"noopener\"><img loading=\"lazy\" decoding=\"async\" width=\"768\" height=\"1024\" data-id=\"32990\" src=\"https:\/\/sebetanne.co.uk\/hkblog\/wp-content\/uploads\/2023\/11\/20231029_174651-768x1024.jpg\" alt=\"\" class=\"wp-image-32990\" srcset=\"https:\/\/sebetanne.co.uk\/hkblog\/wp-content\/uploads\/2023\/11\/20231029_174651-768x1024.jpg 768w, https:\/\/sebetanne.co.uk\/hkblog\/wp-content\/uploads\/2023\/11\/20231029_174651-225x300.jpg 225w, https:\/\/sebetanne.co.uk\/hkblog\/wp-content\/uploads\/2023\/11\/20231029_174651-1152x1536.jpg 1152w, https:\/\/sebetanne.co.uk\/hkblog\/wp-content\/uploads\/2023\/11\/20231029_174651-1536x2048.jpg 1536w, https:\/\/sebetanne.co.uk\/hkblog\/wp-content\/uploads\/2023\/11\/20231029_174651-scaled.jpg 1920w\" sizes=\"auto, (max-width: 768px) 100vw, 768px\" \/><\/a><\/figure>\n\n\n\n<figure class=\"wp-block-image size-large\"><a href=\"https:\/\/sebetanne.co.uk\/hkblog\/wp-content\/uploads\/2023\/11\/20231029_180126-scaled.jpg\" target=\"_blank\" rel=\"noopener\"><img loading=\"lazy\" decoding=\"async\" width=\"768\" height=\"1024\" data-id=\"32989\" src=\"https:\/\/sebetanne.co.uk\/hkblog\/wp-content\/uploads\/2023\/11\/20231029_180126-768x1024.jpg\" alt=\"\" class=\"wp-image-32989\" srcset=\"https:\/\/sebetanne.co.uk\/hkblog\/wp-content\/uploads\/2023\/11\/20231029_180126-768x1024.jpg 768w, https:\/\/sebetanne.co.uk\/hkblog\/wp-content\/uploads\/2023\/11\/20231029_180126-225x300.jpg 225w, https:\/\/sebetanne.co.uk\/hkblog\/wp-content\/uploads\/2023\/11\/20231029_180126-1152x1536.jpg 1152w, https:\/\/sebetanne.co.uk\/hkblog\/wp-content\/uploads\/2023\/11\/20231029_180126-1536x2048.jpg 1536w, https:\/\/sebetanne.co.uk\/hkblog\/wp-content\/uploads\/2023\/11\/20231029_180126-scaled.jpg 1920w\" sizes=\"auto, (max-width: 768px) 100vw, 768px\" \/><\/a><\/figure>\n\n\n\n<figure class=\"wp-block-image size-large\"><a href=\"https:\/\/sebetanne.co.uk\/hkblog\/wp-content\/uploads\/2023\/11\/20231029_174637-scaled.jpg\" target=\"_blank\" rel=\"noopener\"><img loading=\"lazy\" decoding=\"async\" width=\"1024\" height=\"768\" data-id=\"32988\" src=\"https:\/\/sebetanne.co.uk\/hkblog\/wp-content\/uploads\/2023\/11\/20231029_174637-1024x768.jpg\" alt=\"\" class=\"wp-image-32988\" srcset=\"https:\/\/sebetanne.co.uk\/hkblog\/wp-content\/uploads\/2023\/11\/20231029_174637-1024x768.jpg 1024w, https:\/\/sebetanne.co.uk\/hkblog\/wp-content\/uploads\/2023\/11\/20231029_174637-300x225.jpg 300w, https:\/\/sebetanne.co.uk\/hkblog\/wp-content\/uploads\/2023\/11\/20231029_174637-768x576.jpg 768w, https:\/\/sebetanne.co.uk\/hkblog\/wp-content\/uploads\/2023\/11\/20231029_174637-1536x1152.jpg 1536w, https:\/\/sebetanne.co.uk\/hkblog\/wp-content\/uploads\/2023\/11\/20231029_174637-2048x1536.jpg 2048w\" sizes=\"auto, (max-width: 1024px) 100vw, 1024px\" \/><\/a><\/figure>\n<\/figure>\n\n\n\n<p>I have a special picture for Laure : Does that remind you of anything?<\/p>\n\n\n\n<p class=\"has-text-align-right\"><em>Et une photo speciale pour Laure : \u00c7a ne te rappelle rien ?<\/em><\/p>\n\n\n\n<figure class=\"wp-block-gallery has-nested-images columns-default is-cropped wp-block-gallery-3 is-layout-flex wp-block-gallery-is-layout-flex\">\n<figure class=\"wp-block-image size-large\"><img loading=\"lazy\" decoding=\"async\" width=\"1024\" height=\"768\" data-id=\"32991\" src=\"https:\/\/sebetanne.co.uk\/hkblog\/wp-content\/uploads\/2023\/11\/20231029_180921-1024x768.jpg\" alt=\"\" class=\"wp-image-32991\" srcset=\"https:\/\/sebetanne.co.uk\/hkblog\/wp-content\/uploads\/2023\/11\/20231029_180921-1024x768.jpg 1024w, https:\/\/sebetanne.co.uk\/hkblog\/wp-content\/uploads\/2023\/11\/20231029_180921-300x225.jpg 300w, https:\/\/sebetanne.co.uk\/hkblog\/wp-content\/uploads\/2023\/11\/20231029_180921-768x576.jpg 768w, https:\/\/sebetanne.co.uk\/hkblog\/wp-content\/uploads\/2023\/11\/20231029_180921-1536x1152.jpg 1536w, https:\/\/sebetanne.co.uk\/hkblog\/wp-content\/uploads\/2023\/11\/20231029_180921-2048x1536.jpg 2048w\" sizes=\"auto, (max-width: 1024px) 100vw, 1024px\" \/><\/figure>\n<\/figure>\n","protected":false},"excerpt":{"rendered":"<p>Tiong Bahru is an area situated west of Chinatown. In the beginning of the 20th century, it was mainly swamps[&#8230;]<\/p>\n","protected":false},"author":1,"featured_media":32981,"parent":21726,"menu_order":9,"comment_status":"open","ping_status":"closed","template":"template-fullwidth.php","meta":{"footnotes":""},"class_list":["post-32980","page","type-page","status-publish","has-post-thumbnail","hentry"],"post_mailing_queue_ids":[],"_links":{"self":[{"href":"https:\/\/sebetanne.co.uk\/hkblog\/wp-json\/wp\/v2\/pages\/32980","targetHints":{"allow":["GET"]}}],"collection":[{"href":"https:\/\/sebetanne.co.uk\/hkblog\/wp-json\/wp\/v2\/pages"}],"about":[{"href":"https:\/\/sebetanne.co.uk\/hkblog\/wp-json\/wp\/v2\/types\/page"}],"author":[{"embeddable":true,"href":"https:\/\/sebetanne.co.uk\/hkblog\/wp-json\/wp\/v2\/users\/1"}],"replies":[{"embeddable":true,"href":"https:\/\/sebetanne.co.uk\/hkblog\/wp-json\/wp\/v2\/comments?post=32980"}],"version-history":[{"count":1,"href":"https:\/\/sebetanne.co.uk\/hkblog\/wp-json\/wp\/v2\/pages\/32980\/revisions"}],"predecessor-version":[{"id":32992,"href":"https:\/\/sebetanne.co.uk\/hkblog\/wp-json\/wp\/v2\/pages\/32980\/revisions\/32992"}],"up":[{"embeddable":true,"href":"https:\/\/sebetanne.co.uk\/hkblog\/wp-json\/wp\/v2\/pages\/21726"}],"wp:featuredmedia":[{"embeddable":true,"href":"https:\/\/sebetanne.co.uk\/hkblog\/wp-json\/wp\/v2\/media\/32981"}],"wp:attachment":[{"href":"https:\/\/sebetanne.co.uk\/hkblog\/wp-json\/wp\/v2\/media?parent=32980"}],"curies":[{"name":"wp","href":"https:\/\/api.w.org\/{rel}","templated":true}]}}