{"id":2755,"date":"2021-01-25T08:48:51","date_gmt":"2021-01-25T08:48:51","guid":{"rendered":"https:\/\/sebetanne.co.uk\/hkblog\/?page_id=2755"},"modified":"2026-04-17T11:09:51","modified_gmt":"2026-04-17T11:09:51","slug":"tai-tam-country-park-13-12-2020","status":"publish","type":"page","link":"https:\/\/sebetanne.co.uk\/hkblog\/gallery-photos\/hong-kong\/2020-2\/tai-tam-country-park-13-12-2020\/","title":{"rendered":"Tai Tam Country Park &#8211; 13-12-2020"},"content":{"rendered":"\n<p>We finally bought a raclette machine. Probably the best Christmas present for the family \ud83d\ude42 . We needed to make sure it was working so we tested it on Sunday. Nice! We kept it light by adding steamed courgettes and replacing some of the charcuterie by grilled pork. Still a fair amount of cheese !!!<\/p>\n\n\n\n<p class=\"has-text-align-right\"><em>Nous avons finalement achet\u00e9 une machine \u00e0 raclette. C\u2019est certainement le meilleur cadeau de No\u00ebl de la famille \ud83d\ude42 . Nous devions v\u00e9rifier qu\u2019elle marchait bien, nous l&#8217;avons donc test\u00e9e dimanche. Cool ! C\u2019\u00e9tait une raclette l\u00e9g\u00e8re avec des courgettes cuites \u00e0 la vapeur et une partie de la charcuterie remplac\u00e9e par du porc grill\u00e9. Mais il y avait quand m\u00eame une bonne quantit\u00e9 de fromage !!!<\/em><\/p>\n\n\n\n<figure class=\"wp-block-gallery aligncenter columns-1 is-cropped wp-block-gallery-1 is-layout-flex wp-block-gallery-is-layout-flex\"><ul class=\"blocks-gallery-grid\"><li class=\"blocks-gallery-item\"><figure><a href=\"https:\/\/sebetanne.co.uk\/hkblog\/wp-content\/uploads\/2021\/01\/20201213_124237-scaled.jpg\"><img loading=\"lazy\" decoding=\"async\" width=\"1024\" height=\"576\" src=\"https:\/\/sebetanne.co.uk\/hkblog\/wp-content\/uploads\/2021\/01\/20201213_124237-1024x576.jpg\" alt=\"\" data-id=\"2757\" data-full-url=\"https:\/\/sebetanne.co.uk\/hkblog\/wp-content\/uploads\/2021\/01\/20201213_124237-scaled.jpg\" data-link=\"https:\/\/sebetanne.co.uk\/hkblog\/?attachment_id=2757\" class=\"wp-image-2757\" srcset=\"https:\/\/sebetanne.co.uk\/hkblog\/wp-content\/uploads\/2021\/01\/20201213_124237-1024x576.jpg 1024w, https:\/\/sebetanne.co.uk\/hkblog\/wp-content\/uploads\/2021\/01\/20201213_124237-300x169.jpg 300w, https:\/\/sebetanne.co.uk\/hkblog\/wp-content\/uploads\/2021\/01\/20201213_124237-768x432.jpg 768w, https:\/\/sebetanne.co.uk\/hkblog\/wp-content\/uploads\/2021\/01\/20201213_124237-1536x864.jpg 1536w, https:\/\/sebetanne.co.uk\/hkblog\/wp-content\/uploads\/2021\/01\/20201213_124237-2048x1152.jpg 2048w\" sizes=\"auto, (max-width: 1024px) 100vw, 1024px\" \/><\/a><\/figure><\/li><\/ul><\/figure>\n\n\n\n<p>For some reasons, they all decided to test their flexibility after eating all this. I only took pictures, there&#8217;s no need for me to try this game, I&#8217;m off charts (because I&#8217;m so not flexible!!!)<\/p>\n\n\n\n<p class=\"has-text-align-right\"><em>Pour une raison inconnue, S\u00e9bastien, Emilie et Alex ont d\u00e9cid\u00e9 de tester leur souplesse apr\u00e8s avoir mang\u00e9 la raclette. Je me suis content\u00e9e de prendre les photos. Pas besoin d\u2019essayer, je suis hors cat\u00e9gorie pour ce jeu (parce que je suis raide comme un bout de bois !!!)<\/em><\/p>\n\n\n\n<figure class=\"wp-block-gallery aligncenter columns-1 is-cropped wp-block-gallery-2 is-layout-flex wp-block-gallery-is-layout-flex\"><ul class=\"blocks-gallery-grid\"><li class=\"blocks-gallery-item\"><figure><a href=\"https:\/\/sebetanne.co.uk\/hkblog\/wp-content\/uploads\/2021\/01\/20201213_131322-scaled.jpg\"><img loading=\"lazy\" decoding=\"async\" width=\"1024\" height=\"576\" src=\"https:\/\/sebetanne.co.uk\/hkblog\/wp-content\/uploads\/2021\/01\/20201213_131322-1024x576.jpg\" alt=\"\" data-id=\"2758\" data-full-url=\"https:\/\/sebetanne.co.uk\/hkblog\/wp-content\/uploads\/2021\/01\/20201213_131322-scaled.jpg\" data-link=\"https:\/\/sebetanne.co.uk\/hkblog\/?attachment_id=2758\" class=\"wp-image-2758\" srcset=\"https:\/\/sebetanne.co.uk\/hkblog\/wp-content\/uploads\/2021\/01\/20201213_131322-1024x576.jpg 1024w, https:\/\/sebetanne.co.uk\/hkblog\/wp-content\/uploads\/2021\/01\/20201213_131322-300x169.jpg 300w, https:\/\/sebetanne.co.uk\/hkblog\/wp-content\/uploads\/2021\/01\/20201213_131322-768x432.jpg 768w, https:\/\/sebetanne.co.uk\/hkblog\/wp-content\/uploads\/2021\/01\/20201213_131322-1536x864.jpg 1536w, https:\/\/sebetanne.co.uk\/hkblog\/wp-content\/uploads\/2021\/01\/20201213_131322-2048x1152.jpg 2048w\" sizes=\"auto, (max-width: 1024px) 100vw, 1024px\" \/><\/a><\/figure><\/li><\/ul><\/figure>\n\n\n\n<p>After lunch, Sebastien and I went for a walk in Tai Tam Country Park. We decided to try a new path that led us to Quarry Bay. It was a nice walk. We started a bit late in the afternoon and got to the end by nightfall. We met a few wild pigs on our way. Very surprisingly, some people were starting their walk as we were exiting the country park, walking with torches.<\/p>\n\n\n\n<p class=\"has-text-align-right\"><em>Apr\u00e8s le d\u00e9jeuner, S\u00e9bastien et moi sommes all\u00e9s nous promener dans le Tai Tam Country Park. Nous avons d\u00e9cid\u00e9 d&#8217;essayer un nouveau chemin qui nous a conduit \u00e0 Quarry Bay. C&#8217;\u00e9tait une belle promenade. Nous avons commenc\u00e9 un peu tard dans l&#8217;apr\u00e8s-midi et sommes arriv\u00e9s \u00e0 la fin \u00e0 la tomb\u00e9e de la nuit. Nous avons rencontr\u00e9 quelques cochons sauvages sur notre chemin. Tr\u00e8s surprenamment, certaines personnes commen\u00e7aient leur promenade alors que nous sortions du parc, marchant avec des torches.<\/em><\/p>\n\n\n\n<figure class=\"wp-block-gallery aligncenter columns-1 is-cropped wp-block-gallery-3 is-layout-flex wp-block-gallery-is-layout-flex\"><ul class=\"blocks-gallery-grid\"><li class=\"blocks-gallery-item\"><figure><a href=\"https:\/\/sebetanne.co.uk\/hkblog\/wp-content\/uploads\/2021\/01\/20201213_164707-scaled.jpg\"><img loading=\"lazy\" decoding=\"async\" width=\"1024\" height=\"576\" src=\"https:\/\/sebetanne.co.uk\/hkblog\/wp-content\/uploads\/2021\/01\/20201213_164707-1024x576.jpg\" alt=\"\" data-id=\"2756\" data-full-url=\"https:\/\/sebetanne.co.uk\/hkblog\/wp-content\/uploads\/2021\/01\/20201213_164707-scaled.jpg\" data-link=\"https:\/\/sebetanne.co.uk\/hkblog\/?attachment_id=2756\" class=\"wp-image-2756\" srcset=\"https:\/\/sebetanne.co.uk\/hkblog\/wp-content\/uploads\/2021\/01\/20201213_164707-1024x576.jpg 1024w, https:\/\/sebetanne.co.uk\/hkblog\/wp-content\/uploads\/2021\/01\/20201213_164707-300x169.jpg 300w, https:\/\/sebetanne.co.uk\/hkblog\/wp-content\/uploads\/2021\/01\/20201213_164707-768x432.jpg 768w, https:\/\/sebetanne.co.uk\/hkblog\/wp-content\/uploads\/2021\/01\/20201213_164707-1536x864.jpg 1536w, https:\/\/sebetanne.co.uk\/hkblog\/wp-content\/uploads\/2021\/01\/20201213_164707-2048x1152.jpg 2048w\" sizes=\"auto, (max-width: 1024px) 100vw, 1024px\" \/><\/a><\/figure><\/li><\/ul><\/figure>\n\n\n\n<figure class=\"wp-block-gallery aligncenter columns-1 is-cropped wp-block-gallery-4 is-layout-flex wp-block-gallery-is-layout-flex\"><ul class=\"blocks-gallery-grid\"><li class=\"blocks-gallery-item\"><figure><a href=\"https:\/\/sebetanne.co.uk\/hkblog\/wp-content\/uploads\/2021\/01\/20201213_164944-scaled.jpg\"><img loading=\"lazy\" decoding=\"async\" width=\"1024\" height=\"576\" src=\"https:\/\/sebetanne.co.uk\/hkblog\/wp-content\/uploads\/2021\/01\/20201213_164944-1024x576.jpg\" alt=\"\" data-id=\"2760\" data-full-url=\"https:\/\/sebetanne.co.uk\/hkblog\/wp-content\/uploads\/2021\/01\/20201213_164944-scaled.jpg\" data-link=\"https:\/\/sebetanne.co.uk\/hkblog\/?attachment_id=2760\" class=\"wp-image-2760\" srcset=\"https:\/\/sebetanne.co.uk\/hkblog\/wp-content\/uploads\/2021\/01\/20201213_164944-1024x576.jpg 1024w, https:\/\/sebetanne.co.uk\/hkblog\/wp-content\/uploads\/2021\/01\/20201213_164944-300x169.jpg 300w, https:\/\/sebetanne.co.uk\/hkblog\/wp-content\/uploads\/2021\/01\/20201213_164944-768x432.jpg 768w, https:\/\/sebetanne.co.uk\/hkblog\/wp-content\/uploads\/2021\/01\/20201213_164944-1536x864.jpg 1536w, https:\/\/sebetanne.co.uk\/hkblog\/wp-content\/uploads\/2021\/01\/20201213_164944-2048x1152.jpg 2048w\" sizes=\"auto, (max-width: 1024px) 100vw, 1024px\" \/><\/a><figcaption class=\"blocks-gallery-item__caption\">A huge spider being eaten by ants \/ <em>Une \u00e9norme araign\u00e9e mang\u00e9e par les fourmis<\/em><\/figcaption><\/figure><\/li><li class=\"blocks-gallery-item\"><figure><a href=\"https:\/\/sebetanne.co.uk\/hkblog\/wp-content\/uploads\/2021\/01\/20201213_174300-scaled.jpg\"><img loading=\"lazy\" decoding=\"async\" width=\"576\" height=\"1024\" src=\"https:\/\/sebetanne.co.uk\/hkblog\/wp-content\/uploads\/2021\/01\/20201213_174300-576x1024.jpg\" alt=\"\" data-id=\"2761\" data-full-url=\"https:\/\/sebetanne.co.uk\/hkblog\/wp-content\/uploads\/2021\/01\/20201213_174300-scaled.jpg\" data-link=\"https:\/\/sebetanne.co.uk\/hkblog\/?attachment_id=2761\" class=\"wp-image-2761\" srcset=\"https:\/\/sebetanne.co.uk\/hkblog\/wp-content\/uploads\/2021\/01\/20201213_174300-576x1024.jpg 576w, https:\/\/sebetanne.co.uk\/hkblog\/wp-content\/uploads\/2021\/01\/20201213_174300-169x300.jpg 169w, https:\/\/sebetanne.co.uk\/hkblog\/wp-content\/uploads\/2021\/01\/20201213_174300-768x1365.jpg 768w, https:\/\/sebetanne.co.uk\/hkblog\/wp-content\/uploads\/2021\/01\/20201213_174300-864x1536.jpg 864w, https:\/\/sebetanne.co.uk\/hkblog\/wp-content\/uploads\/2021\/01\/20201213_174300-1152x2048.jpg 1152w, https:\/\/sebetanne.co.uk\/hkblog\/wp-content\/uploads\/2021\/01\/20201213_174300-scaled.jpg 1440w\" sizes=\"auto, (max-width: 576px) 100vw, 576px\" \/><\/a><\/figure><\/li><li class=\"blocks-gallery-item\"><figure><a href=\"https:\/\/sebetanne.co.uk\/hkblog\/wp-content\/uploads\/2021\/01\/20201213_181142-scaled.jpg\"><img loading=\"lazy\" decoding=\"async\" width=\"1024\" height=\"576\" src=\"https:\/\/sebetanne.co.uk\/hkblog\/wp-content\/uploads\/2021\/01\/20201213_181142-1024x576.jpg\" alt=\"\" data-id=\"2763\" data-full-url=\"https:\/\/sebetanne.co.uk\/hkblog\/wp-content\/uploads\/2021\/01\/20201213_181142-scaled.jpg\" data-link=\"https:\/\/sebetanne.co.uk\/hkblog\/?attachment_id=2763\" class=\"wp-image-2763\" srcset=\"https:\/\/sebetanne.co.uk\/hkblog\/wp-content\/uploads\/2021\/01\/20201213_181142-1024x576.jpg 1024w, https:\/\/sebetanne.co.uk\/hkblog\/wp-content\/uploads\/2021\/01\/20201213_181142-300x169.jpg 300w, https:\/\/sebetanne.co.uk\/hkblog\/wp-content\/uploads\/2021\/01\/20201213_181142-768x432.jpg 768w, https:\/\/sebetanne.co.uk\/hkblog\/wp-content\/uploads\/2021\/01\/20201213_181142-1536x864.jpg 1536w, https:\/\/sebetanne.co.uk\/hkblog\/wp-content\/uploads\/2021\/01\/20201213_181142-2048x1152.jpg 2048w\" sizes=\"auto, (max-width: 1024px) 100vw, 1024px\" \/><\/a><figcaption class=\"blocks-gallery-item__caption\">Quarry Bay by night \/ <em>Quarry Bay de nuit<\/em><\/figcaption><\/figure><\/li><li class=\"blocks-gallery-item\"><figure><a href=\"https:\/\/sebetanne.co.uk\/hkblog\/wp-content\/uploads\/2021\/01\/20201213_181711-scaled.jpg\"><img loading=\"lazy\" decoding=\"async\" width=\"1024\" height=\"576\" src=\"https:\/\/sebetanne.co.uk\/hkblog\/wp-content\/uploads\/2021\/01\/20201213_181711-1024x576.jpg\" alt=\"\" data-id=\"2765\" data-full-url=\"https:\/\/sebetanne.co.uk\/hkblog\/wp-content\/uploads\/2021\/01\/20201213_181711-scaled.jpg\" data-link=\"https:\/\/sebetanne.co.uk\/hkblog\/?attachment_id=2765\" class=\"wp-image-2765\" srcset=\"https:\/\/sebetanne.co.uk\/hkblog\/wp-content\/uploads\/2021\/01\/20201213_181711-1024x576.jpg 1024w, https:\/\/sebetanne.co.uk\/hkblog\/wp-content\/uploads\/2021\/01\/20201213_181711-300x169.jpg 300w, https:\/\/sebetanne.co.uk\/hkblog\/wp-content\/uploads\/2021\/01\/20201213_181711-768x432.jpg 768w, https:\/\/sebetanne.co.uk\/hkblog\/wp-content\/uploads\/2021\/01\/20201213_181711-1536x864.jpg 1536w, https:\/\/sebetanne.co.uk\/hkblog\/wp-content\/uploads\/2021\/01\/20201213_181711-2048x1152.jpg 2048w\" sizes=\"auto, (max-width: 1024px) 100vw, 1024px\" \/><\/a><figcaption class=\"blocks-gallery-item__caption\">Quarry Bay by night \/ <em>Quarry Bay de nuit<\/em><\/figcaption><\/figure><\/li><\/ul><\/figure>\n","protected":false},"excerpt":{"rendered":"<p>We finally bought a raclette machine. Probably the best Christmas present for the family \ud83d\ude42 . We needed to make[&#8230;]<\/p>\n","protected":false},"author":1,"featured_media":2756,"parent":2455,"menu_order":6,"comment_status":"closed","ping_status":"closed","template":"template-fullwidth.php","meta":{"footnotes":""},"class_list":["post-2755","page","type-page","status-publish","has-post-thumbnail","hentry"],"post_mailing_queue_ids":[],"_links":{"self":[{"href":"https:\/\/sebetanne.co.uk\/hkblog\/wp-json\/wp\/v2\/pages\/2755","targetHints":{"allow":["GET"]}}],"collection":[{"href":"https:\/\/sebetanne.co.uk\/hkblog\/wp-json\/wp\/v2\/pages"}],"about":[{"href":"https:\/\/sebetanne.co.uk\/hkblog\/wp-json\/wp\/v2\/types\/page"}],"author":[{"embeddable":true,"href":"https:\/\/sebetanne.co.uk\/hkblog\/wp-json\/wp\/v2\/users\/1"}],"replies":[{"embeddable":true,"href":"https:\/\/sebetanne.co.uk\/hkblog\/wp-json\/wp\/v2\/comments?post=2755"}],"version-history":[{"count":6,"href":"https:\/\/sebetanne.co.uk\/hkblog\/wp-json\/wp\/v2\/pages\/2755\/revisions"}],"predecessor-version":[{"id":2843,"href":"https:\/\/sebetanne.co.uk\/hkblog\/wp-json\/wp\/v2\/pages\/2755\/revisions\/2843"}],"up":[{"embeddable":true,"href":"https:\/\/sebetanne.co.uk\/hkblog\/wp-json\/wp\/v2\/pages\/2455"}],"wp:featuredmedia":[{"embeddable":true,"href":"https:\/\/sebetanne.co.uk\/hkblog\/wp-json\/wp\/v2\/media\/2756"}],"wp:attachment":[{"href":"https:\/\/sebetanne.co.uk\/hkblog\/wp-json\/wp\/v2\/media?parent=2755"}],"curies":[{"name":"wp","href":"https:\/\/api.w.org\/{rel}","templated":true}]}}