{"id":2200,"date":"2019-05-27T08:01:46","date_gmt":"2019-05-27T08:01:46","guid":{"rendered":"http:\/\/sebetanne.co.uk\/hkblog\/?page_id=2200"},"modified":"2026-04-17T11:10:31","modified_gmt":"2026-04-17T11:10:31","slug":"shek-o-12-05-2019","status":"publish","type":"page","link":"https:\/\/sebetanne.co.uk\/hkblog\/gallery-photos\/hong-kong\/2019-january-to-june\/shek-o-12-05-2019\/","title":{"rendered":"Shek O &#8211; 12-05-2019"},"content":{"rendered":"\n<p>We finally went to Shek O village. This village is very close to where we live. It is very traditional. We went on a sunny Sunday. The plan was to walk around the village, have lunch in one of the local restaurants and finish at the beach. No need to say that the children just wanted to go to the beach. But they should know me better now. I am forcing them to walk, just for walking!<\/p>\n\n\n\n<p style=\"text-align:right\"><em>Nous sommes finalement all\u00e9s au village de Shek O. Ce village est tout pr\u00e8s de chez nous. C&#8217;est un village traditionnel. Nous y sommes all\u00e9s un dimanche ensoleill\u00e9. Le plan \u00e9tait de se promener dans le village, de d\u00e9jeuner dans l\u2019un des restaurants locaux et de finir \u00e0 la plage. Inutile de dire que les enfants voulaient seulement aller \u00e0 la plage. Mais ils devraient mieux me conna\u00eetre maintenant. Je les force \u00e0 marcher, m\u00eame si rien de les int\u00e9resse !<\/em><\/p>\n\n\n\n<p>There is no direct bus to go to Shek O. So even if it is not far in distance, we need to take the taxi to go there. The taxi dropped us on the &#8220;main square&#8221;. From there, we walked in the streets towards the peninsula. After 15 minutes, the village stops and the peninsula is just wilderness. Unfortunately, the only bridge to go up to the end of the peninsula has been destroyed by Mangkut in September and has not yet been repaired. So we could not go as far as I wanted to.<\/p>\n\n\n\n<p style=\"text-align:right\"><em>Il n&#8217;y a pas de bus direct pour aller \u00e0 Shek O. Donc, m\u00eame si ce n&#8217;est pas tr\u00e8s loin, il faut prendre un taxi. Le taxi nous a d\u00e9pos\u00e9s sur la \u00abplace principale\u00bb. De l\u00e0, nous avons march\u00e9 dans les rues en direction de la p\u00e9ninsule. Apr\u00e8s 15 minutes, le village s\u2019arr\u00eate et la p\u00e9ninsule n\u2019est plus que nature sauvage. Malheureusement, le seul pont qui m\u00e8ne au bout de la p\u00e9ninsule a \u00e9t\u00e9 d\u00e9truit par Mangkut en septembre et n\u2019a pas encore \u00e9t\u00e9 r\u00e9par\u00e9. Donc, nous n\u2019avons pas pu aller aussi loin que je voulais.<\/em><\/p>\n\n\n\n<div class=\"wp-block-image\"><figure class=\"aligncenter\"><a href=\"blob:https:\/\/sebetanne.co.uk\/76e2e52b-b9cf-4f9f-aadd-0a99af369451\"><img loading=\"lazy\" decoding=\"async\" width=\"768\" height=\"1024\" src=\"https:\/\/sebetanne.co.uk\/hkblog\/wp-content\/uploads\/2019\/05\/20190512_038-768x1024.jpg\" alt=\"\" class=\"wp-image-2203\" srcset=\"https:\/\/sebetanne.co.uk\/hkblog\/wp-content\/uploads\/2019\/05\/20190512_038-768x1024.jpg 768w, https:\/\/sebetanne.co.uk\/hkblog\/wp-content\/uploads\/2019\/05\/20190512_038-225x300.jpg 225w\" sizes=\"auto, (max-width: 768px) 100vw, 768px\" \/><\/a><figcaption>Tin Hau temple<\/figcaption><\/figure><\/div>\n\n\n\n<div class=\"wp-block-image\"><figure class=\"aligncenter\"><a href=\"blob:https:\/\/sebetanne.co.uk\/445b24df-cee2-48a5-be2a-7f9b56481ead\"><img loading=\"lazy\" decoding=\"async\" width=\"768\" height=\"1024\" src=\"https:\/\/sebetanne.co.uk\/hkblog\/wp-content\/uploads\/2019\/05\/20190512_039-768x1024.jpg\" alt=\"\" class=\"wp-image-2204\" srcset=\"https:\/\/sebetanne.co.uk\/hkblog\/wp-content\/uploads\/2019\/05\/20190512_039-768x1024.jpg 768w, https:\/\/sebetanne.co.uk\/hkblog\/wp-content\/uploads\/2019\/05\/20190512_039-225x300.jpg 225w\" sizes=\"auto, (max-width: 768px) 100vw, 768px\" \/><\/a><figcaption>Shek O village<\/figcaption><\/figure><\/div>\n\n\n\n<div class=\"wp-block-image\"><figure class=\"aligncenter\"><a href=\"blob:https:\/\/sebetanne.co.uk\/c723a623-2d22-4ee0-b110-2796008c4240\"><img loading=\"lazy\" decoding=\"async\" width=\"768\" height=\"1024\" src=\"https:\/\/sebetanne.co.uk\/hkblog\/wp-content\/uploads\/2019\/05\/20190512_040-768x1024.jpg\" alt=\"\" class=\"wp-image-2205\" srcset=\"https:\/\/sebetanne.co.uk\/hkblog\/wp-content\/uploads\/2019\/05\/20190512_040-768x1024.jpg 768w, https:\/\/sebetanne.co.uk\/hkblog\/wp-content\/uploads\/2019\/05\/20190512_040-225x300.jpg 225w\" sizes=\"auto, (max-width: 768px) 100vw, 768px\" \/><\/a><figcaption>Look at the hole at the top! \/ <em>Regardez le trou en haut de la maison !<\/em><\/figcaption><\/figure><\/div>\n\n\n\n<div class=\"wp-block-image\"><figure class=\"aligncenter\"><a href=\"blob:https:\/\/sebetanne.co.uk\/f85d5fda-be83-4e22-9f13-a64265eee966\"><img loading=\"lazy\" decoding=\"async\" width=\"1024\" height=\"768\" src=\"https:\/\/sebetanne.co.uk\/hkblog\/wp-content\/uploads\/2019\/05\/20190512_041-1024x768.jpg\" alt=\"\" class=\"wp-image-2206\" srcset=\"https:\/\/sebetanne.co.uk\/hkblog\/wp-content\/uploads\/2019\/05\/20190512_041-1024x768.jpg 1024w, https:\/\/sebetanne.co.uk\/hkblog\/wp-content\/uploads\/2019\/05\/20190512_041-300x225.jpg 300w, https:\/\/sebetanne.co.uk\/hkblog\/wp-content\/uploads\/2019\/05\/20190512_041-768x576.jpg 768w\" sizes=\"auto, (max-width: 1024px) 100vw, 1024px\" \/><\/a><figcaption>Shek O village<\/figcaption><\/figure><\/div>\n\n\n\n<div class=\"wp-block-image\"><figure class=\"aligncenter\"><a href=\"blob:https:\/\/sebetanne.co.uk\/48d86218-69fa-4ab5-9c0f-b073c4bb5448\"><img loading=\"lazy\" decoding=\"async\" width=\"768\" height=\"1024\" src=\"https:\/\/sebetanne.co.uk\/hkblog\/wp-content\/uploads\/2019\/05\/20190512_042-768x1024.jpg\" alt=\"\" class=\"wp-image-2207\" srcset=\"https:\/\/sebetanne.co.uk\/hkblog\/wp-content\/uploads\/2019\/05\/20190512_042-768x1024.jpg 768w, https:\/\/sebetanne.co.uk\/hkblog\/wp-content\/uploads\/2019\/05\/20190512_042-225x300.jpg 225w\" sizes=\"auto, (max-width: 768px) 100vw, 768px\" \/><\/a><figcaption>Decoration on a balcony \/ <em>Terrasse d\u00e9cor\u00e9e<\/em><\/figcaption><\/figure><\/div>\n\n\n\n<div class=\"wp-block-image\"><figure class=\"aligncenter\"><a href=\"blob:https:\/\/sebetanne.co.uk\/4824d750-8516-479b-a830-c61459f5dc97\"><img loading=\"lazy\" decoding=\"async\" width=\"768\" height=\"1024\" src=\"https:\/\/sebetanne.co.uk\/hkblog\/wp-content\/uploads\/2019\/05\/20190512_043-768x1024.jpg\" alt=\"\" class=\"wp-image-2208\" srcset=\"https:\/\/sebetanne.co.uk\/hkblog\/wp-content\/uploads\/2019\/05\/20190512_043-768x1024.jpg 768w, https:\/\/sebetanne.co.uk\/hkblog\/wp-content\/uploads\/2019\/05\/20190512_043-225x300.jpg 225w\" sizes=\"auto, (max-width: 768px) 100vw, 768px\" \/><\/a><figcaption>Private house in Shek O \/ <em>Maison individuelle<\/em><\/figcaption><\/figure><\/div>\n\n\n\n<div class=\"wp-block-image\"><figure class=\"aligncenter\"><a href=\"blob:https:\/\/sebetanne.co.uk\/7d55312e-d987-4515-b2ea-fc656461c155\"><img loading=\"lazy\" decoding=\"async\" width=\"1024\" height=\"768\" src=\"https:\/\/sebetanne.co.uk\/hkblog\/wp-content\/uploads\/2019\/05\/20190512_044-1024x768.jpg\" alt=\"\" class=\"wp-image-2210\" srcset=\"https:\/\/sebetanne.co.uk\/hkblog\/wp-content\/uploads\/2019\/05\/20190512_044-1024x768.jpg 1024w, https:\/\/sebetanne.co.uk\/hkblog\/wp-content\/uploads\/2019\/05\/20190512_044-300x225.jpg 300w, https:\/\/sebetanne.co.uk\/hkblog\/wp-content\/uploads\/2019\/05\/20190512_044-768x576.jpg 768w\" sizes=\"auto, (max-width: 1024px) 100vw, 1024px\" \/><\/a><figcaption>Emilie loved the wheels! \/ <em>Emilie adore les roues !<\/em><\/figcaption><\/figure><\/div>\n\n\n\n<div class=\"wp-block-image\"><figure class=\"aligncenter\"><a href=\"blob:https:\/\/sebetanne.co.uk\/04467b6b-0a7b-4a61-a3f4-c45a9c0856b2\"><img loading=\"lazy\" decoding=\"async\" width=\"1024\" height=\"768\" src=\"https:\/\/sebetanne.co.uk\/hkblog\/wp-content\/uploads\/2019\/05\/20190512_047-1024x768.jpg\" alt=\"\" class=\"wp-image-2211\" srcset=\"https:\/\/sebetanne.co.uk\/hkblog\/wp-content\/uploads\/2019\/05\/20190512_047-1024x768.jpg 1024w, https:\/\/sebetanne.co.uk\/hkblog\/wp-content\/uploads\/2019\/05\/20190512_047-300x225.jpg 300w, https:\/\/sebetanne.co.uk\/hkblog\/wp-content\/uploads\/2019\/05\/20190512_047-768x576.jpg 768w\" sizes=\"auto, (max-width: 1024px) 100vw, 1024px\" \/><\/a><figcaption>That&#8217;s where we could not go \/ <em>C\u2019est l\u00e0 que nous n\u2019avons pas pu aller<\/em><\/figcaption><\/figure><\/div>\n\n\n\n<div class=\"wp-block-image\"><figure class=\"aligncenter\"><a href=\"https:\/\/sebetanne.co.uk\/hkblog\/wp-content\/uploads\/2019\/05\/20190512_052-COLLAGE.jpg\"><img loading=\"lazy\" decoding=\"async\" width=\"1024\" height=\"1024\" src=\"https:\/\/sebetanne.co.uk\/hkblog\/wp-content\/uploads\/2019\/05\/20190512_052-COLLAGE-1024x1024.jpg\" alt=\"\" class=\"wp-image-2212\" srcset=\"https:\/\/sebetanne.co.uk\/hkblog\/wp-content\/uploads\/2019\/05\/20190512_052-COLLAGE-1024x1024.jpg 1024w, https:\/\/sebetanne.co.uk\/hkblog\/wp-content\/uploads\/2019\/05\/20190512_052-COLLAGE-150x150.jpg 150w, https:\/\/sebetanne.co.uk\/hkblog\/wp-content\/uploads\/2019\/05\/20190512_052-COLLAGE-300x300.jpg 300w, https:\/\/sebetanne.co.uk\/hkblog\/wp-content\/uploads\/2019\/05\/20190512_052-COLLAGE-768x768.jpg 768w, https:\/\/sebetanne.co.uk\/hkblog\/wp-content\/uploads\/2019\/05\/20190512_052-COLLAGE.jpg 2044w\" sizes=\"auto, (max-width: 1024px) 100vw, 1024px\" \/><\/a><figcaption>We all have a Club Med cap \ud83d\ude42 \/ <em>Nous avons tous une casquette Club Med \ud83d\ude42<\/em><\/figcaption><\/figure><\/div>\n\n\n\n<div class=\"wp-block-image\"><figure class=\"aligncenter\"><a href=\"blob:https:\/\/sebetanne.co.uk\/84a3f311-f5f0-49ed-bd11-94d106435e98\"><img loading=\"lazy\" decoding=\"async\" width=\"768\" height=\"1024\" src=\"https:\/\/sebetanne.co.uk\/hkblog\/wp-content\/uploads\/2019\/05\/20190512_056-768x1024.jpg\" alt=\"\" class=\"wp-image-2215\" srcset=\"https:\/\/sebetanne.co.uk\/hkblog\/wp-content\/uploads\/2019\/05\/20190512_056-768x1024.jpg 768w, https:\/\/sebetanne.co.uk\/hkblog\/wp-content\/uploads\/2019\/05\/20190512_056-225x300.jpg 225w\" sizes=\"auto, (max-width: 768px) 100vw, 768px\" \/><\/a><figcaption>The Minion house! \/ La maison Minion !<\/figcaption><\/figure><\/div>\n\n\n\n<ul class=\"wp-block-gallery aligncenter columns-2 is-cropped wp-block-gallery-1 is-layout-flex wp-block-gallery-is-layout-flex\"><li class=\"blocks-gallery-item\"><figure><a href=\"http:\/\/sebetanne.co.uk\/hkblog\/wp-content\/uploads\/2019\/05\/20190512_054_Seb-Alex-1024x768.jpg\"><img loading=\"lazy\" decoding=\"async\" width=\"1024\" height=\"768\" src=\"http:\/\/sebetanne.co.uk\/hkblog\/wp-content\/uploads\/2019\/05\/20190512_054_Seb-Alex-1024x768.jpg\" alt=\"\" data-id=\"2217\" data-link=\"http:\/\/sebetanne.co.uk\/hkblog\/gallery-photos\/2019-january-to-june\/shek-o-12-05-2019\/20190512_054_seb-alex\/\" class=\"wp-image-2217\" srcset=\"https:\/\/sebetanne.co.uk\/hkblog\/wp-content\/uploads\/2019\/05\/20190512_054_Seb-Alex-1024x768.jpg 1024w, https:\/\/sebetanne.co.uk\/hkblog\/wp-content\/uploads\/2019\/05\/20190512_054_Seb-Alex-300x225.jpg 300w, https:\/\/sebetanne.co.uk\/hkblog\/wp-content\/uploads\/2019\/05\/20190512_054_Seb-Alex-768x576.jpg 768w\" sizes=\"auto, (max-width: 1024px) 100vw, 1024px\" \/><\/a><figcaption>Private house belonging to a wealthy family \/ <em>Maison priv\u00e9e appartenant \u00e0 une famille riche<\/em><\/figcaption><\/figure><\/li><li class=\"blocks-gallery-item\"><figure><a href=\"http:\/\/sebetanne.co.uk\/hkblog\/wp-content\/uploads\/2019\/05\/20190512_055-1024x768.jpg\"><img loading=\"lazy\" decoding=\"async\" width=\"1024\" height=\"768\" src=\"http:\/\/sebetanne.co.uk\/hkblog\/wp-content\/uploads\/2019\/05\/20190512_055-1024x768.jpg\" alt=\"\" data-id=\"2218\" data-link=\"http:\/\/sebetanne.co.uk\/hkblog\/gallery-photos\/2019-january-to-june\/shek-o-12-05-2019\/20190512_055\/\" class=\"wp-image-2218\" srcset=\"https:\/\/sebetanne.co.uk\/hkblog\/wp-content\/uploads\/2019\/05\/20190512_055-1024x768.jpg 1024w, https:\/\/sebetanne.co.uk\/hkblog\/wp-content\/uploads\/2019\/05\/20190512_055-300x225.jpg 300w, https:\/\/sebetanne.co.uk\/hkblog\/wp-content\/uploads\/2019\/05\/20190512_055-768x576.jpg 768w\" sizes=\"auto, (max-width: 1024px) 100vw, 1024px\" \/><\/a><figcaption>Detail of the roof \/ <em>D\u00e9tail du toit<\/em><\/figcaption><\/figure><\/li><li class=\"blocks-gallery-item\"><figure><a href=\"http:\/\/sebetanne.co.uk\/hkblog\/wp-content\/uploads\/2019\/05\/20190512_045-768x1024.jpg\"><img loading=\"lazy\" decoding=\"async\" width=\"768\" height=\"1024\" src=\"http:\/\/sebetanne.co.uk\/hkblog\/wp-content\/uploads\/2019\/05\/20190512_045-768x1024.jpg\" alt=\"\" data-id=\"2216\" data-link=\"http:\/\/sebetanne.co.uk\/hkblog\/gallery-photos\/2019-january-to-june\/shek-o-12-05-2019\/20190512_045\/\" class=\"wp-image-2216\" srcset=\"https:\/\/sebetanne.co.uk\/hkblog\/wp-content\/uploads\/2019\/05\/20190512_045-768x1024.jpg 768w, https:\/\/sebetanne.co.uk\/hkblog\/wp-content\/uploads\/2019\/05\/20190512_045-225x300.jpg 225w\" sizes=\"auto, (max-width: 768px) 100vw, 768px\" \/><\/a><figcaption>One of the doors \/ <em>Une des portes<\/em><\/figcaption><\/figure><\/li><\/ul>\n\n\n\n<div class=\"wp-block-image\"><figure class=\"aligncenter\"><a href=\"blob:https:\/\/sebetanne.co.uk\/58f8fa22-52b8-4230-a736-59294e5915ab\"><img loading=\"lazy\" decoding=\"async\" width=\"768\" height=\"1024\" src=\"https:\/\/sebetanne.co.uk\/hkblog\/wp-content\/uploads\/2019\/05\/20190512_058-768x1024.jpg\" alt=\"\" class=\"wp-image-2219\" srcset=\"https:\/\/sebetanne.co.uk\/hkblog\/wp-content\/uploads\/2019\/05\/20190512_058-768x1024.jpg 768w, https:\/\/sebetanne.co.uk\/hkblog\/wp-content\/uploads\/2019\/05\/20190512_058-225x300.jpg 225w\" sizes=\"auto, (max-width: 768px) 100vw, 768px\" \/><\/a><figcaption>Shek O village<\/figcaption><\/figure><\/div>\n\n\n\n<div class=\"wp-block-image\"><figure class=\"aligncenter\"><a href=\"blob:https:\/\/sebetanne.co.uk\/6293ebec-e195-4432-afdb-aeebb4f487a8\"><img loading=\"lazy\" decoding=\"async\" width=\"1024\" height=\"768\" src=\"https:\/\/sebetanne.co.uk\/hkblog\/wp-content\/uploads\/2019\/05\/20190512_059-1024x768.jpg\" alt=\"\" class=\"wp-image-2220\" srcset=\"https:\/\/sebetanne.co.uk\/hkblog\/wp-content\/uploads\/2019\/05\/20190512_059-1024x768.jpg 1024w, https:\/\/sebetanne.co.uk\/hkblog\/wp-content\/uploads\/2019\/05\/20190512_059-300x225.jpg 300w, https:\/\/sebetanne.co.uk\/hkblog\/wp-content\/uploads\/2019\/05\/20190512_059-768x576.jpg 768w\" sizes=\"auto, (max-width: 1024px) 100vw, 1024px\" \/><\/a><figcaption>Our next building project \ud83d\ude42 \/ <em>Notre prochain projet de construction \ud83d\ude42<\/em><\/figcaption><\/figure><\/div>\n\n\n\n<div class=\"wp-block-image\"><figure class=\"aligncenter\"><a href=\"blob:https:\/\/sebetanne.co.uk\/189a6461-de8c-4949-8708-6662aab93bcf\"><img loading=\"lazy\" decoding=\"async\" width=\"1024\" height=\"768\" src=\"https:\/\/sebetanne.co.uk\/hkblog\/wp-content\/uploads\/2019\/05\/20190512_060-1024x768.jpg\" alt=\"\" class=\"wp-image-2221\" srcset=\"https:\/\/sebetanne.co.uk\/hkblog\/wp-content\/uploads\/2019\/05\/20190512_060-1024x768.jpg 1024w, https:\/\/sebetanne.co.uk\/hkblog\/wp-content\/uploads\/2019\/05\/20190512_060-300x225.jpg 300w, https:\/\/sebetanne.co.uk\/hkblog\/wp-content\/uploads\/2019\/05\/20190512_060-768x576.jpg 768w\" sizes=\"auto, (max-width: 1024px) 100vw, 1024px\" \/><\/a><figcaption>Flower shop \/ <em>Fleuriste<\/em><\/figcaption><\/figure><\/div>\n\n\n\n<p>After our walk, we ate in &#8216;Happy Garden&#8217;, one of the 2 restaurants with Trip Advisor&#8217;s reviews. We had a culinary experience. Emilie loved the springrolls and polished her plate (which doesn&#8217;t happen very often at restaurants). Alex ate some of his fried rice and wasn&#8217;t allergic. The quality of the food was average and definitely not up to Sebastien&#8217;s usual standards. But still, we had a good time.<\/p>\n\n\n\n<p style=\"text-align:right\"><em>Apr\u00e8s notre promenade, nous avons mang\u00e9 au \u00abHappy Garden\u00bb, l\u2019un des 2 restaurants avec des critiques sur Trip Advisor. C\u2019\u00e9tait une exp\u00e9rience culinaire. Emilie a ador\u00e9 les rouleaux de printemps et a fini son assiette (ce qui n\u2019arrive pas tr\u00e8s souvent dans les restaurants). Alex a mang\u00e9 une partie de son riz frit et n\u2019a pas \u00e9t\u00e9 allergique. La qualit\u00e9 de la nourriture \u00e9tait moyenne et certainement pas \u00e0 la hauteur des normes habituelles de S\u00e9bastien. Mais, nous avons quand m\u00eame pass\u00e9 un bon moment.<\/em><\/p>\n\n\n\n<p>After that we went to the beach. Sebastien had the clever idea to rent an umbrella. The sun was very hot  as it was midday. The kids had a great time in the sea. The waves were great! We even bought a big inflated ring.<\/p>\n\n\n\n<p style=\"text-align:right\"><em>Apr\u00e8s cela, nous sommes all\u00e9s \u00e0 la plage. S\u00e9bastien a eu la bonne id\u00e9e de louer un parapluie. Le soleil \u00e9tait tr\u00e8s chaud car nous sommes arriv\u00e9s \u00e0 13h. Les enfants ont pass\u00e9 un bon moment dans la mer. Les vagues \u00e9taient super ! Nous avons m\u00eame achet\u00e9 une grosse bou\u00e9e.<\/em><\/p>\n","protected":false},"excerpt":{"rendered":"<p>We finally went to Shek O village. This village is very close to where we live. It is very traditional.[&#8230;]<\/p>\n","protected":false},"author":1,"featured_media":2201,"parent":1737,"menu_order":6,"comment_status":"closed","ping_status":"closed","template":"template-fullwidth.php","meta":{"footnotes":""},"class_list":["post-2200","page","type-page","status-publish","has-post-thumbnail","hentry"],"post_mailing_queue_ids":[],"_links":{"self":[{"href":"https:\/\/sebetanne.co.uk\/hkblog\/wp-json\/wp\/v2\/pages\/2200","targetHints":{"allow":["GET"]}}],"collection":[{"href":"https:\/\/sebetanne.co.uk\/hkblog\/wp-json\/wp\/v2\/pages"}],"about":[{"href":"https:\/\/sebetanne.co.uk\/hkblog\/wp-json\/wp\/v2\/types\/page"}],"author":[{"embeddable":true,"href":"https:\/\/sebetanne.co.uk\/hkblog\/wp-json\/wp\/v2\/users\/1"}],"replies":[{"embeddable":true,"href":"https:\/\/sebetanne.co.uk\/hkblog\/wp-json\/wp\/v2\/comments?post=2200"}],"version-history":[{"count":1,"href":"https:\/\/sebetanne.co.uk\/hkblog\/wp-json\/wp\/v2\/pages\/2200\/revisions"}],"predecessor-version":[{"id":33542,"href":"https:\/\/sebetanne.co.uk\/hkblog\/wp-json\/wp\/v2\/pages\/2200\/revisions\/33542"}],"up":[{"embeddable":true,"href":"https:\/\/sebetanne.co.uk\/hkblog\/wp-json\/wp\/v2\/pages\/1737"}],"wp:featuredmedia":[{"embeddable":true,"href":"https:\/\/sebetanne.co.uk\/hkblog\/wp-json\/wp\/v2\/media\/2201"}],"wp:attachment":[{"href":"https:\/\/sebetanne.co.uk\/hkblog\/wp-json\/wp\/v2\/media?parent=2200"}],"curies":[{"name":"wp","href":"https:\/\/api.w.org\/{rel}","templated":true}]}}