{"id":2173,"date":"2019-05-22T07:56:15","date_gmt":"2019-05-22T07:56:15","guid":{"rendered":"http:\/\/sebetanne.co.uk\/hkblog\/?page_id=2173"},"modified":"2026-04-17T11:10:35","modified_gmt":"2026-04-17T11:10:35","slug":"shau-kei-wan-05-05-2019","status":"publish","type":"page","link":"https:\/\/sebetanne.co.uk\/hkblog\/gallery-photos\/hong-kong\/2019-january-to-june\/shau-kei-wan-05-05-2019\/","title":{"rendered":"Shau Kei Wan &#8211; 05-05-2019"},"content":{"rendered":"\n<p>Shau Kei Wan is an area on the north west of Hong Kong island (as per map below). As Sebastien was away, I decided to go for a quick discovery walk with the kids. (They were reluctant to follow me). So we took the bus and got out near Shau Kei Wan underground station.<\/p>\n\n\n\n<p style=\"text-align:right\"><em>Shau Kei Wan est un quartier situ\u00e9 au nord-ouest de l&#8217;\u00eele de Hong Kong (voir carte ci-dessous). Comme S\u00e9bastien \u00e9tait absent, j&#8217;ai d\u00e9cid\u00e9 d\u2019emmener les enfants en petite promenade de d\u00e9couverte dans ce coin-l\u00e0. (Ils n\u2019avaient pas envie de venir). Nous avons donc pris le bus jusqu\u2019\u00e0 la station de m\u00e9tro Shau Kei Wan.<\/em><\/p>\n\n\n\n<div class=\"wp-block-image\"><figure class=\"aligncenter\"><a href=\"https:\/\/sebetanne.co.uk\/hkblog\/wp-content\/uploads\/2019\/05\/shau-kei-wan.jpg\"><img loading=\"lazy\" decoding=\"async\" width=\"538\" height=\"362\" src=\"https:\/\/sebetanne.co.uk\/hkblog\/wp-content\/uploads\/2019\/05\/shau-kei-wan.jpg\" alt=\"\" class=\"wp-image-2182\" srcset=\"https:\/\/sebetanne.co.uk\/hkblog\/wp-content\/uploads\/2019\/05\/shau-kei-wan.jpg 538w, https:\/\/sebetanne.co.uk\/hkblog\/wp-content\/uploads\/2019\/05\/shau-kei-wan-300x202.jpg 300w, https:\/\/sebetanne.co.uk\/hkblog\/wp-content\/uploads\/2019\/05\/shau-kei-wan-120x80.jpg 120w\" sizes=\"auto, (max-width: 538px) 100vw, 538px\" \/><\/a><\/figure><\/div>\n\n\n\n<p>We followed the walk suggested in my guide book. The city landscape is different from wealthy Central or residential Stanley that we are used to. It is very Chinese and residential with older buildings. We walked through an outside market with the usual dried fish and Asian weird food. Then we went to the Shing Wong temple. The kids: &#8220;What! A temple! I hate the smell of incense!&#8221;<\/p>\n\n\n\n<p style=\"text-align:right\"><em>Nous avons suivi la promenade propos\u00e9e dans mon guide. L\u00e0-bas, le paysage est diff\u00e9rent de celui Central (immeuble avant-gardistes) ou de Stanley (tr\u00e8s r\u00e9sidentiel bien propre) auquel nous sommes habitu\u00e9s. C&#8217;est tr\u00e8s chinois et r\u00e9sidentiel avec des b\u00e2timents plus anciens. Nous avons travers\u00e9 un march\u00e9 ext\u00e9rieur avec le poisson s\u00e9ch\u00e9 habituel et la nourriture asiatique \u00e9trange. Puis nous sommes all\u00e9s au temple Shing Wong. Les enfants: &#8221; Quoi ! Un temple ! Je d\u00e9teste l&#8217;odeur de l&#8217;encens ! &#8220;<\/em><\/p>\n\n\n\n<figure class=\"wp-block-image\"><a href=\"blob:https:\/\/sebetanne.co.uk\/c3b61a7d-1f43-4704-91ed-6e4086176173\"><img loading=\"lazy\" decoding=\"async\" width=\"768\" height=\"1024\" src=\"https:\/\/sebetanne.co.uk\/hkblog\/wp-content\/uploads\/2019\/05\/20190505_016-768x1024.jpg\" alt=\"\" class=\"wp-image-2183\" srcset=\"https:\/\/sebetanne.co.uk\/hkblog\/wp-content\/uploads\/2019\/05\/20190505_016-768x1024.jpg 768w, https:\/\/sebetanne.co.uk\/hkblog\/wp-content\/uploads\/2019\/05\/20190505_016-225x300.jpg 225w\" sizes=\"auto, (max-width: 768px) 100vw, 768px\" \/><\/a><\/figure>\n\n\n\n<figure class=\"wp-block-image\"><a href=\"blob:https:\/\/sebetanne.co.uk\/93e6b03c-9851-441f-b390-3e1be15af1d0\"><img loading=\"lazy\" decoding=\"async\" width=\"768\" height=\"1024\" src=\"https:\/\/sebetanne.co.uk\/hkblog\/wp-content\/uploads\/2019\/05\/20190505_017-768x1024.jpg\" alt=\"\" class=\"wp-image-2184\" srcset=\"https:\/\/sebetanne.co.uk\/hkblog\/wp-content\/uploads\/2019\/05\/20190505_017-768x1024.jpg 768w, https:\/\/sebetanne.co.uk\/hkblog\/wp-content\/uploads\/2019\/05\/20190505_017-225x300.jpg 225w\" sizes=\"auto, (max-width: 768px) 100vw, 768px\" \/><\/a><\/figure>\n\n\n\n<p>We walked along the main street. I told the children we could eat in any restaurant they like. except for  the Mc Donald&#8217;s!<\/p>\n\n\n\n<p style=\"text-align:right\"><em>Nous avons march\u00e9 le long de la rue principale. J&#8217;ai dit aux enfants qu\u2019on pouvait manger dans n\u2019importe quel restaurant qui leur plaisait. Mais pas le Mc Donald\u2019s !<\/em><\/p>\n\n\n\n<figure class=\"wp-block-image\"><a href=\"blob:https:\/\/sebetanne.co.uk\/e0fa6f7b-c563-4dbd-81d7-6819e5639577\"><img loading=\"lazy\" decoding=\"async\" width=\"768\" height=\"1024\" src=\"https:\/\/sebetanne.co.uk\/hkblog\/wp-content\/uploads\/2019\/05\/20190505_018-768x1024.jpg\" alt=\"\" class=\"wp-image-2185\" srcset=\"https:\/\/sebetanne.co.uk\/hkblog\/wp-content\/uploads\/2019\/05\/20190505_018-768x1024.jpg 768w, https:\/\/sebetanne.co.uk\/hkblog\/wp-content\/uploads\/2019\/05\/20190505_018-225x300.jpg 225w\" sizes=\"auto, (max-width: 768px) 100vw, 768px\" \/><\/a><\/figure>\n\n\n\n<p>And then we went to a Tin Hau temple. Tin Hau is a sea goddess. There are thousands of temples dedicated to her in Hong Kong. The kids: &#8220;Oh No! Not another temple!&#8221; &#8211; Me: &#8220;The guide says that 2 cats live in the temple.&#8221; &#8211; The kids: &#8220;That&#8217;s cool! Let&#8217;s see the cats!&#8221;<\/p>\n\n\n\n<p style=\"text-align:right\"><em>Et puis nous sommes all\u00e9s dans un temple de Tin Hau. Tin Hau est une d\u00e9esse de la mer. Il y a des centaines de temples qui luis sont d\u00e9di\u00e9s \u00e0 Hong Kong. Les enfants: &#8221; Oh non ! Pas un autre temple ! &#8221; &#8211; Moi : &#8221; Le guide dit qu\u2019il y a 2 chats qui vivent dans le temple. &#8221; &#8211; Les enfants : &#8221; C\u2019est cool ! Allons voir les chats ! &#8220;<\/em><\/p>\n\n\n\n<figure class=\"wp-block-image\"><a href=\"blob:https:\/\/sebetanne.co.uk\/655dace4-aaca-4685-9a97-21b033429a09\"><img loading=\"lazy\" decoding=\"async\" width=\"1024\" height=\"768\" src=\"https:\/\/sebetanne.co.uk\/hkblog\/wp-content\/uploads\/2019\/05\/20190505_022-1024x768.jpg\" alt=\"\" class=\"wp-image-2187\" srcset=\"https:\/\/sebetanne.co.uk\/hkblog\/wp-content\/uploads\/2019\/05\/20190505_022-1024x768.jpg 1024w, https:\/\/sebetanne.co.uk\/hkblog\/wp-content\/uploads\/2019\/05\/20190505_022-300x225.jpg 300w, https:\/\/sebetanne.co.uk\/hkblog\/wp-content\/uploads\/2019\/05\/20190505_022-768x576.jpg 768w\" sizes=\"auto, (max-width: 1024px) 100vw, 1024px\" \/><\/a><\/figure>\n\n\n\n<figure class=\"wp-block-image\"><a href=\"blob:https:\/\/sebetanne.co.uk\/1f89c13f-dca7-4181-8f3e-29a897227a5e\"><img loading=\"lazy\" decoding=\"async\" width=\"1024\" height=\"768\" src=\"https:\/\/sebetanne.co.uk\/hkblog\/wp-content\/uploads\/2019\/05\/20190505_024_Alex-Emilie-1024x768.jpg\" alt=\"\" class=\"wp-image-2188\" srcset=\"https:\/\/sebetanne.co.uk\/hkblog\/wp-content\/uploads\/2019\/05\/20190505_024_Alex-Emilie-1024x768.jpg 1024w, https:\/\/sebetanne.co.uk\/hkblog\/wp-content\/uploads\/2019\/05\/20190505_024_Alex-Emilie-300x225.jpg 300w, https:\/\/sebetanne.co.uk\/hkblog\/wp-content\/uploads\/2019\/05\/20190505_024_Alex-Emilie-768x576.jpg 768w\" sizes=\"auto, (max-width: 1024px) 100vw, 1024px\" \/><\/a><\/figure>\n\n\n\n<ul class=\"wp-block-gallery columns-2 is-cropped wp-block-gallery-1 is-layout-flex wp-block-gallery-is-layout-flex\"><li class=\"blocks-gallery-item\"><figure><a href=\"https:\/\/sebetanne.co.uk\/hkblog\/wp-content\/uploads\/2019\/05\/20190505_025-768x1024.jpg\"><img loading=\"lazy\" decoding=\"async\" width=\"768\" height=\"1024\" src=\"https:\/\/sebetanne.co.uk\/hkblog\/wp-content\/uploads\/2019\/05\/20190505_025-768x1024.jpg\" alt=\"\" data-id=\"2189\" data-link=\"https:\/\/sebetanne.co.uk\/hkblog\/gallery-photos\/2019-january-to-june\/shau-kei-wan-05-05-2019\/20190505_025\/\" class=\"wp-image-2189\" srcset=\"https:\/\/sebetanne.co.uk\/hkblog\/wp-content\/uploads\/2019\/05\/20190505_025-768x1024.jpg 768w, https:\/\/sebetanne.co.uk\/hkblog\/wp-content\/uploads\/2019\/05\/20190505_025-225x300.jpg 225w\" sizes=\"auto, (max-width: 768px) 100vw, 768px\" \/><\/a><figcaption>The painted doors<\/figcaption><\/figure><\/li><li class=\"blocks-gallery-item\"><figure><a href=\"https:\/\/sebetanne.co.uk\/hkblog\/wp-content\/uploads\/2019\/05\/20190505_026-768x1024.jpg\"><img loading=\"lazy\" decoding=\"async\" width=\"768\" height=\"1024\" src=\"https:\/\/sebetanne.co.uk\/hkblog\/wp-content\/uploads\/2019\/05\/20190505_026-768x1024.jpg\" alt=\"\" data-id=\"2190\" data-link=\"https:\/\/sebetanne.co.uk\/hkblog\/gallery-photos\/2019-january-to-june\/shau-kei-wan-05-05-2019\/20190505_026\/\" class=\"wp-image-2190\" srcset=\"https:\/\/sebetanne.co.uk\/hkblog\/wp-content\/uploads\/2019\/05\/20190505_026-768x1024.jpg 768w, https:\/\/sebetanne.co.uk\/hkblog\/wp-content\/uploads\/2019\/05\/20190505_026-225x300.jpg 225w\" sizes=\"auto, (max-width: 768px) 100vw, 768px\" \/><\/a><figcaption><em>Les portes peintes<\/em><\/figcaption><\/figure><\/li><\/ul>\n\n\n\n<p>Unfortunately, they didn&#8217;t find the cats. And their good will was getting very thin as well. But I plough on&#8230; to a third temple! Tam Kung temple is also devoted to a sea deity. The kids: &#8220;You must be kidding me! Another temple! I&#8217;m not going in! I don&#8217;t care if it rains, I&#8217;m staying outside!&#8221;<\/p>\n\n\n\n<p style=\"text-align:right\"><em>Malheureusement, ils n\u2019ont pas trouv\u00e9 les chats. Et leur seuil de tol\u00e9rance devenait aussi tr\u00e8s bas. Mais \u00e7a ne m\u2019a pas arr\u00eat\u00e9e, et nous sommes all\u00e9s\u2026 dans un troisi\u00e8me temple ! Le temple Tam Kung est \u00e9galement consacr\u00e9 \u00e0 une divinit\u00e9 de la mer. Les enfants : &#8221; Tu te moques de moi ! Encore un temple ! Je n\u2019y vais pas ! Je me fiche de la pluie, je reste dehors ! &#8220;<\/em><\/p>\n\n\n\n<figure class=\"wp-block-image\"><a href=\"blob:https:\/\/sebetanne.co.uk\/f0412525-ff3e-47c8-8225-77c853b92ae0\"><img loading=\"lazy\" decoding=\"async\" width=\"768\" height=\"1024\" src=\"https:\/\/sebetanne.co.uk\/hkblog\/wp-content\/uploads\/2019\/05\/20190505_028-768x1024.jpg\" alt=\"\" class=\"wp-image-2192\" srcset=\"https:\/\/sebetanne.co.uk\/hkblog\/wp-content\/uploads\/2019\/05\/20190505_028-768x1024.jpg 768w, https:\/\/sebetanne.co.uk\/hkblog\/wp-content\/uploads\/2019\/05\/20190505_028-225x300.jpg 225w\" sizes=\"auto, (max-width: 768px) 100vw, 768px\" \/><\/a><\/figure>\n\n\n\n<ul class=\"wp-block-gallery columns-2 is-cropped wp-block-gallery-2 is-layout-flex wp-block-gallery-is-layout-flex\"><li class=\"blocks-gallery-item\"><figure><a href=\"https:\/\/sebetanne.co.uk\/hkblog\/wp-content\/uploads\/2019\/05\/20190505_027-1024x768.jpg\"><img loading=\"lazy\" decoding=\"async\" width=\"1024\" height=\"768\" src=\"https:\/\/sebetanne.co.uk\/hkblog\/wp-content\/uploads\/2019\/05\/20190505_027-1024x768.jpg\" alt=\"\" data-id=\"2193\" data-link=\"https:\/\/sebetanne.co.uk\/hkblog\/gallery-photos\/2019-january-to-june\/shau-kei-wan-05-05-2019\/20190505_027\/\" class=\"wp-image-2193\" srcset=\"https:\/\/sebetanne.co.uk\/hkblog\/wp-content\/uploads\/2019\/05\/20190505_027-1024x768.jpg 1024w, https:\/\/sebetanne.co.uk\/hkblog\/wp-content\/uploads\/2019\/05\/20190505_027-300x225.jpg 300w, https:\/\/sebetanne.co.uk\/hkblog\/wp-content\/uploads\/2019\/05\/20190505_027-768x576.jpg 768w\" sizes=\"auto, (max-width: 1024px) 100vw, 1024px\" \/><\/a><figcaption>Dragon boat<\/figcaption><\/figure><\/li><li class=\"blocks-gallery-item\"><figure><a href=\"https:\/\/sebetanne.co.uk\/hkblog\/wp-content\/uploads\/2019\/05\/20190505_029-1024x768.jpg\"><img loading=\"lazy\" decoding=\"async\" width=\"1024\" height=\"768\" src=\"https:\/\/sebetanne.co.uk\/hkblog\/wp-content\/uploads\/2019\/05\/20190505_029-1024x768.jpg\" alt=\"\" data-id=\"2194\" data-link=\"https:\/\/sebetanne.co.uk\/hkblog\/gallery-photos\/2019-january-to-june\/shau-kei-wan-05-05-2019\/20190505_029\/\" class=\"wp-image-2194\" srcset=\"https:\/\/sebetanne.co.uk\/hkblog\/wp-content\/uploads\/2019\/05\/20190505_029-1024x768.jpg 1024w, https:\/\/sebetanne.co.uk\/hkblog\/wp-content\/uploads\/2019\/05\/20190505_029-300x225.jpg 300w, https:\/\/sebetanne.co.uk\/hkblog\/wp-content\/uploads\/2019\/05\/20190505_029-768x576.jpg 768w\" sizes=\"auto, (max-width: 1024px) 100vw, 1024px\" \/><\/a><figcaption>Junk boat \/ <em>Jonque<\/em><\/figcaption><\/figure><\/li><\/ul>\n\n\n\n<p>The last leg of the walk was to visit the museum of coastal defence. Luckily for the children, it is now closed until 2020. So they were spared another boring visit! We did walk up to the door of the museum and, on the way, we saw a kind of dock and a row of garages. The smell reminded me of my childhood with my grand father always fixing cars!<\/p>\n\n\n\n<p style=\"text-align:right\"><em>La derni\u00e8re \u00e9tape de la marche \u00e9tait la visite du mus\u00e9e de la d\u00e9fense c\u00f4ti\u00e8re. Heureusement pour les enfants, il est maintenant ferm\u00e9 jusqu&#8217;en 2020. Ils ont donc \u00e9vit\u00e9 une autre visite ennuyeuse ! Nous avons quand m\u00eame march\u00e9 jusqu&#8217;\u00e0 la porte du mus\u00e9e. Sur la route, nous sommes pass\u00e9s devant une rang\u00e9e de garages. L&#8217;odeur famili\u00e8re de l\u2019huile de moteur m&#8217;a rappel\u00e9 mon enfance et mon grand-p\u00e8re m\u00e9canicien !<\/em><\/p>\n\n\n\n<p>By this point, it was seriously raining. So we hurried back to the bus stop, only to realise the next bus was half an hour away! Disgruntled children: &#8220;Now what? I don&#8217;t want to wait in the rain for 30 minutes!&#8221; &#8211; Me: &#8220;Where do you want to eat: in Central, somewhere like the Creperie? In Pizza Express in Stanley? Or at home?&#8221; &#8211; Less disgruntled children: &#8220;Pizza Express!&#8221;<\/p>\n\n\n\n<p style=\"text-align:right\"><em>Comme il pleuvait beaucoup, nous nous sommes d\u00e9p\u00each\u00e9s de revenir \u00e0 l&#8217;arr\u00eat de bus. Malheureusement, il fallait attendre une demi-heure pour le bus ! Les enfants tr\u00e8s m\u00e9contents: &#8221; Et puis quoi, maintenant ? Je ne veux pas attendre sous la pluie pendant une demi-heure ! &#8221; &#8211; Moi : &#8221; O\u00f9 voulez-vous manger : \u00e0 Central, quelque part comme la Cr\u00eaperie ? \u00c0 Pizza Express \u00e0 Stanley ? Ou \u00e0 la maison ? &#8221; &#8211; Les enfants un peu moins m\u00e9contents : &#8221; Pizza Express ! &#8220;<\/em><\/p>\n\n\n\n<p>Ok, so we hopped in a taxi and we had lunch in Pizza Express under the rain \ud83d\ude42<\/p>\n\n\n\n<p style=\"text-align:right\"><em>Ok, nous avons saut\u00e9 dans un taxi et nous avons d\u00e9jeun\u00e9 \u00e0 Pizza Express sous la pluie \ud83d\ude42<\/em><\/p>\n","protected":false},"excerpt":{"rendered":"<p>Shau Kei Wan is an area on the north west of Hong Kong island (as per map below). As Sebastien[&#8230;]<\/p>\n","protected":false},"author":1,"featured_media":2176,"parent":1737,"menu_order":5,"comment_status":"closed","ping_status":"closed","template":"template-fullwidth.php","meta":{"footnotes":""},"class_list":["post-2173","page","type-page","status-publish","has-post-thumbnail","hentry"],"post_mailing_queue_ids":[],"_links":{"self":[{"href":"https:\/\/sebetanne.co.uk\/hkblog\/wp-json\/wp\/v2\/pages\/2173","targetHints":{"allow":["GET"]}}],"collection":[{"href":"https:\/\/sebetanne.co.uk\/hkblog\/wp-json\/wp\/v2\/pages"}],"about":[{"href":"https:\/\/sebetanne.co.uk\/hkblog\/wp-json\/wp\/v2\/types\/page"}],"author":[{"embeddable":true,"href":"https:\/\/sebetanne.co.uk\/hkblog\/wp-json\/wp\/v2\/users\/1"}],"replies":[{"embeddable":true,"href":"https:\/\/sebetanne.co.uk\/hkblog\/wp-json\/wp\/v2\/comments?post=2173"}],"version-history":[{"count":1,"href":"https:\/\/sebetanne.co.uk\/hkblog\/wp-json\/wp\/v2\/pages\/2173\/revisions"}],"predecessor-version":[{"id":33543,"href":"https:\/\/sebetanne.co.uk\/hkblog\/wp-json\/wp\/v2\/pages\/2173\/revisions\/33543"}],"up":[{"embeddable":true,"href":"https:\/\/sebetanne.co.uk\/hkblog\/wp-json\/wp\/v2\/pages\/1737"}],"wp:featuredmedia":[{"embeddable":true,"href":"https:\/\/sebetanne.co.uk\/hkblog\/wp-json\/wp\/v2\/media\/2176"}],"wp:attachment":[{"href":"https:\/\/sebetanne.co.uk\/hkblog\/wp-json\/wp\/v2\/media?parent=2173"}],"curies":[{"name":"wp","href":"https:\/\/api.w.org\/{rel}","templated":true}]}}