{"id":19959,"date":"2023-01-13T09:39:24","date_gmt":"2023-01-13T09:39:24","guid":{"rendered":"https:\/\/sebetanne.co.uk\/hkblog\/?page_id=19959"},"modified":"2023-01-26T02:34:44","modified_gmt":"2023-01-26T02:34:44","slug":"river-wonders-25-12-2022","status":"publish","type":"page","link":"https:\/\/sebetanne.co.uk\/hkblog\/gallery-photos\/singapour\/2022-august-to-december\/river-wonders-25-12-2022\/","title":{"rendered":"River Wonders &#8211; 25-12-2022"},"content":{"rendered":"\n<p>North of Singapore, there is a conservation area that hosts 4 parks: River Wonders, Singapore Zoo, Night Safari and Bird Paradise.<\/p>\n\n\n\n<p class=\"has-text-align-right\"><em>Au nord de Singapour, il y a une zone qui abrite 4 parcs : River Wonders, Singapore Zoo, Night Safari et Bird Paradise.<\/em><\/p>\n\n\n\n<div class=\"wp-block-media-text alignwide is-stacked-on-mobile\"><figure class=\"wp-block-media-text__media\"><img loading=\"lazy\" decoding=\"async\" width=\"768\" height=\"1024\" src=\"https:\/\/sebetanne.co.uk\/hkblog\/wp-content\/uploads\/2023\/01\/20221225_150553-768x1024.jpg\" alt=\"\" class=\"wp-image-21172 size-full\" srcset=\"https:\/\/sebetanne.co.uk\/hkblog\/wp-content\/uploads\/2023\/01\/20221225_150553-768x1024.jpg 768w, https:\/\/sebetanne.co.uk\/hkblog\/wp-content\/uploads\/2023\/01\/20221225_150553-225x300.jpg 225w, https:\/\/sebetanne.co.uk\/hkblog\/wp-content\/uploads\/2023\/01\/20221225_150553-1152x1536.jpg 1152w, https:\/\/sebetanne.co.uk\/hkblog\/wp-content\/uploads\/2023\/01\/20221225_150553-1536x2048.jpg 1536w, https:\/\/sebetanne.co.uk\/hkblog\/wp-content\/uploads\/2023\/01\/20221225_150553-scaled.jpg 1920w\" sizes=\"auto, (max-width: 768px) 100vw, 768px\" \/><\/figure><div class=\"wp-block-media-text__content\">\n<p>On Christmas day, we visited <a rel=\"noreferrer noopener\" href=\"https:\/\/www.mandai.com\/en\/river-wonders.html\" target=\"_blank\">River Wonders<\/a>, a river-themed zoo and aquarium. It is worth going for an afternoon. Each big river has its own area with explanations about the climate, fauna and flora.<\/p>\n\n\n\n<p class=\"has-text-align-right\"><em>Le jour de No\u00ebl, nous sommes all\u00e9s \u00e0 <a rel=\"noreferrer noopener\" href=\"https:\/\/www.mandai.com\/en\/river-wonders.html\" target=\"_blank\">River Wonders<\/a>, un zoo et un aquarium sur le th\u00e8me des fleuves. Cela vaut la peine d&#8217;y passer un apr\u00e8s-midi. Chaque grand fleuve a sa propre zone avec des explications sur le climat, la faune et la flore.<\/em><\/p>\n<\/div><\/div>\n\n\n\n<p>Fun fact: In 1542, Spanish explorer Don Francisco de Orellana went on an expedition in search of cinnamon and gold. Instead, he discovered the world&#8217;s mightiest river and named it Rio de Orellana. European geographers later renamed it Rio Amazonas (Amazon River) after the mythical tribe of warrior women who cut off one breast to enhance their archery skills.<\/p>\n\n\n\n<p class=\"has-text-align-right\"><em>Fait amusant : En 1542, l&#8217;explorateur espagnol Don Francisco de Orellana partit en exp\u00e9dition \u00e0 la recherche de cannelle et d&#8217;or. Au lieu de cela, il d\u00e9couvrit le fleuve le plus puissant du monde et le nomma Rio de Orellana. Les g\u00e9ographes europ\u00e9ens l&#8217;ont plus tard rebaptis\u00e9 Rio Amazonas (fleuve Amazone) d&#8217;apr\u00e8s la tribu mythique des femmes guerri\u00e8res qui se coupaient un sein pour am\u00e9liorer leurs comp\u00e9tences en tir \u00e0 l&#8217;arc.<\/em><\/p>\n\n\n\n<figure class=\"wp-block-gallery has-nested-images columns-default is-cropped wp-block-gallery-1 is-layout-flex wp-block-gallery-is-layout-flex\">\n<figure class=\"wp-block-image size-large\"><img loading=\"lazy\" decoding=\"async\" width=\"1024\" height=\"768\" data-id=\"21181\" src=\"https:\/\/sebetanne.co.uk\/hkblog\/wp-content\/uploads\/2023\/01\/20221225_152019-1024x768.jpg\" alt=\"\" class=\"wp-image-21181\" srcset=\"https:\/\/sebetanne.co.uk\/hkblog\/wp-content\/uploads\/2023\/01\/20221225_152019-1024x768.jpg 1024w, https:\/\/sebetanne.co.uk\/hkblog\/wp-content\/uploads\/2023\/01\/20221225_152019-300x225.jpg 300w, https:\/\/sebetanne.co.uk\/hkblog\/wp-content\/uploads\/2023\/01\/20221225_152019-768x576.jpg 768w, https:\/\/sebetanne.co.uk\/hkblog\/wp-content\/uploads\/2023\/01\/20221225_152019-1536x1152.jpg 1536w, https:\/\/sebetanne.co.uk\/hkblog\/wp-content\/uploads\/2023\/01\/20221225_152019-2048x1536.jpg 2048w\" sizes=\"auto, (max-width: 1024px) 100vw, 1024px\" \/><figcaption class=\"wp-element-caption\">Tigerfish &#8211; Congo river<\/figcaption><\/figure>\n\n\n\n<figure class=\"wp-block-image size-large\"><img loading=\"lazy\" decoding=\"async\" width=\"1024\" height=\"768\" data-id=\"21182\" src=\"https:\/\/sebetanne.co.uk\/hkblog\/wp-content\/uploads\/2023\/01\/20221225_153145-1024x768.jpg\" alt=\"\" class=\"wp-image-21182\" srcset=\"https:\/\/sebetanne.co.uk\/hkblog\/wp-content\/uploads\/2023\/01\/20221225_153145-1024x768.jpg 1024w, https:\/\/sebetanne.co.uk\/hkblog\/wp-content\/uploads\/2023\/01\/20221225_153145-300x225.jpg 300w, https:\/\/sebetanne.co.uk\/hkblog\/wp-content\/uploads\/2023\/01\/20221225_153145-768x576.jpg 768w, https:\/\/sebetanne.co.uk\/hkblog\/wp-content\/uploads\/2023\/01\/20221225_153145-1536x1152.jpg 1536w, https:\/\/sebetanne.co.uk\/hkblog\/wp-content\/uploads\/2023\/01\/20221225_153145-2048x1536.jpg 2048w\" sizes=\"auto, (max-width: 1024px) 100vw, 1024px\" \/><\/figure>\n\n\n\n<figure class=\"wp-block-image size-large\"><img loading=\"lazy\" decoding=\"async\" width=\"768\" height=\"1024\" data-id=\"21193\" src=\"https:\/\/sebetanne.co.uk\/hkblog\/wp-content\/uploads\/2023\/01\/20221225_153428-768x1024.jpg\" alt=\"\" class=\"wp-image-21193\" srcset=\"https:\/\/sebetanne.co.uk\/hkblog\/wp-content\/uploads\/2023\/01\/20221225_153428-768x1024.jpg 768w, https:\/\/sebetanne.co.uk\/hkblog\/wp-content\/uploads\/2023\/01\/20221225_153428-225x300.jpg 225w, https:\/\/sebetanne.co.uk\/hkblog\/wp-content\/uploads\/2023\/01\/20221225_153428-1152x1536.jpg 1152w, https:\/\/sebetanne.co.uk\/hkblog\/wp-content\/uploads\/2023\/01\/20221225_153428-1536x2048.jpg 1536w, https:\/\/sebetanne.co.uk\/hkblog\/wp-content\/uploads\/2023\/01\/20221225_153428-scaled.jpg 1920w\" sizes=\"auto, (max-width: 768px) 100vw, 768px\" \/><\/figure>\n\n\n\n<figure class=\"wp-block-image size-large\"><a href=\"https:\/\/sebetanne.co.uk\/hkblog\/wp-content\/uploads\/2023\/01\/20221225_153452-scaled.jpg\" target=\"_blank\" rel=\"noopener\"><img loading=\"lazy\" decoding=\"async\" width=\"768\" height=\"1024\" data-id=\"21191\" src=\"https:\/\/sebetanne.co.uk\/hkblog\/wp-content\/uploads\/2023\/01\/20221225_153452-768x1024.jpg\" alt=\"\" class=\"wp-image-21191\" srcset=\"https:\/\/sebetanne.co.uk\/hkblog\/wp-content\/uploads\/2023\/01\/20221225_153452-768x1024.jpg 768w, https:\/\/sebetanne.co.uk\/hkblog\/wp-content\/uploads\/2023\/01\/20221225_153452-225x300.jpg 225w, https:\/\/sebetanne.co.uk\/hkblog\/wp-content\/uploads\/2023\/01\/20221225_153452-1152x1536.jpg 1152w, https:\/\/sebetanne.co.uk\/hkblog\/wp-content\/uploads\/2023\/01\/20221225_153452-1536x2048.jpg 1536w, https:\/\/sebetanne.co.uk\/hkblog\/wp-content\/uploads\/2023\/01\/20221225_153452-scaled.jpg 1920w\" sizes=\"auto, (max-width: 768px) 100vw, 768px\" \/><\/a><\/figure>\n\n\n\n<figure class=\"wp-block-image size-large\"><img loading=\"lazy\" decoding=\"async\" width=\"1024\" height=\"768\" data-id=\"21194\" src=\"https:\/\/sebetanne.co.uk\/hkblog\/wp-content\/uploads\/2023\/01\/20221225_153615-1024x768.jpg\" alt=\"\" class=\"wp-image-21194\" srcset=\"https:\/\/sebetanne.co.uk\/hkblog\/wp-content\/uploads\/2023\/01\/20221225_153615-1024x768.jpg 1024w, https:\/\/sebetanne.co.uk\/hkblog\/wp-content\/uploads\/2023\/01\/20221225_153615-300x225.jpg 300w, https:\/\/sebetanne.co.uk\/hkblog\/wp-content\/uploads\/2023\/01\/20221225_153615-768x576.jpg 768w, https:\/\/sebetanne.co.uk\/hkblog\/wp-content\/uploads\/2023\/01\/20221225_153615-1536x1152.jpg 1536w, https:\/\/sebetanne.co.uk\/hkblog\/wp-content\/uploads\/2023\/01\/20221225_153615-2048x1536.jpg 2048w\" sizes=\"auto, (max-width: 1024px) 100vw, 1024px\" \/><\/figure>\n\n\n\n<figure class=\"wp-block-image size-large\"><img loading=\"lazy\" decoding=\"async\" width=\"768\" height=\"1024\" data-id=\"21192\" src=\"https:\/\/sebetanne.co.uk\/hkblog\/wp-content\/uploads\/2023\/01\/20221225_154131-768x1024.jpg\" alt=\"\" class=\"wp-image-21192\" srcset=\"https:\/\/sebetanne.co.uk\/hkblog\/wp-content\/uploads\/2023\/01\/20221225_154131-768x1024.jpg 768w, https:\/\/sebetanne.co.uk\/hkblog\/wp-content\/uploads\/2023\/01\/20221225_154131-225x300.jpg 225w, https:\/\/sebetanne.co.uk\/hkblog\/wp-content\/uploads\/2023\/01\/20221225_154131-1152x1536.jpg 1152w, https:\/\/sebetanne.co.uk\/hkblog\/wp-content\/uploads\/2023\/01\/20221225_154131-1536x2048.jpg 1536w, https:\/\/sebetanne.co.uk\/hkblog\/wp-content\/uploads\/2023\/01\/20221225_154131-scaled.jpg 1920w\" sizes=\"auto, (max-width: 768px) 100vw, 768px\" \/><\/figure>\n\n\n\n<figure class=\"wp-block-image size-large\"><img loading=\"lazy\" decoding=\"async\" width=\"768\" height=\"1024\" data-id=\"21184\" src=\"https:\/\/sebetanne.co.uk\/hkblog\/wp-content\/uploads\/2023\/01\/20221225_154754-768x1024.jpg\" alt=\"\" class=\"wp-image-21184\" srcset=\"https:\/\/sebetanne.co.uk\/hkblog\/wp-content\/uploads\/2023\/01\/20221225_154754-768x1024.jpg 768w, https:\/\/sebetanne.co.uk\/hkblog\/wp-content\/uploads\/2023\/01\/20221225_154754-225x300.jpg 225w, https:\/\/sebetanne.co.uk\/hkblog\/wp-content\/uploads\/2023\/01\/20221225_154754-1152x1536.jpg 1152w, https:\/\/sebetanne.co.uk\/hkblog\/wp-content\/uploads\/2023\/01\/20221225_154754-1536x2048.jpg 1536w, https:\/\/sebetanne.co.uk\/hkblog\/wp-content\/uploads\/2023\/01\/20221225_154754-scaled.jpg 1920w\" sizes=\"auto, (max-width: 768px) 100vw, 768px\" \/><\/figure>\n\n\n\n<figure class=\"wp-block-image size-large\"><img loading=\"lazy\" decoding=\"async\" width=\"1024\" height=\"768\" data-id=\"21183\" src=\"https:\/\/sebetanne.co.uk\/hkblog\/wp-content\/uploads\/2023\/01\/20221225_154915-1024x768.jpg\" alt=\"\" class=\"wp-image-21183\" srcset=\"https:\/\/sebetanne.co.uk\/hkblog\/wp-content\/uploads\/2023\/01\/20221225_154915-1024x768.jpg 1024w, https:\/\/sebetanne.co.uk\/hkblog\/wp-content\/uploads\/2023\/01\/20221225_154915-300x225.jpg 300w, https:\/\/sebetanne.co.uk\/hkblog\/wp-content\/uploads\/2023\/01\/20221225_154915-768x576.jpg 768w, https:\/\/sebetanne.co.uk\/hkblog\/wp-content\/uploads\/2023\/01\/20221225_154915-1536x1152.jpg 1536w, https:\/\/sebetanne.co.uk\/hkblog\/wp-content\/uploads\/2023\/01\/20221225_154915-2048x1536.jpg 2048w\" sizes=\"auto, (max-width: 1024px) 100vw, 1024px\" \/><\/figure>\n\n\n\n<figure class=\"wp-block-image size-large\"><a href=\"https:\/\/sebetanne.co.uk\/hkblog\/wp-content\/uploads\/2023\/01\/20221225_163000-scaled.jpg\" target=\"_blank\" rel=\"noopener\"><img loading=\"lazy\" decoding=\"async\" width=\"1024\" height=\"768\" data-id=\"21190\" src=\"https:\/\/sebetanne.co.uk\/hkblog\/wp-content\/uploads\/2023\/01\/20221225_163000-1024x768.jpg\" alt=\"\" class=\"wp-image-21190\" srcset=\"https:\/\/sebetanne.co.uk\/hkblog\/wp-content\/uploads\/2023\/01\/20221225_163000-1024x768.jpg 1024w, https:\/\/sebetanne.co.uk\/hkblog\/wp-content\/uploads\/2023\/01\/20221225_163000-300x225.jpg 300w, https:\/\/sebetanne.co.uk\/hkblog\/wp-content\/uploads\/2023\/01\/20221225_163000-768x576.jpg 768w, https:\/\/sebetanne.co.uk\/hkblog\/wp-content\/uploads\/2023\/01\/20221225_163000-1536x1152.jpg 1536w, https:\/\/sebetanne.co.uk\/hkblog\/wp-content\/uploads\/2023\/01\/20221225_163000-2048x1536.jpg 2048w\" sizes=\"auto, (max-width: 1024px) 100vw, 1024px\" \/><\/a><figcaption class=\"wp-element-caption\">Jaguar &#8211; Amazon river<\/figcaption><\/figure>\n\n\n\n<figure class=\"wp-block-image size-large\"><a href=\"https:\/\/sebetanne.co.uk\/hkblog\/wp-content\/uploads\/2023\/01\/20221225_164307-scaled.jpg\" target=\"_blank\" rel=\"noopener\"><img loading=\"lazy\" decoding=\"async\" width=\"768\" height=\"1024\" data-id=\"21188\" src=\"https:\/\/sebetanne.co.uk\/hkblog\/wp-content\/uploads\/2023\/01\/20221225_164307-768x1024.jpg\" alt=\"\" class=\"wp-image-21188\" srcset=\"https:\/\/sebetanne.co.uk\/hkblog\/wp-content\/uploads\/2023\/01\/20221225_164307-768x1024.jpg 768w, https:\/\/sebetanne.co.uk\/hkblog\/wp-content\/uploads\/2023\/01\/20221225_164307-225x300.jpg 225w, https:\/\/sebetanne.co.uk\/hkblog\/wp-content\/uploads\/2023\/01\/20221225_164307-1152x1536.jpg 1152w, https:\/\/sebetanne.co.uk\/hkblog\/wp-content\/uploads\/2023\/01\/20221225_164307-1536x2048.jpg 1536w, https:\/\/sebetanne.co.uk\/hkblog\/wp-content\/uploads\/2023\/01\/20221225_164307-scaled.jpg 1920w\" sizes=\"auto, (max-width: 768px) 100vw, 768px\" \/><\/a><figcaption class=\"wp-element-caption\">Agouti<\/figcaption><\/figure>\n\n\n\n<figure class=\"wp-block-image size-large\"><img loading=\"lazy\" decoding=\"async\" width=\"1024\" height=\"768\" data-id=\"21173\" src=\"https:\/\/sebetanne.co.uk\/hkblog\/wp-content\/uploads\/2023\/01\/20221225_165621-1024x768.jpg\" alt=\"\" class=\"wp-image-21173\" srcset=\"https:\/\/sebetanne.co.uk\/hkblog\/wp-content\/uploads\/2023\/01\/20221225_165621-1024x768.jpg 1024w, https:\/\/sebetanne.co.uk\/hkblog\/wp-content\/uploads\/2023\/01\/20221225_165621-300x225.jpg 300w, https:\/\/sebetanne.co.uk\/hkblog\/wp-content\/uploads\/2023\/01\/20221225_165621-768x576.jpg 768w, https:\/\/sebetanne.co.uk\/hkblog\/wp-content\/uploads\/2023\/01\/20221225_165621-1536x1152.jpg 1536w, https:\/\/sebetanne.co.uk\/hkblog\/wp-content\/uploads\/2023\/01\/20221225_165621-2048x1536.jpg 2048w\" sizes=\"auto, (max-width: 1024px) 100vw, 1024px\" \/><figcaption class=\"wp-element-caption\">Manatee \/ <em>Lamantin<\/em><\/figcaption><\/figure>\n\n\n\n<figure class=\"wp-block-image size-large\"><img loading=\"lazy\" decoding=\"async\" width=\"1024\" height=\"768\" data-id=\"21185\" src=\"https:\/\/sebetanne.co.uk\/hkblog\/wp-content\/uploads\/2023\/01\/20221225_165640-1024x768.jpg\" alt=\"\" class=\"wp-image-21185\" srcset=\"https:\/\/sebetanne.co.uk\/hkblog\/wp-content\/uploads\/2023\/01\/20221225_165640-1024x768.jpg 1024w, https:\/\/sebetanne.co.uk\/hkblog\/wp-content\/uploads\/2023\/01\/20221225_165640-300x225.jpg 300w, https:\/\/sebetanne.co.uk\/hkblog\/wp-content\/uploads\/2023\/01\/20221225_165640-768x576.jpg 768w, https:\/\/sebetanne.co.uk\/hkblog\/wp-content\/uploads\/2023\/01\/20221225_165640-1536x1152.jpg 1536w, https:\/\/sebetanne.co.uk\/hkblog\/wp-content\/uploads\/2023\/01\/20221225_165640-2048x1536.jpg 2048w\" sizes=\"auto, (max-width: 1024px) 100vw, 1024px\" \/><figcaption class=\"wp-element-caption\">Manatee \/ <em>Lamantin<\/em><\/figcaption><\/figure>\n\n\n\n<figure class=\"wp-block-image size-large\"><a href=\"https:\/\/sebetanne.co.uk\/hkblog\/wp-content\/uploads\/2023\/01\/20221225_170007-scaled.jpg\" target=\"_blank\" rel=\"noopener\"><img loading=\"lazy\" decoding=\"async\" width=\"1024\" height=\"768\" data-id=\"21187\" src=\"https:\/\/sebetanne.co.uk\/hkblog\/wp-content\/uploads\/2023\/01\/20221225_170007-1024x768.jpg\" alt=\"\" class=\"wp-image-21187\" srcset=\"https:\/\/sebetanne.co.uk\/hkblog\/wp-content\/uploads\/2023\/01\/20221225_170007-1024x768.jpg 1024w, https:\/\/sebetanne.co.uk\/hkblog\/wp-content\/uploads\/2023\/01\/20221225_170007-300x225.jpg 300w, https:\/\/sebetanne.co.uk\/hkblog\/wp-content\/uploads\/2023\/01\/20221225_170007-768x576.jpg 768w, https:\/\/sebetanne.co.uk\/hkblog\/wp-content\/uploads\/2023\/01\/20221225_170007-1536x1152.jpg 1536w, https:\/\/sebetanne.co.uk\/hkblog\/wp-content\/uploads\/2023\/01\/20221225_170007-2048x1536.jpg 2048w\" sizes=\"auto, (max-width: 1024px) 100vw, 1024px\" \/><\/a><figcaption class=\"wp-element-caption\">Freshwater stingray<\/figcaption><\/figure>\n\n\n\n<figure class=\"wp-block-image size-large\"><a href=\"https:\/\/sebetanne.co.uk\/hkblog\/wp-content\/uploads\/2023\/01\/20221225_165323-scaled.jpg\" target=\"_blank\" rel=\"noopener\"><img loading=\"lazy\" decoding=\"async\" width=\"1024\" height=\"768\" data-id=\"21186\" src=\"https:\/\/sebetanne.co.uk\/hkblog\/wp-content\/uploads\/2023\/01\/20221225_165323-1024x768.jpg\" alt=\"\" class=\"wp-image-21186\" srcset=\"https:\/\/sebetanne.co.uk\/hkblog\/wp-content\/uploads\/2023\/01\/20221225_165323-1024x768.jpg 1024w, https:\/\/sebetanne.co.uk\/hkblog\/wp-content\/uploads\/2023\/01\/20221225_165323-300x225.jpg 300w, https:\/\/sebetanne.co.uk\/hkblog\/wp-content\/uploads\/2023\/01\/20221225_165323-768x576.jpg 768w, https:\/\/sebetanne.co.uk\/hkblog\/wp-content\/uploads\/2023\/01\/20221225_165323-1536x1152.jpg 1536w, https:\/\/sebetanne.co.uk\/hkblog\/wp-content\/uploads\/2023\/01\/20221225_165323-2048x1536.jpg 2048w\" sizes=\"auto, (max-width: 1024px) 100vw, 1024px\" \/><\/a><figcaption class=\"wp-element-caption\">The happy family!!!!<\/figcaption><\/figure>\n<\/figure>\n\n\n\n<p><mark style=\"background-color:rgba(0, 0, 0, 0)\" class=\"has-inline-color has-highlight-color\">Note: The picture at the top is the viewing deck that cross the water.<\/mark><\/p>\n\n\n\n<p class=\"has-text-align-right\"><em><mark style=\"background-color:rgba(0, 0, 0, 0)\" class=\"has-inline-color has-highlight-color\">Note : La photo en haut est le pont d&#8217;observation qui traverse l&#8217;eau.<\/mark><\/em><\/p>\n","protected":false},"excerpt":{"rendered":"<p>North of Singapore, there is a conservation area that hosts 4 parks: River Wonders, Singapore Zoo, Night Safari and Bird[&#8230;]<\/p>\n","protected":false},"author":1,"featured_media":19961,"parent":11520,"menu_order":12,"comment_status":"open","ping_status":"closed","template":"template-fullwidth.php","meta":{"footnotes":""},"class_list":["post-19959","page","type-page","status-publish","has-post-thumbnail","hentry"],"post_mailing_queue_ids":[],"_links":{"self":[{"href":"https:\/\/sebetanne.co.uk\/hkblog\/wp-json\/wp\/v2\/pages\/19959","targetHints":{"allow":["GET"]}}],"collection":[{"href":"https:\/\/sebetanne.co.uk\/hkblog\/wp-json\/wp\/v2\/pages"}],"about":[{"href":"https:\/\/sebetanne.co.uk\/hkblog\/wp-json\/wp\/v2\/types\/page"}],"author":[{"embeddable":true,"href":"https:\/\/sebetanne.co.uk\/hkblog\/wp-json\/wp\/v2\/users\/1"}],"replies":[{"embeddable":true,"href":"https:\/\/sebetanne.co.uk\/hkblog\/wp-json\/wp\/v2\/comments?post=19959"}],"version-history":[{"count":4,"href":"https:\/\/sebetanne.co.uk\/hkblog\/wp-json\/wp\/v2\/pages\/19959\/revisions"}],"predecessor-version":[{"id":21447,"href":"https:\/\/sebetanne.co.uk\/hkblog\/wp-json\/wp\/v2\/pages\/19959\/revisions\/21447"}],"up":[{"embeddable":true,"href":"https:\/\/sebetanne.co.uk\/hkblog\/wp-json\/wp\/v2\/pages\/11520"}],"wp:featuredmedia":[{"embeddable":true,"href":"https:\/\/sebetanne.co.uk\/hkblog\/wp-json\/wp\/v2\/media\/19961"}],"wp:attachment":[{"href":"https:\/\/sebetanne.co.uk\/hkblog\/wp-json\/wp\/v2\/media?parent=19959"}],"curies":[{"name":"wp","href":"https:\/\/api.w.org\/{rel}","templated":true}]}}