{"id":19866,"date":"2023-01-13T09:27:24","date_gmt":"2023-01-13T09:27:24","guid":{"rendered":"https:\/\/sebetanne.co.uk\/hkblog\/?page_id=19866"},"modified":"2023-01-13T09:34:25","modified_gmt":"2023-01-13T09:34:25","slug":"joo-chiat-road-25-11-2022","status":"publish","type":"page","link":"https:\/\/sebetanne.co.uk\/hkblog\/gallery-photos\/singapour\/2022-august-to-december\/joo-chiat-road-25-11-2022\/","title":{"rendered":"Joo Chiat road &#8211; 25-11-2022"},"content":{"rendered":"\n<p>I went to get a wooden cut Christmas tree near East Coast Park and strolled back in Joo Chiat. It&#8217;s in Marine Parade area. I walked along Mountbatten road where there was a terrace of shophouses and lovely buildings before turning into Joo Chiat road. It looked like a village road. It was very lively and giving off a friendly atmosphere.<\/p>\n\n\n\n<p class=\"has-text-align-right\"><em>Je suis all\u00e9e chercher un arbre de No\u00ebl coup\u00e9 en bois pr\u00e8s d&#8217;East Coast Park et je suis rentr\u00e9e par Joo Chiat. C&#8217;est dans le quartier Marine Parade. J&#8217;ai march\u00e9 le long de Mountbatten road o\u00f9 il y avait une enfilade de shophouses et de beaux b\u00e2timents avant de tourner dans Joo Chiat road. Il y a une atmosph\u00e8re de village dans cette rue. C&#8217;\u00e9tait anim\u00e9 et d\u00e9gageait une bonne ambiance.<\/em><\/p>\n\n\n\n<figure class=\"wp-block-gallery has-nested-images columns-default is-cropped wp-block-gallery-1 is-layout-flex wp-block-gallery-is-layout-flex\">\n<figure class=\"wp-block-image size-large\"><a href=\"https:\/\/sebetanne.co.uk\/hkblog\/wp-content\/uploads\/2023\/01\/20221125_130905-Copy-scaled.jpg\" target=\"_blank\" rel=\"noopener\"><img loading=\"lazy\" decoding=\"async\" width=\"1024\" height=\"768\" data-id=\"19901\" src=\"https:\/\/sebetanne.co.uk\/hkblog\/wp-content\/uploads\/2023\/01\/20221125_130905-Copy-1024x768.jpg\" alt=\"\" class=\"wp-image-19901\" srcset=\"https:\/\/sebetanne.co.uk\/hkblog\/wp-content\/uploads\/2023\/01\/20221125_130905-Copy-1024x768.jpg 1024w, https:\/\/sebetanne.co.uk\/hkblog\/wp-content\/uploads\/2023\/01\/20221125_130905-Copy-300x225.jpg 300w, https:\/\/sebetanne.co.uk\/hkblog\/wp-content\/uploads\/2023\/01\/20221125_130905-Copy-768x576.jpg 768w, https:\/\/sebetanne.co.uk\/hkblog\/wp-content\/uploads\/2023\/01\/20221125_130905-Copy-1536x1152.jpg 1536w, https:\/\/sebetanne.co.uk\/hkblog\/wp-content\/uploads\/2023\/01\/20221125_130905-Copy-2048x1536.jpg 2048w\" sizes=\"auto, (max-width: 1024px) 100vw, 1024px\" \/><\/a><figcaption class=\"wp-element-caption\">Mountbatten road<\/figcaption><\/figure>\n\n\n\n<figure class=\"wp-block-image size-large\"><a href=\"https:\/\/sebetanne.co.uk\/hkblog\/wp-content\/uploads\/2023\/01\/20221125_132036-scaled.jpg\" target=\"_blank\" rel=\"noopener\"><img loading=\"lazy\" decoding=\"async\" width=\"1024\" height=\"768\" data-id=\"19902\" src=\"https:\/\/sebetanne.co.uk\/hkblog\/wp-content\/uploads\/2023\/01\/20221125_132036-1024x768.jpg\" alt=\"\" class=\"wp-image-19902\" srcset=\"https:\/\/sebetanne.co.uk\/hkblog\/wp-content\/uploads\/2023\/01\/20221125_132036-1024x768.jpg 1024w, https:\/\/sebetanne.co.uk\/hkblog\/wp-content\/uploads\/2023\/01\/20221125_132036-300x225.jpg 300w, https:\/\/sebetanne.co.uk\/hkblog\/wp-content\/uploads\/2023\/01\/20221125_132036-768x576.jpg 768w, https:\/\/sebetanne.co.uk\/hkblog\/wp-content\/uploads\/2023\/01\/20221125_132036-1536x1152.jpg 1536w, https:\/\/sebetanne.co.uk\/hkblog\/wp-content\/uploads\/2023\/01\/20221125_132036-2048x1536.jpg 2048w\" sizes=\"auto, (max-width: 1024px) 100vw, 1024px\" \/><\/a><\/figure>\n\n\n\n<figure class=\"wp-block-image size-large\"><a href=\"https:\/\/sebetanne.co.uk\/hkblog\/wp-content\/uploads\/2023\/01\/20221125_132023-scaled.jpg\" target=\"_blank\" rel=\"noopener\"><img loading=\"lazy\" decoding=\"async\" width=\"1024\" height=\"768\" data-id=\"19899\" src=\"https:\/\/sebetanne.co.uk\/hkblog\/wp-content\/uploads\/2023\/01\/20221125_132023-1024x768.jpg\" alt=\"\" class=\"wp-image-19899\" srcset=\"https:\/\/sebetanne.co.uk\/hkblog\/wp-content\/uploads\/2023\/01\/20221125_132023-1024x768.jpg 1024w, https:\/\/sebetanne.co.uk\/hkblog\/wp-content\/uploads\/2023\/01\/20221125_132023-300x225.jpg 300w, https:\/\/sebetanne.co.uk\/hkblog\/wp-content\/uploads\/2023\/01\/20221125_132023-768x576.jpg 768w, https:\/\/sebetanne.co.uk\/hkblog\/wp-content\/uploads\/2023\/01\/20221125_132023-1536x1152.jpg 1536w, https:\/\/sebetanne.co.uk\/hkblog\/wp-content\/uploads\/2023\/01\/20221125_132023-2048x1536.jpg 2048w\" sizes=\"auto, (max-width: 1024px) 100vw, 1024px\" \/><\/a><\/figure>\n\n\n\n<figure class=\"wp-block-image size-large\"><a href=\"https:\/\/sebetanne.co.uk\/hkblog\/wp-content\/uploads\/2023\/01\/20221125_132223-scaled.jpg\" target=\"_blank\" rel=\"noopener\"><img loading=\"lazy\" decoding=\"async\" width=\"1024\" height=\"768\" data-id=\"19897\" src=\"https:\/\/sebetanne.co.uk\/hkblog\/wp-content\/uploads\/2023\/01\/20221125_132223-1024x768.jpg\" alt=\"\" class=\"wp-image-19897\" srcset=\"https:\/\/sebetanne.co.uk\/hkblog\/wp-content\/uploads\/2023\/01\/20221125_132223-1024x768.jpg 1024w, https:\/\/sebetanne.co.uk\/hkblog\/wp-content\/uploads\/2023\/01\/20221125_132223-300x225.jpg 300w, https:\/\/sebetanne.co.uk\/hkblog\/wp-content\/uploads\/2023\/01\/20221125_132223-768x576.jpg 768w, https:\/\/sebetanne.co.uk\/hkblog\/wp-content\/uploads\/2023\/01\/20221125_132223-1536x1152.jpg 1536w, https:\/\/sebetanne.co.uk\/hkblog\/wp-content\/uploads\/2023\/01\/20221125_132223-2048x1536.jpg 2048w\" sizes=\"auto, (max-width: 1024px) 100vw, 1024px\" \/><\/a><\/figure>\n\n\n\n<figure class=\"wp-block-image size-large\"><a href=\"https:\/\/sebetanne.co.uk\/hkblog\/wp-content\/uploads\/2023\/01\/20221125_132337-scaled.jpg\" target=\"_blank\" rel=\"noopener\"><img loading=\"lazy\" decoding=\"async\" width=\"1024\" height=\"768\" data-id=\"19898\" src=\"https:\/\/sebetanne.co.uk\/hkblog\/wp-content\/uploads\/2023\/01\/20221125_132337-1024x768.jpg\" alt=\"\" class=\"wp-image-19898\" srcset=\"https:\/\/sebetanne.co.uk\/hkblog\/wp-content\/uploads\/2023\/01\/20221125_132337-1024x768.jpg 1024w, https:\/\/sebetanne.co.uk\/hkblog\/wp-content\/uploads\/2023\/01\/20221125_132337-300x225.jpg 300w, https:\/\/sebetanne.co.uk\/hkblog\/wp-content\/uploads\/2023\/01\/20221125_132337-768x576.jpg 768w, https:\/\/sebetanne.co.uk\/hkblog\/wp-content\/uploads\/2023\/01\/20221125_132337-1536x1152.jpg 1536w, https:\/\/sebetanne.co.uk\/hkblog\/wp-content\/uploads\/2023\/01\/20221125_132337-2048x1536.jpg 2048w\" sizes=\"auto, (max-width: 1024px) 100vw, 1024px\" \/><\/a><\/figure>\n\n\n\n<figure class=\"wp-block-image size-large\"><a href=\"https:\/\/sebetanne.co.uk\/hkblog\/wp-content\/uploads\/2023\/01\/20221125_132448-scaled.jpg\" target=\"_blank\" rel=\"noopener\"><img loading=\"lazy\" decoding=\"async\" width=\"1024\" height=\"768\" data-id=\"19900\" src=\"https:\/\/sebetanne.co.uk\/hkblog\/wp-content\/uploads\/2023\/01\/20221125_132448-1024x768.jpg\" alt=\"\" class=\"wp-image-19900\" srcset=\"https:\/\/sebetanne.co.uk\/hkblog\/wp-content\/uploads\/2023\/01\/20221125_132448-1024x768.jpg 1024w, https:\/\/sebetanne.co.uk\/hkblog\/wp-content\/uploads\/2023\/01\/20221125_132448-300x225.jpg 300w, https:\/\/sebetanne.co.uk\/hkblog\/wp-content\/uploads\/2023\/01\/20221125_132448-768x576.jpg 768w, https:\/\/sebetanne.co.uk\/hkblog\/wp-content\/uploads\/2023\/01\/20221125_132448-1536x1152.jpg 1536w, https:\/\/sebetanne.co.uk\/hkblog\/wp-content\/uploads\/2023\/01\/20221125_132448-2048x1536.jpg 2048w\" sizes=\"auto, (max-width: 1024px) 100vw, 1024px\" \/><\/a><\/figure>\n<\/figure>\n\n\n\n<figure class=\"wp-block-gallery has-nested-images columns-2 is-cropped wp-block-gallery-2 is-layout-flex wp-block-gallery-is-layout-flex\">\n<figure class=\"wp-block-image size-large\"><a href=\"https:\/\/sebetanne.co.uk\/hkblog\/wp-content\/uploads\/2023\/01\/20221125_131941-scaled.jpg\" target=\"_blank\" rel=\"noopener\"><img loading=\"lazy\" decoding=\"async\" width=\"768\" height=\"1024\" data-id=\"19904\" src=\"https:\/\/sebetanne.co.uk\/hkblog\/wp-content\/uploads\/2023\/01\/20221125_131941-768x1024.jpg\" alt=\"\" class=\"wp-image-19904\" srcset=\"https:\/\/sebetanne.co.uk\/hkblog\/wp-content\/uploads\/2023\/01\/20221125_131941-768x1024.jpg 768w, https:\/\/sebetanne.co.uk\/hkblog\/wp-content\/uploads\/2023\/01\/20221125_131941-225x300.jpg 225w, https:\/\/sebetanne.co.uk\/hkblog\/wp-content\/uploads\/2023\/01\/20221125_131941-1152x1536.jpg 1152w, https:\/\/sebetanne.co.uk\/hkblog\/wp-content\/uploads\/2023\/01\/20221125_131941-1536x2048.jpg 1536w, https:\/\/sebetanne.co.uk\/hkblog\/wp-content\/uploads\/2023\/01\/20221125_131941-scaled.jpg 1920w\" sizes=\"auto, (max-width: 768px) 100vw, 768px\" \/><\/a><\/figure>\n\n\n\n<figure class=\"wp-block-image size-large\"><a href=\"https:\/\/sebetanne.co.uk\/hkblog\/wp-content\/uploads\/2023\/01\/20221125_132142-scaled.jpg\" target=\"_blank\" rel=\"noopener\"><img loading=\"lazy\" decoding=\"async\" width=\"768\" height=\"1024\" data-id=\"19903\" src=\"https:\/\/sebetanne.co.uk\/hkblog\/wp-content\/uploads\/2023\/01\/20221125_132142-768x1024.jpg\" alt=\"\" class=\"wp-image-19903\" srcset=\"https:\/\/sebetanne.co.uk\/hkblog\/wp-content\/uploads\/2023\/01\/20221125_132142-768x1024.jpg 768w, https:\/\/sebetanne.co.uk\/hkblog\/wp-content\/uploads\/2023\/01\/20221125_132142-225x300.jpg 225w, https:\/\/sebetanne.co.uk\/hkblog\/wp-content\/uploads\/2023\/01\/20221125_132142-1152x1536.jpg 1152w, https:\/\/sebetanne.co.uk\/hkblog\/wp-content\/uploads\/2023\/01\/20221125_132142-1536x2048.jpg 1536w, https:\/\/sebetanne.co.uk\/hkblog\/wp-content\/uploads\/2023\/01\/20221125_132142-scaled.jpg 1920w\" sizes=\"auto, (max-width: 768px) 100vw, 768px\" \/><\/a><\/figure>\n\n\n\n<figure class=\"wp-block-image size-large\"><a href=\"https:\/\/sebetanne.co.uk\/hkblog\/wp-content\/uploads\/2023\/01\/20221125_132245-scaled.jpg\" target=\"_blank\" rel=\"noopener\"><img loading=\"lazy\" decoding=\"async\" width=\"768\" height=\"1024\" data-id=\"19905\" src=\"https:\/\/sebetanne.co.uk\/hkblog\/wp-content\/uploads\/2023\/01\/20221125_132245-768x1024.jpg\" alt=\"\" class=\"wp-image-19905\" srcset=\"https:\/\/sebetanne.co.uk\/hkblog\/wp-content\/uploads\/2023\/01\/20221125_132245-768x1024.jpg 768w, https:\/\/sebetanne.co.uk\/hkblog\/wp-content\/uploads\/2023\/01\/20221125_132245-225x300.jpg 225w, https:\/\/sebetanne.co.uk\/hkblog\/wp-content\/uploads\/2023\/01\/20221125_132245-1152x1536.jpg 1152w, https:\/\/sebetanne.co.uk\/hkblog\/wp-content\/uploads\/2023\/01\/20221125_132245-1536x2048.jpg 1536w, https:\/\/sebetanne.co.uk\/hkblog\/wp-content\/uploads\/2023\/01\/20221125_132245-scaled.jpg 1920w\" sizes=\"auto, (max-width: 768px) 100vw, 768px\" \/><\/a><\/figure>\n\n\n\n<figure class=\"wp-block-image size-large\"><img loading=\"lazy\" decoding=\"async\" width=\"768\" height=\"1024\" data-id=\"19948\" src=\"https:\/\/sebetanne.co.uk\/hkblog\/wp-content\/uploads\/2023\/01\/20221125_132411-768x1024.jpg\" alt=\"\" class=\"wp-image-19948\" srcset=\"https:\/\/sebetanne.co.uk\/hkblog\/wp-content\/uploads\/2023\/01\/20221125_132411-768x1024.jpg 768w, https:\/\/sebetanne.co.uk\/hkblog\/wp-content\/uploads\/2023\/01\/20221125_132411-225x300.jpg 225w, https:\/\/sebetanne.co.uk\/hkblog\/wp-content\/uploads\/2023\/01\/20221125_132411-1152x1536.jpg 1152w, https:\/\/sebetanne.co.uk\/hkblog\/wp-content\/uploads\/2023\/01\/20221125_132411-1536x2048.jpg 1536w, https:\/\/sebetanne.co.uk\/hkblog\/wp-content\/uploads\/2023\/01\/20221125_132411-scaled.jpg 1920w\" sizes=\"auto, (max-width: 768px) 100vw, 768px\" \/><\/figure>\n\n\n\n<figure class=\"wp-block-image size-large\"><a href=\"https:\/\/sebetanne.co.uk\/hkblog\/wp-content\/uploads\/2023\/01\/20221125_132544-scaled.jpg\" target=\"_blank\" rel=\"noopener\"><img loading=\"lazy\" decoding=\"async\" width=\"768\" height=\"1024\" data-id=\"19906\" src=\"https:\/\/sebetanne.co.uk\/hkblog\/wp-content\/uploads\/2023\/01\/20221125_132544-768x1024.jpg\" alt=\"\" class=\"wp-image-19906\" srcset=\"https:\/\/sebetanne.co.uk\/hkblog\/wp-content\/uploads\/2023\/01\/20221125_132544-768x1024.jpg 768w, https:\/\/sebetanne.co.uk\/hkblog\/wp-content\/uploads\/2023\/01\/20221125_132544-225x300.jpg 225w, https:\/\/sebetanne.co.uk\/hkblog\/wp-content\/uploads\/2023\/01\/20221125_132544-1152x1536.jpg 1152w, https:\/\/sebetanne.co.uk\/hkblog\/wp-content\/uploads\/2023\/01\/20221125_132544-1536x2048.jpg 1536w, https:\/\/sebetanne.co.uk\/hkblog\/wp-content\/uploads\/2023\/01\/20221125_132544-scaled.jpg 1920w\" sizes=\"auto, (max-width: 768px) 100vw, 768px\" \/><\/a><\/figure>\n<\/figure>\n\n\n\n<p>As you know, I really like murals and I couldn&#8217;t resist photographing them! At the crossroad with Dunman road, there was a beautiful art deco building (as I love them) on one side and a colonial building (I don&#8217;t know how to describe it) that looked really nice. And on the left, there were some lovely preserved Peranakan houses, so colourful!<\/p>\n\n\n\n<p class=\"has-text-align-right\"><em>Comme vous le savez, j&#8217;aime beaucoup les peintures murales et je n&#8217;ai pas pu m&#8217;emp\u00eacher de les photographier ! Au carrefour avec Dunman road, il y avait un bel immeuble art d\u00e9co (comme je les aime) d&#8217;un c\u00f4t\u00e9 et un immeuble colonial (je ne sais pas comment le d\u00e9crire) qui avait l&#8217;air vraiment sympa. Et plus loin sur la gauche, il y avait de jolies maisons Peranakan pr\u00e9serv\u00e9es, si color\u00e9es !<\/em><\/p>\n\n\n\n<figure class=\"wp-block-gallery has-nested-images columns-2 is-cropped wp-block-gallery-3 is-layout-flex wp-block-gallery-is-layout-flex\">\n<figure class=\"wp-block-image size-large\"><a href=\"https:\/\/sebetanne.co.uk\/hkblog\/wp-content\/uploads\/2023\/01\/20221125_132658-scaled.jpg\" target=\"_blank\" rel=\"noopener\"><img loading=\"lazy\" decoding=\"async\" width=\"1024\" height=\"768\" data-id=\"19915\" src=\"https:\/\/sebetanne.co.uk\/hkblog\/wp-content\/uploads\/2023\/01\/20221125_132658-1024x768.jpg\" alt=\"\" class=\"wp-image-19915\" srcset=\"https:\/\/sebetanne.co.uk\/hkblog\/wp-content\/uploads\/2023\/01\/20221125_132658-1024x768.jpg 1024w, https:\/\/sebetanne.co.uk\/hkblog\/wp-content\/uploads\/2023\/01\/20221125_132658-300x225.jpg 300w, https:\/\/sebetanne.co.uk\/hkblog\/wp-content\/uploads\/2023\/01\/20221125_132658-768x576.jpg 768w, https:\/\/sebetanne.co.uk\/hkblog\/wp-content\/uploads\/2023\/01\/20221125_132658-1536x1152.jpg 1536w, https:\/\/sebetanne.co.uk\/hkblog\/wp-content\/uploads\/2023\/01\/20221125_132658-2048x1536.jpg 2048w\" sizes=\"auto, (max-width: 1024px) 100vw, 1024px\" \/><\/a><figcaption class=\"wp-element-caption\">Art deco building<\/figcaption><\/figure>\n\n\n\n<figure class=\"wp-block-image size-large\"><a href=\"https:\/\/sebetanne.co.uk\/hkblog\/wp-content\/uploads\/2023\/01\/20221125_132722-scaled.jpg\" target=\"_blank\" rel=\"noopener\"><img loading=\"lazy\" decoding=\"async\" width=\"1024\" height=\"768\" data-id=\"19916\" src=\"https:\/\/sebetanne.co.uk\/hkblog\/wp-content\/uploads\/2023\/01\/20221125_132722-1024x768.jpg\" alt=\"\" class=\"wp-image-19916\" srcset=\"https:\/\/sebetanne.co.uk\/hkblog\/wp-content\/uploads\/2023\/01\/20221125_132722-1024x768.jpg 1024w, https:\/\/sebetanne.co.uk\/hkblog\/wp-content\/uploads\/2023\/01\/20221125_132722-300x225.jpg 300w, https:\/\/sebetanne.co.uk\/hkblog\/wp-content\/uploads\/2023\/01\/20221125_132722-768x576.jpg 768w, https:\/\/sebetanne.co.uk\/hkblog\/wp-content\/uploads\/2023\/01\/20221125_132722-1536x1152.jpg 1536w, https:\/\/sebetanne.co.uk\/hkblog\/wp-content\/uploads\/2023\/01\/20221125_132722-2048x1536.jpg 2048w\" sizes=\"auto, (max-width: 1024px) 100vw, 1024px\" \/><\/a><figcaption class=\"wp-element-caption\">Colonial building<\/figcaption><\/figure>\n\n\n\n<figure class=\"wp-block-image size-large\"><a href=\"https:\/\/sebetanne.co.uk\/hkblog\/wp-content\/uploads\/2023\/01\/20221125_133004-scaled.jpg\" target=\"_blank\" rel=\"noopener\"><img loading=\"lazy\" decoding=\"async\" width=\"1024\" height=\"768\" data-id=\"19918\" src=\"https:\/\/sebetanne.co.uk\/hkblog\/wp-content\/uploads\/2023\/01\/20221125_133004-1024x768.jpg\" alt=\"\" class=\"wp-image-19918\" srcset=\"https:\/\/sebetanne.co.uk\/hkblog\/wp-content\/uploads\/2023\/01\/20221125_133004-1024x768.jpg 1024w, https:\/\/sebetanne.co.uk\/hkblog\/wp-content\/uploads\/2023\/01\/20221125_133004-300x225.jpg 300w, https:\/\/sebetanne.co.uk\/hkblog\/wp-content\/uploads\/2023\/01\/20221125_133004-768x576.jpg 768w, https:\/\/sebetanne.co.uk\/hkblog\/wp-content\/uploads\/2023\/01\/20221125_133004-1536x1152.jpg 1536w, https:\/\/sebetanne.co.uk\/hkblog\/wp-content\/uploads\/2023\/01\/20221125_133004-2048x1536.jpg 2048w\" sizes=\"auto, (max-width: 1024px) 100vw, 1024px\" \/><\/a><figcaption class=\"wp-element-caption\">Peranakan houses<\/figcaption><\/figure>\n\n\n\n<figure class=\"wp-block-image size-large\"><a href=\"https:\/\/sebetanne.co.uk\/hkblog\/wp-content\/uploads\/2023\/01\/20221125_133058-scaled.jpg\" target=\"_blank\" rel=\"noopener\"><img loading=\"lazy\" decoding=\"async\" width=\"1024\" height=\"768\" data-id=\"19914\" src=\"https:\/\/sebetanne.co.uk\/hkblog\/wp-content\/uploads\/2023\/01\/20221125_133058-1024x768.jpg\" alt=\"\" class=\"wp-image-19914\" srcset=\"https:\/\/sebetanne.co.uk\/hkblog\/wp-content\/uploads\/2023\/01\/20221125_133058-1024x768.jpg 1024w, https:\/\/sebetanne.co.uk\/hkblog\/wp-content\/uploads\/2023\/01\/20221125_133058-300x225.jpg 300w, https:\/\/sebetanne.co.uk\/hkblog\/wp-content\/uploads\/2023\/01\/20221125_133058-768x576.jpg 768w, https:\/\/sebetanne.co.uk\/hkblog\/wp-content\/uploads\/2023\/01\/20221125_133058-1536x1152.jpg 1536w, https:\/\/sebetanne.co.uk\/hkblog\/wp-content\/uploads\/2023\/01\/20221125_133058-2048x1536.jpg 2048w\" sizes=\"auto, (max-width: 1024px) 100vw, 1024px\" \/><\/a><figcaption class=\"wp-element-caption\">Peranakan houses<\/figcaption><\/figure>\n\n\n\n<figure class=\"wp-block-image size-large\"><a href=\"https:\/\/sebetanne.co.uk\/hkblog\/wp-content\/uploads\/2023\/01\/20221125_133129-scaled.jpg\" target=\"_blank\" rel=\"noopener\"><img loading=\"lazy\" decoding=\"async\" width=\"768\" height=\"1024\" data-id=\"19917\" src=\"https:\/\/sebetanne.co.uk\/hkblog\/wp-content\/uploads\/2023\/01\/20221125_133129-768x1024.jpg\" alt=\"\" class=\"wp-image-19917\" srcset=\"https:\/\/sebetanne.co.uk\/hkblog\/wp-content\/uploads\/2023\/01\/20221125_133129-768x1024.jpg 768w, https:\/\/sebetanne.co.uk\/hkblog\/wp-content\/uploads\/2023\/01\/20221125_133129-225x300.jpg 225w, https:\/\/sebetanne.co.uk\/hkblog\/wp-content\/uploads\/2023\/01\/20221125_133129-1152x1536.jpg 1152w, https:\/\/sebetanne.co.uk\/hkblog\/wp-content\/uploads\/2023\/01\/20221125_133129-1536x2048.jpg 1536w, https:\/\/sebetanne.co.uk\/hkblog\/wp-content\/uploads\/2023\/01\/20221125_133129-scaled.jpg 1920w\" sizes=\"auto, (max-width: 768px) 100vw, 768px\" \/><\/a><figcaption class=\"wp-element-caption\">Peranakan houses<\/figcaption><\/figure>\n\n\n\n<figure class=\"wp-block-image size-large\"><a href=\"https:\/\/sebetanne.co.uk\/hkblog\/wp-content\/uploads\/2023\/01\/20221125_133149-scaled.jpg\" target=\"_blank\" rel=\"noopener\"><img loading=\"lazy\" decoding=\"async\" width=\"768\" height=\"1024\" data-id=\"19919\" src=\"https:\/\/sebetanne.co.uk\/hkblog\/wp-content\/uploads\/2023\/01\/20221125_133149-768x1024.jpg\" alt=\"\" class=\"wp-image-19919\" srcset=\"https:\/\/sebetanne.co.uk\/hkblog\/wp-content\/uploads\/2023\/01\/20221125_133149-768x1024.jpg 768w, https:\/\/sebetanne.co.uk\/hkblog\/wp-content\/uploads\/2023\/01\/20221125_133149-225x300.jpg 225w, https:\/\/sebetanne.co.uk\/hkblog\/wp-content\/uploads\/2023\/01\/20221125_133149-1152x1536.jpg 1152w, https:\/\/sebetanne.co.uk\/hkblog\/wp-content\/uploads\/2023\/01\/20221125_133149-1536x2048.jpg 1536w, https:\/\/sebetanne.co.uk\/hkblog\/wp-content\/uploads\/2023\/01\/20221125_133149-scaled.jpg 1920w\" sizes=\"auto, (max-width: 768px) 100vw, 768px\" \/><\/a><figcaption class=\"wp-element-caption\">Side street \ud83d\ude42<\/figcaption><\/figure>\n<\/figure>\n\n\n\n<p>I was glad to have come all this way for my Christmas tree. It&#8217;s a lovely area and it was a nice walk.<\/p>\n\n\n\n<p class=\"has-text-align-right\"><em>J&#8217;\u00e9tais contente d&#8217;avoir fait tout ce chemin pour mon arbre de No\u00ebl. C&#8217;est un beau quartier et c&#8217;\u00e9tait une belle promenade.<\/em><\/p>\n\n\n\n<figure class=\"wp-block-gallery has-nested-images columns-default is-cropped wp-block-gallery-4 is-layout-flex wp-block-gallery-is-layout-flex\">\n<figure class=\"wp-block-image size-large\"><a href=\"https:\/\/sebetanne.co.uk\/hkblog\/wp-content\/uploads\/2023\/01\/20221205_223346-scaled.jpg\" target=\"_blank\" rel=\"noopener\"><img loading=\"lazy\" decoding=\"async\" width=\"768\" height=\"1024\" data-id=\"19934\" src=\"https:\/\/sebetanne.co.uk\/hkblog\/wp-content\/uploads\/2023\/01\/20221205_223346-768x1024.jpg\" alt=\"\" class=\"wp-image-19934\" srcset=\"https:\/\/sebetanne.co.uk\/hkblog\/wp-content\/uploads\/2023\/01\/20221205_223346-768x1024.jpg 768w, https:\/\/sebetanne.co.uk\/hkblog\/wp-content\/uploads\/2023\/01\/20221205_223346-225x300.jpg 225w, https:\/\/sebetanne.co.uk\/hkblog\/wp-content\/uploads\/2023\/01\/20221205_223346-1152x1536.jpg 1152w, https:\/\/sebetanne.co.uk\/hkblog\/wp-content\/uploads\/2023\/01\/20221205_223346-1536x2048.jpg 1536w, https:\/\/sebetanne.co.uk\/hkblog\/wp-content\/uploads\/2023\/01\/20221205_223346-scaled.jpg 1920w\" sizes=\"auto, (max-width: 768px) 100vw, 768px\" \/><\/a><figcaption class=\"wp-element-caption\">My new Christmas tree<\/figcaption><\/figure>\n\n\n\n<figure class=\"wp-block-image size-large\"><a href=\"https:\/\/sebetanne.co.uk\/hkblog\/wp-content\/uploads\/2023\/01\/20221125_133627-Copy-scaled.jpg\" target=\"_blank\" rel=\"noopener\"><img loading=\"lazy\" decoding=\"async\" width=\"768\" height=\"1024\" data-id=\"19935\" src=\"https:\/\/sebetanne.co.uk\/hkblog\/wp-content\/uploads\/2023\/01\/20221125_133627-Copy-768x1024.jpg\" alt=\"\" class=\"wp-image-19935\" srcset=\"https:\/\/sebetanne.co.uk\/hkblog\/wp-content\/uploads\/2023\/01\/20221125_133627-Copy-768x1024.jpg 768w, https:\/\/sebetanne.co.uk\/hkblog\/wp-content\/uploads\/2023\/01\/20221125_133627-Copy-225x300.jpg 225w, https:\/\/sebetanne.co.uk\/hkblog\/wp-content\/uploads\/2023\/01\/20221125_133627-Copy-1152x1536.jpg 1152w, https:\/\/sebetanne.co.uk\/hkblog\/wp-content\/uploads\/2023\/01\/20221125_133627-Copy-1536x2048.jpg 1536w, https:\/\/sebetanne.co.uk\/hkblog\/wp-content\/uploads\/2023\/01\/20221125_133627-Copy-scaled.jpg 1920w\" sizes=\"auto, (max-width: 768px) 100vw, 768px\" \/><\/a><\/figure>\n<\/figure>\n","protected":false},"excerpt":{"rendered":"<p>I went to get a wooden cut Christmas tree near East Coast Park and strolled back in Joo Chiat. It&#8217;s[&#8230;]<\/p>\n","protected":false},"author":1,"featured_media":19888,"parent":11520,"menu_order":9,"comment_status":"open","ping_status":"closed","template":"template-fullwidth.php","meta":{"footnotes":""},"class_list":["post-19866","page","type-page","status-publish","has-post-thumbnail","hentry"],"post_mailing_queue_ids":[],"_links":{"self":[{"href":"https:\/\/sebetanne.co.uk\/hkblog\/wp-json\/wp\/v2\/pages\/19866","targetHints":{"allow":["GET"]}}],"collection":[{"href":"https:\/\/sebetanne.co.uk\/hkblog\/wp-json\/wp\/v2\/pages"}],"about":[{"href":"https:\/\/sebetanne.co.uk\/hkblog\/wp-json\/wp\/v2\/types\/page"}],"author":[{"embeddable":true,"href":"https:\/\/sebetanne.co.uk\/hkblog\/wp-json\/wp\/v2\/users\/1"}],"replies":[{"embeddable":true,"href":"https:\/\/sebetanne.co.uk\/hkblog\/wp-json\/wp\/v2\/comments?post=19866"}],"version-history":[{"count":4,"href":"https:\/\/sebetanne.co.uk\/hkblog\/wp-json\/wp\/v2\/pages\/19866\/revisions"}],"predecessor-version":[{"id":19949,"href":"https:\/\/sebetanne.co.uk\/hkblog\/wp-json\/wp\/v2\/pages\/19866\/revisions\/19949"}],"up":[{"embeddable":true,"href":"https:\/\/sebetanne.co.uk\/hkblog\/wp-json\/wp\/v2\/pages\/11520"}],"wp:featuredmedia":[{"embeddable":true,"href":"https:\/\/sebetanne.co.uk\/hkblog\/wp-json\/wp\/v2\/media\/19888"}],"wp:attachment":[{"href":"https:\/\/sebetanne.co.uk\/hkblog\/wp-json\/wp\/v2\/media?parent=19866"}],"curies":[{"name":"wp","href":"https:\/\/api.w.org\/{rel}","templated":true}]}}