{"id":19701,"date":"2023-01-12T09:08:57","date_gmt":"2023-01-12T09:08:57","guid":{"rendered":"https:\/\/sebetanne.co.uk\/hkblog\/?page_id=19701"},"modified":"2023-01-12T09:10:35","modified_gmt":"2023-01-12T09:10:35","slug":"tanjong-pagar-21-11-2022","status":"publish","type":"page","link":"https:\/\/sebetanne.co.uk\/hkblog\/gallery-photos\/singapour\/2022-august-to-december\/tanjong-pagar-21-11-2022\/","title":{"rendered":"Tanjong Pagar &#8211; 21-11-2022"},"content":{"rendered":"\n<p>Another visit organised by Accueil Singapour! Tanjong Pagar is a small area at the southern tip of Singapore just before the big container harbour: <a rel=\"noreferrer noopener\" href=\"https:\/\/goo.gl\/maps\/12wJS8G7KuQMDLJz6\" target=\"_blank\">Google Maps<\/a>. There are many high rise buildings there but also some remains of time past.<\/p>\n\n\n\n<p class=\"has-text-align-right\"><em>Encore une visite organis\u00e9e par Accueil Singapour ! Tanjong Pagar est un quartier situ\u00e9 \u00e0 la pointe sud de Singapour juste avant le grand port \u00e0 conteneurs : <a rel=\"noreferrer noopener\" href=\"https:\/\/goo.gl\/maps\/12wJS8G7KuQMDLJz6\" target=\"_blank\">Google Maps<\/a>. On y trouve de nombreux grattes-ciels mais aussi quelques vestiges du temps pass\u00e9.<\/em><\/p>\n\n\n\n<p>The visit started with the last remaining Hakka temple in Singapore. Hakkas are one of the Chinese people who came to Singapore. We then went to the Haji Muhammad Salleh Mosque. This was the very first time I entered a mosque. This particular one has been raised in honour of a holly man, Habib Noh. When the mosque was built, it was on a hill overlooking the sea. It is now quite far from the sea and stuck between main roads. Not a very peaceful resting place! The tomb of Habib Noh is at the top of the hill and we went there to learn a bit more about his story. (But you can read it <a rel=\"noreferrer noopener\" href=\"https:\/\/www.hjmuhdsalleh.org.sg\/maqam-habib-noh\/habib-noh-al-habshi\/\" target=\"_blank\">there<\/a>).<\/p>\n\n\n\n<p>La visite a commenc\u00e9 par le dernier temple Hakka restant \u00e0 Singapour. Les Hakkas sont une des ethnies chinoises qui sont venus \u00e0 Singapour. Nous sommes ensuite all\u00e9s \u00e0 la mosqu\u00e9e Haji Muhammad Salleh. C&#8217;\u00e9tait la toute premi\u00e8re fois que j&#8217;entrais dans une mosqu\u00e9e. Cette mosqu\u00e9e a \u00e9t\u00e9 \u00e9rig\u00e9e en l&#8217;honneur d&#8217;un saint homme, Habib Noh. Lorsque la mosqu\u00e9e a \u00e9t\u00e9 construite, elle se trouvait sur une colline surplombant la mer. Elle est maintenant assez \u00e9loign\u00e9e de la mer et coinc\u00e9e entre des autoroutes. Pas un lieu de repos tr\u00e8s paisible! La tombe d&#8217;Habib Noh se trouve au sommet de la colline et nous y sommes all\u00e9s pour en savoir un peu plus sur son histoire. (Mais vous pouvez le lire <a href=\"https:\/\/www.hjmuhdsalleh.org.sg\/maqam-habib-noh\/habib-noh-al-habshi\/\" target=\"_blank\" rel=\"noreferrer noopener\">ici<\/a>).<\/p>\n\n\n\n<figure class=\"wp-block-gallery has-nested-images columns-default is-cropped wp-block-gallery-1 is-layout-flex wp-block-gallery-is-layout-flex\">\n<figure class=\"wp-block-image size-large\"><a href=\"https:\/\/sebetanne.co.uk\/hkblog\/wp-content\/uploads\/2023\/01\/20221122_101603-scaled.jpg\" target=\"_blank\" rel=\"noopener\"><img loading=\"lazy\" decoding=\"async\" width=\"1024\" height=\"768\" data-id=\"19723\" src=\"https:\/\/sebetanne.co.uk\/hkblog\/wp-content\/uploads\/2023\/01\/20221122_101603-1024x768.jpg\" alt=\"\" class=\"wp-image-19723\" srcset=\"https:\/\/sebetanne.co.uk\/hkblog\/wp-content\/uploads\/2023\/01\/20221122_101603-1024x768.jpg 1024w, https:\/\/sebetanne.co.uk\/hkblog\/wp-content\/uploads\/2023\/01\/20221122_101603-300x225.jpg 300w, https:\/\/sebetanne.co.uk\/hkblog\/wp-content\/uploads\/2023\/01\/20221122_101603-768x576.jpg 768w, https:\/\/sebetanne.co.uk\/hkblog\/wp-content\/uploads\/2023\/01\/20221122_101603-1536x1152.jpg 1536w, https:\/\/sebetanne.co.uk\/hkblog\/wp-content\/uploads\/2023\/01\/20221122_101603-2048x1536.jpg 2048w\" sizes=\"auto, (max-width: 1024px) 100vw, 1024px\" \/><\/a><figcaption class=\"wp-element-caption\">Decorations on the roof of the Hakka temple<\/figcaption><\/figure>\n\n\n\n<figure class=\"wp-block-image size-large\"><a href=\"https:\/\/sebetanne.co.uk\/hkblog\/wp-content\/uploads\/2023\/01\/20221122_102133-scaled.jpg\" target=\"_blank\" rel=\"noopener\"><img loading=\"lazy\" decoding=\"async\" width=\"768\" height=\"1024\" data-id=\"19724\" src=\"https:\/\/sebetanne.co.uk\/hkblog\/wp-content\/uploads\/2023\/01\/20221122_102133-768x1024.jpg\" alt=\"\" class=\"wp-image-19724\" srcset=\"https:\/\/sebetanne.co.uk\/hkblog\/wp-content\/uploads\/2023\/01\/20221122_102133-768x1024.jpg 768w, https:\/\/sebetanne.co.uk\/hkblog\/wp-content\/uploads\/2023\/01\/20221122_102133-225x300.jpg 225w, https:\/\/sebetanne.co.uk\/hkblog\/wp-content\/uploads\/2023\/01\/20221122_102133-1152x1536.jpg 1152w, https:\/\/sebetanne.co.uk\/hkblog\/wp-content\/uploads\/2023\/01\/20221122_102133-1536x2048.jpg 1536w, https:\/\/sebetanne.co.uk\/hkblog\/wp-content\/uploads\/2023\/01\/20221122_102133-scaled.jpg 1920w\" sizes=\"auto, (max-width: 768px) 100vw, 768px\" \/><\/a><figcaption class=\"wp-element-caption\">Steps to see Habib Noh&#8217;s tomb<\/figcaption><\/figure>\n<\/figure>\n\n\n\n<p>We then went to a Buddhist temple where they celebrate weddings for ghosts. Apparently, if you die as a child or without being married, your soul can never be at the grown-up table. And so in this temple, the monks marry ghost souls to allow them to reach heaven, in simple terms. Some people are specialised ghosts matchmakers. It&#8217;s a very interesting tradition.<\/p>\n\n\n\n<p class=\"has-text-align-right\"><em>Nous sommes ensuite all\u00e9s dans un temple bouddhiste o\u00f9 l&#8217;on c\u00e9l\u00e8bre des mariages pour les fant\u00f4mes. Apparemment, si vous mourez enfant ou sans \u00eatre mari\u00e9, votre \u00e2me ne pourra jamais \u00eatre \u00e0 la table des adultes. Et donc dans ce temple, les moines marient des \u00e2mes fant\u00f4mes pour leur permettre d&#8217;atteindre le paradis, en termes simples. Certaines personnes sont des entremetteurs de fant\u00f4mes. C&#8217;est une tradition pour le moins int\u00e9ressante.<\/em><\/p>\n\n\n\n<p>After this, we went to a garden commemorating the lady who created the flower symbolising Singapore. This lady called Agnes Joaquim was an only child from a wealthy family. She loved gardening and managed to create an hybrid orchid that went to become the symbol of Singapore.<\/p>\n\n\n\n<p class=\"has-text-align-right\"><em>Apr\u00e8s cela, nous sommes all\u00e9s dans un jardin comm\u00e9morant la personne qui a cr\u00e9\u00e9 la fleur nationale de Singapour. Agn\u00e8s Joaquim \u00e9tait fille unique d&#8217;une famille ais\u00e9e. Elle aimait le jardinage et a r\u00e9ussi \u00e0 cr\u00e9er une orchid\u00e9e hybride qui est devenue le la fleur nationale de Singapour.<\/em><\/p>\n\n\n\n<figure class=\"wp-block-gallery has-nested-images columns-default is-cropped wp-block-gallery-2 is-layout-flex wp-block-gallery-is-layout-flex\">\n<figure class=\"wp-block-image size-large\"><a href=\"https:\/\/sebetanne.co.uk\/hkblog\/wp-content\/uploads\/2023\/01\/20221122_120934-scaled.jpg\" target=\"_blank\" rel=\"noopener\"><img loading=\"lazy\" decoding=\"async\" width=\"768\" height=\"1024\" data-id=\"19740\" src=\"https:\/\/sebetanne.co.uk\/hkblog\/wp-content\/uploads\/2023\/01\/20221122_120934-768x1024.jpg\" alt=\"\" class=\"wp-image-19740\" srcset=\"https:\/\/sebetanne.co.uk\/hkblog\/wp-content\/uploads\/2023\/01\/20221122_120934-768x1024.jpg 768w, https:\/\/sebetanne.co.uk\/hkblog\/wp-content\/uploads\/2023\/01\/20221122_120934-225x300.jpg 225w, https:\/\/sebetanne.co.uk\/hkblog\/wp-content\/uploads\/2023\/01\/20221122_120934-1152x1536.jpg 1152w, https:\/\/sebetanne.co.uk\/hkblog\/wp-content\/uploads\/2023\/01\/20221122_120934-1536x2048.jpg 1536w, https:\/\/sebetanne.co.uk\/hkblog\/wp-content\/uploads\/2023\/01\/20221122_120934-scaled.jpg 1920w\" sizes=\"auto, (max-width: 768px) 100vw, 768px\" \/><\/a><\/figure>\n\n\n\n<figure class=\"wp-block-image size-large\"><a href=\"https:\/\/sebetanne.co.uk\/hkblog\/wp-content\/uploads\/2023\/01\/20221122_121048-Copy-scaled.jpg\" target=\"_blank\" rel=\"noopener\"><img loading=\"lazy\" decoding=\"async\" width=\"1024\" height=\"768\" data-id=\"19741\" src=\"https:\/\/sebetanne.co.uk\/hkblog\/wp-content\/uploads\/2023\/01\/20221122_121048-Copy-1024x768.jpg\" alt=\"\" class=\"wp-image-19741\" srcset=\"https:\/\/sebetanne.co.uk\/hkblog\/wp-content\/uploads\/2023\/01\/20221122_121048-Copy-1024x768.jpg 1024w, https:\/\/sebetanne.co.uk\/hkblog\/wp-content\/uploads\/2023\/01\/20221122_121048-Copy-300x225.jpg 300w, https:\/\/sebetanne.co.uk\/hkblog\/wp-content\/uploads\/2023\/01\/20221122_121048-Copy-768x576.jpg 768w, https:\/\/sebetanne.co.uk\/hkblog\/wp-content\/uploads\/2023\/01\/20221122_121048-Copy-1536x1152.jpg 1536w, https:\/\/sebetanne.co.uk\/hkblog\/wp-content\/uploads\/2023\/01\/20221122_121048-Copy-2048x1536.jpg 2048w\" sizes=\"auto, (max-width: 1024px) 100vw, 1024px\" \/><\/a><\/figure>\n<\/figure>\n\n\n\n<p>We then walked in a charming street lined with traditional shophouses. These buildings are typical of Singapore and there are quite a lot remaining in Singapore. These ones were lovingly renovated. We stopped at a shop selling all sorts of decorative objects. I need to go back there with S\u00e9bastien!<\/p>\n\n\n\n<p class=\"has-text-align-right\"><em>Nous nous sommes ensuite promen\u00e9s dans une charmante rue bord\u00e9e de shophouses traditionnelles. Ces b\u00e2timents sont typiques de Singapour et il en reste pas mal \u00e0 Singapour. Ceux-ci ont \u00e9t\u00e9 r\u00e9nov\u00e9s avec soin. Nous nous sommes aussi arr\u00eat\u00e9s dans une boutique vendant toutes sortes d&#8217;objets d\u00e9coratifs. Il faut que j&#8217;y retourne avec S\u00e9bastien !<\/em><\/p>\n\n\n\n<figure class=\"wp-block-gallery has-nested-images columns-default is-cropped wp-block-gallery-3 is-layout-flex wp-block-gallery-is-layout-flex\">\n<figure class=\"wp-block-image size-large\"><a href=\"https:\/\/sebetanne.co.uk\/hkblog\/wp-content\/uploads\/2023\/01\/20221122_121302-scaled.jpg\" target=\"_blank\" rel=\"noopener\"><img loading=\"lazy\" decoding=\"async\" width=\"1024\" height=\"768\" data-id=\"19750\" src=\"https:\/\/sebetanne.co.uk\/hkblog\/wp-content\/uploads\/2023\/01\/20221122_121302-1024x768.jpg\" alt=\"\" class=\"wp-image-19750\" srcset=\"https:\/\/sebetanne.co.uk\/hkblog\/wp-content\/uploads\/2023\/01\/20221122_121302-1024x768.jpg 1024w, https:\/\/sebetanne.co.uk\/hkblog\/wp-content\/uploads\/2023\/01\/20221122_121302-300x225.jpg 300w, https:\/\/sebetanne.co.uk\/hkblog\/wp-content\/uploads\/2023\/01\/20221122_121302-768x576.jpg 768w, https:\/\/sebetanne.co.uk\/hkblog\/wp-content\/uploads\/2023\/01\/20221122_121302-1536x1152.jpg 1536w, https:\/\/sebetanne.co.uk\/hkblog\/wp-content\/uploads\/2023\/01\/20221122_121302-2048x1536.jpg 2048w\" sizes=\"auto, (max-width: 1024px) 100vw, 1024px\" \/><\/a><\/figure>\n\n\n\n<figure class=\"wp-block-image size-large\"><a href=\"https:\/\/sebetanne.co.uk\/hkblog\/wp-content\/uploads\/2023\/01\/20221122_122157-scaled.jpg\" target=\"_blank\" rel=\"noopener\"><img loading=\"lazy\" decoding=\"async\" width=\"1024\" height=\"768\" data-id=\"19749\" src=\"https:\/\/sebetanne.co.uk\/hkblog\/wp-content\/uploads\/2023\/01\/20221122_122157-1024x768.jpg\" alt=\"\" class=\"wp-image-19749\" srcset=\"https:\/\/sebetanne.co.uk\/hkblog\/wp-content\/uploads\/2023\/01\/20221122_122157-1024x768.jpg 1024w, https:\/\/sebetanne.co.uk\/hkblog\/wp-content\/uploads\/2023\/01\/20221122_122157-300x225.jpg 300w, https:\/\/sebetanne.co.uk\/hkblog\/wp-content\/uploads\/2023\/01\/20221122_122157-768x576.jpg 768w, https:\/\/sebetanne.co.uk\/hkblog\/wp-content\/uploads\/2023\/01\/20221122_122157-1536x1152.jpg 1536w, https:\/\/sebetanne.co.uk\/hkblog\/wp-content\/uploads\/2023\/01\/20221122_122157-2048x1536.jpg 2048w\" sizes=\"auto, (max-width: 1024px) 100vw, 1024px\" \/><\/a><\/figure>\n\n\n\n<figure class=\"wp-block-image size-large\"><a href=\"https:\/\/sebetanne.co.uk\/hkblog\/wp-content\/uploads\/2023\/01\/20221122_122241-scaled.jpg\" target=\"_blank\" rel=\"noopener\"><img loading=\"lazy\" decoding=\"async\" width=\"768\" height=\"1024\" data-id=\"19751\" src=\"https:\/\/sebetanne.co.uk\/hkblog\/wp-content\/uploads\/2023\/01\/20221122_122241-768x1024.jpg\" alt=\"\" class=\"wp-image-19751\" srcset=\"https:\/\/sebetanne.co.uk\/hkblog\/wp-content\/uploads\/2023\/01\/20221122_122241-768x1024.jpg 768w, https:\/\/sebetanne.co.uk\/hkblog\/wp-content\/uploads\/2023\/01\/20221122_122241-225x300.jpg 225w, https:\/\/sebetanne.co.uk\/hkblog\/wp-content\/uploads\/2023\/01\/20221122_122241-1152x1536.jpg 1152w, https:\/\/sebetanne.co.uk\/hkblog\/wp-content\/uploads\/2023\/01\/20221122_122241-1536x2048.jpg 1536w, https:\/\/sebetanne.co.uk\/hkblog\/wp-content\/uploads\/2023\/01\/20221122_122241-scaled.jpg 1920w\" sizes=\"auto, (max-width: 768px) 100vw, 768px\" \/><\/a><\/figure>\n<\/figure>\n\n\n\n<p>We finished our visit by going to the roof terrace (50th floor) of the HDB (= council estate) &#8220;Pinnacles @Duxon&#8221;. The view was breathtaking. This HDB has everything from a supermarket to a nursery and all the services you can ask for.<\/p>\n\n\n\n<p class=\"has-text-align-right\"><em>Nous avons termin\u00e9 notre visite en nous rendant sur la terrasse (50\u00e8me \u00e9tage) du HDB (= HLM) &#8220;Pinnacles @Duxon&#8221;. La vue \u00e9tait \u00e0 couper le souffle. Ce HDB a tout d&#8217;un supermarch\u00e9 \u00e0 une cr\u00e8che et tous les services que vous pouvez demander.<\/em><\/p>\n\n\n\n<figure class=\"wp-block-gallery has-nested-images columns-2 is-cropped wp-block-gallery-4 is-layout-flex wp-block-gallery-is-layout-flex\">\n<figure class=\"wp-block-image size-large\"><a href=\"https:\/\/sebetanne.co.uk\/hkblog\/wp-content\/uploads\/2023\/01\/20221122_122645-scaled.jpg\" target=\"_blank\" rel=\"noopener\"><img loading=\"lazy\" decoding=\"async\" width=\"768\" height=\"1024\" data-id=\"19754\" src=\"https:\/\/sebetanne.co.uk\/hkblog\/wp-content\/uploads\/2023\/01\/20221122_122645-768x1024.jpg\" alt=\"\" class=\"wp-image-19754\" srcset=\"https:\/\/sebetanne.co.uk\/hkblog\/wp-content\/uploads\/2023\/01\/20221122_122645-768x1024.jpg 768w, https:\/\/sebetanne.co.uk\/hkblog\/wp-content\/uploads\/2023\/01\/20221122_122645-225x300.jpg 225w, https:\/\/sebetanne.co.uk\/hkblog\/wp-content\/uploads\/2023\/01\/20221122_122645-1152x1536.jpg 1152w, https:\/\/sebetanne.co.uk\/hkblog\/wp-content\/uploads\/2023\/01\/20221122_122645-1536x2048.jpg 1536w, https:\/\/sebetanne.co.uk\/hkblog\/wp-content\/uploads\/2023\/01\/20221122_122645-scaled.jpg 1920w\" sizes=\"auto, (max-width: 768px) 100vw, 768px\" \/><\/a><\/figure>\n\n\n\n<figure class=\"wp-block-image size-large\"><a href=\"https:\/\/sebetanne.co.uk\/hkblog\/wp-content\/uploads\/2023\/01\/20221122_125554-scaled.jpg\" target=\"_blank\" rel=\"noopener\"><img loading=\"lazy\" decoding=\"async\" width=\"1024\" height=\"768\" data-id=\"19752\" src=\"https:\/\/sebetanne.co.uk\/hkblog\/wp-content\/uploads\/2023\/01\/20221122_125554-1024x768.jpg\" alt=\"\" class=\"wp-image-19752\" srcset=\"https:\/\/sebetanne.co.uk\/hkblog\/wp-content\/uploads\/2023\/01\/20221122_125554-1024x768.jpg 1024w, https:\/\/sebetanne.co.uk\/hkblog\/wp-content\/uploads\/2023\/01\/20221122_125554-300x225.jpg 300w, https:\/\/sebetanne.co.uk\/hkblog\/wp-content\/uploads\/2023\/01\/20221122_125554-768x576.jpg 768w, https:\/\/sebetanne.co.uk\/hkblog\/wp-content\/uploads\/2023\/01\/20221122_125554-1536x1152.jpg 1536w, https:\/\/sebetanne.co.uk\/hkblog\/wp-content\/uploads\/2023\/01\/20221122_125554-2048x1536.jpg 2048w\" sizes=\"auto, (max-width: 1024px) 100vw, 1024px\" \/><\/a><\/figure>\n\n\n\n<figure class=\"wp-block-image size-large\"><a href=\"https:\/\/sebetanne.co.uk\/hkblog\/wp-content\/uploads\/2023\/01\/20221122_124725-scaled.jpg\" target=\"_blank\" rel=\"noopener\"><img loading=\"lazy\" decoding=\"async\" width=\"1024\" height=\"768\" data-id=\"19753\" src=\"https:\/\/sebetanne.co.uk\/hkblog\/wp-content\/uploads\/2023\/01\/20221122_124725-1024x768.jpg\" alt=\"\" class=\"wp-image-19753\" srcset=\"https:\/\/sebetanne.co.uk\/hkblog\/wp-content\/uploads\/2023\/01\/20221122_124725-1024x768.jpg 1024w, https:\/\/sebetanne.co.uk\/hkblog\/wp-content\/uploads\/2023\/01\/20221122_124725-300x225.jpg 300w, https:\/\/sebetanne.co.uk\/hkblog\/wp-content\/uploads\/2023\/01\/20221122_124725-768x576.jpg 768w, https:\/\/sebetanne.co.uk\/hkblog\/wp-content\/uploads\/2023\/01\/20221122_124725-1536x1152.jpg 1536w, https:\/\/sebetanne.co.uk\/hkblog\/wp-content\/uploads\/2023\/01\/20221122_124725-2048x1536.jpg 2048w\" sizes=\"auto, (max-width: 1024px) 100vw, 1024px\" \/><\/a><\/figure>\n\n\n\n<figure class=\"wp-block-image size-large\"><a href=\"https:\/\/sebetanne.co.uk\/hkblog\/wp-content\/uploads\/2023\/01\/20221122_125232-EFFECTS-scaled.jpg\" target=\"_blank\" rel=\"noopener\"><img loading=\"lazy\" decoding=\"async\" width=\"1024\" height=\"768\" data-id=\"19755\" src=\"https:\/\/sebetanne.co.uk\/hkblog\/wp-content\/uploads\/2023\/01\/20221122_125232-EFFECTS-1024x768.jpg\" alt=\"\" class=\"wp-image-19755\" srcset=\"https:\/\/sebetanne.co.uk\/hkblog\/wp-content\/uploads\/2023\/01\/20221122_125232-EFFECTS-1024x768.jpg 1024w, https:\/\/sebetanne.co.uk\/hkblog\/wp-content\/uploads\/2023\/01\/20221122_125232-EFFECTS-300x225.jpg 300w, https:\/\/sebetanne.co.uk\/hkblog\/wp-content\/uploads\/2023\/01\/20221122_125232-EFFECTS-768x576.jpg 768w, https:\/\/sebetanne.co.uk\/hkblog\/wp-content\/uploads\/2023\/01\/20221122_125232-EFFECTS-1536x1152.jpg 1536w, https:\/\/sebetanne.co.uk\/hkblog\/wp-content\/uploads\/2023\/01\/20221122_125232-EFFECTS-2048x1536.jpg 2048w\" sizes=\"auto, (max-width: 1024px) 100vw, 1024px\" \/><\/a><\/figure>\n<\/figure>\n\n\n\n<p><\/p>\n","protected":false},"excerpt":{"rendered":"<p>Another visit organised by Accueil Singapour! Tanjong Pagar is a small area at the southern tip of Singapore just before[&#8230;]<\/p>\n","protected":false},"author":1,"featured_media":19755,"parent":11520,"menu_order":8,"comment_status":"open","ping_status":"closed","template":"template-fullwidth.php","meta":{"footnotes":""},"class_list":["post-19701","page","type-page","status-publish","has-post-thumbnail","hentry"],"post_mailing_queue_ids":[],"_links":{"self":[{"href":"https:\/\/sebetanne.co.uk\/hkblog\/wp-json\/wp\/v2\/pages\/19701","targetHints":{"allow":["GET"]}}],"collection":[{"href":"https:\/\/sebetanne.co.uk\/hkblog\/wp-json\/wp\/v2\/pages"}],"about":[{"href":"https:\/\/sebetanne.co.uk\/hkblog\/wp-json\/wp\/v2\/types\/page"}],"author":[{"embeddable":true,"href":"https:\/\/sebetanne.co.uk\/hkblog\/wp-json\/wp\/v2\/users\/1"}],"replies":[{"embeddable":true,"href":"https:\/\/sebetanne.co.uk\/hkblog\/wp-json\/wp\/v2\/comments?post=19701"}],"version-history":[{"count":3,"href":"https:\/\/sebetanne.co.uk\/hkblog\/wp-json\/wp\/v2\/pages\/19701\/revisions"}],"predecessor-version":[{"id":19778,"href":"https:\/\/sebetanne.co.uk\/hkblog\/wp-json\/wp\/v2\/pages\/19701\/revisions\/19778"}],"up":[{"embeddable":true,"href":"https:\/\/sebetanne.co.uk\/hkblog\/wp-json\/wp\/v2\/pages\/11520"}],"wp:featuredmedia":[{"embeddable":true,"href":"https:\/\/sebetanne.co.uk\/hkblog\/wp-json\/wp\/v2\/media\/19755"}],"wp:attachment":[{"href":"https:\/\/sebetanne.co.uk\/hkblog\/wp-json\/wp\/v2\/media?parent=19701"}],"curies":[{"name":"wp","href":"https:\/\/api.w.org\/{rel}","templated":true}]}}