{"id":1969,"date":"2019-05-06T07:33:07","date_gmt":"2019-05-06T07:33:07","guid":{"rendered":"http:\/\/sebetanne.co.uk\/hkblog\/?page_id=1969"},"modified":"2026-02-26T12:11:46","modified_gmt":"2026-02-26T12:11:46","slug":"home-accueil","status":"publish","type":"page","link":"https:\/\/sebetanne.co.uk\/hkblog\/","title":{"rendered":"Home \/ Accueil"},"content":{"rendered":"\n<h3 class=\"wp-block-heading\">This blog is in English and in French. Everything is translated!<\/h3>\n\n\n\n<h3 class=\"has-text-align-right wp-block-heading\"><em>Ce blog est en anglais et en fran\u00e7ais. Tout est traduit!<\/em><\/h3>\n\n\n\n<p>For those not familiar with a blog, this site has several sections:<\/p>\n\n\n\n<ul class=\"wp-block-list\"><li>&#8216;<a href=\"https:\/\/sebetanne.co.uk\/hkblog\/diary-journal-de-bord\/\">Diary \/ Journal de bord<\/a>&#8216; -&gt; I recount what is happening in our lives. There are new entries or posts for each adventure. If it&#8217;s your first visit, I suggest you start from there.<\/li><li>&#8216;<a href=\"https:\/\/sebetanne.co.uk\/hkblog\/gallery-photos\/\">Gallery \/ Photos<\/a>&#8216; -&gt; If you&#8217;re just curious to see what we&#8217;ve discovered in Hong Kong, look at this page. I sorted pictures by theme and by outing. There are a lot of pictures!<\/li><li>&#8216;<a href=\"https:\/\/sebetanne.co.uk\/hkblog\/latest-dernierement\/\">Latest \/ Derni\u00e8rement<\/a>&#8216; -&gt; If you&#8217;re a regular visitor, just check what has been updated last in this section.<\/li><\/ul>\n\n\n\n<p class=\"has-text-align-right\"><em>Pour ceux qui ne sont pas habitu\u00e9s \u00e0 lire un blog, ce site comporte plusieurs sections :<\/em><\/p>\n\n\n\n<ul class=\"wp-block-list\"><li><em>&#8216;<a href=\"https:\/\/sebetanne.co.uk\/hkblog\/diary-journal-de-bord\/\">Diary \/ Journal de bord<\/a>&#8216; -&gt; Je raconte ce qui se passe dans nos vies. Il y a une nouvelle entr\u00e9e ou post pour chaque aventure. Si c\u2019est votre premi\u00e8re visite, je vous conseille de commencer l\u00e0.<\/em><\/li><li><em>&#8216;<a href=\"https:\/\/sebetanne.co.uk\/hkblog\/gallery-photos\/\">Gallery \/ Photos<\/a>&#8216; <\/em>-&gt; <em>Si vous \u00eates simplement curieux de voir ce que nous avons d\u00e9couvert \u00e0 Hong Kong, consultez cette page. J&#8217;ai tri\u00e9 les images par th\u00e8me et par sortie. Il y a beaucoup de photos !<\/em><\/li><li> &#8216;<em><a href=\"https:\/\/sebetanne.co.uk\/hkblog\/latest-dernierement\/\">Latest \/ Derni\u00e8rement<\/a>\u2019<\/em> -&gt; <em>Si vous \u00eates un visiteur r\u00e9gulier, vous pouvez voir les derni\u00e8res mises \u00e0 jour dans cette section.<\/em><\/li><\/ul>\n\n\n\n<p class=\"has-text-color has-medium-font-size\" style=\"color:#a30098\">You can leave comments on every page (section at the bottom of the page called &#8220;Leave a Reply&#8221;). Your email address will not be displayed and will not be used. You can enter a fake email address if you prefer. Please, leave as many comments as possible so that I know you are reading my blog and hopefully enjoying it!<\/p>\n\n\n\n<p class=\"has-text-align-right has-text-color has-medium-font-size\" style=\"color:#a3007f\"><em>Vous pouvez laisser des commentaires sur toutes les pages (en bas de page, intitul\u00e9 &#8220;Leave a Reply&#8221;). Votre adresse email ne sera pas affich\u00e9e et ne sera pas utilis\u00e9e. Vous pouvez entrer une fausse adresse email si vous pr\u00e9f\u00e9rez. S&#8217;il vous pla\u00eet, laissez autant de commentaires que possible comme \u00e7a, je sais que vous lisez mon blog et, avec un peu de chance, que vous appr\u00e9ciez la lecture !<\/em><\/p>\n","protected":false},"excerpt":{"rendered":"<p>This blog is in English and in French. Everything is translated! Ce blog est en anglais et en fran\u00e7ais. Tout[&#8230;]<\/p>\n","protected":false},"author":1,"featured_media":11372,"parent":0,"menu_order":0,"comment_status":"closed","ping_status":"closed","template":"","meta":{"footnotes":""},"class_list":["post-1969","page","type-page","status-publish","has-post-thumbnail","hentry"],"post_mailing_queue_ids":[],"_links":{"self":[{"href":"https:\/\/sebetanne.co.uk\/hkblog\/wp-json\/wp\/v2\/pages\/1969","targetHints":{"allow":["GET"]}}],"collection":[{"href":"https:\/\/sebetanne.co.uk\/hkblog\/wp-json\/wp\/v2\/pages"}],"about":[{"href":"https:\/\/sebetanne.co.uk\/hkblog\/wp-json\/wp\/v2\/types\/page"}],"author":[{"embeddable":true,"href":"https:\/\/sebetanne.co.uk\/hkblog\/wp-json\/wp\/v2\/users\/1"}],"replies":[{"embeddable":true,"href":"https:\/\/sebetanne.co.uk\/hkblog\/wp-json\/wp\/v2\/comments?post=1969"}],"version-history":[{"count":2,"href":"https:\/\/sebetanne.co.uk\/hkblog\/wp-json\/wp\/v2\/pages\/1969\/revisions"}],"predecessor-version":[{"id":11364,"href":"https:\/\/sebetanne.co.uk\/hkblog\/wp-json\/wp\/v2\/pages\/1969\/revisions\/11364"}],"wp:featuredmedia":[{"embeddable":true,"href":"https:\/\/sebetanne.co.uk\/hkblog\/wp-json\/wp\/v2\/media\/11372"}],"wp:attachment":[{"href":"https:\/\/sebetanne.co.uk\/hkblog\/wp-json\/wp\/v2\/media?parent=1969"}],"curies":[{"name":"wp","href":"https:\/\/api.w.org\/{rel}","templated":true}]}}