{"id":1916,"date":"2019-04-12T05:52:14","date_gmt":"2019-04-12T05:52:14","guid":{"rendered":"http:\/\/sebetanne.co.uk\/hkblog\/?page_id=1916"},"modified":"2026-04-17T11:10:39","modified_gmt":"2026-04-17T11:10:39","slug":"the-twins-18-03-2019","status":"publish","type":"page","link":"https:\/\/sebetanne.co.uk\/hkblog\/gallery-photos\/hong-kong\/2019-january-to-june\/the-twins-18-03-2019\/","title":{"rendered":"The Twins &#8211; 18-03-2019"},"content":{"rendered":"\n<p>After getting our visas, I decided to stop at Repulse Bay and walk home through Tai Tam Country Park. Oh boy! That was NOT a walk in the park! According to Google Map, it was about an hour walk (the grey path):<\/p>\n\n\n\n<p style=\"text-align:right\"><em>Apr\u00e8s avoir r\u00e9cup\u00e9r\u00e9 nos visas, j&#8217;ai d\u00e9cid\u00e9 de m&#8217;arr\u00eater \u00e0 Repulse Bay et de rentrer \u00e0 pied \u00e0 travers le Tai Tam Country Park. Oh lala ! Ce n&#8217;\u00e9tait pas une promenade facile ! D\u2019apr\u00e8s Google Map, c\u2019\u00e9tait environ une heure de marche (le chemin gris) :<\/em><\/p>\n\n\n\n<figure class=\"wp-block-image\"><a href=\"blob:https:\/\/sebetanne.co.uk\/809d36e2-87d1-416c-be5f-3f312f7b0088\"><img loading=\"lazy\" decoding=\"async\" width=\"576\" height=\"1024\" src=\"https:\/\/sebetanne.co.uk\/hkblog\/wp-content\/uploads\/2019\/04\/20190318_037-576x1024.jpg\" alt=\"\" class=\"wp-image-1917\" srcset=\"https:\/\/sebetanne.co.uk\/hkblog\/wp-content\/uploads\/2019\/04\/20190318_037-576x1024.jpg 576w, https:\/\/sebetanne.co.uk\/hkblog\/wp-content\/uploads\/2019\/04\/20190318_037-169x300.jpg 169w, https:\/\/sebetanne.co.uk\/hkblog\/wp-content\/uploads\/2019\/04\/20190318_037-768x1365.jpg 768w, https:\/\/sebetanne.co.uk\/hkblog\/wp-content\/uploads\/2019\/04\/20190318_037.jpg 1080w\" sizes=\"auto, (max-width: 576px) 100vw, 576px\" \/><\/a><\/figure>\n\n\n\n<p>That sounded easy enough, the sun was shining, it was warm. I started my walk by following the wrong path. It was more climbing than walking, but apart from a close encounter with a thorny plant and a butterfly, all was good.<\/p>\n\n\n\n<p style=\"text-align:right\"><em>Cela semblait assez facile, il faisait beau et chaud. J&#8217;ai commenc\u00e9 ma promenade en prenant le mauvais chemin. C&#8217;\u00e9tait plus de l&#8217;escalade que de la marche, mais mis \u00e0 part une rencontre rapproch\u00e9e avec des ronces et un papillon, tout s\u2019est bien pass\u00e9.<\/em><\/p>\n\n\n\n<figure class=\"wp-block-image\"><a href=\"blob:https:\/\/sebetanne.co.uk\/4616d4c0-b2d9-4d9b-a898-7b649654b608\"><img loading=\"lazy\" decoding=\"async\" width=\"768\" height=\"1024\" src=\"https:\/\/sebetanne.co.uk\/hkblog\/wp-content\/uploads\/2019\/04\/20190318_026-768x1024.jpg\" alt=\"\" class=\"wp-image-1918\" srcset=\"https:\/\/sebetanne.co.uk\/hkblog\/wp-content\/uploads\/2019\/04\/20190318_026-768x1024.jpg 768w, https:\/\/sebetanne.co.uk\/hkblog\/wp-content\/uploads\/2019\/04\/20190318_026-225x300.jpg 225w\" sizes=\"auto, (max-width: 768px) 100vw, 768px\" \/><\/a><figcaption>A bit of a struggle to go up \/ <em>Un peu d&#8217;escalade<\/em><\/figcaption><\/figure>\n\n\n\n<figure class=\"wp-block-image\"><a href=\"blob:https:\/\/sebetanne.co.uk\/630c27cc-83af-4ff9-a80e-20492b114e9e\"><img loading=\"lazy\" decoding=\"async\" width=\"1024\" height=\"683\" src=\"https:\/\/sebetanne.co.uk\/hkblog\/wp-content\/uploads\/2019\/04\/20190318_025-1024x683.jpg\" alt=\"\" class=\"wp-image-1919\" srcset=\"https:\/\/sebetanne.co.uk\/hkblog\/wp-content\/uploads\/2019\/04\/20190318_025-1024x683.jpg 1024w, https:\/\/sebetanne.co.uk\/hkblog\/wp-content\/uploads\/2019\/04\/20190318_025-300x200.jpg 300w, https:\/\/sebetanne.co.uk\/hkblog\/wp-content\/uploads\/2019\/04\/20190318_025-768x512.jpg 768w, https:\/\/sebetanne.co.uk\/hkblog\/wp-content\/uploads\/2019\/04\/20190318_025-840x560.jpg 840w, https:\/\/sebetanne.co.uk\/hkblog\/wp-content\/uploads\/2019\/04\/20190318_025-120x80.jpg 120w, https:\/\/sebetanne.co.uk\/hkblog\/wp-content\/uploads\/2019\/04\/20190318_025-360x240.jpg 360w, https:\/\/sebetanne.co.uk\/hkblog\/wp-content\/uploads\/2019\/04\/20190318_025-600x400.jpg 600w\" sizes=\"auto, (max-width: 1024px) 100vw, 1024px\" \/><\/a><\/figure>\n\n\n\n<p>After that climb, I reached a flat path that follows the Twins Catch Water. I walked for 10 minutes and then reached the real trail, with a map.<\/p>\n\n\n\n<p style=\"text-align:right\"><em>Apr\u00e8s cette mont\u00e9e, je suis arriv\u00e9e sur un chemin plat qui suit le Twins Catch Water. J&#8217;ai march\u00e9 pendant 10 minutes, puis j&#8217;ai trouv\u00e9 le v\u00e9ritable sentier avec une carte.<\/em><\/p>\n\n\n\n<figure class=\"wp-block-image\"><a href=\"blob:https:\/\/sebetanne.co.uk\/4fc07e2a-afde-4db9-8284-df466d5feecc\"><img loading=\"lazy\" decoding=\"async\" width=\"1024\" height=\"768\" src=\"https:\/\/sebetanne.co.uk\/hkblog\/wp-content\/uploads\/2019\/04\/20190318_027-1024x768.jpg\" alt=\"\" class=\"wp-image-1920\" srcset=\"https:\/\/sebetanne.co.uk\/hkblog\/wp-content\/uploads\/2019\/04\/20190318_027-1024x768.jpg 1024w, https:\/\/sebetanne.co.uk\/hkblog\/wp-content\/uploads\/2019\/04\/20190318_027-300x225.jpg 300w, https:\/\/sebetanne.co.uk\/hkblog\/wp-content\/uploads\/2019\/04\/20190318_027-768x576.jpg 768w\" sizes=\"auto, (max-width: 1024px) 100vw, 1024px\" \/><\/a><\/figure>\n\n\n\n<p>On the map, you can see where I was (yellow rectangle) and I followed the red path going south. This trail is part of the Wilson Trail and goes over the Twins, a hill with a great view over the landscape.<\/p>\n\n\n\n<p style=\"text-align:right\"><em>Sur la carte, vous pouvez voir o\u00f9 j&#8217;\u00e9tais (le rectangle jaune) et j&#8217;ai suivi le chemin rouge en direction du sud. Ce sentier fait partie du Wilson Trail et passe au dessus des Twins, une colline offrant une vue magnifique sur le paysage.<\/em><\/p>\n\n\n\n<figure class=\"wp-block-image\"><a href=\"blob:https:\/\/sebetanne.co.uk\/032dcc13-c58e-40d3-81d3-945651ceef4e\"><img loading=\"lazy\" decoding=\"async\" width=\"683\" height=\"1024\" src=\"http:\/\/sebetanne.co.uk\/hkblog\/wp-content\/uploads\/2019\/04\/20190318_029-683x1024.jpg\" alt=\"\" class=\"wp-image-1924\" srcset=\"https:\/\/sebetanne.co.uk\/hkblog\/wp-content\/uploads\/2019\/04\/20190318_029-683x1024.jpg 683w, https:\/\/sebetanne.co.uk\/hkblog\/wp-content\/uploads\/2019\/04\/20190318_029-200x300.jpg 200w, https:\/\/sebetanne.co.uk\/hkblog\/wp-content\/uploads\/2019\/04\/20190318_029-768x1152.jpg 768w\" sizes=\"auto, (max-width: 683px) 100vw, 683px\" \/><\/a><\/figure>\n\n\n\n<p>What the map didn&#8217;t say was that it was not flat, at all!<\/p>\n\n\n\n<p style=\"text-align:right\"><em>Ce que la carte ne dit pas, c\u2019est que ce n\u2019est pas du tout plat !<\/em><\/p>\n\n\n\n<p>And the climb begun. So many steps! And it was really hot! It could have been worse, at least most of the path was shaded by the trees.<\/p>\n\n\n\n<p style=\"text-align:right\"><em>Et la mont\u00e9e a commenc\u00e9. Il y avait tellement de marches ! Et il faisait tr\u00e8s chaud ! Cela aurait pu \u00eatre pire, au moins la majeure partie du chemin \u00e9tait ombrag\u00e9e par les arbres.<\/em><\/p>\n\n\n\n<figure class=\"wp-block-image\"><a href=\"blob:https:\/\/sebetanne.co.uk\/8e1b95a3-47bd-49d2-8bcd-a72be14d2dac\"><img loading=\"lazy\" decoding=\"async\" width=\"768\" height=\"1024\" src=\"https:\/\/sebetanne.co.uk\/hkblog\/wp-content\/uploads\/2019\/04\/20190318_030-768x1024.jpg\" alt=\"\" class=\"wp-image-1926\" srcset=\"https:\/\/sebetanne.co.uk\/hkblog\/wp-content\/uploads\/2019\/04\/20190318_030-768x1024.jpg 768w, https:\/\/sebetanne.co.uk\/hkblog\/wp-content\/uploads\/2019\/04\/20190318_030-225x300.jpg 225w\" sizes=\"auto, (max-width: 768px) 100vw, 768px\" \/><\/a><\/figure>\n\n\n\n<p>The good thing about climbing so many steps is that you generally get a good view at the top \ud83d\ude42<\/p>\n\n\n\n<p style=\"text-align:right\"><em>Le bon c\u00f4t\u00e9 de monter tant d&#8217;escaliers est que vous avez g\u00e9n\u00e9ralement une bonne vue au sommet \ud83d\ude42<\/em><\/p>\n\n\n\n<figure class=\"wp-block-video\"><video height=\"1080\" style=\"aspect-ratio: 1920 \/ 1080;\" width=\"1920\" controls src=\"https:\/\/sebetanne.co.uk\/hkblog\/wp-content\/uploads\/2019\/04\/20190318_032.mp4\"><\/video><\/figure>\n\n\n\n<figure class=\"wp-block-image\"><a href=\"blob:https:\/\/sebetanne.co.uk\/e719bb0c-3c0d-4dd8-81df-a058d11409c3\"><img loading=\"lazy\" decoding=\"async\" width=\"768\" height=\"1024\" src=\"https:\/\/sebetanne.co.uk\/hkblog\/wp-content\/uploads\/2019\/04\/20190318_035-768x1024.jpg\" alt=\"\" class=\"wp-image-1928\" srcset=\"https:\/\/sebetanne.co.uk\/hkblog\/wp-content\/uploads\/2019\/04\/20190318_035-768x1024.jpg 768w, https:\/\/sebetanne.co.uk\/hkblog\/wp-content\/uploads\/2019\/04\/20190318_035-225x300.jpg 225w\" sizes=\"auto, (max-width: 768px) 100vw, 768px\" \/><\/a><figcaption>Up and up and up \/ <em>Et \u00e7a monte !<\/em><\/figcaption><\/figure>\n\n\n\n<p>Eventually I reached the top. I was so glad the ascent was done! The proof below (I don&#8217;t like selfies!):<\/p>\n\n\n\n<p style=\"text-align:right\"><em>Finalement, j&#8217;ai atteint le sommet. J&#8217;\u00e9tais tellement contente que l&#8217;ascension soit termin\u00e9e ! La preuve ci-dessous (je n\u2019aime pas les selfies!) :<\/em><\/p>\n\n\n\n<figure class=\"wp-block-image\"><a href=\"blob:https:\/\/sebetanne.co.uk\/9d07399c-9504-4cac-9b53-fbac920dc1ef\"><img loading=\"lazy\" decoding=\"async\" width=\"768\" height=\"1024\" src=\"https:\/\/sebetanne.co.uk\/hkblog\/wp-content\/uploads\/2019\/04\/20190318_038_Anne-768x1024.jpg\" alt=\"\" class=\"wp-image-1929\" srcset=\"https:\/\/sebetanne.co.uk\/hkblog\/wp-content\/uploads\/2019\/04\/20190318_038_Anne-768x1024.jpg 768w, https:\/\/sebetanne.co.uk\/hkblog\/wp-content\/uploads\/2019\/04\/20190318_038_Anne-225x300.jpg 225w\" sizes=\"auto, (max-width: 768px) 100vw, 768px\" \/><\/a><\/figure>\n\n\n\n<figure class=\"wp-block-image\"><a href=\"blob:https:\/\/sebetanne.co.uk\/b5a36223-f90f-44e6-a93e-779a0b5d5b04\"><img loading=\"lazy\" decoding=\"async\" width=\"1024\" height=\"683\" src=\"https:\/\/sebetanne.co.uk\/hkblog\/wp-content\/uploads\/2019\/04\/20190318_039-1024x683.jpg\" alt=\"\" class=\"wp-image-1930\" srcset=\"https:\/\/sebetanne.co.uk\/hkblog\/wp-content\/uploads\/2019\/04\/20190318_039-1024x683.jpg 1024w, https:\/\/sebetanne.co.uk\/hkblog\/wp-content\/uploads\/2019\/04\/20190318_039-300x200.jpg 300w, https:\/\/sebetanne.co.uk\/hkblog\/wp-content\/uploads\/2019\/04\/20190318_039-768x512.jpg 768w, https:\/\/sebetanne.co.uk\/hkblog\/wp-content\/uploads\/2019\/04\/20190318_039-840x560.jpg 840w, https:\/\/sebetanne.co.uk\/hkblog\/wp-content\/uploads\/2019\/04\/20190318_039-120x80.jpg 120w, https:\/\/sebetanne.co.uk\/hkblog\/wp-content\/uploads\/2019\/04\/20190318_039-360x240.jpg 360w, https:\/\/sebetanne.co.uk\/hkblog\/wp-content\/uploads\/2019\/04\/20190318_039-600x400.jpg 600w\" sizes=\"auto, (max-width: 1024px) 100vw, 1024px\" \/><\/a><figcaption>View at the top \/ Vue au sommet<\/figcaption><\/figure>\n\n\n\n<p>But, I was only half-way through the trail. Going down was not easy but it was easier. And as the path was not shaded by trees the view in front was breathtaking.<\/p>\n\n\n\n<p style=\"text-align:right\"><em>Mais je n&#8217;\u00e9tais qu&#8217;\u00e0 mi-chemin. Descendre n\u2019\u00e9tait pas facile mais c\u2019\u00e9tait plus facile. Et comme le chemin n&#8217;\u00e9tait pas ombrag\u00e9 par les arbres, la vue \u00e9tait \u00e0 couper le souffle.<\/em><\/p>\n\n\n\n<figure class=\"wp-block-image\"><a href=\"blob:https:\/\/sebetanne.co.uk\/4157a581-c8bc-4530-af5f-0685d335d6e6\"><img loading=\"lazy\" decoding=\"async\" width=\"1024\" height=\"683\" src=\"https:\/\/sebetanne.co.uk\/hkblog\/wp-content\/uploads\/2019\/04\/20190318_040-1024x683.jpg\" alt=\"\" class=\"wp-image-1931\" srcset=\"https:\/\/sebetanne.co.uk\/hkblog\/wp-content\/uploads\/2019\/04\/20190318_040-1024x683.jpg 1024w, https:\/\/sebetanne.co.uk\/hkblog\/wp-content\/uploads\/2019\/04\/20190318_040-300x200.jpg 300w, https:\/\/sebetanne.co.uk\/hkblog\/wp-content\/uploads\/2019\/04\/20190318_040-768x512.jpg 768w, https:\/\/sebetanne.co.uk\/hkblog\/wp-content\/uploads\/2019\/04\/20190318_040-840x560.jpg 840w, https:\/\/sebetanne.co.uk\/hkblog\/wp-content\/uploads\/2019\/04\/20190318_040-120x80.jpg 120w, https:\/\/sebetanne.co.uk\/hkblog\/wp-content\/uploads\/2019\/04\/20190318_040-360x240.jpg 360w, https:\/\/sebetanne.co.uk\/hkblog\/wp-content\/uploads\/2019\/04\/20190318_040-600x400.jpg 600w\" sizes=\"auto, (max-width: 1024px) 100vw, 1024px\" \/><\/a><figcaption>I can see my house! \/<em> Je peux voir ma maison <\/em>!<\/figcaption><\/figure>\n\n\n\n<figure class=\"wp-block-image\"><a href=\"blob:https:\/\/sebetanne.co.uk\/f6cf9cd7-1ba9-422d-be8a-6519ce9f26f8\"><img loading=\"lazy\" decoding=\"async\" width=\"768\" height=\"1024\" src=\"https:\/\/sebetanne.co.uk\/hkblog\/wp-content\/uploads\/2019\/04\/20190318_041-768x1024.jpg\" alt=\"\" class=\"wp-image-1932\" srcset=\"https:\/\/sebetanne.co.uk\/hkblog\/wp-content\/uploads\/2019\/04\/20190318_041-768x1024.jpg 768w, https:\/\/sebetanne.co.uk\/hkblog\/wp-content\/uploads\/2019\/04\/20190318_041-225x300.jpg 225w\" sizes=\"auto, (max-width: 768px) 100vw, 768px\" \/><\/a><figcaption>The path ahead of me \/<em> Le chemin devant moi<\/em><\/figcaption><\/figure>\n\n\n\n<figure class=\"wp-block-image\"><a href=\"blob:https:\/\/sebetanne.co.uk\/9c3bc567-ebf9-417e-9ae5-7485fe552595\"><img loading=\"lazy\" decoding=\"async\" width=\"1024\" height=\"683\" src=\"https:\/\/sebetanne.co.uk\/hkblog\/wp-content\/uploads\/2019\/04\/20190318_043-1024x683.jpg\" alt=\"\" class=\"wp-image-1933\" srcset=\"https:\/\/sebetanne.co.uk\/hkblog\/wp-content\/uploads\/2019\/04\/20190318_043-1024x683.jpg 1024w, https:\/\/sebetanne.co.uk\/hkblog\/wp-content\/uploads\/2019\/04\/20190318_043-300x200.jpg 300w, https:\/\/sebetanne.co.uk\/hkblog\/wp-content\/uploads\/2019\/04\/20190318_043-768x512.jpg 768w, https:\/\/sebetanne.co.uk\/hkblog\/wp-content\/uploads\/2019\/04\/20190318_043-840x560.jpg 840w, https:\/\/sebetanne.co.uk\/hkblog\/wp-content\/uploads\/2019\/04\/20190318_043-120x80.jpg 120w, https:\/\/sebetanne.co.uk\/hkblog\/wp-content\/uploads\/2019\/04\/20190318_043-360x240.jpg 360w, https:\/\/sebetanne.co.uk\/hkblog\/wp-content\/uploads\/2019\/04\/20190318_043-600x400.jpg 600w\" sizes=\"auto, (max-width: 1024px) 100vw, 1024px\" \/><\/a><figcaption>Tai Tam Bay<\/figcaption><\/figure>\n\n\n\n<figure class=\"wp-block-image\"><a href=\"blob:https:\/\/sebetanne.co.uk\/a0556362-ea6c-465c-99c8-58b1970a8829\"><img loading=\"lazy\" decoding=\"async\" width=\"768\" height=\"1024\" src=\"https:\/\/sebetanne.co.uk\/hkblog\/wp-content\/uploads\/2019\/04\/20190318_045-768x1024.jpg\" alt=\"\" class=\"wp-image-1935\" srcset=\"https:\/\/sebetanne.co.uk\/hkblog\/wp-content\/uploads\/2019\/04\/20190318_045-768x1024.jpg 768w, https:\/\/sebetanne.co.uk\/hkblog\/wp-content\/uploads\/2019\/04\/20190318_045-225x300.jpg 225w\" sizes=\"auto, (max-width: 768px) 100vw, 768px\" \/><\/a><figcaption>A glimpse of Stanley in front of me \/<em> Un aper\u00e7u de Stanley en face<\/em><\/figcaption><\/figure>\n\n\n\n<figure class=\"wp-block-image\"><a href=\"blob:https:\/\/sebetanne.co.uk\/1ba9dc56-89b5-4bcc-a865-7f5241053ee1\"><img loading=\"lazy\" decoding=\"async\" width=\"1024\" height=\"683\" src=\"https:\/\/sebetanne.co.uk\/hkblog\/wp-content\/uploads\/2019\/04\/20190318_048-1024x683.jpg\" alt=\"\" class=\"wp-image-1936\" srcset=\"https:\/\/sebetanne.co.uk\/hkblog\/wp-content\/uploads\/2019\/04\/20190318_048-1024x683.jpg 1024w, https:\/\/sebetanne.co.uk\/hkblog\/wp-content\/uploads\/2019\/04\/20190318_048-300x200.jpg 300w, https:\/\/sebetanne.co.uk\/hkblog\/wp-content\/uploads\/2019\/04\/20190318_048-768x512.jpg 768w, https:\/\/sebetanne.co.uk\/hkblog\/wp-content\/uploads\/2019\/04\/20190318_048-840x560.jpg 840w, https:\/\/sebetanne.co.uk\/hkblog\/wp-content\/uploads\/2019\/04\/20190318_048-120x80.jpg 120w, https:\/\/sebetanne.co.uk\/hkblog\/wp-content\/uploads\/2019\/04\/20190318_048-360x240.jpg 360w, https:\/\/sebetanne.co.uk\/hkblog\/wp-content\/uploads\/2019\/04\/20190318_048-600x400.jpg 600w\" sizes=\"auto, (max-width: 1024px) 100vw, 1024px\" \/><\/a><figcaption>Stanley<\/figcaption><\/figure>\n\n\n\n<figure class=\"wp-block-image\"><a href=\"blob:https:\/\/sebetanne.co.uk\/5c19d06a-7411-488b-8f19-ce4aaa795ac3\"><img loading=\"lazy\" decoding=\"async\" width=\"1024\" height=\"768\" src=\"https:\/\/sebetanne.co.uk\/hkblog\/wp-content\/uploads\/2019\/04\/20190318_050-1024x768.jpg\" alt=\"\" class=\"wp-image-1937\" srcset=\"https:\/\/sebetanne.co.uk\/hkblog\/wp-content\/uploads\/2019\/04\/20190318_050-1024x768.jpg 1024w, https:\/\/sebetanne.co.uk\/hkblog\/wp-content\/uploads\/2019\/04\/20190318_050-300x225.jpg 300w, https:\/\/sebetanne.co.uk\/hkblog\/wp-content\/uploads\/2019\/04\/20190318_050-768x576.jpg 768w\" sizes=\"auto, (max-width: 1024px) 100vw, 1024px\" \/><\/a><\/figure>\n\n\n\n<p>I met a man who did the same path 4 times running. I met him in one direction, then the other and back again. That&#8217;s mad!<\/p>\n\n\n\n<p style=\"text-align:right\"><em>J&#8217;ai rencontr\u00e9 un homme qui a fait le m\u00eame chemin 4 fois en courant. Je l&#8217;ai rencontr\u00e9 dans un sens, puis dans l&#8217;autre et \u00e0 nouveau. C&#8217;est fou !<\/em><\/p>\n\n\n\n<p>The last bit of the trail was scary. If you fall, there&#8217;s nothing to stop you until you reach the road and it&#8217;s abrupt.<\/p>\n\n\n\n<p style=\"text-align:right\"><em>La derni\u00e8re partie de la piste \u00e9tait effrayante. Si vous tombez, rien ne vous arr\u00eatera avant d\u2019atteindre la route et c\u2019est abrupt.<\/em><\/p>\n\n\n\n<figure class=\"wp-block-image\"><a href=\"https:\/\/sebetanne.co.uk\/hkblog\/wp-content\/uploads\/2019\/04\/20190318_051.jpg\"><img loading=\"lazy\" decoding=\"async\" width=\"768\" height=\"1024\" src=\"https:\/\/sebetanne.co.uk\/hkblog\/wp-content\/uploads\/2019\/04\/20190318_051-768x1024.jpg\" alt=\"\" class=\"wp-image-1938\" srcset=\"https:\/\/sebetanne.co.uk\/hkblog\/wp-content\/uploads\/2019\/04\/20190318_051-768x1024.jpg 768w, https:\/\/sebetanne.co.uk\/hkblog\/wp-content\/uploads\/2019\/04\/20190318_051-225x300.jpg 225w\" sizes=\"auto, (max-width: 768px) 100vw, 768px\" \/><\/a><\/figure>\n\n\n\n<p>It took me around an hour and forty five minutes. I stopped to take a lot of pictures and take a break. I was really glad to get in the cool air conditioned bus and even more glad for the shower once at home! But proud of myself to have done it!<\/p>\n\n\n\n<p style=\"text-align:right\"><em>Cela m&#8217;a pris environ une heure et quarante-cinq minutes. Je me suis arr\u00eat\u00e9e pour prendre beaucoup de photos et faire des pauses. J&#8217;\u00e9tais vraiment contente de monter dans le bus climatis\u00e9 et encore plus contente de prendre une douche une fois \u00e0 la maison ! Mais fi\u00e8re de moi de l&#8217;avoir fait !<\/em><\/p>\n","protected":false},"excerpt":{"rendered":"<p>After getting our visas, I decided to stop at Repulse Bay and walk home through Tai Tam Country Park. Oh[&#8230;]<\/p>\n","protected":false},"author":1,"featured_media":1922,"parent":1737,"menu_order":4,"comment_status":"closed","ping_status":"closed","template":"template-fullwidth.php","meta":{"footnotes":""},"class_list":["post-1916","page","type-page","status-publish","has-post-thumbnail","hentry"],"post_mailing_queue_ids":[],"_links":{"self":[{"href":"https:\/\/sebetanne.co.uk\/hkblog\/wp-json\/wp\/v2\/pages\/1916","targetHints":{"allow":["GET"]}}],"collection":[{"href":"https:\/\/sebetanne.co.uk\/hkblog\/wp-json\/wp\/v2\/pages"}],"about":[{"href":"https:\/\/sebetanne.co.uk\/hkblog\/wp-json\/wp\/v2\/types\/page"}],"author":[{"embeddable":true,"href":"https:\/\/sebetanne.co.uk\/hkblog\/wp-json\/wp\/v2\/users\/1"}],"replies":[{"embeddable":true,"href":"https:\/\/sebetanne.co.uk\/hkblog\/wp-json\/wp\/v2\/comments?post=1916"}],"version-history":[{"count":1,"href":"https:\/\/sebetanne.co.uk\/hkblog\/wp-json\/wp\/v2\/pages\/1916\/revisions"}],"predecessor-version":[{"id":33544,"href":"https:\/\/sebetanne.co.uk\/hkblog\/wp-json\/wp\/v2\/pages\/1916\/revisions\/33544"}],"up":[{"embeddable":true,"href":"https:\/\/sebetanne.co.uk\/hkblog\/wp-json\/wp\/v2\/pages\/1737"}],"wp:featuredmedia":[{"embeddable":true,"href":"https:\/\/sebetanne.co.uk\/hkblog\/wp-json\/wp\/v2\/media\/1922"}],"wp:attachment":[{"href":"https:\/\/sebetanne.co.uk\/hkblog\/wp-json\/wp\/v2\/media?parent=1916"}],"curies":[{"name":"wp","href":"https:\/\/api.w.org\/{rel}","templated":true}]}}