{"id":1758,"date":"2019-03-30T00:40:14","date_gmt":"2019-03-30T00:40:14","guid":{"rendered":"http:\/\/sebetanne.co.uk\/hkblog\/?page_id=1758"},"modified":"2022-08-14T11:44:31","modified_gmt":"2022-08-14T11:44:31","slug":"nature","status":"publish","type":"page","link":"https:\/\/sebetanne.co.uk\/hkblog\/gallery-photos\/hong-kong\/nature\/","title":{"rendered":"Nature"},"content":{"rendered":"\n<p>Forests are luscious here. But sometimes, nature can also make you smile or react in an unexpected way&#8230;<\/p>\n\n\n\n<p class=\"has-text-align-right\"><em>Les for\u00eats sont luxuriantes ici. Mais parfois, la nature peut aussi vous faire sourire ou r\u00e9agir de mani\u00e8re inattendue \u2026<\/em><\/p>\n\n\n\n<figure class=\"wp-block-gallery aligncenter columns-1 is-cropped wp-block-gallery-1 is-layout-flex wp-block-gallery-is-layout-flex\"><ul class=\"blocks-gallery-grid\"><li class=\"blocks-gallery-item\"><figure><a href=\"https:\/\/sebetanne.co.uk\/hkblog\/wp-content\/uploads\/2020\/12\/20201108_172604-scaled.jpg\"><img loading=\"lazy\" decoding=\"async\" width=\"1024\" height=\"576\" src=\"https:\/\/sebetanne.co.uk\/hkblog\/wp-content\/uploads\/2020\/12\/20201108_172604-1024x576.jpg\" alt=\"\" data-id=\"2715\" data-full-url=\"https:\/\/sebetanne.co.uk\/hkblog\/wp-content\/uploads\/2020\/12\/20201108_172604-scaled.jpg\" data-link=\"https:\/\/sebetanne.co.uk\/hkblog\/gallery-photos\/nature\/20201108_172604\/\" class=\"wp-image-2715\" srcset=\"https:\/\/sebetanne.co.uk\/hkblog\/wp-content\/uploads\/2020\/12\/20201108_172604-1024x576.jpg 1024w, https:\/\/sebetanne.co.uk\/hkblog\/wp-content\/uploads\/2020\/12\/20201108_172604-300x169.jpg 300w, https:\/\/sebetanne.co.uk\/hkblog\/wp-content\/uploads\/2020\/12\/20201108_172604-768x432.jpg 768w, https:\/\/sebetanne.co.uk\/hkblog\/wp-content\/uploads\/2020\/12\/20201108_172604-1536x864.jpg 1536w, https:\/\/sebetanne.co.uk\/hkblog\/wp-content\/uploads\/2020\/12\/20201108_172604-2048x1152.jpg 2048w\" sizes=\"auto, (max-width: 1024px) 100vw, 1024px\" \/><\/a><\/figure><\/li><li class=\"blocks-gallery-item\"><figure><a href=\"https:\/\/sebetanne.co.uk\/hkblog\/wp-content\/uploads\/2020\/12\/20201108_173005-scaled.jpg\"><img loading=\"lazy\" decoding=\"async\" width=\"576\" height=\"1024\" src=\"https:\/\/sebetanne.co.uk\/hkblog\/wp-content\/uploads\/2020\/12\/20201108_173005-576x1024.jpg\" alt=\"\" data-id=\"2716\" data-full-url=\"https:\/\/sebetanne.co.uk\/hkblog\/wp-content\/uploads\/2020\/12\/20201108_173005-scaled.jpg\" data-link=\"https:\/\/sebetanne.co.uk\/hkblog\/gallery-photos\/nature\/20201108_173005\/\" class=\"wp-image-2716\" srcset=\"https:\/\/sebetanne.co.uk\/hkblog\/wp-content\/uploads\/2020\/12\/20201108_173005-576x1024.jpg 576w, https:\/\/sebetanne.co.uk\/hkblog\/wp-content\/uploads\/2020\/12\/20201108_173005-169x300.jpg 169w, https:\/\/sebetanne.co.uk\/hkblog\/wp-content\/uploads\/2020\/12\/20201108_173005-768x1365.jpg 768w, https:\/\/sebetanne.co.uk\/hkblog\/wp-content\/uploads\/2020\/12\/20201108_173005-864x1536.jpg 864w, https:\/\/sebetanne.co.uk\/hkblog\/wp-content\/uploads\/2020\/12\/20201108_173005-1152x2048.jpg 1152w, https:\/\/sebetanne.co.uk\/hkblog\/wp-content\/uploads\/2020\/12\/20201108_173005-scaled.jpg 1440w\" sizes=\"auto, (max-width: 576px) 100vw, 576px\" \/><\/a><\/figure><\/li><\/ul><figcaption class=\"blocks-gallery-caption\">Sunset in Stanley \/ <em>Coucher de soleil \u00e0 Stanley<\/em><\/figcaption><\/figure>\n\n\n\n<figure class=\"wp-block-gallery aligncenter columns-2 is-cropped wp-block-gallery-2 is-layout-flex wp-block-gallery-is-layout-flex\"><ul class=\"blocks-gallery-grid\"><li class=\"blocks-gallery-item\"><figure><a href=\"https:\/\/sebetanne.co.uk\/hkblog\/wp-content\/uploads\/2020\/11\/2020.10.26-026-Tai-O-scaled.jpg\"><img loading=\"lazy\" decoding=\"async\" width=\"683\" height=\"1024\" src=\"https:\/\/sebetanne.co.uk\/hkblog\/wp-content\/uploads\/2020\/11\/2020.10.26-026-Tai-O-683x1024.jpg\" alt=\"\" data-id=\"2575\" data-full-url=\"https:\/\/sebetanne.co.uk\/hkblog\/wp-content\/uploads\/2020\/11\/2020.10.26-026-Tai-O-scaled.jpg\" data-link=\"https:\/\/sebetanne.co.uk\/hkblog\/gallery-photos\/nature\/2020-10-26-026-tai-o\/\" class=\"wp-image-2575\" srcset=\"https:\/\/sebetanne.co.uk\/hkblog\/wp-content\/uploads\/2020\/11\/2020.10.26-026-Tai-O-683x1024.jpg 683w, https:\/\/sebetanne.co.uk\/hkblog\/wp-content\/uploads\/2020\/11\/2020.10.26-026-Tai-O-200x300.jpg 200w, https:\/\/sebetanne.co.uk\/hkblog\/wp-content\/uploads\/2020\/11\/2020.10.26-026-Tai-O-768x1152.jpg 768w, https:\/\/sebetanne.co.uk\/hkblog\/wp-content\/uploads\/2020\/11\/2020.10.26-026-Tai-O-1024x1536.jpg 1024w, https:\/\/sebetanne.co.uk\/hkblog\/wp-content\/uploads\/2020\/11\/2020.10.26-026-Tai-O-1365x2048.jpg 1365w, https:\/\/sebetanne.co.uk\/hkblog\/wp-content\/uploads\/2020\/11\/2020.10.26-026-Tai-O-scaled.jpg 1707w\" sizes=\"auto, (max-width: 683px) 100vw, 683px\" \/><\/a><\/figure><\/li><li class=\"blocks-gallery-item\"><figure><a href=\"https:\/\/sebetanne.co.uk\/hkblog\/wp-content\/uploads\/2020\/11\/2020.10.26-027-Tai-O-scaled.jpg\"><img loading=\"lazy\" decoding=\"async\" width=\"683\" height=\"1024\" src=\"https:\/\/sebetanne.co.uk\/hkblog\/wp-content\/uploads\/2020\/11\/2020.10.26-027-Tai-O-683x1024.jpg\" alt=\"\" data-id=\"2576\" data-full-url=\"https:\/\/sebetanne.co.uk\/hkblog\/wp-content\/uploads\/2020\/11\/2020.10.26-027-Tai-O-scaled.jpg\" data-link=\"https:\/\/sebetanne.co.uk\/hkblog\/gallery-photos\/nature\/2020-10-26-027-tai-o\/\" class=\"wp-image-2576\" srcset=\"https:\/\/sebetanne.co.uk\/hkblog\/wp-content\/uploads\/2020\/11\/2020.10.26-027-Tai-O-683x1024.jpg 683w, https:\/\/sebetanne.co.uk\/hkblog\/wp-content\/uploads\/2020\/11\/2020.10.26-027-Tai-O-200x300.jpg 200w, https:\/\/sebetanne.co.uk\/hkblog\/wp-content\/uploads\/2020\/11\/2020.10.26-027-Tai-O-768x1152.jpg 768w, https:\/\/sebetanne.co.uk\/hkblog\/wp-content\/uploads\/2020\/11\/2020.10.26-027-Tai-O-1024x1536.jpg 1024w, https:\/\/sebetanne.co.uk\/hkblog\/wp-content\/uploads\/2020\/11\/2020.10.26-027-Tai-O-1365x2048.jpg 1365w, https:\/\/sebetanne.co.uk\/hkblog\/wp-content\/uploads\/2020\/11\/2020.10.26-027-Tai-O-scaled.jpg 1707w\" sizes=\"auto, (max-width: 683px) 100vw, 683px\" \/><\/a><\/figure><\/li><\/ul><figcaption class=\"blocks-gallery-caption\">Trees in Tai O<\/figcaption><\/figure>\n\n\n\n<figure class=\"wp-block-image\"><a href=\"blob:https:\/\/sebetanne.co.uk\/581ec73b-11e4-4118-9d8d-5d6a242117b4\"><img loading=\"lazy\" decoding=\"async\" width=\"768\" height=\"1024\" src=\"https:\/\/sebetanne.co.uk\/hkblog\/wp-content\/uploads\/2019\/09\/20190612_039-768x1024.jpg\" alt=\"\" class=\"wp-image-2315\" srcset=\"https:\/\/sebetanne.co.uk\/hkblog\/wp-content\/uploads\/2019\/09\/20190612_039-768x1024.jpg 768w, https:\/\/sebetanne.co.uk\/hkblog\/wp-content\/uploads\/2019\/09\/20190612_039-225x300.jpg 225w\" sizes=\"auto, (max-width: 768px) 100vw, 768px\" \/><\/a><figcaption>I love those flowers!<\/figcaption><\/figure>\n\n\n\n<p>The view from our flat. \/ <em>La vue de notre appartement.<\/em><\/p>\n\n\n\n<figure class=\"wp-block-gallery columns-2 is-cropped wp-block-gallery-3 is-layout-flex wp-block-gallery-is-layout-flex\"><ul class=\"blocks-gallery-grid\"><li class=\"blocks-gallery-item\"><figure><a href=\"https:\/\/sebetanne.co.uk\/hkblog\/wp-content\/uploads\/2019\/06\/20190528_113-1024x683.jpg\"><img loading=\"lazy\" decoding=\"async\" width=\"1024\" height=\"683\" src=\"https:\/\/sebetanne.co.uk\/hkblog\/wp-content\/uploads\/2019\/06\/20190528_113-1024x683.jpg\" alt=\"\" data-id=\"2268\" data-link=\"https:\/\/sebetanne.co.uk\/hkblog\/gallery-photos\/nature\/20190528_113\/\" class=\"wp-image-2268\" srcset=\"https:\/\/sebetanne.co.uk\/hkblog\/wp-content\/uploads\/2019\/06\/20190528_113-1024x683.jpg 1024w, https:\/\/sebetanne.co.uk\/hkblog\/wp-content\/uploads\/2019\/06\/20190528_113-300x200.jpg 300w, https:\/\/sebetanne.co.uk\/hkblog\/wp-content\/uploads\/2019\/06\/20190528_113-768x512.jpg 768w, https:\/\/sebetanne.co.uk\/hkblog\/wp-content\/uploads\/2019\/06\/20190528_113-840x560.jpg 840w, https:\/\/sebetanne.co.uk\/hkblog\/wp-content\/uploads\/2019\/06\/20190528_113-120x80.jpg 120w, https:\/\/sebetanne.co.uk\/hkblog\/wp-content\/uploads\/2019\/06\/20190528_113-360x240.jpg 360w, https:\/\/sebetanne.co.uk\/hkblog\/wp-content\/uploads\/2019\/06\/20190528_113-600x400.jpg 600w\" sizes=\"auto, (max-width: 1024px) 100vw, 1024px\" \/><\/a><figcaption class=\"blocks-gallery-item__caption\">Storm is gathering \/<em> La pluie arrive<\/em><\/figcaption><\/figure><\/li><li class=\"blocks-gallery-item\"><figure><a href=\"https:\/\/sebetanne.co.uk\/hkblog\/wp-content\/uploads\/2019\/06\/20190602_003-1024x683.jpg\"><img loading=\"lazy\" decoding=\"async\" width=\"1024\" height=\"683\" src=\"https:\/\/sebetanne.co.uk\/hkblog\/wp-content\/uploads\/2019\/06\/20190602_003-1024x683.jpg\" alt=\"\" data-id=\"2269\" data-link=\"https:\/\/sebetanne.co.uk\/hkblog\/gallery-photos\/nature\/20190602_003\/\" class=\"wp-image-2269\" srcset=\"https:\/\/sebetanne.co.uk\/hkblog\/wp-content\/uploads\/2019\/06\/20190602_003-1024x683.jpg 1024w, https:\/\/sebetanne.co.uk\/hkblog\/wp-content\/uploads\/2019\/06\/20190602_003-300x200.jpg 300w, https:\/\/sebetanne.co.uk\/hkblog\/wp-content\/uploads\/2019\/06\/20190602_003-768x512.jpg 768w, https:\/\/sebetanne.co.uk\/hkblog\/wp-content\/uploads\/2019\/06\/20190602_003-840x560.jpg 840w, https:\/\/sebetanne.co.uk\/hkblog\/wp-content\/uploads\/2019\/06\/20190602_003-120x80.jpg 120w, https:\/\/sebetanne.co.uk\/hkblog\/wp-content\/uploads\/2019\/06\/20190602_003-360x240.jpg 360w, https:\/\/sebetanne.co.uk\/hkblog\/wp-content\/uploads\/2019\/06\/20190602_003-600x400.jpg 600w\" sizes=\"auto, (max-width: 1024px) 100vw, 1024px\" \/><\/a><figcaption class=\"blocks-gallery-item__caption\">Sunset \/ <em>Coucher de soleil<\/em><\/figcaption><\/figure><\/li><li class=\"blocks-gallery-item\"><figure><a href=\"https:\/\/sebetanne.co.uk\/hkblog\/wp-content\/uploads\/2019\/06\/20190608_028-1024x683.jpg\"><img loading=\"lazy\" decoding=\"async\" width=\"1024\" height=\"683\" src=\"https:\/\/sebetanne.co.uk\/hkblog\/wp-content\/uploads\/2019\/06\/20190608_028-1024x683.jpg\" alt=\"\" data-id=\"2270\" data-link=\"https:\/\/sebetanne.co.uk\/hkblog\/gallery-photos\/nature\/20190608_028\/\" class=\"wp-image-2270\" srcset=\"https:\/\/sebetanne.co.uk\/hkblog\/wp-content\/uploads\/2019\/06\/20190608_028-1024x683.jpg 1024w, https:\/\/sebetanne.co.uk\/hkblog\/wp-content\/uploads\/2019\/06\/20190608_028-300x200.jpg 300w, https:\/\/sebetanne.co.uk\/hkblog\/wp-content\/uploads\/2019\/06\/20190608_028-768x512.jpg 768w, https:\/\/sebetanne.co.uk\/hkblog\/wp-content\/uploads\/2019\/06\/20190608_028-840x560.jpg 840w, https:\/\/sebetanne.co.uk\/hkblog\/wp-content\/uploads\/2019\/06\/20190608_028-120x80.jpg 120w, https:\/\/sebetanne.co.uk\/hkblog\/wp-content\/uploads\/2019\/06\/20190608_028-360x240.jpg 360w, https:\/\/sebetanne.co.uk\/hkblog\/wp-content\/uploads\/2019\/06\/20190608_028-600x400.jpg 600w\" sizes=\"auto, (max-width: 1024px) 100vw, 1024px\" \/><\/a><figcaption class=\"blocks-gallery-item__caption\">Little clouds \/ Petits nuages<\/figcaption><\/figure><\/li><li class=\"blocks-gallery-item\"><figure><a href=\"https:\/\/sebetanne.co.uk\/hkblog\/wp-content\/uploads\/2019\/06\/20190608_031-1024x683.jpg\"><img loading=\"lazy\" decoding=\"async\" width=\"1024\" height=\"683\" src=\"https:\/\/sebetanne.co.uk\/hkblog\/wp-content\/uploads\/2019\/06\/20190608_031-1024x683.jpg\" alt=\"\" data-id=\"2271\" data-link=\"https:\/\/sebetanne.co.uk\/hkblog\/gallery-photos\/nature\/20190608_031\/\" class=\"wp-image-2271\" srcset=\"https:\/\/sebetanne.co.uk\/hkblog\/wp-content\/uploads\/2019\/06\/20190608_031-1024x683.jpg 1024w, https:\/\/sebetanne.co.uk\/hkblog\/wp-content\/uploads\/2019\/06\/20190608_031-300x200.jpg 300w, https:\/\/sebetanne.co.uk\/hkblog\/wp-content\/uploads\/2019\/06\/20190608_031-768x512.jpg 768w, https:\/\/sebetanne.co.uk\/hkblog\/wp-content\/uploads\/2019\/06\/20190608_031-840x560.jpg 840w, https:\/\/sebetanne.co.uk\/hkblog\/wp-content\/uploads\/2019\/06\/20190608_031-120x80.jpg 120w, https:\/\/sebetanne.co.uk\/hkblog\/wp-content\/uploads\/2019\/06\/20190608_031-360x240.jpg 360w, https:\/\/sebetanne.co.uk\/hkblog\/wp-content\/uploads\/2019\/06\/20190608_031-600x400.jpg 600w\" sizes=\"auto, (max-width: 1024px) 100vw, 1024px\" \/><\/a><figcaption class=\"blocks-gallery-item__caption\">Sunset \/ <em>Coucher de soleil<\/em><\/figcaption><\/figure><\/li><\/ul><\/figure>\n\n\n\n<figure class=\"wp-block-image\"><a href=\"blob:https:\/\/sebetanne.co.uk\/8e07875a-93f5-486f-9fa9-cac1499d833e\"><img loading=\"lazy\" decoding=\"async\" width=\"1024\" height=\"768\" src=\"https:\/\/sebetanne.co.uk\/hkblog\/wp-content\/uploads\/2019\/06\/20190605_007-1024x768.jpg\" alt=\"\" class=\"wp-image-2272\" srcset=\"https:\/\/sebetanne.co.uk\/hkblog\/wp-content\/uploads\/2019\/06\/20190605_007-1024x768.jpg 1024w, https:\/\/sebetanne.co.uk\/hkblog\/wp-content\/uploads\/2019\/06\/20190605_007-300x225.jpg 300w, https:\/\/sebetanne.co.uk\/hkblog\/wp-content\/uploads\/2019\/06\/20190605_007-768x576.jpg 768w\" sizes=\"auto, (max-width: 1024px) 100vw, 1024px\" \/><\/a><figcaption>Unusual lily \/<em> Lis original<\/em><\/figcaption><\/figure>\n\n\n\n<figure class=\"wp-block-image\"><a href=\"blob:https:\/\/sebetanne.co.uk\/5af05cdc-bab2-41a4-bb2e-dfd5643dba87\"><img loading=\"lazy\" decoding=\"async\" width=\"768\" height=\"1024\" src=\"https:\/\/sebetanne.co.uk\/hkblog\/wp-content\/uploads\/2019\/05\/20190404_009-768x1024.jpg\" alt=\"\" class=\"wp-image-2169\" srcset=\"https:\/\/sebetanne.co.uk\/hkblog\/wp-content\/uploads\/2019\/05\/20190404_009-768x1024.jpg 768w, https:\/\/sebetanne.co.uk\/hkblog\/wp-content\/uploads\/2019\/05\/20190404_009-225x300.jpg 225w\" sizes=\"auto, (max-width: 768px) 100vw, 768px\" \/><\/a><figcaption>Another of these giant trees \/ <em>Un autre arbre g\u00e9ant<\/em><\/figcaption><\/figure>\n\n\n\n<figure class=\"wp-block-image\"><a href=\"blob:https:\/\/sebetanne.co.uk\/067ac01a-088c-4040-8eb6-bd961a0327e0\"><img loading=\"lazy\" decoding=\"async\" width=\"1024\" height=\"768\" src=\"https:\/\/sebetanne.co.uk\/hkblog\/wp-content\/uploads\/2019\/05\/20190503_011-1024x768.jpg\" alt=\"\" class=\"wp-image-2083\" srcset=\"https:\/\/sebetanne.co.uk\/hkblog\/wp-content\/uploads\/2019\/05\/20190503_011-1024x768.jpg 1024w, https:\/\/sebetanne.co.uk\/hkblog\/wp-content\/uploads\/2019\/05\/20190503_011-300x225.jpg 300w, https:\/\/sebetanne.co.uk\/hkblog\/wp-content\/uploads\/2019\/05\/20190503_011-768x576.jpg 768w\" sizes=\"auto, (max-width: 1024px) 100vw, 1024px\" \/><\/a><figcaption>Flower shop in Stanley Market \/ <em>Fleuriste \u00e0 Stanley Market<\/em><\/figcaption><\/figure>\n\n\n\n<figure class=\"wp-block-image\"><a href=\"blob:https:\/\/sebetanne.co.uk\/abd1f788-3c0b-4d35-9e65-c4d5b35526fd\"><img loading=\"lazy\" decoding=\"async\" width=\"768\" height=\"1024\" src=\"https:\/\/sebetanne.co.uk\/hkblog\/wp-content\/uploads\/2019\/03\/20181203_016-768x1024.jpg\" alt=\"\" class=\"wp-image-1781\" srcset=\"https:\/\/sebetanne.co.uk\/hkblog\/wp-content\/uploads\/2019\/03\/20181203_016-768x1024.jpg 768w, https:\/\/sebetanne.co.uk\/hkblog\/wp-content\/uploads\/2019\/03\/20181203_016-225x300.jpg 225w\" sizes=\"auto, (max-width: 768px) 100vw, 768px\" \/><\/a><\/figure>\n\n\n\n<figure class=\"wp-block-image\"><a href=\"blob:https:\/\/sebetanne.co.uk\/48611665-1015-415b-8405-26ed00393259\"><img loading=\"lazy\" decoding=\"async\" width=\"768\" height=\"1024\" src=\"https:\/\/sebetanne.co.uk\/hkblog\/wp-content\/uploads\/2019\/03\/20190101_003-768x1024.jpg\" alt=\"\" class=\"wp-image-1784\" srcset=\"https:\/\/sebetanne.co.uk\/hkblog\/wp-content\/uploads\/2019\/03\/20190101_003-768x1024.jpg 768w, https:\/\/sebetanne.co.uk\/hkblog\/wp-content\/uploads\/2019\/03\/20190101_003-225x300.jpg 225w\" sizes=\"auto, (max-width: 768px) 100vw, 768px\" \/><\/a><\/figure>\n\n\n\n<figure class=\"wp-block-image\"><a href=\"blob:https:\/\/sebetanne.co.uk\/981eba37-34b5-46cf-be66-74a33a622ba3\"><img loading=\"lazy\" decoding=\"async\" width=\"1024\" height=\"768\" src=\"https:\/\/sebetanne.co.uk\/hkblog\/wp-content\/uploads\/2019\/04\/20181122_025-1024x768.jpg\" alt=\"\" class=\"wp-image-1812\" srcset=\"https:\/\/sebetanne.co.uk\/hkblog\/wp-content\/uploads\/2019\/04\/20181122_025-1024x768.jpg 1024w, https:\/\/sebetanne.co.uk\/hkblog\/wp-content\/uploads\/2019\/04\/20181122_025-300x225.jpg 300w, https:\/\/sebetanne.co.uk\/hkblog\/wp-content\/uploads\/2019\/04\/20181122_025-768x576.jpg 768w\" sizes=\"auto, (max-width: 1024px) 100vw, 1024px\" \/><\/a><figcaption>The trees in front of the back gate \/ <em>Les arbres en face du portail<\/em><\/figcaption><\/figure>\n\n\n\n<figure class=\"wp-block-image\"><a href=\"blob:https:\/\/sebetanne.co.uk\/017a4ac6-25f7-46b7-b68f-abebb6351f0a\"><img loading=\"lazy\" decoding=\"async\" width=\"768\" height=\"1024\" src=\"https:\/\/sebetanne.co.uk\/hkblog\/wp-content\/uploads\/2019\/04\/20180922_108-768x1024.jpg\" alt=\"\" class=\"wp-image-1813\" srcset=\"https:\/\/sebetanne.co.uk\/hkblog\/wp-content\/uploads\/2019\/04\/20180922_108-768x1024.jpg 768w, https:\/\/sebetanne.co.uk\/hkblog\/wp-content\/uploads\/2019\/04\/20180922_108-225x300.jpg 225w\" sizes=\"auto, (max-width: 768px) 100vw, 768px\" \/><\/a><\/figure>\n\n\n\n<figure class=\"wp-block-image\"><a href=\"blob:https:\/\/sebetanne.co.uk\/d941d510-d733-4a72-af8e-9cd29a10bf2a\"><img loading=\"lazy\" decoding=\"async\" width=\"1024\" height=\"768\" src=\"https:\/\/sebetanne.co.uk\/hkblog\/wp-content\/uploads\/2019\/04\/20180815_086-1024x768.jpg\" alt=\"\" class=\"wp-image-1816\" srcset=\"https:\/\/sebetanne.co.uk\/hkblog\/wp-content\/uploads\/2019\/04\/20180815_086-1024x768.jpg 1024w, https:\/\/sebetanne.co.uk\/hkblog\/wp-content\/uploads\/2019\/04\/20180815_086-300x225.jpg 300w, https:\/\/sebetanne.co.uk\/hkblog\/wp-content\/uploads\/2019\/04\/20180815_086-768x576.jpg 768w\" sizes=\"auto, (max-width: 1024px) 100vw, 1024px\" \/><\/a><figcaption>Mushroom growing between the roots of a tree \/ <em>Champignons qui poussent entre les racines d&#8217;un arbre<\/em><\/figcaption><\/figure>\n\n\n\n<figure class=\"wp-block-image\"><a href=\"blob:https:\/\/sebetanne.co.uk\/d01236ec-98af-42d8-a341-6665b81c5a4f\"><img loading=\"lazy\" decoding=\"async\" width=\"1024\" height=\"683\" src=\"https:\/\/sebetanne.co.uk\/hkblog\/wp-content\/uploads\/2019\/04\/20180818_118-1024x683.jpg\" alt=\"\" class=\"wp-image-1817\" srcset=\"https:\/\/sebetanne.co.uk\/hkblog\/wp-content\/uploads\/2019\/04\/20180818_118-1024x683.jpg 1024w, https:\/\/sebetanne.co.uk\/hkblog\/wp-content\/uploads\/2019\/04\/20180818_118-300x200.jpg 300w, https:\/\/sebetanne.co.uk\/hkblog\/wp-content\/uploads\/2019\/04\/20180818_118-768x512.jpg 768w, https:\/\/sebetanne.co.uk\/hkblog\/wp-content\/uploads\/2019\/04\/20180818_118-840x560.jpg 840w, https:\/\/sebetanne.co.uk\/hkblog\/wp-content\/uploads\/2019\/04\/20180818_118-120x80.jpg 120w, https:\/\/sebetanne.co.uk\/hkblog\/wp-content\/uploads\/2019\/04\/20180818_118-360x240.jpg 360w, https:\/\/sebetanne.co.uk\/hkblog\/wp-content\/uploads\/2019\/04\/20180818_118-600x400.jpg 600w\" sizes=\"auto, (max-width: 1024px) 100vw, 1024px\" \/><\/a><\/figure>\n\n\n\n<figure class=\"wp-block-image\"><a href=\"blob:https:\/\/sebetanne.co.uk\/b6ec7fa8-4924-4c2d-91b0-9e00713a5d39\"><img loading=\"lazy\" decoding=\"async\" width=\"768\" height=\"1024\" src=\"https:\/\/sebetanne.co.uk\/hkblog\/wp-content\/uploads\/2019\/04\/20180902_010-768x1024.jpg\" alt=\"\" class=\"wp-image-1818\" srcset=\"https:\/\/sebetanne.co.uk\/hkblog\/wp-content\/uploads\/2019\/04\/20180902_010-768x1024.jpg 768w, https:\/\/sebetanne.co.uk\/hkblog\/wp-content\/uploads\/2019\/04\/20180902_010-225x300.jpg 225w\" sizes=\"auto, (max-width: 768px) 100vw, 768px\" \/><\/a><figcaption>Trees in the mist \/ <em>For\u00eat dans la brume<\/em><\/figcaption><\/figure>\n\n\n\n<figure class=\"wp-block-image\"><a href=\"blob:https:\/\/sebetanne.co.uk\/23f51ea6-3c51-4cd0-8a76-847c829c9941\"><img loading=\"lazy\" decoding=\"async\" width=\"768\" height=\"1024\" src=\"https:\/\/sebetanne.co.uk\/hkblog\/wp-content\/uploads\/2019\/04\/20180910_055-768x1024.jpg\" alt=\"\" class=\"wp-image-1820\" srcset=\"https:\/\/sebetanne.co.uk\/hkblog\/wp-content\/uploads\/2019\/04\/20180910_055-768x1024.jpg 768w, https:\/\/sebetanne.co.uk\/hkblog\/wp-content\/uploads\/2019\/04\/20180910_055-225x300.jpg 225w\" sizes=\"auto, (max-width: 768px) 100vw, 768px\" \/><\/a><figcaption>Plants grow everywhere, even on walls \/ <em>Les plantes poussent sur les murs<\/em><\/figcaption><\/figure>\n","protected":false},"excerpt":{"rendered":"<p>Forests are luscious here. But sometimes, nature can also make you smile or react in an unexpected way&#8230; Les for\u00eats[&#8230;]<\/p>\n","protected":false},"author":1,"featured_media":397,"parent":11382,"menu_order":93,"comment_status":"open","ping_status":"closed","template":"template-fullwidth.php","meta":{"footnotes":""},"class_list":["post-1758","page","type-page","status-publish","has-post-thumbnail","hentry"],"post_mailing_queue_ids":[],"_links":{"self":[{"href":"https:\/\/sebetanne.co.uk\/hkblog\/wp-json\/wp\/v2\/pages\/1758","targetHints":{"allow":["GET"]}}],"collection":[{"href":"https:\/\/sebetanne.co.uk\/hkblog\/wp-json\/wp\/v2\/pages"}],"about":[{"href":"https:\/\/sebetanne.co.uk\/hkblog\/wp-json\/wp\/v2\/types\/page"}],"author":[{"embeddable":true,"href":"https:\/\/sebetanne.co.uk\/hkblog\/wp-json\/wp\/v2\/users\/1"}],"replies":[{"embeddable":true,"href":"https:\/\/sebetanne.co.uk\/hkblog\/wp-json\/wp\/v2\/comments?post=1758"}],"version-history":[{"count":3,"href":"https:\/\/sebetanne.co.uk\/hkblog\/wp-json\/wp\/v2\/pages\/1758\/revisions"}],"predecessor-version":[{"id":2717,"href":"https:\/\/sebetanne.co.uk\/hkblog\/wp-json\/wp\/v2\/pages\/1758\/revisions\/2717"}],"up":[{"embeddable":true,"href":"https:\/\/sebetanne.co.uk\/hkblog\/wp-json\/wp\/v2\/pages\/11382"}],"wp:featuredmedia":[{"embeddable":true,"href":"https:\/\/sebetanne.co.uk\/hkblog\/wp-json\/wp\/v2\/media\/397"}],"wp:attachment":[{"href":"https:\/\/sebetanne.co.uk\/hkblog\/wp-json\/wp\/v2\/media?parent=1758"}],"curies":[{"name":"wp","href":"https:\/\/api.w.org\/{rel}","templated":true}]}}