{"id":1756,"date":"2019-03-30T00:39:49","date_gmt":"2019-03-30T00:39:49","guid":{"rendered":"http:\/\/sebetanne.co.uk\/hkblog\/?page_id=1756"},"modified":"2022-08-14T11:44:39","modified_gmt":"2022-08-14T11:44:39","slug":"shops","status":"publish","type":"page","link":"https:\/\/sebetanne.co.uk\/hkblog\/gallery-photos\/hong-kong\/shops\/","title":{"rendered":"Shops"},"content":{"rendered":"\n<p>Hong Kong shops can be a bit different from what we are used to in Europe. So this is a selection of views that surprised me.<\/p>\n\n\n\n<p class=\"has-text-align-right\"><em>Les magasins de Hong Kong sont quelque peu diff\u00e9rents de ceux qu\u2019on voit en Europe. Je vous propose s\u00e9lection d\u2019images qui m&#8217;ont surprises.<\/em><\/p>\n\n\n\n<figure class=\"wp-block-gallery aligncenter columns-1 is-cropped wp-block-gallery-1 is-layout-flex wp-block-gallery-is-layout-flex\"><ul class=\"blocks-gallery-grid\"><li class=\"blocks-gallery-item\"><figure><a href=\"https:\/\/sebetanne.co.uk\/hkblog\/wp-content\/uploads\/2021\/03\/20210301_171319-scaled.jpg\"><img loading=\"lazy\" decoding=\"async\" width=\"768\" height=\"1024\" src=\"https:\/\/sebetanne.co.uk\/hkblog\/wp-content\/uploads\/2021\/03\/20210301_171319-768x1024.jpg\" alt=\"\" data-id=\"3154\" data-full-url=\"https:\/\/sebetanne.co.uk\/hkblog\/wp-content\/uploads\/2021\/03\/20210301_171319-scaled.jpg\" data-link=\"https:\/\/sebetanne.co.uk\/hkblog\/gallery-photos\/shops\/20210301_171319\/\" class=\"wp-image-3154\" srcset=\"https:\/\/sebetanne.co.uk\/hkblog\/wp-content\/uploads\/2021\/03\/20210301_171319-768x1024.jpg 768w, https:\/\/sebetanne.co.uk\/hkblog\/wp-content\/uploads\/2021\/03\/20210301_171319-225x300.jpg 225w, https:\/\/sebetanne.co.uk\/hkblog\/wp-content\/uploads\/2021\/03\/20210301_171319-1152x1536.jpg 1152w, https:\/\/sebetanne.co.uk\/hkblog\/wp-content\/uploads\/2021\/03\/20210301_171319-1536x2048.jpg 1536w, https:\/\/sebetanne.co.uk\/hkblog\/wp-content\/uploads\/2021\/03\/20210301_171319-scaled.jpg 1920w\" sizes=\"auto, (max-width: 768px) 100vw, 768px\" \/><\/a><figcaption class=\"blocks-gallery-item__caption\">I&#8217;ve never seen a shopping mall that empty \/ <em>Centre commercial d\u00e9sert<\/em><\/figcaption><\/figure><\/li><\/ul><\/figure>\n\n\n\n<figure class=\"wp-block-gallery aligncenter columns-1 is-cropped wp-block-gallery-2 is-layout-flex wp-block-gallery-is-layout-flex\"><ul class=\"blocks-gallery-grid\"><li class=\"blocks-gallery-item\"><figure><a href=\"https:\/\/sebetanne.co.uk\/hkblog\/wp-content\/uploads\/2021\/03\/20210308_175405-scaled.jpg\"><img loading=\"lazy\" decoding=\"async\" width=\"768\" height=\"1024\" src=\"https:\/\/sebetanne.co.uk\/hkblog\/wp-content\/uploads\/2021\/03\/20210308_175405-768x1024.jpg\" alt=\"\" data-id=\"3156\" data-full-url=\"https:\/\/sebetanne.co.uk\/hkblog\/wp-content\/uploads\/2021\/03\/20210308_175405-scaled.jpg\" data-link=\"https:\/\/sebetanne.co.uk\/hkblog\/gallery-photos\/shops\/20210308_175405\/\" class=\"wp-image-3156\" srcset=\"https:\/\/sebetanne.co.uk\/hkblog\/wp-content\/uploads\/2021\/03\/20210308_175405-768x1024.jpg 768w, https:\/\/sebetanne.co.uk\/hkblog\/wp-content\/uploads\/2021\/03\/20210308_175405-225x300.jpg 225w, https:\/\/sebetanne.co.uk\/hkblog\/wp-content\/uploads\/2021\/03\/20210308_175405-1152x1536.jpg 1152w, https:\/\/sebetanne.co.uk\/hkblog\/wp-content\/uploads\/2021\/03\/20210308_175405-1536x2048.jpg 1536w, https:\/\/sebetanne.co.uk\/hkblog\/wp-content\/uploads\/2021\/03\/20210308_175405-scaled.jpg 1920w\" sizes=\"auto, (max-width: 768px) 100vw, 768px\" \/><\/a><figcaption class=\"blocks-gallery-item__caption\">Little local shop where they get comfortable with their lunch in the front \/ <em>D\u00e9jeuner en plein air<\/em><\/figcaption><\/figure><\/li><\/ul><\/figure>\n\n\n\n<figure class=\"wp-block-gallery aligncenter columns-1 is-cropped wp-block-gallery-3 is-layout-flex wp-block-gallery-is-layout-flex\"><ul class=\"blocks-gallery-grid\"><li class=\"blocks-gallery-item\"><figure><a href=\"https:\/\/sebetanne.co.uk\/hkblog\/wp-content\/uploads\/2021\/03\/20210315_103302-scaled.jpg\"><img loading=\"lazy\" decoding=\"async\" width=\"768\" height=\"1024\" src=\"https:\/\/sebetanne.co.uk\/hkblog\/wp-content\/uploads\/2021\/03\/20210315_103302-768x1024.jpg\" alt=\"\" data-id=\"3151\" data-full-url=\"https:\/\/sebetanne.co.uk\/hkblog\/wp-content\/uploads\/2021\/03\/20210315_103302-scaled.jpg\" data-link=\"https:\/\/sebetanne.co.uk\/hkblog\/gallery-photos\/shops\/20210315_103302\/\" class=\"wp-image-3151\" srcset=\"https:\/\/sebetanne.co.uk\/hkblog\/wp-content\/uploads\/2021\/03\/20210315_103302-768x1024.jpg 768w, https:\/\/sebetanne.co.uk\/hkblog\/wp-content\/uploads\/2021\/03\/20210315_103302-225x300.jpg 225w, https:\/\/sebetanne.co.uk\/hkblog\/wp-content\/uploads\/2021\/03\/20210315_103302-1152x1536.jpg 1152w, https:\/\/sebetanne.co.uk\/hkblog\/wp-content\/uploads\/2021\/03\/20210315_103302-1536x2048.jpg 1536w, https:\/\/sebetanne.co.uk\/hkblog\/wp-content\/uploads\/2021\/03\/20210315_103302-scaled.jpg 1920w\" sizes=\"auto, (max-width: 768px) 100vw, 768px\" \/><\/a><figcaption class=\"blocks-gallery-item__caption\">Botticelli must be turning in his grave! His masterpiece to sell bags and shoes \/ <em>D\u00e9tournement de tableau pour vendre des sacs et des chaussures. Shocking !<\/em><\/figcaption><\/figure><\/li><\/ul><\/figure>\n\n\n\n<figure class=\"wp-block-gallery aligncenter columns-1 is-cropped wp-block-gallery-4 is-layout-flex wp-block-gallery-is-layout-flex\"><ul class=\"blocks-gallery-grid\"><li class=\"blocks-gallery-item\"><figure><a href=\"https:\/\/sebetanne.co.uk\/hkblog\/wp-content\/uploads\/2021\/01\/20210115_145118-scaled.jpg\"><img loading=\"lazy\" decoding=\"async\" width=\"1024\" height=\"768\" src=\"https:\/\/sebetanne.co.uk\/hkblog\/wp-content\/uploads\/2021\/01\/20210115_145118-1024x768.jpg\" alt=\"\" data-id=\"2823\" data-full-url=\"https:\/\/sebetanne.co.uk\/hkblog\/wp-content\/uploads\/2021\/01\/20210115_145118-scaled.jpg\" data-link=\"https:\/\/sebetanne.co.uk\/hkblog\/gallery-photos\/shops\/20210115_145118\/\" class=\"wp-image-2823\" srcset=\"https:\/\/sebetanne.co.uk\/hkblog\/wp-content\/uploads\/2021\/01\/20210115_145118-1024x768.jpg 1024w, https:\/\/sebetanne.co.uk\/hkblog\/wp-content\/uploads\/2021\/01\/20210115_145118-300x225.jpg 300w, https:\/\/sebetanne.co.uk\/hkblog\/wp-content\/uploads\/2021\/01\/20210115_145118-768x576.jpg 768w, https:\/\/sebetanne.co.uk\/hkblog\/wp-content\/uploads\/2021\/01\/20210115_145118-1536x1152.jpg 1536w, https:\/\/sebetanne.co.uk\/hkblog\/wp-content\/uploads\/2021\/01\/20210115_145118-2048x1536.jpg 2048w\" sizes=\"auto, (max-width: 1024px) 100vw, 1024px\" \/><\/a><figcaption class=\"blocks-gallery-item__caption\">A shop specialised in disposable masks \/ <em>Sp<em>\u00e9<\/em>cialiste des masques jetables<\/em><\/figcaption><\/figure><\/li><\/ul><\/figure>\n\n\n\n<figure class=\"wp-block-gallery aligncenter columns-1 is-cropped wp-block-gallery-5 is-layout-flex wp-block-gallery-is-layout-flex\"><ul class=\"blocks-gallery-grid\"><li class=\"blocks-gallery-item\"><figure><a href=\"https:\/\/sebetanne.co.uk\/hkblog\/wp-content\/uploads\/2021\/01\/20201220_160025-scaled.jpg\"><img loading=\"lazy\" decoding=\"async\" width=\"1024\" height=\"576\" src=\"https:\/\/sebetanne.co.uk\/hkblog\/wp-content\/uploads\/2021\/01\/20201220_160025-1024x576.jpg\" alt=\"\" data-id=\"2819\" data-full-url=\"https:\/\/sebetanne.co.uk\/hkblog\/wp-content\/uploads\/2021\/01\/20201220_160025-scaled.jpg\" data-link=\"https:\/\/sebetanne.co.uk\/hkblog\/gallery-photos\/shops\/20201220_160025\/\" class=\"wp-image-2819\" srcset=\"https:\/\/sebetanne.co.uk\/hkblog\/wp-content\/uploads\/2021\/01\/20201220_160025-1024x576.jpg 1024w, https:\/\/sebetanne.co.uk\/hkblog\/wp-content\/uploads\/2021\/01\/20201220_160025-300x169.jpg 300w, https:\/\/sebetanne.co.uk\/hkblog\/wp-content\/uploads\/2021\/01\/20201220_160025-768x432.jpg 768w, https:\/\/sebetanne.co.uk\/hkblog\/wp-content\/uploads\/2021\/01\/20201220_160025-1536x864.jpg 1536w, https:\/\/sebetanne.co.uk\/hkblog\/wp-content\/uploads\/2021\/01\/20201220_160025-2048x1152.jpg 2048w\" sizes=\"auto, (max-width: 1024px) 100vw, 1024px\" \/><\/a><\/figure><\/li><li class=\"blocks-gallery-item\"><figure><a href=\"https:\/\/sebetanne.co.uk\/hkblog\/wp-content\/uploads\/2021\/01\/20201220_163303-scaled.jpg\"><img loading=\"lazy\" decoding=\"async\" width=\"1024\" height=\"576\" src=\"https:\/\/sebetanne.co.uk\/hkblog\/wp-content\/uploads\/2021\/01\/20201220_163303-1024x576.jpg\" alt=\"\" data-id=\"2820\" data-full-url=\"https:\/\/sebetanne.co.uk\/hkblog\/wp-content\/uploads\/2021\/01\/20201220_163303-scaled.jpg\" data-link=\"https:\/\/sebetanne.co.uk\/hkblog\/gallery-photos\/shops\/20201220_163303\/\" class=\"wp-image-2820\" srcset=\"https:\/\/sebetanne.co.uk\/hkblog\/wp-content\/uploads\/2021\/01\/20201220_163303-1024x576.jpg 1024w, https:\/\/sebetanne.co.uk\/hkblog\/wp-content\/uploads\/2021\/01\/20201220_163303-300x169.jpg 300w, https:\/\/sebetanne.co.uk\/hkblog\/wp-content\/uploads\/2021\/01\/20201220_163303-768x432.jpg 768w, https:\/\/sebetanne.co.uk\/hkblog\/wp-content\/uploads\/2021\/01\/20201220_163303-1536x864.jpg 1536w, https:\/\/sebetanne.co.uk\/hkblog\/wp-content\/uploads\/2021\/01\/20201220_163303-2048x1152.jpg 2048w\" sizes=\"auto, (max-width: 1024px) 100vw, 1024px\" \/><\/a><figcaption class=\"blocks-gallery-item__caption\">Tempted? \/ <em>Tent<em>\u00e9<\/em> ?<\/em><\/figcaption><\/figure><\/li><\/ul><\/figure>\n\n\n\n<figure class=\"wp-block-gallery aligncenter columns-1 is-cropped wp-block-gallery-6 is-layout-flex wp-block-gallery-is-layout-flex\"><ul class=\"blocks-gallery-grid\"><li class=\"blocks-gallery-item\"><figure><a href=\"https:\/\/sebetanne.co.uk\/hkblog\/wp-content\/uploads\/2021\/01\/20210114_165128-scaled.jpg\"><img loading=\"lazy\" decoding=\"async\" width=\"768\" height=\"1024\" src=\"https:\/\/sebetanne.co.uk\/hkblog\/wp-content\/uploads\/2021\/01\/20210114_165128-768x1024.jpg\" alt=\"\" data-id=\"2822\" data-full-url=\"https:\/\/sebetanne.co.uk\/hkblog\/wp-content\/uploads\/2021\/01\/20210114_165128-scaled.jpg\" data-link=\"https:\/\/sebetanne.co.uk\/hkblog\/gallery-photos\/shops\/20210114_165128\/\" class=\"wp-image-2822\" srcset=\"https:\/\/sebetanne.co.uk\/hkblog\/wp-content\/uploads\/2021\/01\/20210114_165128-768x1024.jpg 768w, https:\/\/sebetanne.co.uk\/hkblog\/wp-content\/uploads\/2021\/01\/20210114_165128-225x300.jpg 225w, https:\/\/sebetanne.co.uk\/hkblog\/wp-content\/uploads\/2021\/01\/20210114_165128-1152x1536.jpg 1152w, https:\/\/sebetanne.co.uk\/hkblog\/wp-content\/uploads\/2021\/01\/20210114_165128-1536x2048.jpg 1536w, https:\/\/sebetanne.co.uk\/hkblog\/wp-content\/uploads\/2021\/01\/20210114_165128-scaled.jpg 1920w\" sizes=\"auto, (max-width: 768px) 100vw, 768px\" \/><\/a><\/figure><\/li><\/ul><\/figure>\n\n\n\n<div class=\"wp-block-image\"><figure class=\"aligncenter\"><a href=\"blob:https:\/\/sebetanne.co.uk\/0fadbfe3-be53-4a81-aa87-5a60f3a05d86\"><img loading=\"lazy\" decoding=\"async\" width=\"768\" height=\"1024\" src=\"https:\/\/sebetanne.co.uk\/hkblog\/wp-content\/uploads\/2019\/06\/20190607_019-768x1024.jpg\" alt=\"\" class=\"wp-image-2265\" srcset=\"https:\/\/sebetanne.co.uk\/hkblog\/wp-content\/uploads\/2019\/06\/20190607_019-768x1024.jpg 768w, https:\/\/sebetanne.co.uk\/hkblog\/wp-content\/uploads\/2019\/06\/20190607_019-225x300.jpg 225w\" sizes=\"auto, (max-width: 768px) 100vw, 768px\" \/><\/a><figcaption>For everyone to see&#8230; \/ <em>Pignon sur rue<\/em><\/figcaption><\/figure><\/div>\n\n\n\n<div class=\"wp-block-image\"><figure class=\"aligncenter\"><a href=\"blob:https:\/\/sebetanne.co.uk\/18013ad2-9bb0-4a09-aa03-1a8e0d83f227\"><img loading=\"lazy\" decoding=\"async\" width=\"1024\" height=\"768\" src=\"https:\/\/sebetanne.co.uk\/hkblog\/wp-content\/uploads\/2019\/05\/20190505_013-1024x768.jpg\" alt=\"\" class=\"wp-image-2085\" srcset=\"https:\/\/sebetanne.co.uk\/hkblog\/wp-content\/uploads\/2019\/05\/20190505_013-1024x768.jpg 1024w, https:\/\/sebetanne.co.uk\/hkblog\/wp-content\/uploads\/2019\/05\/20190505_013-300x225.jpg 300w, https:\/\/sebetanne.co.uk\/hkblog\/wp-content\/uploads\/2019\/05\/20190505_013-768x576.jpg 768w\" sizes=\"auto, (max-width: 1024px) 100vw, 1024px\" \/><\/a><figcaption>Check out the fish! \/ <em>Regardez le poisson !<\/em><\/figcaption><\/figure><\/div>\n\n\n\n<div class=\"wp-block-image\"><figure class=\"aligncenter\"><a href=\"blob:https:\/\/sebetanne.co.uk\/7be9b27d-c387-4de2-9894-c40ed1bb4740\"><img loading=\"lazy\" decoding=\"async\" width=\"768\" height=\"1024\" src=\"https:\/\/sebetanne.co.uk\/hkblog\/wp-content\/uploads\/2019\/05\/20190406_041-768x1024.jpg\" alt=\"\" class=\"wp-image-2171\" srcset=\"https:\/\/sebetanne.co.uk\/hkblog\/wp-content\/uploads\/2019\/05\/20190406_041-768x1024.jpg 768w, https:\/\/sebetanne.co.uk\/hkblog\/wp-content\/uploads\/2019\/05\/20190406_041-225x300.jpg 225w\" sizes=\"auto, (max-width: 768px) 100vw, 768px\" \/><\/a><figcaption>Shop stuck in an entrance stairs \/ <em>Boutique dans un escalier d&#8217;entr\u00e9e<\/em><\/figcaption><\/figure><\/div>\n\n\n\n<div class=\"wp-block-image\"><figure class=\"aligncenter\"><a href=\"blob:https:\/\/sebetanne.co.uk\/8c0d8c72-06f3-454c-a3cb-70e1fde3d149\"><img loading=\"lazy\" decoding=\"async\" width=\"1024\" height=\"768\" src=\"https:\/\/sebetanne.co.uk\/hkblog\/wp-content\/uploads\/2019\/04\/20190326_065-1024x768.jpg\" alt=\"\" class=\"wp-image-1959\" srcset=\"https:\/\/sebetanne.co.uk\/hkblog\/wp-content\/uploads\/2019\/04\/20190326_065-1024x768.jpg 1024w, https:\/\/sebetanne.co.uk\/hkblog\/wp-content\/uploads\/2019\/04\/20190326_065-300x225.jpg 300w, https:\/\/sebetanne.co.uk\/hkblog\/wp-content\/uploads\/2019\/04\/20190326_065-768x576.jpg 768w\" sizes=\"auto, (max-width: 1024px) 100vw, 1024px\" \/><\/a><figcaption>Decoration of a window shop<\/figcaption><\/figure><\/div>\n\n\n\n<div class=\"wp-block-image\"><figure class=\"aligncenter\"><a href=\"blob:https:\/\/sebetanne.co.uk\/4b082568-517b-4f0f-8f10-be6f19765378\"><img loading=\"lazy\" decoding=\"async\" width=\"768\" height=\"1024\" src=\"https:\/\/sebetanne.co.uk\/hkblog\/wp-content\/uploads\/2019\/04\/20190307_010-768x1024.jpg\" alt=\"\" class=\"wp-image-1885\" srcset=\"https:\/\/sebetanne.co.uk\/hkblog\/wp-content\/uploads\/2019\/04\/20190307_010-768x1024.jpg 768w, https:\/\/sebetanne.co.uk\/hkblog\/wp-content\/uploads\/2019\/04\/20190307_010-225x300.jpg 225w\" sizes=\"auto, (max-width: 768px) 100vw, 768px\" \/><\/a><figcaption>House of Men \ud83d\ude42<\/figcaption><\/figure><\/div>\n\n\n\n<div class=\"wp-block-image\"><figure class=\"aligncenter\"><a href=\"blob:https:\/\/sebetanne.co.uk\/a9286e6d-fc20-4822-9cf9-c69a41cf9c74\"><img loading=\"lazy\" decoding=\"async\" width=\"768\" height=\"1024\" src=\"https:\/\/sebetanne.co.uk\/hkblog\/wp-content\/uploads\/2019\/04\/20190305_005-768x1024.jpg\" alt=\"\" class=\"wp-image-1854\" srcset=\"https:\/\/sebetanne.co.uk\/hkblog\/wp-content\/uploads\/2019\/04\/20190305_005-768x1024.jpg 768w, https:\/\/sebetanne.co.uk\/hkblog\/wp-content\/uploads\/2019\/04\/20190305_005-225x300.jpg 225w\" sizes=\"auto, (max-width: 768px) 100vw, 768px\" \/><\/a><figcaption>Fashion is a bit weird \/ <em>La mode d\u00e9cal\u00e9e<\/em><\/figcaption><\/figure><\/div>\n\n\n\n<div class=\"wp-block-image\"><figure class=\"aligncenter\"><a href=\"blob:https:\/\/sebetanne.co.uk\/82a0ccd1-fe36-4334-a1c7-454f84443495\"><img loading=\"lazy\" decoding=\"async\" width=\"768\" height=\"1024\" src=\"https:\/\/sebetanne.co.uk\/hkblog\/wp-content\/uploads\/2019\/04\/20190324_055-768x1024.jpg\" alt=\"\" class=\"wp-image-1855\" srcset=\"https:\/\/sebetanne.co.uk\/hkblog\/wp-content\/uploads\/2019\/04\/20190324_055-768x1024.jpg 768w, https:\/\/sebetanne.co.uk\/hkblog\/wp-content\/uploads\/2019\/04\/20190324_055-225x300.jpg 225w\" sizes=\"auto, (max-width: 768px) 100vw, 768px\" \/><\/a><\/figure><\/div>\n\n\n\n<div class=\"wp-block-image\"><figure class=\"aligncenter\"><a href=\"blob:https:\/\/sebetanne.co.uk\/98d4ad9a-4d5e-48ef-89a9-766e824e5665\"><img loading=\"lazy\" decoding=\"async\" width=\"1024\" height=\"768\" src=\"https:\/\/sebetanne.co.uk\/hkblog\/wp-content\/uploads\/2019\/04\/20190330_072-1024x768.jpg\" alt=\"\" class=\"wp-image-1856\" srcset=\"https:\/\/sebetanne.co.uk\/hkblog\/wp-content\/uploads\/2019\/04\/20190330_072-1024x768.jpg 1024w, https:\/\/sebetanne.co.uk\/hkblog\/wp-content\/uploads\/2019\/04\/20190330_072-300x225.jpg 300w, https:\/\/sebetanne.co.uk\/hkblog\/wp-content\/uploads\/2019\/04\/20190330_072-768x576.jpg 768w\" sizes=\"auto, (max-width: 1024px) 100vw, 1024px\" \/><\/a><figcaption>No one died, it&#8217;s just for the grand opening of a new shop \/ <em>Ce n\u2019est pas un enterrement mais l\u2019ouverture d\u2019un nouveau magasin !<\/em><\/figcaption><\/figure><\/div>\n\n\n\n<div class=\"wp-block-image\"><figure class=\"aligncenter\"><a href=\"https:\/\/sebetanne.co.uk\/hkblog\/wp-content\/uploads\/2018\/12\/20181121_022.jpg\"><img loading=\"lazy\" decoding=\"async\" width=\"768\" height=\"1024\" src=\"http:\/\/sebetanne.co.uk\/hkblog\/wp-content\/uploads\/2018\/12\/20181121_022-768x1024.jpg\" alt=\"\" class=\"wp-image-941\" srcset=\"https:\/\/sebetanne.co.uk\/hkblog\/wp-content\/uploads\/2018\/12\/20181121_022-768x1024.jpg 768w, https:\/\/sebetanne.co.uk\/hkblog\/wp-content\/uploads\/2018\/12\/20181121_022-225x300.jpg 225w\" sizes=\"auto, (max-width: 768px) 100vw, 768px\" \/><\/a><figcaption>Found in a shop \/ <em>Trouv\u00e9 dans un magasin<\/em><\/figcaption><\/figure><\/div>\n\n\n\n<div class=\"wp-block-image\"><figure class=\"aligncenter is-resized\"><a href=\"https:\/\/sebetanne.co.uk\/hkblog\/wp-content\/uploads\/2018\/11\/20181015_057.jpg\"><img loading=\"lazy\" decoding=\"async\" src=\"http:\/\/sebetanne.co.uk\/hkblog\/wp-content\/uploads\/2018\/11\/20181015_057-768x1024.jpg\" alt=\"\" class=\"wp-image-850\" width=\"768\" height=\"1024\" srcset=\"https:\/\/sebetanne.co.uk\/hkblog\/wp-content\/uploads\/2018\/11\/20181015_057-768x1024.jpg 768w, https:\/\/sebetanne.co.uk\/hkblog\/wp-content\/uploads\/2018\/11\/20181015_057-225x300.jpg 225w\" sizes=\"auto, (max-width: 768px) 100vw, 768px\" \/><\/a><figcaption>Ice cream shop window \/ <em>Vitrine d\u2019un marchand de glaces<\/em><\/figcaption><\/figure><\/div>\n\n\n\n<div class=\"wp-block-image\"><figure class=\"aligncenter\"><a href=\"https:\/\/sebetanne.co.uk\/hkblog\/wp-content\/uploads\/2018\/10\/20180924_120.jpg\"><img loading=\"lazy\" decoding=\"async\" width=\"1024\" height=\"768\" src=\"http:\/\/sebetanne.co.uk\/hkblog\/wp-content\/uploads\/2018\/10\/20180924_120-1024x768.jpg\" alt=\"\" class=\"wp-image-691\" srcset=\"https:\/\/sebetanne.co.uk\/hkblog\/wp-content\/uploads\/2018\/10\/20180924_120-1024x768.jpg 1024w, https:\/\/sebetanne.co.uk\/hkblog\/wp-content\/uploads\/2018\/10\/20180924_120-300x225.jpg 300w, https:\/\/sebetanne.co.uk\/hkblog\/wp-content\/uploads\/2018\/10\/20180924_120-768x576.jpg 768w\" sizes=\"auto, (max-width: 1024px) 100vw, 1024px\" \/><\/a><figcaption>A supermarket located in a listed building. Original features preserved and displayed next to the detergents! \/ <em>Une sup\u00e9rette install\u00e9e dans un monument class\u00e9. Les chemin\u00e9es d\u2019origine \u00e0 c\u00f4t\u00e9 de la lessive !<\/em><\/figcaption><\/figure><\/div>\n\n\n\n<div class=\"wp-block-image\"><figure class=\"aligncenter\"><a href=\"https:\/\/sebetanne.co.uk\/hkblog\/wp-content\/uploads\/2018\/09\/20180908_054.jpg\"><img loading=\"lazy\" decoding=\"async\" width=\"1024\" height=\"768\" src=\"http:\/\/sebetanne.co.uk\/hkblog\/wp-content\/uploads\/2018\/09\/20180908_054-1024x768.jpg\" alt=\"\" class=\"wp-image-597\" srcset=\"https:\/\/sebetanne.co.uk\/hkblog\/wp-content\/uploads\/2018\/09\/20180908_054-1024x768.jpg 1024w, https:\/\/sebetanne.co.uk\/hkblog\/wp-content\/uploads\/2018\/09\/20180908_054-300x225.jpg 300w, https:\/\/sebetanne.co.uk\/hkblog\/wp-content\/uploads\/2018\/09\/20180908_054-768x576.jpg 768w\" sizes=\"auto, (max-width: 1024px) 100vw, 1024px\" \/><\/a><figcaption>Hair accessory shop. You couldn\u2019t put more things in there \/ <em>Magasin d\u2019accessoires pour cheveux. On ne peut pas mettre plus de choses dedans<\/em><\/figcaption><\/figure><\/div>\n\n\n\n<div class=\"wp-block-image\"><figure class=\"aligncenter\"><a href=\"https:\/\/sebetanne.co.uk\/hkblog\/wp-content\/uploads\/2018\/10\/20180924_130.jpg\"><img loading=\"lazy\" decoding=\"async\" width=\"768\" height=\"1024\" src=\"http:\/\/sebetanne.co.uk\/hkblog\/wp-content\/uploads\/2018\/10\/20180924_130-768x1024.jpg\" alt=\"\" class=\"wp-image-700\" srcset=\"https:\/\/sebetanne.co.uk\/hkblog\/wp-content\/uploads\/2018\/10\/20180924_130-768x1024.jpg 768w, https:\/\/sebetanne.co.uk\/hkblog\/wp-content\/uploads\/2018\/10\/20180924_130-225x300.jpg 225w\" sizes=\"auto, (max-width: 768px) 100vw, 768px\" \/><\/a><figcaption>Everybody loves France! \/ <em>Tout le monde aime la France ! <\/em><\/figcaption><\/figure><\/div>\n\n\n\n<div class=\"wp-block-image\"><figure class=\"aligncenter\"><a href=\"https:\/\/sebetanne.co.uk\/hkblog\/wp-content\/uploads\/2018\/08\/20180819_172103.jpg\"><img loading=\"lazy\" decoding=\"async\" width=\"1024\" height=\"768\" src=\"http:\/\/sebetanne.co.uk\/hkblog\/wp-content\/uploads\/2018\/08\/20180819_172103-1024x768.jpg\" alt=\"\" class=\"wp-image-237\" srcset=\"https:\/\/sebetanne.co.uk\/hkblog\/wp-content\/uploads\/2018\/08\/20180819_172103-1024x768.jpg 1024w, https:\/\/sebetanne.co.uk\/hkblog\/wp-content\/uploads\/2018\/08\/20180819_172103-300x225.jpg 300w, https:\/\/sebetanne.co.uk\/hkblog\/wp-content\/uploads\/2018\/08\/20180819_172103-768x576.jpg 768w\" sizes=\"auto, (max-width: 1024px) 100vw, 1024px\" \/><\/a><figcaption>We\u2019re not going to be thirsty! \/ <em>Nous n\u2019allons pas mourir de soif !<\/em><\/figcaption><\/figure><\/div>\n\n\n\n<div class=\"wp-block-image\"><figure class=\"aligncenter\"><a href=\"blob:https:\/\/sebetanne.co.uk\/42b72e8d-9d5c-4415-8fb4-1d3589b478c6\"><img loading=\"lazy\" decoding=\"async\" width=\"768\" height=\"1024\" src=\"https:\/\/sebetanne.co.uk\/hkblog\/wp-content\/uploads\/2019\/03\/20190122_035-768x1024.jpg\" alt=\"\" class=\"wp-image-1795\" srcset=\"https:\/\/sebetanne.co.uk\/hkblog\/wp-content\/uploads\/2019\/03\/20190122_035-768x1024.jpg 768w, https:\/\/sebetanne.co.uk\/hkblog\/wp-content\/uploads\/2019\/03\/20190122_035-225x300.jpg 225w\" sizes=\"auto, (max-width: 768px) 100vw, 768px\" \/><\/a><figcaption>Very small shop selling only pens<\/figcaption><\/figure><\/div>\n\n\n\n<div class=\"wp-block-image\"><figure class=\"aligncenter\"><a href=\"blob:https:\/\/sebetanne.co.uk\/b6fa1670-e86e-4f90-81ad-2b2969fdfbfa\"><img loading=\"lazy\" decoding=\"async\" width=\"683\" height=\"1024\" src=\"https:\/\/sebetanne.co.uk\/hkblog\/wp-content\/uploads\/2019\/03\/20181224_130-683x1024.jpg\" alt=\"\" class=\"wp-image-1796\" srcset=\"https:\/\/sebetanne.co.uk\/hkblog\/wp-content\/uploads\/2019\/03\/20181224_130-683x1024.jpg 683w, https:\/\/sebetanne.co.uk\/hkblog\/wp-content\/uploads\/2019\/03\/20181224_130-200x300.jpg 200w, https:\/\/sebetanne.co.uk\/hkblog\/wp-content\/uploads\/2019\/03\/20181224_130-768x1152.jpg 768w\" sizes=\"auto, (max-width: 683px) 100vw, 683px\" \/><\/a><figcaption>A shop selling all kinds of weird things \/ <em>Une boutique qui vend des choses \u00e9tranges<\/em><\/figcaption><\/figure><\/div>\n\n\n\n<div class=\"wp-block-image\"><figure class=\"aligncenter\"><a href=\"blob:https:\/\/sebetanne.co.uk\/fca61cbc-b271-4bb5-9999-b79571f8f00f\"><img loading=\"lazy\" decoding=\"async\" width=\"1024\" height=\"683\" src=\"https:\/\/sebetanne.co.uk\/hkblog\/wp-content\/uploads\/2019\/03\/20181224_131-1024x683.jpg\" alt=\"\" class=\"wp-image-1798\" srcset=\"https:\/\/sebetanne.co.uk\/hkblog\/wp-content\/uploads\/2019\/03\/20181224_131-1024x683.jpg 1024w, https:\/\/sebetanne.co.uk\/hkblog\/wp-content\/uploads\/2019\/03\/20181224_131-300x200.jpg 300w, https:\/\/sebetanne.co.uk\/hkblog\/wp-content\/uploads\/2019\/03\/20181224_131-768x512.jpg 768w, https:\/\/sebetanne.co.uk\/hkblog\/wp-content\/uploads\/2019\/03\/20181224_131-840x560.jpg 840w, https:\/\/sebetanne.co.uk\/hkblog\/wp-content\/uploads\/2019\/03\/20181224_131-120x80.jpg 120w, https:\/\/sebetanne.co.uk\/hkblog\/wp-content\/uploads\/2019\/03\/20181224_131-360x240.jpg 360w, https:\/\/sebetanne.co.uk\/hkblog\/wp-content\/uploads\/2019\/03\/20181224_131-600x400.jpg 600w\" sizes=\"auto, (max-width: 1024px) 100vw, 1024px\" \/><\/a><figcaption>Chinese medicine \/ <em>Pharmacie chinoise<\/em><\/figcaption><\/figure><\/div>\n","protected":false},"excerpt":{"rendered":"<p>Hong Kong shops can be a bit different from what we are used to in Europe. So this is a[&#8230;]<\/p>\n","protected":false},"author":1,"featured_media":1883,"parent":11382,"menu_order":94,"comment_status":"open","ping_status":"closed","template":"template-fullwidth.php","meta":{"footnotes":""},"class_list":["post-1756","page","type-page","status-publish","has-post-thumbnail","hentry"],"post_mailing_queue_ids":[],"_links":{"self":[{"href":"https:\/\/sebetanne.co.uk\/hkblog\/wp-json\/wp\/v2\/pages\/1756","targetHints":{"allow":["GET"]}}],"collection":[{"href":"https:\/\/sebetanne.co.uk\/hkblog\/wp-json\/wp\/v2\/pages"}],"about":[{"href":"https:\/\/sebetanne.co.uk\/hkblog\/wp-json\/wp\/v2\/types\/page"}],"author":[{"embeddable":true,"href":"https:\/\/sebetanne.co.uk\/hkblog\/wp-json\/wp\/v2\/users\/1"}],"replies":[{"embeddable":true,"href":"https:\/\/sebetanne.co.uk\/hkblog\/wp-json\/wp\/v2\/comments?post=1756"}],"version-history":[{"count":6,"href":"https:\/\/sebetanne.co.uk\/hkblog\/wp-json\/wp\/v2\/pages\/1756\/revisions"}],"predecessor-version":[{"id":3158,"href":"https:\/\/sebetanne.co.uk\/hkblog\/wp-json\/wp\/v2\/pages\/1756\/revisions\/3158"}],"up":[{"embeddable":true,"href":"https:\/\/sebetanne.co.uk\/hkblog\/wp-json\/wp\/v2\/pages\/11382"}],"wp:featuredmedia":[{"embeddable":true,"href":"https:\/\/sebetanne.co.uk\/hkblog\/wp-json\/wp\/v2\/media\/1883"}],"wp:attachment":[{"href":"https:\/\/sebetanne.co.uk\/hkblog\/wp-json\/wp\/v2\/media?parent=1756"}],"curies":[{"name":"wp","href":"https:\/\/api.w.org\/{rel}","templated":true}]}}