{"id":1735,"date":"2019-03-29T23:24:14","date_gmt":"2019-03-29T23:24:14","guid":{"rendered":"http:\/\/sebetanne.co.uk\/hkblog\/?page_id=1735"},"modified":"2026-02-26T12:13:29","modified_gmt":"2026-02-26T12:13:29","slug":"2018-august-to-december","status":"publish","type":"page","link":"https:\/\/sebetanne.co.uk\/hkblog\/gallery-photos\/hong-kong\/2018-august-to-december\/","title":{"rendered":"2018 &#8211; August to December"},"content":{"rendered":"\n<p>On this page, you will see all the pictures we took in 2018 between August and December.<\/p>\n\n\n\n<p class=\"has-text-align-right\"><em>Ici sont list\u00e9es toutes les photos prises entre ao\u00fbt et d\u00e9cembre 2018.<\/em><\/p>\n\n\n\n<figure class=\"wp-block-embed is-type-wp-embed is-provider-ma-vie-a-hong-kong-et-singapour wp-block-embed-ma-vie-a-hong-kong-et-singapour\"><div class=\"wp-block-embed__wrapper\">\n<blockquote class=\"wp-embedded-content\" data-secret=\"C5sty0N57j\"><a href=\"https:\/\/sebetanne.co.uk\/hkblog\/gallery-photos\/hong-kong\/2018-august-to-december\/sik-sik-yuen-wong-tai-sin-temple-26-12-2018\/\">Sik Sik Yuen Wong Tai Sin Temple &#8211; 26-12-2018<\/a><\/blockquote><iframe loading=\"lazy\" class=\"wp-embedded-content\" sandbox=\"allow-scripts\" security=\"restricted\" style=\"position: absolute; clip: rect(1px, 1px, 1px, 1px);\" title=\"&#8220;Sik Sik Yuen Wong Tai Sin Temple &#8211; 26-12-2018&#8221; &#8212; Ma vie \u00e0 Hong Kong.. et Singapour\" src=\"https:\/\/sebetanne.co.uk\/hkblog\/gallery-photos\/hong-kong\/2018-august-to-december\/sik-sik-yuen-wong-tai-sin-temple-26-12-2018\/embed\/#?secret=I5wk6EwrdF#?secret=C5sty0N57j\" data-secret=\"C5sty0N57j\" width=\"600\" height=\"338\" frameborder=\"0\" marginwidth=\"0\" marginheight=\"0\" scrolling=\"no\"><\/iframe>\n<\/div><\/figure>\n\n\n\n<figure class=\"wp-block-embed is-type-wp-embed is-provider-ma-vie-a-hong-kong-et-singapour wp-block-embed-ma-vie-a-hong-kong-et-singapour\"><div class=\"wp-block-embed__wrapper\">\n<blockquote class=\"wp-embedded-content\" data-secret=\"JJwNxrRxZO\"><a href=\"https:\/\/sebetanne.co.uk\/hkblog\/gallery-photos\/hong-kong\/2018-august-to-december\/street-art-in-sheung-wan\/\">Street Art in Sheung Wan &#8211; 24-12-2018<\/a><\/blockquote><iframe loading=\"lazy\" class=\"wp-embedded-content\" sandbox=\"allow-scripts\" security=\"restricted\" style=\"position: absolute; clip: rect(1px, 1px, 1px, 1px);\" title=\"&#8220;Street Art in Sheung Wan &#8211; 24-12-2018&#8221; &#8212; Ma vie \u00e0 Hong Kong.. et Singapour\" src=\"https:\/\/sebetanne.co.uk\/hkblog\/gallery-photos\/hong-kong\/2018-august-to-december\/street-art-in-sheung-wan\/embed\/#?secret=PWrR5kbxwD#?secret=JJwNxrRxZO\" data-secret=\"JJwNxrRxZO\" width=\"600\" height=\"338\" frameborder=\"0\" marginwidth=\"0\" marginheight=\"0\" scrolling=\"no\"><\/iframe>\n<\/div><\/figure>\n\n\n\n<figure class=\"wp-block-embed is-type-wp-embed is-provider-ma-vie-a-hong-kong-et-singapour wp-block-embed-ma-vie-a-hong-kong-et-singapour\"><div class=\"wp-block-embed__wrapper\">\n<blockquote class=\"wp-embedded-content\" data-secret=\"hFas0RL65T\"><a href=\"https:\/\/sebetanne.co.uk\/hkblog\/gallery-photos\/hong-kong\/2018-august-to-december\/the-big-buddha-22-12-2018\/\">The Big Buddha &#8211; 22-12-2018<\/a><\/blockquote><iframe loading=\"lazy\" class=\"wp-embedded-content\" sandbox=\"allow-scripts\" security=\"restricted\" style=\"position: absolute; clip: rect(1px, 1px, 1px, 1px);\" title=\"&#8220;The Big Buddha &#8211; 22-12-2018&#8221; &#8212; Ma vie \u00e0 Hong Kong.. et Singapour\" src=\"https:\/\/sebetanne.co.uk\/hkblog\/gallery-photos\/hong-kong\/2018-august-to-december\/the-big-buddha-22-12-2018\/embed\/#?secret=ASsEoMEn1X#?secret=hFas0RL65T\" data-secret=\"hFas0RL65T\" width=\"600\" height=\"338\" frameborder=\"0\" marginwidth=\"0\" marginheight=\"0\" scrolling=\"no\"><\/iframe>\n<\/div><\/figure>\n\n\n\n<figure class=\"wp-block-embed is-type-wp-embed is-provider-ma-vie-a-hong-kong-et-singapour wp-block-embed-ma-vie-a-hong-kong-et-singapour\"><div class=\"wp-block-embed__wrapper\">\n<blockquote class=\"wp-embedded-content\" data-secret=\"CFyUw4ZFVo\"><a href=\"https:\/\/sebetanne.co.uk\/hkblog\/gallery-photos\/hong-kong\/2018-august-to-december\/from-the-peak-to-wanchai-21-12-2018\/\">From the Peak to Wanchai &#8211; 21-12-2018<\/a><\/blockquote><iframe loading=\"lazy\" class=\"wp-embedded-content\" sandbox=\"allow-scripts\" security=\"restricted\" style=\"position: absolute; clip: rect(1px, 1px, 1px, 1px);\" title=\"&#8220;From the Peak to Wanchai &#8211; 21-12-2018&#8221; &#8212; Ma vie \u00e0 Hong Kong.. et Singapour\" src=\"https:\/\/sebetanne.co.uk\/hkblog\/gallery-photos\/hong-kong\/2018-august-to-december\/from-the-peak-to-wanchai-21-12-2018\/embed\/#?secret=1W0mrxqPBV#?secret=CFyUw4ZFVo\" data-secret=\"CFyUw4ZFVo\" width=\"600\" height=\"338\" frameborder=\"0\" marginwidth=\"0\" marginheight=\"0\" scrolling=\"no\"><\/iframe>\n<\/div><\/figure>\n\n\n\n<figure class=\"wp-block-embed is-type-wp-embed is-provider-ma-vie-a-hong-kong-et-singapour wp-block-embed-ma-vie-a-hong-kong-et-singapour\"><div class=\"wp-block-embed__wrapper\">\n<blockquote class=\"wp-embedded-content\" data-secret=\"HdpDHqTCai\"><a href=\"https:\/\/sebetanne.co.uk\/hkblog\/gallery-photos\/hong-kong\/2018-august-to-december\/central-walkways-20-12-2018\/\">Central Walkways &#8211; 20-12-2018<\/a><\/blockquote><iframe loading=\"lazy\" class=\"wp-embedded-content\" sandbox=\"allow-scripts\" security=\"restricted\" style=\"position: absolute; clip: rect(1px, 1px, 1px, 1px);\" title=\"&#8220;Central Walkways &#8211; 20-12-2018&#8221; &#8212; Ma vie \u00e0 Hong Kong.. et Singapour\" src=\"https:\/\/sebetanne.co.uk\/hkblog\/gallery-photos\/hong-kong\/2018-august-to-december\/central-walkways-20-12-2018\/embed\/#?secret=9wOG1COGS0#?secret=HdpDHqTCai\" data-secret=\"HdpDHqTCai\" width=\"600\" height=\"338\" frameborder=\"0\" marginwidth=\"0\" marginheight=\"0\" scrolling=\"no\"><\/iframe>\n<\/div><\/figure>\n\n\n\n<figure class=\"wp-block-embed is-type-wp-embed is-provider-ma-vie-a-hong-kong-et-singapour wp-block-embed-ma-vie-a-hong-kong-et-singapour\"><div class=\"wp-block-embed__wrapper\">\n<blockquote class=\"wp-embedded-content\" data-secret=\"2wXRq4N1kI\"><a href=\"https:\/\/sebetanne.co.uk\/hkblog\/gallery-photos\/hong-kong\/2018-august-to-december\/stanley-12-12-2018\/\">Stanley &#8211; 01\/02-12-2018<\/a><\/blockquote><iframe loading=\"lazy\" class=\"wp-embedded-content\" sandbox=\"allow-scripts\" security=\"restricted\" style=\"position: absolute; clip: rect(1px, 1px, 1px, 1px);\" title=\"&#8220;Stanley &#8211; 01\/02-12-2018&#8221; &#8212; Ma vie \u00e0 Hong Kong.. et Singapour\" src=\"https:\/\/sebetanne.co.uk\/hkblog\/gallery-photos\/hong-kong\/2018-august-to-december\/stanley-12-12-2018\/embed\/#?secret=QE8tmSeljJ#?secret=2wXRq4N1kI\" data-secret=\"2wXRq4N1kI\" width=\"600\" height=\"338\" frameborder=\"0\" marginwidth=\"0\" marginheight=\"0\" scrolling=\"no\"><\/iframe>\n<\/div><\/figure>\n\n\n\n<figure class=\"wp-block-embed is-type-wp-embed is-provider-ma-vie-a-hong-kong-et-singapour wp-block-embed-ma-vie-a-hong-kong-et-singapour\"><div class=\"wp-block-embed__wrapper\">\n<blockquote class=\"wp-embedded-content\" data-secret=\"aYJACVOtIq\"><a href=\"https:\/\/sebetanne.co.uk\/hkblog\/gallery-photos\/hong-kong\/2018-august-to-december\/happy-valley-cemeteries-22-10-2018\/\">Happy Valley Cemeteries &#8211; 22-10-2018<\/a><\/blockquote><iframe loading=\"lazy\" class=\"wp-embedded-content\" sandbox=\"allow-scripts\" security=\"restricted\" style=\"position: absolute; clip: rect(1px, 1px, 1px, 1px);\" title=\"&#8220;Happy Valley Cemeteries &#8211; 22-10-2018&#8221; &#8212; Ma vie \u00e0 Hong Kong.. et Singapour\" src=\"https:\/\/sebetanne.co.uk\/hkblog\/gallery-photos\/hong-kong\/2018-august-to-december\/happy-valley-cemeteries-22-10-2018\/embed\/#?secret=qERg3xtqDu#?secret=aYJACVOtIq\" data-secret=\"aYJACVOtIq\" width=\"600\" height=\"338\" frameborder=\"0\" marginwidth=\"0\" marginheight=\"0\" scrolling=\"no\"><\/iframe>\n<\/div><\/figure>\n\n\n\n<figure class=\"wp-block-embed is-type-wp-embed is-provider-ma-vie-a-hong-kong-et-singapour wp-block-embed-ma-vie-a-hong-kong-et-singapour\"><div class=\"wp-block-embed__wrapper\">\n<blockquote class=\"wp-embedded-content\" data-secret=\"YvWxMLvrVK\"><a href=\"https:\/\/sebetanne.co.uk\/hkblog\/gallery-photos\/hong-kong\/2018-august-to-december\/stroll-in-urban-hong-kong-02-10-2018\/\">Stroll in urban Hong Kong &#8211; 02-10-2018<\/a><\/blockquote><iframe loading=\"lazy\" class=\"wp-embedded-content\" sandbox=\"allow-scripts\" security=\"restricted\" style=\"position: absolute; clip: rect(1px, 1px, 1px, 1px);\" title=\"&#8220;Stroll in urban Hong Kong &#8211; 02-10-2018&#8221; &#8212; Ma vie \u00e0 Hong Kong.. et Singapour\" src=\"https:\/\/sebetanne.co.uk\/hkblog\/gallery-photos\/hong-kong\/2018-august-to-december\/stroll-in-urban-hong-kong-02-10-2018\/embed\/#?secret=6nnHlydxyk#?secret=YvWxMLvrVK\" data-secret=\"YvWxMLvrVK\" width=\"600\" height=\"338\" frameborder=\"0\" marginwidth=\"0\" marginheight=\"0\" scrolling=\"no\"><\/iframe>\n<\/div><\/figure>\n\n\n\n<figure class=\"wp-block-embed is-type-wp-embed is-provider-ma-vie-a-hong-kong-et-singapour wp-block-embed-ma-vie-a-hong-kong-et-singapour\"><div class=\"wp-block-embed__wrapper\">\n<blockquote class=\"wp-embedded-content\" data-secret=\"kpRPfmTPe8\"><a href=\"https:\/\/sebetanne.co.uk\/hkblog\/gallery-photos\/hong-kong\/2018-august-to-december\/exploring-stanley-09-2018\/\">Exploring Stanley &#8211; 09-2018<\/a><\/blockquote><iframe loading=\"lazy\" class=\"wp-embedded-content\" sandbox=\"allow-scripts\" security=\"restricted\" style=\"position: absolute; clip: rect(1px, 1px, 1px, 1px);\" title=\"&#8220;Exploring Stanley &#8211; 09-2018&#8221; &#8212; Ma vie \u00e0 Hong Kong.. et Singapour\" src=\"https:\/\/sebetanne.co.uk\/hkblog\/gallery-photos\/hong-kong\/2018-august-to-december\/exploring-stanley-09-2018\/embed\/#?secret=aKCGKR0gPP#?secret=kpRPfmTPe8\" data-secret=\"kpRPfmTPe8\" width=\"600\" height=\"338\" frameborder=\"0\" marginwidth=\"0\" marginheight=\"0\" scrolling=\"no\"><\/iframe>\n<\/div><\/figure>\n\n\n\n<figure class=\"wp-block-embed is-type-wp-embed is-provider-ma-vie-a-hong-kong-et-singapour wp-block-embed-ma-vie-a-hong-kong-et-singapour\"><div class=\"wp-block-embed__wrapper\">\n<blockquote class=\"wp-embedded-content\" data-secret=\"ClsTkQzUwu\"><a href=\"https:\/\/sebetanne.co.uk\/hkblog\/gallery-photos\/hong-kong\/2018-august-to-december\/from-happy-valley-to-stanley-15-09-2018\/\">From Happy Valley to Stanley &#8211; 15-09-2018<\/a><\/blockquote><iframe loading=\"lazy\" class=\"wp-embedded-content\" sandbox=\"allow-scripts\" security=\"restricted\" style=\"position: absolute; clip: rect(1px, 1px, 1px, 1px);\" title=\"&#8220;From Happy Valley to Stanley &#8211; 15-09-2018&#8221; &#8212; Ma vie \u00e0 Hong Kong.. et Singapour\" src=\"https:\/\/sebetanne.co.uk\/hkblog\/gallery-photos\/hong-kong\/2018-august-to-december\/from-happy-valley-to-stanley-15-09-2018\/embed\/#?secret=4eo2lgNCB9#?secret=ClsTkQzUwu\" data-secret=\"ClsTkQzUwu\" width=\"600\" height=\"338\" frameborder=\"0\" marginwidth=\"0\" marginheight=\"0\" scrolling=\"no\"><\/iframe>\n<\/div><\/figure>\n\n\n\n<figure class=\"wp-block-embed is-type-wp-embed is-provider-ma-vie-a-hong-kong-et-singapour wp-block-embed-ma-vie-a-hong-kong-et-singapour\"><div class=\"wp-block-embed__wrapper\">\n<blockquote class=\"wp-embedded-content\" data-secret=\"y8wkyN3Sn2\"><a href=\"https:\/\/sebetanne.co.uk\/hkblog\/gallery-photos\/hong-kong\/2018-august-to-december\/last-days-in-happy-valley-09-2018\/\">Last Days in Happy Valley &#8211; 09-2018<\/a><\/blockquote><iframe loading=\"lazy\" class=\"wp-embedded-content\" sandbox=\"allow-scripts\" security=\"restricted\" style=\"position: absolute; clip: rect(1px, 1px, 1px, 1px);\" title=\"&#8220;Last Days in Happy Valley &#8211; 09-2018&#8221; &#8212; Ma vie \u00e0 Hong Kong.. et Singapour\" src=\"https:\/\/sebetanne.co.uk\/hkblog\/gallery-photos\/hong-kong\/2018-august-to-december\/last-days-in-happy-valley-09-2018\/embed\/#?secret=d3V3OZS1mG#?secret=y8wkyN3Sn2\" data-secret=\"y8wkyN3Sn2\" width=\"600\" height=\"338\" frameborder=\"0\" marginwidth=\"0\" marginheight=\"0\" scrolling=\"no\"><\/iframe>\n<\/div><\/figure>\n\n\n\n<figure class=\"wp-block-embed is-type-wp-embed is-provider-ma-vie-a-hong-kong-et-singapour wp-block-embed-ma-vie-a-hong-kong-et-singapour\"><div class=\"wp-block-embed__wrapper\">\n<blockquote class=\"wp-embedded-content\" data-secret=\"Lmda8GFPfO\"><a href=\"https:\/\/sebetanne.co.uk\/hkblog\/gallery-photos\/hong-kong\/2018-august-to-december\/victoria-peak-02-09-2018\/\">Victoria Peak &#8211; 02-09-2018<\/a><\/blockquote><iframe loading=\"lazy\" class=\"wp-embedded-content\" sandbox=\"allow-scripts\" security=\"restricted\" style=\"position: absolute; clip: rect(1px, 1px, 1px, 1px);\" title=\"&#8220;Victoria Peak &#8211; 02-09-2018&#8221; &#8212; Ma vie \u00e0 Hong Kong.. et Singapour\" src=\"https:\/\/sebetanne.co.uk\/hkblog\/gallery-photos\/hong-kong\/2018-august-to-december\/victoria-peak-02-09-2018\/embed\/#?secret=q3KamjE9gi#?secret=Lmda8GFPfO\" data-secret=\"Lmda8GFPfO\" width=\"600\" height=\"338\" frameborder=\"0\" marginwidth=\"0\" marginheight=\"0\" scrolling=\"no\"><\/iframe>\n<\/div><\/figure>\n\n\n\n<figure class=\"wp-block-embed is-type-wp-embed is-provider-ma-vie-a-hong-kong-et-singapour wp-block-embed-ma-vie-a-hong-kong-et-singapour\"><div class=\"wp-block-embed__wrapper\">\n<blockquote class=\"wp-embedded-content\" data-secret=\"8J0gXjTJey\"><a href=\"https:\/\/sebetanne.co.uk\/hkblog\/gallery-photos\/hong-kong\/2018-august-to-december\/macau-30-31-08-2018\/\">Macau &#8211; 30\/31-08-2018<\/a><\/blockquote><iframe loading=\"lazy\" class=\"wp-embedded-content\" sandbox=\"allow-scripts\" security=\"restricted\" style=\"position: absolute; clip: rect(1px, 1px, 1px, 1px);\" title=\"&#8220;Macau &#8211; 30\/31-08-2018&#8221; &#8212; Ma vie \u00e0 Hong Kong.. et Singapour\" src=\"https:\/\/sebetanne.co.uk\/hkblog\/gallery-photos\/hong-kong\/2018-august-to-december\/macau-30-31-08-2018\/embed\/#?secret=5ajCU2kttZ#?secret=8J0gXjTJey\" data-secret=\"8J0gXjTJey\" width=\"600\" height=\"338\" frameborder=\"0\" marginwidth=\"0\" marginheight=\"0\" scrolling=\"no\"><\/iframe>\n<\/div><\/figure>\n\n\n\n<figure class=\"wp-block-embed is-type-wp-embed is-provider-ma-vie-a-hong-kong-et-singapour wp-block-embed-ma-vie-a-hong-kong-et-singapour\"><div class=\"wp-block-embed__wrapper\">\n<blockquote class=\"wp-embedded-content\" data-secret=\"MKzfr56sbu\"><a href=\"https:\/\/sebetanne.co.uk\/hkblog\/gallery-photos\/hong-kong\/2018-august-to-december\/hollywood-road\/\">Hollywood road &#8211; 27-08-2018<\/a><\/blockquote><iframe loading=\"lazy\" class=\"wp-embedded-content\" sandbox=\"allow-scripts\" security=\"restricted\" style=\"position: absolute; clip: rect(1px, 1px, 1px, 1px);\" title=\"&#8220;Hollywood road &#8211; 27-08-2018&#8221; &#8212; Ma vie \u00e0 Hong Kong.. et Singapour\" src=\"https:\/\/sebetanne.co.uk\/hkblog\/gallery-photos\/hong-kong\/2018-august-to-december\/hollywood-road\/embed\/#?secret=ijaQU8r3YL#?secret=MKzfr56sbu\" data-secret=\"MKzfr56sbu\" width=\"600\" height=\"338\" frameborder=\"0\" marginwidth=\"0\" marginheight=\"0\" scrolling=\"no\"><\/iframe>\n<\/div><\/figure>\n\n\n\n<figure class=\"wp-block-embed is-type-wp-embed is-provider-ma-vie-a-hong-kong-et-singapour wp-block-embed-ma-vie-a-hong-kong-et-singapour\"><div class=\"wp-block-embed__wrapper\">\n<blockquote class=\"wp-embedded-content\" data-secret=\"48H00oabjc\"><a href=\"https:\/\/sebetanne.co.uk\/hkblog\/gallery-photos\/hong-kong\/2018-august-to-december\/hong-kong-maritime-museum-26-08-2018\/\">Hong Kong Maritime Museum &#8211; 26-08-2018<\/a><\/blockquote><iframe loading=\"lazy\" class=\"wp-embedded-content\" sandbox=\"allow-scripts\" security=\"restricted\" style=\"position: absolute; clip: rect(1px, 1px, 1px, 1px);\" title=\"&#8220;Hong Kong Maritime Museum &#8211; 26-08-2018&#8221; &#8212; Ma vie \u00e0 Hong Kong.. et Singapour\" src=\"https:\/\/sebetanne.co.uk\/hkblog\/gallery-photos\/hong-kong\/2018-august-to-december\/hong-kong-maritime-museum-26-08-2018\/embed\/#?secret=gHO5NGMVql#?secret=48H00oabjc\" data-secret=\"48H00oabjc\" width=\"600\" height=\"338\" frameborder=\"0\" marginwidth=\"0\" marginheight=\"0\" scrolling=\"no\"><\/iframe>\n<\/div><\/figure>\n\n\n\n<figure class=\"wp-block-embed is-type-wp-embed is-provider-ma-vie-a-hong-kong-et-singapour wp-block-embed-ma-vie-a-hong-kong-et-singapour\"><div class=\"wp-block-embed__wrapper\">\n<blockquote class=\"wp-embedded-content\" data-secret=\"gCePOXjUeM\"><a href=\"https:\/\/sebetanne.co.uk\/hkblog\/gallery-photos\/hong-kong\/2018-august-to-december\/aberdeen-harbour-25-08-2018\/\">Aberdeen Harbour &#8211; 25-08-2018<\/a><\/blockquote><iframe loading=\"lazy\" class=\"wp-embedded-content\" sandbox=\"allow-scripts\" security=\"restricted\" style=\"position: absolute; clip: rect(1px, 1px, 1px, 1px);\" title=\"&#8220;Aberdeen Harbour &#8211; 25-08-2018&#8221; &#8212; Ma vie \u00e0 Hong Kong.. et Singapour\" src=\"https:\/\/sebetanne.co.uk\/hkblog\/gallery-photos\/hong-kong\/2018-august-to-december\/aberdeen-harbour-25-08-2018\/embed\/#?secret=9cnMjsHO71#?secret=gCePOXjUeM\" data-secret=\"gCePOXjUeM\" width=\"600\" height=\"338\" frameborder=\"0\" marginwidth=\"0\" marginheight=\"0\" scrolling=\"no\"><\/iframe>\n<\/div><\/figure>\n\n\n\n<figure class=\"wp-block-embed is-type-wp-embed is-provider-ma-vie-a-hong-kong-et-singapour wp-block-embed-ma-vie-a-hong-kong-et-singapour\"><div class=\"wp-block-embed__wrapper\">\n<blockquote class=\"wp-embedded-content\" data-secret=\"6LO2hRnZgn\"><a href=\"https:\/\/sebetanne.co.uk\/hkblog\/gallery-photos\/hong-kong\/2018-august-to-december\/hong-kong-zoological-and-botanical-gardens-18-08-2018\/\">Hong Kong Zoological and Botanical Gardens &#8211; 18-08-2018<\/a><\/blockquote><iframe loading=\"lazy\" class=\"wp-embedded-content\" sandbox=\"allow-scripts\" security=\"restricted\" style=\"position: absolute; clip: rect(1px, 1px, 1px, 1px);\" title=\"&#8220;Hong Kong Zoological and Botanical Gardens &#8211; 18-08-2018&#8221; &#8212; Ma vie \u00e0 Hong Kong.. et Singapour\" src=\"https:\/\/sebetanne.co.uk\/hkblog\/gallery-photos\/hong-kong\/2018-august-to-december\/hong-kong-zoological-and-botanical-gardens-18-08-2018\/embed\/#?secret=SkWr6ZTwqm#?secret=6LO2hRnZgn\" data-secret=\"6LO2hRnZgn\" width=\"600\" height=\"338\" frameborder=\"0\" marginwidth=\"0\" marginheight=\"0\" scrolling=\"no\"><\/iframe>\n<\/div><\/figure>\n\n\n\n<figure class=\"wp-block-embed is-type-wp-embed is-provider-ma-vie-a-hong-kong-et-singapour wp-block-embed-ma-vie-a-hong-kong-et-singapour\"><div class=\"wp-block-embed__wrapper\">\n<blockquote class=\"wp-embedded-content\" data-secret=\"H1HxApHfbd\"><a href=\"https:\/\/sebetanne.co.uk\/hkblog\/gallery-photos\/hong-kong\/2018-august-to-december\/stroll-in-the-north-of-hong-kong-island-august-18\/\">Stroll in the north of Hong Kong Island &#8211; August 18<\/a><\/blockquote><iframe loading=\"lazy\" class=\"wp-embedded-content\" sandbox=\"allow-scripts\" security=\"restricted\" style=\"position: absolute; clip: rect(1px, 1px, 1px, 1px);\" title=\"&#8220;Stroll in the north of Hong Kong Island &#8211; August 18&#8221; &#8212; Ma vie \u00e0 Hong Kong.. et Singapour\" src=\"https:\/\/sebetanne.co.uk\/hkblog\/gallery-photos\/hong-kong\/2018-august-to-december\/stroll-in-the-north-of-hong-kong-island-august-18\/embed\/#?secret=2rbsQIs9bc#?secret=H1HxApHfbd\" data-secret=\"H1HxApHfbd\" width=\"600\" height=\"338\" frameborder=\"0\" marginwidth=\"0\" marginheight=\"0\" scrolling=\"no\"><\/iframe>\n<\/div><\/figure>\n\n\n\n<figure class=\"wp-block-embed is-type-wp-embed is-provider-ma-vie-a-hong-kong-et-singapour wp-block-embed-ma-vie-a-hong-kong-et-singapour\"><div class=\"wp-block-embed__wrapper\">\n<blockquote class=\"wp-embedded-content\" data-secret=\"IyQq8bAMk5\"><a href=\"https:\/\/sebetanne.co.uk\/hkblog\/gallery-photos\/hong-kong\/2018-august-to-december\/repulse-bay-beach-13-08-2018\/\">Repulse Bay Beach &#8211; 13-08-2018<\/a><\/blockquote><iframe loading=\"lazy\" class=\"wp-embedded-content\" sandbox=\"allow-scripts\" security=\"restricted\" style=\"position: absolute; clip: rect(1px, 1px, 1px, 1px);\" title=\"&#8220;Repulse Bay Beach &#8211; 13-08-2018&#8221; &#8212; Ma vie \u00e0 Hong Kong.. et Singapour\" src=\"https:\/\/sebetanne.co.uk\/hkblog\/gallery-photos\/hong-kong\/2018-august-to-december\/repulse-bay-beach-13-08-2018\/embed\/#?secret=xxWVds6NOD#?secret=IyQq8bAMk5\" data-secret=\"IyQq8bAMk5\" width=\"600\" height=\"338\" frameborder=\"0\" marginwidth=\"0\" marginheight=\"0\" scrolling=\"no\"><\/iframe>\n<\/div><\/figure>\n\n\n\n<figure class=\"wp-block-embed is-type-wp-embed is-provider-ma-vie-a-hong-kong-et-singapour wp-block-embed-ma-vie-a-hong-kong-et-singapour\"><div class=\"wp-block-embed__wrapper\">\n<blockquote class=\"wp-embedded-content\" data-secret=\"oM5jNQHT0X\"><a href=\"https:\/\/sebetanne.co.uk\/hkblog\/gallery-photos\/hong-kong\/2018-august-to-december\/view-from-our-happy-valley-flat\/\">View from our Happy Valley flat<\/a><\/blockquote><iframe loading=\"lazy\" class=\"wp-embedded-content\" sandbox=\"allow-scripts\" security=\"restricted\" style=\"position: absolute; clip: rect(1px, 1px, 1px, 1px);\" title=\"&#8220;View from our Happy Valley flat&#8221; &#8212; Ma vie \u00e0 Hong Kong.. et Singapour\" src=\"https:\/\/sebetanne.co.uk\/hkblog\/gallery-photos\/hong-kong\/2018-august-to-december\/view-from-our-happy-valley-flat\/embed\/#?secret=gZzUFcluQ4#?secret=oM5jNQHT0X\" data-secret=\"oM5jNQHT0X\" width=\"600\" height=\"338\" frameborder=\"0\" marginwidth=\"0\" marginheight=\"0\" scrolling=\"no\"><\/iframe>\n<\/div><\/figure>\n\n\n\n<figure class=\"wp-block-embed is-type-wp-embed is-provider-ma-vie-a-hong-kong-et-singapour wp-block-embed-ma-vie-a-hong-kong-et-singapour\"><div class=\"wp-block-embed__wrapper\">\n<blockquote class=\"wp-embedded-content\" data-secret=\"UeVEkUfoF2\"><a href=\"https:\/\/sebetanne.co.uk\/hkblog\/gallery-photos\/hong-kong\/2018-august-to-december\/victoria-peak\/\">Victoria Peak &#8211; 21-07-2018<\/a><\/blockquote><iframe loading=\"lazy\" class=\"wp-embedded-content\" sandbox=\"allow-scripts\" security=\"restricted\" style=\"position: absolute; clip: rect(1px, 1px, 1px, 1px);\" title=\"&#8220;Victoria Peak &#8211; 21-07-2018&#8221; &#8212; Ma vie \u00e0 Hong Kong.. et Singapour\" src=\"https:\/\/sebetanne.co.uk\/hkblog\/gallery-photos\/hong-kong\/2018-august-to-december\/victoria-peak\/embed\/#?secret=WNPr2p5jZe#?secret=UeVEkUfoF2\" data-secret=\"UeVEkUfoF2\" width=\"600\" height=\"338\" frameborder=\"0\" marginwidth=\"0\" marginheight=\"0\" scrolling=\"no\"><\/iframe>\n<\/div><\/figure>\n\n\n\n<figure class=\"wp-block-embed is-type-wp-embed is-provider-ma-vie-a-hong-kong-et-singapour wp-block-embed-ma-vie-a-hong-kong-et-singapour\"><div class=\"wp-block-embed__wrapper\">\n<blockquote class=\"wp-embedded-content\" data-secret=\"Tld9HdzZCr\"><a href=\"https:\/\/sebetanne.co.uk\/hkblog\/gallery-photos\/hong-kong\/2018-august-to-december\/kowloon-20-07-2018\/\">Kowloon &#8211; 20-07-2018<\/a><\/blockquote><iframe loading=\"lazy\" class=\"wp-embedded-content\" sandbox=\"allow-scripts\" security=\"restricted\" style=\"position: absolute; clip: rect(1px, 1px, 1px, 1px);\" title=\"&#8220;Kowloon &#8211; 20-07-2018&#8221; &#8212; Ma vie \u00e0 Hong Kong.. et Singapour\" src=\"https:\/\/sebetanne.co.uk\/hkblog\/gallery-photos\/hong-kong\/2018-august-to-december\/kowloon-20-07-2018\/embed\/#?secret=qFp0VMVpWf#?secret=Tld9HdzZCr\" data-secret=\"Tld9HdzZCr\" width=\"600\" height=\"338\" frameborder=\"0\" marginwidth=\"0\" marginheight=\"0\" scrolling=\"no\"><\/iframe>\n<\/div><\/figure>\n","protected":false},"excerpt":{"rendered":"<p>On this page, you will see all the pictures we took in 2018 between August and December. Ici sont list\u00e9es[&#8230;]<\/p>\n","protected":false},"author":1,"featured_media":416,"parent":11382,"menu_order":1,"comment_status":"closed","ping_status":"closed","template":"template-fullwidth.php","meta":{"footnotes":""},"class_list":["post-1735","page","type-page","status-publish","has-post-thumbnail","hentry"],"post_mailing_queue_ids":[],"_links":{"self":[{"href":"https:\/\/sebetanne.co.uk\/hkblog\/wp-json\/wp\/v2\/pages\/1735","targetHints":{"allow":["GET"]}}],"collection":[{"href":"https:\/\/sebetanne.co.uk\/hkblog\/wp-json\/wp\/v2\/pages"}],"about":[{"href":"https:\/\/sebetanne.co.uk\/hkblog\/wp-json\/wp\/v2\/types\/page"}],"author":[{"embeddable":true,"href":"https:\/\/sebetanne.co.uk\/hkblog\/wp-json\/wp\/v2\/users\/1"}],"replies":[{"embeddable":true,"href":"https:\/\/sebetanne.co.uk\/hkblog\/wp-json\/wp\/v2\/comments?post=1735"}],"version-history":[{"count":2,"href":"https:\/\/sebetanne.co.uk\/hkblog\/wp-json\/wp\/v2\/pages\/1735\/revisions"}],"predecessor-version":[{"id":11464,"href":"https:\/\/sebetanne.co.uk\/hkblog\/wp-json\/wp\/v2\/pages\/1735\/revisions\/11464"}],"up":[{"embeddable":true,"href":"https:\/\/sebetanne.co.uk\/hkblog\/wp-json\/wp\/v2\/pages\/11382"}],"wp:featuredmedia":[{"embeddable":true,"href":"https:\/\/sebetanne.co.uk\/hkblog\/wp-json\/wp\/v2\/media\/416"}],"wp:attachment":[{"href":"https:\/\/sebetanne.co.uk\/hkblog\/wp-json\/wp\/v2\/media?parent=1735"}],"curies":[{"name":"wp","href":"https:\/\/api.w.org\/{rel}","templated":true}]}}