{"id":1338,"date":"2019-01-10T01:40:16","date_gmt":"2019-01-10T01:40:16","guid":{"rendered":"http:\/\/sebetanne.co.uk\/hkblog\/?page_id=1338"},"modified":"2026-04-17T11:08:01","modified_gmt":"2026-04-17T11:08:01","slug":"street-art-in-sheung-wan","status":"publish","type":"page","link":"https:\/\/sebetanne.co.uk\/hkblog\/gallery-photos\/hong-kong\/2018-august-to-december\/street-art-in-sheung-wan\/","title":{"rendered":"Street Art in Sheung Wan &#8211; 24-12-2018"},"content":{"rendered":"\n<p>Fran\u00e7oise found an interesting article about street art in Hong Kong, so Emilie, Gilbert, Fran\u00e7oise and I went on a discovery trip around Sheung Wan. Our first stop was Man Mo temple.<\/p>\n\n\n\n<p style=\"text-align:right\"><em>Fran\u00e7oise a lu un article int\u00e9ressant sur le street art \u00e0 Hong Kong, alors Emilie, Gilbert, Fran\u00e7oise et moi sommes all\u00e9s \u00e0 la d\u00e9couverte du c\u00f4t\u00e9 de Sheung Wan. Nous nous sommes d\u2019abord arr\u00eat\u00e9s au temple Man Mo.<\/em><\/p>\n\n\n\n<figure class=\"wp-block-image\"><a href=\"https:\/\/sebetanne.co.uk\/hkblog\/wp-content\/uploads\/2019\/01\/20181224_137.jpg\"><img loading=\"lazy\" decoding=\"async\" width=\"683\" height=\"1024\" src=\"http:\/\/sebetanne.co.uk\/hkblog\/wp-content\/uploads\/2019\/01\/20181224_137-683x1024.jpg\" alt=\"\" class=\"wp-image-1126\" srcset=\"https:\/\/sebetanne.co.uk\/hkblog\/wp-content\/uploads\/2019\/01\/20181224_137-683x1024.jpg 683w, https:\/\/sebetanne.co.uk\/hkblog\/wp-content\/uploads\/2019\/01\/20181224_137-200x300.jpg 200w, https:\/\/sebetanne.co.uk\/hkblog\/wp-content\/uploads\/2019\/01\/20181224_137-768x1152.jpg 768w\" sizes=\"auto, (max-width: 683px) 100vw, 683px\" \/><\/a><figcaption>Man Mo temple<\/figcaption><\/figure>\n\n\n\n<figure class=\"wp-block-image\"><a href=\"https:\/\/sebetanne.co.uk\/hkblog\/wp-content\/uploads\/2019\/01\/20181224_140.jpg\"><img loading=\"lazy\" decoding=\"async\" width=\"683\" height=\"1024\" src=\"http:\/\/sebetanne.co.uk\/hkblog\/wp-content\/uploads\/2019\/01\/20181224_140-683x1024.jpg\" alt=\"\" class=\"wp-image-1129\" srcset=\"https:\/\/sebetanne.co.uk\/hkblog\/wp-content\/uploads\/2019\/01\/20181224_140-683x1024.jpg 683w, https:\/\/sebetanne.co.uk\/hkblog\/wp-content\/uploads\/2019\/01\/20181224_140-200x300.jpg 200w, https:\/\/sebetanne.co.uk\/hkblog\/wp-content\/uploads\/2019\/01\/20181224_140-768x1152.jpg 768w\" sizes=\"auto, (max-width: 683px) 100vw, 683px\" \/><\/a><\/figure>\n\n\n\n<figure class=\"wp-block-image\"><a href=\"https:\/\/sebetanne.co.uk\/hkblog\/wp-content\/uploads\/2019\/01\/20181224_139.jpg\"><img loading=\"lazy\" decoding=\"async\" width=\"683\" height=\"1024\" src=\"http:\/\/sebetanne.co.uk\/hkblog\/wp-content\/uploads\/2019\/01\/20181224_139-683x1024.jpg\" alt=\"\" class=\"wp-image-1128\" srcset=\"https:\/\/sebetanne.co.uk\/hkblog\/wp-content\/uploads\/2019\/01\/20181224_139-683x1024.jpg 683w, https:\/\/sebetanne.co.uk\/hkblog\/wp-content\/uploads\/2019\/01\/20181224_139-200x300.jpg 200w, https:\/\/sebetanne.co.uk\/hkblog\/wp-content\/uploads\/2019\/01\/20181224_139-768x1152.jpg 768w\" sizes=\"auto, (max-width: 683px) 100vw, 683px\" \/><\/a><figcaption>Incense burning spirals \/ <em>Des spirales d&#8217;encens<\/em><\/figcaption><\/figure>\n\n\n\n<figure class=\"wp-block-image\"><a href=\"https:\/\/sebetanne.co.uk\/hkblog\/wp-content\/uploads\/2019\/01\/20181224_142.jpg\"><img loading=\"lazy\" decoding=\"async\" width=\"1024\" height=\"683\" src=\"http:\/\/sebetanne.co.uk\/hkblog\/wp-content\/uploads\/2019\/01\/20181224_142-1024x683.jpg\" alt=\"\" class=\"wp-image-1131\" srcset=\"https:\/\/sebetanne.co.uk\/hkblog\/wp-content\/uploads\/2019\/01\/20181224_142-1024x683.jpg 1024w, https:\/\/sebetanne.co.uk\/hkblog\/wp-content\/uploads\/2019\/01\/20181224_142-300x200.jpg 300w, https:\/\/sebetanne.co.uk\/hkblog\/wp-content\/uploads\/2019\/01\/20181224_142-768x512.jpg 768w, https:\/\/sebetanne.co.uk\/hkblog\/wp-content\/uploads\/2019\/01\/20181224_142-840x560.jpg 840w, https:\/\/sebetanne.co.uk\/hkblog\/wp-content\/uploads\/2019\/01\/20181224_142-120x80.jpg 120w, https:\/\/sebetanne.co.uk\/hkblog\/wp-content\/uploads\/2019\/01\/20181224_142-360x240.jpg 360w, https:\/\/sebetanne.co.uk\/hkblog\/wp-content\/uploads\/2019\/01\/20181224_142-600x400.jpg 600w\" sizes=\"auto, (max-width: 1024px) 100vw, 1024px\" \/><\/a><\/figure>\n\n\n\n<figure class=\"wp-block-image\"><a href=\"https:\/\/sebetanne.co.uk\/hkblog\/wp-content\/uploads\/2019\/01\/20181224_143.jpg\"><img loading=\"lazy\" decoding=\"async\" width=\"768\" height=\"1024\" src=\"http:\/\/sebetanne.co.uk\/hkblog\/wp-content\/uploads\/2019\/01\/20181224_143-768x1024.jpg\" alt=\"\" class=\"wp-image-1132\" srcset=\"https:\/\/sebetanne.co.uk\/hkblog\/wp-content\/uploads\/2019\/01\/20181224_143-768x1024.jpg 768w, https:\/\/sebetanne.co.uk\/hkblog\/wp-content\/uploads\/2019\/01\/20181224_143-225x300.jpg 225w\" sizes=\"auto, (max-width: 768px) 100vw, 768px\" \/><\/a><figcaption>You can make it in Lego! \/ <em>Il y a m\u00eame le Lego !<\/em><\/figcaption><\/figure>\n\n\n\n<p>Then we saw the street were several walls were decorated.<\/p>\n\n\n\n<p style=\"text-align:right\"><em>Puis nous avons vu la rue o\u00f9 plusieurs murs ont \u00e9t\u00e9 d\u00e9cor\u00e9s.<\/em><\/p>\n\n\n\n<figure class=\"wp-block-image\"><a href=\"https:\/\/sebetanne.co.uk\/hkblog\/wp-content\/uploads\/2019\/01\/20181224_148.jpg\"><img loading=\"lazy\" decoding=\"async\" width=\"1024\" height=\"683\" src=\"http:\/\/sebetanne.co.uk\/hkblog\/wp-content\/uploads\/2019\/01\/20181224_148-1024x683.jpg\" alt=\"\" class=\"wp-image-1137\" srcset=\"https:\/\/sebetanne.co.uk\/hkblog\/wp-content\/uploads\/2019\/01\/20181224_148-1024x683.jpg 1024w, https:\/\/sebetanne.co.uk\/hkblog\/wp-content\/uploads\/2019\/01\/20181224_148-300x200.jpg 300w, https:\/\/sebetanne.co.uk\/hkblog\/wp-content\/uploads\/2019\/01\/20181224_148-768x512.jpg 768w, https:\/\/sebetanne.co.uk\/hkblog\/wp-content\/uploads\/2019\/01\/20181224_148-840x560.jpg 840w, https:\/\/sebetanne.co.uk\/hkblog\/wp-content\/uploads\/2019\/01\/20181224_148-120x80.jpg 120w, https:\/\/sebetanne.co.uk\/hkblog\/wp-content\/uploads\/2019\/01\/20181224_148-360x240.jpg 360w, https:\/\/sebetanne.co.uk\/hkblog\/wp-content\/uploads\/2019\/01\/20181224_148-600x400.jpg 600w\" sizes=\"auto, (max-width: 1024px) 100vw, 1024px\" \/><\/a><figcaption>Bruce Lee<\/figcaption><\/figure>\n\n\n\n<figure class=\"wp-block-image\"><a href=\"https:\/\/sebetanne.co.uk\/hkblog\/wp-content\/uploads\/2019\/01\/20181224_150_Emilie.jpg\"><img loading=\"lazy\" decoding=\"async\" width=\"683\" height=\"1024\" src=\"http:\/\/sebetanne.co.uk\/hkblog\/wp-content\/uploads\/2019\/01\/20181224_150_Emilie-683x1024.jpg\" alt=\"\" class=\"wp-image-1139\" srcset=\"https:\/\/sebetanne.co.uk\/hkblog\/wp-content\/uploads\/2019\/01\/20181224_150_Emilie-683x1024.jpg 683w, https:\/\/sebetanne.co.uk\/hkblog\/wp-content\/uploads\/2019\/01\/20181224_150_Emilie-200x300.jpg 200w, https:\/\/sebetanne.co.uk\/hkblog\/wp-content\/uploads\/2019\/01\/20181224_150_Emilie-768x1152.jpg 768w\" sizes=\"auto, (max-width: 683px) 100vw, 683px\" \/><\/a><\/figure>\n\n\n\n<p>We walked in the streets for a couple of hours before resting our sore legs in a small dim sum restaurant.<\/p>\n\n\n\n<p style=\"text-align:right\"><em>Nous avons march\u00e9 dans les rues pendant quelques heures avant de nous sustanter dans un petit restaurant dim sum.<\/em><\/p>\n\n\n\n<figure class=\"wp-block-image\"><a href=\"https:\/\/sebetanne.co.uk\/hkblog\/wp-content\/uploads\/2019\/01\/20181224_128.jpg\"><img loading=\"lazy\" decoding=\"async\" width=\"683\" height=\"1024\" src=\"http:\/\/sebetanne.co.uk\/hkblog\/wp-content\/uploads\/2019\/01\/20181224_128-683x1024.jpg\" alt=\"\" class=\"wp-image-1117\" srcset=\"https:\/\/sebetanne.co.uk\/hkblog\/wp-content\/uploads\/2019\/01\/20181224_128-683x1024.jpg 683w, https:\/\/sebetanne.co.uk\/hkblog\/wp-content\/uploads\/2019\/01\/20181224_128-200x300.jpg 200w, https:\/\/sebetanne.co.uk\/hkblog\/wp-content\/uploads\/2019\/01\/20181224_128-768x1152.jpg 768w\" sizes=\"auto, (max-width: 683px) 100vw, 683px\" \/><\/a><\/figure>\n\n\n\n<figure class=\"wp-block-image\"><a href=\"https:\/\/sebetanne.co.uk\/hkblog\/wp-content\/uploads\/2019\/01\/20181224_135.jpg\"><img loading=\"lazy\" decoding=\"async\" width=\"683\" height=\"1024\" src=\"http:\/\/sebetanne.co.uk\/hkblog\/wp-content\/uploads\/2019\/01\/20181224_135-683x1024.jpg\" alt=\"\" class=\"wp-image-1124\" srcset=\"https:\/\/sebetanne.co.uk\/hkblog\/wp-content\/uploads\/2019\/01\/20181224_135-683x1024.jpg 683w, https:\/\/sebetanne.co.uk\/hkblog\/wp-content\/uploads\/2019\/01\/20181224_135-200x300.jpg 200w, https:\/\/sebetanne.co.uk\/hkblog\/wp-content\/uploads\/2019\/01\/20181224_135-768x1152.jpg 768w\" sizes=\"auto, (max-width: 683px) 100vw, 683px\" \/><\/a><\/figure>\n\n\n\n<figure class=\"wp-block-image\"><a href=\"https:\/\/sebetanne.co.uk\/hkblog\/wp-content\/uploads\/2019\/01\/20181224_153.jpg\"><img loading=\"lazy\" decoding=\"async\" width=\"683\" height=\"1024\" src=\"http:\/\/sebetanne.co.uk\/hkblog\/wp-content\/uploads\/2019\/01\/20181224_153-683x1024.jpg\" alt=\"\" class=\"wp-image-1142\" srcset=\"https:\/\/sebetanne.co.uk\/hkblog\/wp-content\/uploads\/2019\/01\/20181224_153-683x1024.jpg 683w, https:\/\/sebetanne.co.uk\/hkblog\/wp-content\/uploads\/2019\/01\/20181224_153-200x300.jpg 200w, https:\/\/sebetanne.co.uk\/hkblog\/wp-content\/uploads\/2019\/01\/20181224_153-768x1152.jpg 768w\" sizes=\"auto, (max-width: 683px) 100vw, 683px\" \/><\/a><\/figure>\n\n\n\n<figure class=\"wp-block-image\"><a href=\"https:\/\/sebetanne.co.uk\/hkblog\/wp-content\/uploads\/2019\/01\/20181224_156.jpg\"><img loading=\"lazy\" decoding=\"async\" width=\"1024\" height=\"683\" src=\"http:\/\/sebetanne.co.uk\/hkblog\/wp-content\/uploads\/2019\/01\/20181224_156-1024x683.jpg\" alt=\"\" class=\"wp-image-1145\" srcset=\"https:\/\/sebetanne.co.uk\/hkblog\/wp-content\/uploads\/2019\/01\/20181224_156-1024x683.jpg 1024w, https:\/\/sebetanne.co.uk\/hkblog\/wp-content\/uploads\/2019\/01\/20181224_156-300x200.jpg 300w, https:\/\/sebetanne.co.uk\/hkblog\/wp-content\/uploads\/2019\/01\/20181224_156-768x512.jpg 768w, https:\/\/sebetanne.co.uk\/hkblog\/wp-content\/uploads\/2019\/01\/20181224_156-840x560.jpg 840w, https:\/\/sebetanne.co.uk\/hkblog\/wp-content\/uploads\/2019\/01\/20181224_156-120x80.jpg 120w, https:\/\/sebetanne.co.uk\/hkblog\/wp-content\/uploads\/2019\/01\/20181224_156-360x240.jpg 360w, https:\/\/sebetanne.co.uk\/hkblog\/wp-content\/uploads\/2019\/01\/20181224_156-600x400.jpg 600w\" sizes=\"auto, (max-width: 1024px) 100vw, 1024px\" \/><\/a><\/figure>\n\n\n\n<figure class=\"wp-block-image\"><a href=\"https:\/\/sebetanne.co.uk\/hkblog\/wp-content\/uploads\/2019\/01\/20181224_157.jpg\"><img loading=\"lazy\" decoding=\"async\" width=\"683\" height=\"1024\" src=\"http:\/\/sebetanne.co.uk\/hkblog\/wp-content\/uploads\/2019\/01\/20181224_157-683x1024.jpg\" alt=\"\" class=\"wp-image-1146\" srcset=\"https:\/\/sebetanne.co.uk\/hkblog\/wp-content\/uploads\/2019\/01\/20181224_157-683x1024.jpg 683w, https:\/\/sebetanne.co.uk\/hkblog\/wp-content\/uploads\/2019\/01\/20181224_157-200x300.jpg 200w, https:\/\/sebetanne.co.uk\/hkblog\/wp-content\/uploads\/2019\/01\/20181224_157-768x1152.jpg 768w\" sizes=\"auto, (max-width: 683px) 100vw, 683px\" \/><\/a><\/figure>\n","protected":false},"excerpt":{"rendered":"<p>Fran\u00e7oise found an interesting article about street art in Hong Kong, so Emilie, Gilbert, Fran\u00e7oise and I went on a[&#8230;]<\/p>\n","protected":false},"author":1,"featured_media":1140,"parent":1735,"menu_order":20,"comment_status":"closed","ping_status":"closed","template":"template-fullwidth.php","meta":{"footnotes":""},"class_list":["post-1338","page","type-page","status-publish","has-post-thumbnail","hentry"],"post_mailing_queue_ids":[],"_links":{"self":[{"href":"https:\/\/sebetanne.co.uk\/hkblog\/wp-json\/wp\/v2\/pages\/1338","targetHints":{"allow":["GET"]}}],"collection":[{"href":"https:\/\/sebetanne.co.uk\/hkblog\/wp-json\/wp\/v2\/pages"}],"about":[{"href":"https:\/\/sebetanne.co.uk\/hkblog\/wp-json\/wp\/v2\/types\/page"}],"author":[{"embeddable":true,"href":"https:\/\/sebetanne.co.uk\/hkblog\/wp-json\/wp\/v2\/users\/1"}],"replies":[{"embeddable":true,"href":"https:\/\/sebetanne.co.uk\/hkblog\/wp-json\/wp\/v2\/comments?post=1338"}],"version-history":[{"count":1,"href":"https:\/\/sebetanne.co.uk\/hkblog\/wp-json\/wp\/v2\/pages\/1338\/revisions"}],"predecessor-version":[{"id":33531,"href":"https:\/\/sebetanne.co.uk\/hkblog\/wp-json\/wp\/v2\/pages\/1338\/revisions\/33531"}],"up":[{"embeddable":true,"href":"https:\/\/sebetanne.co.uk\/hkblog\/wp-json\/wp\/v2\/pages\/1735"}],"wp:featuredmedia":[{"embeddable":true,"href":"https:\/\/sebetanne.co.uk\/hkblog\/wp-json\/wp\/v2\/media\/1140"}],"wp:attachment":[{"href":"https:\/\/sebetanne.co.uk\/hkblog\/wp-json\/wp\/v2\/media?parent=1338"}],"curies":[{"name":"wp","href":"https:\/\/api.w.org\/{rel}","templated":true}]}}