{"id":12820,"date":"2022-09-05T08:56:44","date_gmt":"2022-09-05T08:56:44","guid":{"rendered":"https:\/\/sebetanne.co.uk\/hkblog\/?page_id=12820"},"modified":"2022-09-05T08:56:46","modified_gmt":"2022-09-05T08:56:46","slug":"little-india-02-09-2022","status":"publish","type":"page","link":"https:\/\/sebetanne.co.uk\/hkblog\/gallery-photos\/singapour\/2022-august-to-december\/little-india-02-09-2022\/","title":{"rendered":"Little India &#8211; 02-09-2022"},"content":{"rendered":"\n<p>Emilie started a new Parkour class. I thought the lesson was an hour, but it turned out it was two hours. So I had plenty of time to walk around the area. I had a look around one of the main streets of Little India area. There are lots of Indians in Singapore and this area has a completely different feel from the rest of what I saw so far.<\/p>\n\n\n\n<p class=\"has-text-align-right\"><em>Emilie a commenc\u00e9 un nouveau cours de Parkour. Je pensais que la le\u00e7on durait une heure, mais en fait c&#8217;\u00e9tait deux heures. J&#8217;ai donc eu beaucoup de temps pour me promener dans le coin. Je me suis balad\u00e9 dans l&#8217;une des rues principales du quartier de Little India. Il y a beaucoup d&#8217;Indiens \u00e0 Singapour et ce quartier a une ambiance compl\u00e8tement diff\u00e9rente du reste de la ville que j&#8217;ai vue jusqu&#8217;\u00e0 pr\u00e9sent.<\/em><\/p>\n\n\n\n<p>This really nice looking row of shophouses was in Petain rd. I spotted a few roads with a French name (Clemenceau, Foch, for example), but you will never see a Petain road in France. We would prefer forget the French president when Germany had annexed France, especially when he was a bit too close to the Nazi ideas.<\/p>\n\n\n\n<p class=\"has-text-align-right\"><em>Cette tr\u00e8s jolie rang\u00e9e de shophouses se trouve dans la rue P\u00e9tain. J&#8217;ai rep\u00e9r\u00e9 quelques rues avec des noms fran\u00e7ais (Cl\u00e9menceau ou Foch, par exemple), mais vous ne verrez jamais une rue P\u00e9tain en France. On pr\u00e9f\u00e8re oublier le pr\u00e9sident fran\u00e7ais collabo qui a fait d\u00e9porter nombre de juifs quand la France \u00e9tait occup\u00e9e.<\/em><\/p>\n\n\n\n<figure class=\"wp-block-gallery has-nested-images columns-2 is-cropped wp-block-gallery-1 is-layout-flex wp-block-gallery-is-layout-flex\">\n<figure class=\"wp-block-image size-large\"><a href=\"https:\/\/sebetanne.co.uk\/hkblog\/wp-content\/uploads\/2022\/09\/20220903_140645-Copy-scaled.jpg\"><img loading=\"lazy\" decoding=\"async\" width=\"1024\" height=\"768\" data-id=\"12832\" src=\"https:\/\/sebetanne.co.uk\/hkblog\/wp-content\/uploads\/2022\/09\/20220903_140645-Copy-1024x768.jpg\" alt=\"\" class=\"wp-image-12832\" srcset=\"https:\/\/sebetanne.co.uk\/hkblog\/wp-content\/uploads\/2022\/09\/20220903_140645-Copy-1024x768.jpg 1024w, https:\/\/sebetanne.co.uk\/hkblog\/wp-content\/uploads\/2022\/09\/20220903_140645-Copy-300x225.jpg 300w, https:\/\/sebetanne.co.uk\/hkblog\/wp-content\/uploads\/2022\/09\/20220903_140645-Copy-768x576.jpg 768w, https:\/\/sebetanne.co.uk\/hkblog\/wp-content\/uploads\/2022\/09\/20220903_140645-Copy-1536x1152.jpg 1536w, https:\/\/sebetanne.co.uk\/hkblog\/wp-content\/uploads\/2022\/09\/20220903_140645-Copy-2048x1536.jpg 2048w\" sizes=\"auto, (max-width: 1024px) 100vw, 1024px\" \/><\/a><\/figure>\n\n\n\n<figure class=\"wp-block-image size-large\"><a href=\"https:\/\/sebetanne.co.uk\/hkblog\/wp-content\/uploads\/2022\/09\/20220903_140837-Copy-scaled.jpg\"><img loading=\"lazy\" decoding=\"async\" width=\"1024\" height=\"768\" data-id=\"12831\" src=\"https:\/\/sebetanne.co.uk\/hkblog\/wp-content\/uploads\/2022\/09\/20220903_140837-Copy-1024x768.jpg\" alt=\"\" class=\"wp-image-12831\" srcset=\"https:\/\/sebetanne.co.uk\/hkblog\/wp-content\/uploads\/2022\/09\/20220903_140837-Copy-1024x768.jpg 1024w, https:\/\/sebetanne.co.uk\/hkblog\/wp-content\/uploads\/2022\/09\/20220903_140837-Copy-300x225.jpg 300w, https:\/\/sebetanne.co.uk\/hkblog\/wp-content\/uploads\/2022\/09\/20220903_140837-Copy-768x576.jpg 768w, https:\/\/sebetanne.co.uk\/hkblog\/wp-content\/uploads\/2022\/09\/20220903_140837-Copy-1536x1152.jpg 1536w, https:\/\/sebetanne.co.uk\/hkblog\/wp-content\/uploads\/2022\/09\/20220903_140837-Copy-2048x1536.jpg 2048w\" sizes=\"auto, (max-width: 1024px) 100vw, 1024px\" \/><\/a><\/figure>\n\n\n\n<figure class=\"wp-block-image size-large\"><a href=\"https:\/\/sebetanne.co.uk\/hkblog\/wp-content\/uploads\/2022\/09\/20220903_140917-Copy-scaled.jpg\"><img loading=\"lazy\" decoding=\"async\" width=\"768\" height=\"1024\" data-id=\"12830\" src=\"https:\/\/sebetanne.co.uk\/hkblog\/wp-content\/uploads\/2022\/09\/20220903_140917-Copy-768x1024.jpg\" alt=\"\" class=\"wp-image-12830\" srcset=\"https:\/\/sebetanne.co.uk\/hkblog\/wp-content\/uploads\/2022\/09\/20220903_140917-Copy-768x1024.jpg 768w, https:\/\/sebetanne.co.uk\/hkblog\/wp-content\/uploads\/2022\/09\/20220903_140917-Copy-225x300.jpg 225w, https:\/\/sebetanne.co.uk\/hkblog\/wp-content\/uploads\/2022\/09\/20220903_140917-Copy-1152x1536.jpg 1152w, https:\/\/sebetanne.co.uk\/hkblog\/wp-content\/uploads\/2022\/09\/20220903_140917-Copy-1536x2048.jpg 1536w, https:\/\/sebetanne.co.uk\/hkblog\/wp-content\/uploads\/2022\/09\/20220903_140917-Copy-scaled.jpg 1920w\" sizes=\"auto, (max-width: 768px) 100vw, 768px\" \/><\/a><\/figure>\n\n\n\n<figure class=\"wp-block-image size-large\"><a href=\"https:\/\/sebetanne.co.uk\/hkblog\/wp-content\/uploads\/2022\/09\/20220903_140804-scaled.jpg\"><img loading=\"lazy\" decoding=\"async\" width=\"768\" height=\"1024\" data-id=\"12828\" src=\"https:\/\/sebetanne.co.uk\/hkblog\/wp-content\/uploads\/2022\/09\/20220903_140804-768x1024.jpg\" alt=\"\" class=\"wp-image-12828\" srcset=\"https:\/\/sebetanne.co.uk\/hkblog\/wp-content\/uploads\/2022\/09\/20220903_140804-768x1024.jpg 768w, https:\/\/sebetanne.co.uk\/hkblog\/wp-content\/uploads\/2022\/09\/20220903_140804-225x300.jpg 225w, https:\/\/sebetanne.co.uk\/hkblog\/wp-content\/uploads\/2022\/09\/20220903_140804-1152x1536.jpg 1152w, https:\/\/sebetanne.co.uk\/hkblog\/wp-content\/uploads\/2022\/09\/20220903_140804-1536x2048.jpg 1536w, https:\/\/sebetanne.co.uk\/hkblog\/wp-content\/uploads\/2022\/09\/20220903_140804-scaled.jpg 1920w\" sizes=\"auto, (max-width: 768px) 100vw, 768px\" \/><\/a><\/figure>\n\n\n\n<figure class=\"wp-block-image size-large\"><a href=\"https:\/\/sebetanne.co.uk\/hkblog\/wp-content\/uploads\/2022\/09\/20220903_141054-Copy-scaled.jpg\"><img loading=\"lazy\" decoding=\"async\" width=\"768\" height=\"1024\" data-id=\"12829\" src=\"https:\/\/sebetanne.co.uk\/hkblog\/wp-content\/uploads\/2022\/09\/20220903_141054-Copy-768x1024.jpg\" alt=\"\" class=\"wp-image-12829\" srcset=\"https:\/\/sebetanne.co.uk\/hkblog\/wp-content\/uploads\/2022\/09\/20220903_141054-Copy-768x1024.jpg 768w, https:\/\/sebetanne.co.uk\/hkblog\/wp-content\/uploads\/2022\/09\/20220903_141054-Copy-225x300.jpg 225w, https:\/\/sebetanne.co.uk\/hkblog\/wp-content\/uploads\/2022\/09\/20220903_141054-Copy-1152x1536.jpg 1152w, https:\/\/sebetanne.co.uk\/hkblog\/wp-content\/uploads\/2022\/09\/20220903_141054-Copy-1536x2048.jpg 1536w, https:\/\/sebetanne.co.uk\/hkblog\/wp-content\/uploads\/2022\/09\/20220903_141054-Copy-scaled.jpg 1920w\" sizes=\"auto, (max-width: 768px) 100vw, 768px\" \/><\/a><\/figure>\n\n\n\n<figure class=\"wp-block-image size-large\"><a href=\"https:\/\/sebetanne.co.uk\/hkblog\/wp-content\/uploads\/2022\/09\/20220903_141113-scaled.jpg\"><img loading=\"lazy\" decoding=\"async\" width=\"768\" height=\"1024\" data-id=\"12827\" src=\"https:\/\/sebetanne.co.uk\/hkblog\/wp-content\/uploads\/2022\/09\/20220903_141113-768x1024.jpg\" alt=\"\" class=\"wp-image-12827\" srcset=\"https:\/\/sebetanne.co.uk\/hkblog\/wp-content\/uploads\/2022\/09\/20220903_141113-768x1024.jpg 768w, https:\/\/sebetanne.co.uk\/hkblog\/wp-content\/uploads\/2022\/09\/20220903_141113-225x300.jpg 225w, https:\/\/sebetanne.co.uk\/hkblog\/wp-content\/uploads\/2022\/09\/20220903_141113-1152x1536.jpg 1152w, https:\/\/sebetanne.co.uk\/hkblog\/wp-content\/uploads\/2022\/09\/20220903_141113-1536x2048.jpg 1536w, https:\/\/sebetanne.co.uk\/hkblog\/wp-content\/uploads\/2022\/09\/20220903_141113-scaled.jpg 1920w\" sizes=\"auto, (max-width: 768px) 100vw, 768px\" \/><\/a><\/figure>\n<\/figure>\n\n\n\n<p>After a refreshing drink, I continued my exploration and it was fascinating. I will be back to see more!<\/p>\n\n\n\n<p class=\"has-text-align-right\"><em>Apr\u00e8s une boisson rafra\u00eechissante, j&#8217;ai continu\u00e9 mon exploration et c&#8217;\u00e9tait fascinant. Je reviendrai pour en voir plus !<\/em><\/p>\n\n\n\n<figure class=\"wp-block-gallery has-nested-images columns-default is-cropped wp-block-gallery-2 is-layout-flex wp-block-gallery-is-layout-flex\">\n<figure class=\"wp-block-image size-large\"><a href=\"https:\/\/sebetanne.co.uk\/hkblog\/wp-content\/uploads\/2022\/09\/20220903_141515-scaled.jpg\"><img loading=\"lazy\" decoding=\"async\" width=\"768\" height=\"1024\" data-id=\"12843\" src=\"https:\/\/sebetanne.co.uk\/hkblog\/wp-content\/uploads\/2022\/09\/20220903_141515-768x1024.jpg\" alt=\"\" class=\"wp-image-12843\" srcset=\"https:\/\/sebetanne.co.uk\/hkblog\/wp-content\/uploads\/2022\/09\/20220903_141515-768x1024.jpg 768w, https:\/\/sebetanne.co.uk\/hkblog\/wp-content\/uploads\/2022\/09\/20220903_141515-225x300.jpg 225w, https:\/\/sebetanne.co.uk\/hkblog\/wp-content\/uploads\/2022\/09\/20220903_141515-1152x1536.jpg 1152w, https:\/\/sebetanne.co.uk\/hkblog\/wp-content\/uploads\/2022\/09\/20220903_141515-1536x2048.jpg 1536w, https:\/\/sebetanne.co.uk\/hkblog\/wp-content\/uploads\/2022\/09\/20220903_141515-scaled.jpg 1920w\" sizes=\"auto, (max-width: 768px) 100vw, 768px\" \/><\/a><\/figure>\n\n\n\n<figure class=\"wp-block-image size-large\"><a href=\"https:\/\/sebetanne.co.uk\/hkblog\/wp-content\/uploads\/2022\/09\/20220903_154215-Copy-scaled.jpg\"><img loading=\"lazy\" decoding=\"async\" width=\"768\" height=\"1024\" data-id=\"12847\" src=\"https:\/\/sebetanne.co.uk\/hkblog\/wp-content\/uploads\/2022\/09\/20220903_154215-Copy-768x1024.jpg\" alt=\"\" class=\"wp-image-12847\" srcset=\"https:\/\/sebetanne.co.uk\/hkblog\/wp-content\/uploads\/2022\/09\/20220903_154215-Copy-768x1024.jpg 768w, https:\/\/sebetanne.co.uk\/hkblog\/wp-content\/uploads\/2022\/09\/20220903_154215-Copy-225x300.jpg 225w, https:\/\/sebetanne.co.uk\/hkblog\/wp-content\/uploads\/2022\/09\/20220903_154215-Copy-1152x1536.jpg 1152w, https:\/\/sebetanne.co.uk\/hkblog\/wp-content\/uploads\/2022\/09\/20220903_154215-Copy-1536x2048.jpg 1536w, https:\/\/sebetanne.co.uk\/hkblog\/wp-content\/uploads\/2022\/09\/20220903_154215-Copy-scaled.jpg 1920w\" sizes=\"auto, (max-width: 768px) 100vw, 768px\" \/><\/a><\/figure>\n\n\n\n<figure class=\"wp-block-image size-large\"><a href=\"https:\/\/sebetanne.co.uk\/hkblog\/wp-content\/uploads\/2022\/09\/20220903_161604-scaled.jpg\"><img loading=\"lazy\" decoding=\"async\" width=\"768\" height=\"1024\" data-id=\"12839\" src=\"https:\/\/sebetanne.co.uk\/hkblog\/wp-content\/uploads\/2022\/09\/20220903_161604-768x1024.jpg\" alt=\"\" class=\"wp-image-12839\" srcset=\"https:\/\/sebetanne.co.uk\/hkblog\/wp-content\/uploads\/2022\/09\/20220903_161604-768x1024.jpg 768w, https:\/\/sebetanne.co.uk\/hkblog\/wp-content\/uploads\/2022\/09\/20220903_161604-225x300.jpg 225w, https:\/\/sebetanne.co.uk\/hkblog\/wp-content\/uploads\/2022\/09\/20220903_161604-1152x1536.jpg 1152w, https:\/\/sebetanne.co.uk\/hkblog\/wp-content\/uploads\/2022\/09\/20220903_161604-1536x2048.jpg 1536w, https:\/\/sebetanne.co.uk\/hkblog\/wp-content\/uploads\/2022\/09\/20220903_161604-scaled.jpg 1920w\" sizes=\"auto, (max-width: 768px) 100vw, 768px\" \/><\/a><\/figure>\n\n\n\n<figure class=\"wp-block-image size-large\"><a href=\"https:\/\/sebetanne.co.uk\/hkblog\/wp-content\/uploads\/2022\/09\/20220903_161709-scaled.jpg\"><img loading=\"lazy\" decoding=\"async\" width=\"768\" height=\"1024\" data-id=\"12844\" src=\"https:\/\/sebetanne.co.uk\/hkblog\/wp-content\/uploads\/2022\/09\/20220903_161709-768x1024.jpg\" alt=\"\" class=\"wp-image-12844\" srcset=\"https:\/\/sebetanne.co.uk\/hkblog\/wp-content\/uploads\/2022\/09\/20220903_161709-768x1024.jpg 768w, https:\/\/sebetanne.co.uk\/hkblog\/wp-content\/uploads\/2022\/09\/20220903_161709-225x300.jpg 225w, https:\/\/sebetanne.co.uk\/hkblog\/wp-content\/uploads\/2022\/09\/20220903_161709-1152x1536.jpg 1152w, https:\/\/sebetanne.co.uk\/hkblog\/wp-content\/uploads\/2022\/09\/20220903_161709-1536x2048.jpg 1536w, https:\/\/sebetanne.co.uk\/hkblog\/wp-content\/uploads\/2022\/09\/20220903_161709-scaled.jpg 1920w\" sizes=\"auto, (max-width: 768px) 100vw, 768px\" \/><\/a><figcaption>Angullia Mosque<\/figcaption><\/figure>\n\n\n\n<figure class=\"wp-block-image size-large\"><a href=\"https:\/\/sebetanne.co.uk\/hkblog\/wp-content\/uploads\/2022\/09\/20220903_162516-scaled.jpg\"><img loading=\"lazy\" decoding=\"async\" width=\"768\" height=\"1024\" data-id=\"12845\" src=\"https:\/\/sebetanne.co.uk\/hkblog\/wp-content\/uploads\/2022\/09\/20220903_162516-768x1024.jpg\" alt=\"\" class=\"wp-image-12845\" srcset=\"https:\/\/sebetanne.co.uk\/hkblog\/wp-content\/uploads\/2022\/09\/20220903_162516-768x1024.jpg 768w, https:\/\/sebetanne.co.uk\/hkblog\/wp-content\/uploads\/2022\/09\/20220903_162516-225x300.jpg 225w, https:\/\/sebetanne.co.uk\/hkblog\/wp-content\/uploads\/2022\/09\/20220903_162516-1152x1536.jpg 1152w, https:\/\/sebetanne.co.uk\/hkblog\/wp-content\/uploads\/2022\/09\/20220903_162516-1536x2048.jpg 1536w, https:\/\/sebetanne.co.uk\/hkblog\/wp-content\/uploads\/2022\/09\/20220903_162516-scaled.jpg 1920w\" sizes=\"auto, (max-width: 768px) 100vw, 768px\" \/><\/a><figcaption>Sri Srinivasa Perumal Temple<\/figcaption><\/figure>\n\n\n\n<figure class=\"wp-block-image size-large\"><a href=\"https:\/\/sebetanne.co.uk\/hkblog\/wp-content\/uploads\/2022\/09\/20220903_162759-scaled.jpg\"><img loading=\"lazy\" decoding=\"async\" width=\"768\" height=\"1024\" data-id=\"12846\" src=\"https:\/\/sebetanne.co.uk\/hkblog\/wp-content\/uploads\/2022\/09\/20220903_162759-768x1024.jpg\" alt=\"\" class=\"wp-image-12846\" srcset=\"https:\/\/sebetanne.co.uk\/hkblog\/wp-content\/uploads\/2022\/09\/20220903_162759-768x1024.jpg 768w, https:\/\/sebetanne.co.uk\/hkblog\/wp-content\/uploads\/2022\/09\/20220903_162759-225x300.jpg 225w, https:\/\/sebetanne.co.uk\/hkblog\/wp-content\/uploads\/2022\/09\/20220903_162759-1152x1536.jpg 1152w, https:\/\/sebetanne.co.uk\/hkblog\/wp-content\/uploads\/2022\/09\/20220903_162759-1536x2048.jpg 1536w, https:\/\/sebetanne.co.uk\/hkblog\/wp-content\/uploads\/2022\/09\/20220903_162759-scaled.jpg 1920w\" sizes=\"auto, (max-width: 768px) 100vw, 768px\" \/><\/a><\/figure>\n\n\n\n<figure class=\"wp-block-image size-large\"><a href=\"https:\/\/sebetanne.co.uk\/hkblog\/wp-content\/uploads\/2022\/09\/20220903_152701-scaled.jpg\"><img loading=\"lazy\" decoding=\"async\" width=\"1024\" height=\"768\" data-id=\"12848\" src=\"https:\/\/sebetanne.co.uk\/hkblog\/wp-content\/uploads\/2022\/09\/20220903_152701-1024x768.jpg\" alt=\"\" class=\"wp-image-12848\" srcset=\"https:\/\/sebetanne.co.uk\/hkblog\/wp-content\/uploads\/2022\/09\/20220903_152701-1024x768.jpg 1024w, https:\/\/sebetanne.co.uk\/hkblog\/wp-content\/uploads\/2022\/09\/20220903_152701-300x225.jpg 300w, https:\/\/sebetanne.co.uk\/hkblog\/wp-content\/uploads\/2022\/09\/20220903_152701-768x576.jpg 768w, https:\/\/sebetanne.co.uk\/hkblog\/wp-content\/uploads\/2022\/09\/20220903_152701-1536x1152.jpg 1536w, https:\/\/sebetanne.co.uk\/hkblog\/wp-content\/uploads\/2022\/09\/20220903_152701-2048x1536.jpg 2048w\" sizes=\"auto, (max-width: 1024px) 100vw, 1024px\" \/><\/a><figcaption>Sri Vadapathira Kaliamman Temple<\/figcaption><\/figure>\n<\/figure>\n\n\n\n<p>The main street called Serangoon road was very busy!<\/p>\n\n\n\n<p class=\"has-text-align-right\"><em>La rue principale appel\u00e9e Serangoon Road \u00e9tait tr\u00e8s fr\u00e9quent\u00e9e !<\/em><\/p>\n\n\n\n<figure class=\"wp-block-gallery has-nested-images columns-default is-cropped wp-block-gallery-3 is-layout-flex wp-block-gallery-is-layout-flex\">\n<figure class=\"wp-block-image size-large\"><a href=\"https:\/\/sebetanne.co.uk\/hkblog\/wp-content\/uploads\/2022\/09\/20220903_152620-Copy-scaled.jpg\"><img loading=\"lazy\" decoding=\"async\" width=\"2560\" height=\"1920\" data-id=\"12842\" src=\"https:\/\/sebetanne.co.uk\/hkblog\/wp-content\/uploads\/2022\/09\/20220903_152620-Copy-scaled.jpg\" alt=\"\" class=\"wp-image-12842\" srcset=\"https:\/\/sebetanne.co.uk\/hkblog\/wp-content\/uploads\/2022\/09\/20220903_152620-Copy-scaled.jpg 2560w, https:\/\/sebetanne.co.uk\/hkblog\/wp-content\/uploads\/2022\/09\/20220903_152620-Copy-300x225.jpg 300w, https:\/\/sebetanne.co.uk\/hkblog\/wp-content\/uploads\/2022\/09\/20220903_152620-Copy-1024x768.jpg 1024w, https:\/\/sebetanne.co.uk\/hkblog\/wp-content\/uploads\/2022\/09\/20220903_152620-Copy-768x576.jpg 768w, https:\/\/sebetanne.co.uk\/hkblog\/wp-content\/uploads\/2022\/09\/20220903_152620-Copy-1536x1152.jpg 1536w, https:\/\/sebetanne.co.uk\/hkblog\/wp-content\/uploads\/2022\/09\/20220903_152620-Copy-2048x1536.jpg 2048w\" sizes=\"auto, (max-width: 2560px) 100vw, 2560px\" \/><\/a><\/figure>\n\n\n\n<figure class=\"wp-block-image size-large\"><a href=\"https:\/\/sebetanne.co.uk\/hkblog\/wp-content\/uploads\/2022\/09\/20220903_162416-scaled.jpg\"><img loading=\"lazy\" decoding=\"async\" width=\"2560\" height=\"1920\" data-id=\"12849\" src=\"https:\/\/sebetanne.co.uk\/hkblog\/wp-content\/uploads\/2022\/09\/20220903_162416-scaled.jpg\" alt=\"\" class=\"wp-image-12849\" srcset=\"https:\/\/sebetanne.co.uk\/hkblog\/wp-content\/uploads\/2022\/09\/20220903_162416-scaled.jpg 2560w, https:\/\/sebetanne.co.uk\/hkblog\/wp-content\/uploads\/2022\/09\/20220903_162416-300x225.jpg 300w, https:\/\/sebetanne.co.uk\/hkblog\/wp-content\/uploads\/2022\/09\/20220903_162416-1024x768.jpg 1024w, https:\/\/sebetanne.co.uk\/hkblog\/wp-content\/uploads\/2022\/09\/20220903_162416-768x576.jpg 768w, https:\/\/sebetanne.co.uk\/hkblog\/wp-content\/uploads\/2022\/09\/20220903_162416-1536x1152.jpg 1536w, https:\/\/sebetanne.co.uk\/hkblog\/wp-content\/uploads\/2022\/09\/20220903_162416-2048x1536.jpg 2048w\" sizes=\"auto, (max-width: 2560px) 100vw, 2560px\" \/><\/a><\/figure>\n<\/figure>\n\n\n\n<p>And also a few funny pictures. The first on is an advert I saw on a wall. I&#8217;ve no idea what it is for but it made me smile! On the second one, you can see an interesting looking vehicle. When I went closer I realised it was a hearse. What a bright way to be sent off!<\/p>\n\n\n\n<p class=\"has-text-align-right\"><em>Et aussi quelques images amusantes. La premi\u00e8re est une publicit\u00e9 vue sur un mur. Je ne sais pas ce qui est \u00e9crit mais \u00e7a m&#8217;a fait sourire ! Sur la seconde, vous pouvez voir un v\u00e9hicule int\u00e9ressant. Quand je me suis approch\u00e9e, j&#8217;ai r\u00e9alis\u00e9 que c&#8217;\u00e9tait un corbillard. Quelle fa\u00e7on brillante de finir son trajet sur Terre !<\/em><\/p>\n\n\n\n<figure class=\"wp-block-gallery has-nested-images columns-default is-cropped wp-block-gallery-4 is-layout-flex wp-block-gallery-is-layout-flex\">\n<figure class=\"wp-block-image size-large\"><a href=\"https:\/\/sebetanne.co.uk\/hkblog\/wp-content\/uploads\/2022\/09\/20220903_154148-scaled.jpg\"><img loading=\"lazy\" decoding=\"async\" width=\"2560\" height=\"1920\" data-id=\"12840\" src=\"https:\/\/sebetanne.co.uk\/hkblog\/wp-content\/uploads\/2022\/09\/20220903_154148-scaled.jpg\" alt=\"\" class=\"wp-image-12840\" srcset=\"https:\/\/sebetanne.co.uk\/hkblog\/wp-content\/uploads\/2022\/09\/20220903_154148-scaled.jpg 2560w, https:\/\/sebetanne.co.uk\/hkblog\/wp-content\/uploads\/2022\/09\/20220903_154148-300x225.jpg 300w, https:\/\/sebetanne.co.uk\/hkblog\/wp-content\/uploads\/2022\/09\/20220903_154148-1024x768.jpg 1024w, https:\/\/sebetanne.co.uk\/hkblog\/wp-content\/uploads\/2022\/09\/20220903_154148-768x576.jpg 768w, https:\/\/sebetanne.co.uk\/hkblog\/wp-content\/uploads\/2022\/09\/20220903_154148-1536x1152.jpg 1536w, https:\/\/sebetanne.co.uk\/hkblog\/wp-content\/uploads\/2022\/09\/20220903_154148-2048x1536.jpg 2048w\" sizes=\"auto, (max-width: 2560px) 100vw, 2560px\" \/><\/a><\/figure>\n\n\n\n<figure class=\"wp-block-image size-large\"><a href=\"https:\/\/sebetanne.co.uk\/hkblog\/wp-content\/uploads\/2022\/09\/20220903_163304-Copy.jpg\"><img loading=\"lazy\" decoding=\"async\" width=\"2200\" height=\"1650\" data-id=\"12841\" src=\"https:\/\/sebetanne.co.uk\/hkblog\/wp-content\/uploads\/2022\/09\/20220903_163304-Copy.jpg\" alt=\"\" class=\"wp-image-12841\" srcset=\"https:\/\/sebetanne.co.uk\/hkblog\/wp-content\/uploads\/2022\/09\/20220903_163304-Copy.jpg 2200w, https:\/\/sebetanne.co.uk\/hkblog\/wp-content\/uploads\/2022\/09\/20220903_163304-Copy-300x225.jpg 300w, https:\/\/sebetanne.co.uk\/hkblog\/wp-content\/uploads\/2022\/09\/20220903_163304-Copy-1024x768.jpg 1024w, https:\/\/sebetanne.co.uk\/hkblog\/wp-content\/uploads\/2022\/09\/20220903_163304-Copy-768x576.jpg 768w, https:\/\/sebetanne.co.uk\/hkblog\/wp-content\/uploads\/2022\/09\/20220903_163304-Copy-1536x1152.jpg 1536w, https:\/\/sebetanne.co.uk\/hkblog\/wp-content\/uploads\/2022\/09\/20220903_163304-Copy-2048x1536.jpg 2048w\" sizes=\"auto, (max-width: 2200px) 100vw, 2200px\" \/><\/a><\/figure>\n<\/figure>\n","protected":false},"excerpt":{"rendered":"<p>Emilie started a new Parkour class. I thought the lesson was an hour, but it turned out it was two[&#8230;]<\/p>\n","protected":false},"author":1,"featured_media":12842,"parent":11520,"menu_order":5,"comment_status":"open","ping_status":"closed","template":"template-fullwidth.php","meta":{"footnotes":""},"class_list":["post-12820","page","type-page","status-publish","has-post-thumbnail","hentry"],"post_mailing_queue_ids":[],"_links":{"self":[{"href":"https:\/\/sebetanne.co.uk\/hkblog\/wp-json\/wp\/v2\/pages\/12820","targetHints":{"allow":["GET"]}}],"collection":[{"href":"https:\/\/sebetanne.co.uk\/hkblog\/wp-json\/wp\/v2\/pages"}],"about":[{"href":"https:\/\/sebetanne.co.uk\/hkblog\/wp-json\/wp\/v2\/types\/page"}],"author":[{"embeddable":true,"href":"https:\/\/sebetanne.co.uk\/hkblog\/wp-json\/wp\/v2\/users\/1"}],"replies":[{"embeddable":true,"href":"https:\/\/sebetanne.co.uk\/hkblog\/wp-json\/wp\/v2\/comments?post=12820"}],"version-history":[{"count":1,"href":"https:\/\/sebetanne.co.uk\/hkblog\/wp-json\/wp\/v2\/pages\/12820\/revisions"}],"predecessor-version":[{"id":12874,"href":"https:\/\/sebetanne.co.uk\/hkblog\/wp-json\/wp\/v2\/pages\/12820\/revisions\/12874"}],"up":[{"embeddable":true,"href":"https:\/\/sebetanne.co.uk\/hkblog\/wp-json\/wp\/v2\/pages\/11520"}],"wp:featuredmedia":[{"embeddable":true,"href":"https:\/\/sebetanne.co.uk\/hkblog\/wp-json\/wp\/v2\/media\/12842"}],"wp:attachment":[{"href":"https:\/\/sebetanne.co.uk\/hkblog\/wp-json\/wp\/v2\/media?parent=12820"}],"curies":[{"name":"wp","href":"https:\/\/api.w.org\/{rel}","templated":true}]}}