{"id":12712,"date":"2022-09-05T06:08:19","date_gmt":"2022-09-05T06:08:19","guid":{"rendered":"https:\/\/sebetanne.co.uk\/hkblog\/?page_id=12712"},"modified":"2026-02-26T12:12:47","modified_gmt":"2026-02-26T12:12:47","slug":"geography-singapore","status":"publish","type":"page","link":"https:\/\/sebetanne.co.uk\/hkblog\/useful-utile\/geography-singapore\/","title":{"rendered":"Geography (Singapore)"},"content":{"rendered":"\n<p>I assume all of you know that Singapore is a city-state at the tip of Malaysia, a former British colony that became independent in 1965. It&#8217;s amazing the changes that happened in such a small period (between 1965 and now). What made the biggest difference is the opening of the container harbour, one of the biggest in Asia (if not the biggest). The harbour is huge and obstructs all the nice views to the sea.<\/p>\n\n\n\n<p class=\"has-text-align-right\"><em>Je suppose que vous savez tous que Singapour est une cit\u00e9-\u00c9tat \u00e0 la pointe de la Malaisie, une ancienne colonie britannique devenue ind\u00e9pendante en 1965. C&#8217;est incroyable les changements qui se sont produits en si peu de temps (depuis 1965). Ce qui a fait la plus grande diff\u00e9rence, c&#8217;est l&#8217;ouverture du port \u00e0 conteneurs, l&#8217;un des plus grands d&#8217;Asie (sinon le plus grand). Le port est immense et obstrue toutes les belles vues sur la mer.<\/em><\/p>\n\n\n\n<p>I found a map of the districts of Singapore so that it is easier to visualise where the pictures have been taken. For info, we live in Downtown district and the kids&#8217; school is in Bukit Batok district.<\/p>\n\n\n\n<p class=\"has-text-align-right\"><em>J&#8217;ai trouv\u00e9 une carte des quartiers de Singapour pour qu&#8217;il soit plus facile de visualiser o\u00f9 les photos ont \u00e9t\u00e9 prises. Pour info, nous vivons dans le quartier Downtown et l&#8217;\u00e9cole pour enfants se trouve dans le quartier de Bukit Batok. <\/em><\/p>\n\n\n\n<figure class=\"wp-block-image size-large is-style-default\"><img loading=\"lazy\" decoding=\"async\" width=\"1024\" height=\"692\" src=\"https:\/\/sebetanne.co.uk\/hkblog\/wp-content\/uploads\/2023\/01\/community-development-councils-map-of-singapore-1024x692.png\" alt=\"\" class=\"wp-image-19543\" srcset=\"https:\/\/sebetanne.co.uk\/hkblog\/wp-content\/uploads\/2023\/01\/community-development-councils-map-of-singapore-1024x692.png 1024w, https:\/\/sebetanne.co.uk\/hkblog\/wp-content\/uploads\/2023\/01\/community-development-councils-map-of-singapore-300x203.png 300w, https:\/\/sebetanne.co.uk\/hkblog\/wp-content\/uploads\/2023\/01\/community-development-councils-map-of-singapore-768x519.png 768w, https:\/\/sebetanne.co.uk\/hkblog\/wp-content\/uploads\/2023\/01\/community-development-councils-map-of-singapore-1536x1038.png 1536w, https:\/\/sebetanne.co.uk\/hkblog\/wp-content\/uploads\/2023\/01\/community-development-councils-map-of-singapore-2048x1384.png 2048w, https:\/\/sebetanne.co.uk\/hkblog\/wp-content\/uploads\/2023\/01\/community-development-councils-map-of-singapore-120x80.png 120w\" sizes=\"auto, (max-width: 1024px) 100vw, 1024px\" \/><\/figure>\n\n\n\n<p>I wanted to put a map of all the biggest tourist attractions, but I can&#8217;t find one. So best is to look at <a href=\"https:\/\/goo.gl\/maps\/M1tXVCZEFWPEtgQGA\" target=\"_blank\" rel=\"noreferrer noopener\">Google Maps<\/a>.<\/p>\n\n\n\n<p class=\"has-text-align-right\"><em>Je voulais mettre une carte de toutes les plus grandes attractions touristiques, mais je n&#8217;en trouve pas. Le mieux est donc de regarder <a rel=\"noreferrer noopener\" href=\"https:\/\/goo.gl\/maps\/M1tXVCZEFWPEtgQGA\" target=\"_blank\">Google Maps<\/a><\/em>.<\/p>\n\n\n\n<p>If you want to know more about the country, you can go to this <a href=\"https:\/\/www.worldatlas.com\/maps\/singapore\" target=\"_blank\" rel=\"noreferrer noopener\">link<\/a>.<\/p>\n\n\n\n<p class=\"has-text-align-right\"><em>Si vous voulez en savoir plus, vous pouvez aller voir cette <a href=\"https:\/\/www.worldatlas.com\/maps\/singapore\" target=\"_blank\" rel=\"noreferrer noopener\">page<\/a> (en anglais).<\/em><\/p>\n","protected":false},"excerpt":{"rendered":"<p>I assume all of you know that Singapore is a city-state at the tip of Malaysia, a former British colony[&#8230;]<\/p>\n","protected":false},"author":1,"featured_media":12713,"parent":12677,"menu_order":5,"comment_status":"closed","ping_status":"closed","template":"template-fullwidth.php","meta":{"footnotes":""},"class_list":["post-12712","page","type-page","status-publish","has-post-thumbnail","hentry"],"post_mailing_queue_ids":[],"_links":{"self":[{"href":"https:\/\/sebetanne.co.uk\/hkblog\/wp-json\/wp\/v2\/pages\/12712","targetHints":{"allow":["GET"]}}],"collection":[{"href":"https:\/\/sebetanne.co.uk\/hkblog\/wp-json\/wp\/v2\/pages"}],"about":[{"href":"https:\/\/sebetanne.co.uk\/hkblog\/wp-json\/wp\/v2\/types\/page"}],"author":[{"embeddable":true,"href":"https:\/\/sebetanne.co.uk\/hkblog\/wp-json\/wp\/v2\/users\/1"}],"replies":[{"embeddable":true,"href":"https:\/\/sebetanne.co.uk\/hkblog\/wp-json\/wp\/v2\/comments?post=12712"}],"version-history":[{"count":2,"href":"https:\/\/sebetanne.co.uk\/hkblog\/wp-json\/wp\/v2\/pages\/12712\/revisions"}],"predecessor-version":[{"id":19579,"href":"https:\/\/sebetanne.co.uk\/hkblog\/wp-json\/wp\/v2\/pages\/12712\/revisions\/19579"}],"up":[{"embeddable":true,"href":"https:\/\/sebetanne.co.uk\/hkblog\/wp-json\/wp\/v2\/pages\/12677"}],"wp:featuredmedia":[{"embeddable":true,"href":"https:\/\/sebetanne.co.uk\/hkblog\/wp-json\/wp\/v2\/media\/12713"}],"wp:attachment":[{"href":"https:\/\/sebetanne.co.uk\/hkblog\/wp-json\/wp\/v2\/media?parent=12712"}],"curies":[{"name":"wp","href":"https:\/\/api.w.org\/{rel}","templated":true}]}}