{"id":1219,"date":"2019-01-07T07:10:18","date_gmt":"2019-01-07T07:10:18","guid":{"rendered":"http:\/\/sebetanne.co.uk\/hkblog\/?page_id=1219"},"modified":"2026-04-17T11:08:17","modified_gmt":"2026-04-17T11:08:17","slug":"central-walkways-20-12-2018","status":"publish","type":"page","link":"https:\/\/sebetanne.co.uk\/hkblog\/gallery-photos\/hong-kong\/2018-august-to-december\/central-walkways-20-12-2018\/","title":{"rendered":"Central Walkways &#8211; 20-12-2018"},"content":{"rendered":"\n<p>That was Sebastien&#8217;s parents first day in Hong Kong so we took it easy with a stroll in Central. It was a good way to introduce them to the city. We started near Pier 8 with a view across the harbour and went to Pacific Place to have a tea with Sebastien before heading home. We used the bus, the tram and our feet \ud83d\ude42<\/p>\n\n\n\n<p style=\"text-align:right\"><em>C\u2019\u00e9tait le premier jour \u00e0 Hong Kong pour les parents de S\u00e9bastien. Nous avons fait une balade facile dans Central, un bon moyen de se familiariser avec la ville. Nous sommes partis du Pier 8 avec une vue sur le port et nous avons d\u00e9ambul\u00e9 jusqu\u2019\u00e0 Pacific Place pour prendre un th\u00e9 avec S\u00e9bastien avant de rentrer \u00e0 la maison. Nous avons pris le bus, le tram et bien s\u00fbr nos pieds \ud83d\ude42 <\/em><\/p>\n\n\n\n<figure class=\"wp-block-image\"><a href=\"https:\/\/sebetanne.co.uk\/hkblog\/wp-content\/uploads\/2019\/01\/20181220_041.jpg\"><img loading=\"lazy\" decoding=\"async\" width=\"1024\" height=\"683\" src=\"http:\/\/sebetanne.co.uk\/hkblog\/wp-content\/uploads\/2019\/01\/20181220_041-1024x683.jpg\" alt=\"\" class=\"wp-image-1036\" srcset=\"https:\/\/sebetanne.co.uk\/hkblog\/wp-content\/uploads\/2019\/01\/20181220_041-1024x683.jpg 1024w, https:\/\/sebetanne.co.uk\/hkblog\/wp-content\/uploads\/2019\/01\/20181220_041-300x200.jpg 300w, https:\/\/sebetanne.co.uk\/hkblog\/wp-content\/uploads\/2019\/01\/20181220_041-768x512.jpg 768w, https:\/\/sebetanne.co.uk\/hkblog\/wp-content\/uploads\/2019\/01\/20181220_041-840x560.jpg 840w, https:\/\/sebetanne.co.uk\/hkblog\/wp-content\/uploads\/2019\/01\/20181220_041-120x80.jpg 120w, https:\/\/sebetanne.co.uk\/hkblog\/wp-content\/uploads\/2019\/01\/20181220_041-360x240.jpg 360w, https:\/\/sebetanne.co.uk\/hkblog\/wp-content\/uploads\/2019\/01\/20181220_041-600x400.jpg 600w\" sizes=\"auto, (max-width: 1024px) 100vw, 1024px\" \/><\/a><\/figure>\n\n\n\n<figure class=\"wp-block-image\"><a href=\"https:\/\/sebetanne.co.uk\/hkblog\/wp-content\/uploads\/2019\/01\/20181220_042.jpg\"><img loading=\"lazy\" decoding=\"async\" width=\"683\" height=\"1024\" src=\"http:\/\/sebetanne.co.uk\/hkblog\/wp-content\/uploads\/2019\/01\/20181220_042-683x1024.jpg\" alt=\"\" class=\"wp-image-1037\" srcset=\"https:\/\/sebetanne.co.uk\/hkblog\/wp-content\/uploads\/2019\/01\/20181220_042-683x1024.jpg 683w, https:\/\/sebetanne.co.uk\/hkblog\/wp-content\/uploads\/2019\/01\/20181220_042-200x300.jpg 200w, https:\/\/sebetanne.co.uk\/hkblog\/wp-content\/uploads\/2019\/01\/20181220_042-768x1152.jpg 768w\" sizes=\"auto, (max-width: 683px) 100vw, 683px\" \/><\/a><\/figure>\n\n\n\n<figure class=\"wp-block-image\"><a href=\"https:\/\/sebetanne.co.uk\/hkblog\/wp-content\/uploads\/2019\/01\/20181220_043.jpg\"><img loading=\"lazy\" decoding=\"async\" width=\"683\" height=\"1024\" src=\"http:\/\/sebetanne.co.uk\/hkblog\/wp-content\/uploads\/2019\/01\/20181220_043-683x1024.jpg\" alt=\"\" class=\"wp-image-1038\" srcset=\"https:\/\/sebetanne.co.uk\/hkblog\/wp-content\/uploads\/2019\/01\/20181220_043-683x1024.jpg 683w, https:\/\/sebetanne.co.uk\/hkblog\/wp-content\/uploads\/2019\/01\/20181220_043-200x300.jpg 200w, https:\/\/sebetanne.co.uk\/hkblog\/wp-content\/uploads\/2019\/01\/20181220_043-768x1152.jpg 768w\" sizes=\"auto, (max-width: 683px) 100vw, 683px\" \/><\/a><\/figure>\n\n\n\n<figure class=\"wp-block-image\"><a href=\"https:\/\/sebetanne.co.uk\/hkblog\/wp-content\/uploads\/2019\/01\/20181220_046.jpg\"><img loading=\"lazy\" decoding=\"async\" width=\"1024\" height=\"683\" src=\"http:\/\/sebetanne.co.uk\/hkblog\/wp-content\/uploads\/2019\/01\/20181220_046-1024x683.jpg\" alt=\"\" class=\"wp-image-1039\" srcset=\"https:\/\/sebetanne.co.uk\/hkblog\/wp-content\/uploads\/2019\/01\/20181220_046-1024x683.jpg 1024w, https:\/\/sebetanne.co.uk\/hkblog\/wp-content\/uploads\/2019\/01\/20181220_046-300x200.jpg 300w, https:\/\/sebetanne.co.uk\/hkblog\/wp-content\/uploads\/2019\/01\/20181220_046-768x512.jpg 768w, https:\/\/sebetanne.co.uk\/hkblog\/wp-content\/uploads\/2019\/01\/20181220_046-840x560.jpg 840w, https:\/\/sebetanne.co.uk\/hkblog\/wp-content\/uploads\/2019\/01\/20181220_046-120x80.jpg 120w, https:\/\/sebetanne.co.uk\/hkblog\/wp-content\/uploads\/2019\/01\/20181220_046-360x240.jpg 360w, https:\/\/sebetanne.co.uk\/hkblog\/wp-content\/uploads\/2019\/01\/20181220_046-600x400.jpg 600w\" sizes=\"auto, (max-width: 1024px) 100vw, 1024px\" \/><\/a><\/figure>\n\n\n\n<figure class=\"wp-block-image\"><a href=\"https:\/\/sebetanne.co.uk\/hkblog\/wp-content\/uploads\/2019\/01\/20181220_049.jpg\"><img loading=\"lazy\" decoding=\"async\" width=\"683\" height=\"1024\" src=\"http:\/\/sebetanne.co.uk\/hkblog\/wp-content\/uploads\/2019\/01\/20181220_049-683x1024.jpg\" alt=\"\" class=\"wp-image-1042\" srcset=\"https:\/\/sebetanne.co.uk\/hkblog\/wp-content\/uploads\/2019\/01\/20181220_049-683x1024.jpg 683w, https:\/\/sebetanne.co.uk\/hkblog\/wp-content\/uploads\/2019\/01\/20181220_049-200x300.jpg 200w, https:\/\/sebetanne.co.uk\/hkblog\/wp-content\/uploads\/2019\/01\/20181220_049-768x1152.jpg 768w\" sizes=\"auto, (max-width: 683px) 100vw, 683px\" \/><\/a><\/figure>\n\n\n\n<figure class=\"wp-block-image\"><a href=\"https:\/\/sebetanne.co.uk\/hkblog\/wp-content\/uploads\/2019\/01\/20181220_048.jpg\"><img loading=\"lazy\" decoding=\"async\" width=\"1024\" height=\"683\" src=\"http:\/\/sebetanne.co.uk\/hkblog\/wp-content\/uploads\/2019\/01\/20181220_048-1024x683.jpg\" alt=\"\" class=\"wp-image-1041\" srcset=\"https:\/\/sebetanne.co.uk\/hkblog\/wp-content\/uploads\/2019\/01\/20181220_048-1024x683.jpg 1024w, https:\/\/sebetanne.co.uk\/hkblog\/wp-content\/uploads\/2019\/01\/20181220_048-300x200.jpg 300w, https:\/\/sebetanne.co.uk\/hkblog\/wp-content\/uploads\/2019\/01\/20181220_048-768x512.jpg 768w, https:\/\/sebetanne.co.uk\/hkblog\/wp-content\/uploads\/2019\/01\/20181220_048-840x560.jpg 840w, https:\/\/sebetanne.co.uk\/hkblog\/wp-content\/uploads\/2019\/01\/20181220_048-120x80.jpg 120w, https:\/\/sebetanne.co.uk\/hkblog\/wp-content\/uploads\/2019\/01\/20181220_048-360x240.jpg 360w, https:\/\/sebetanne.co.uk\/hkblog\/wp-content\/uploads\/2019\/01\/20181220_048-600x400.jpg 600w\" sizes=\"auto, (max-width: 1024px) 100vw, 1024px\" \/><\/a><figcaption>Check out the bamboo scaffolding! \/ <em>Echafaudage en bambou<\/em><\/figcaption><\/figure>\n\n\n\n<p> These sculptures are to there to ask Japanese government to apologise for using girls and women as sex slaves.<\/p>\n\n\n\n<p style=\"text-align:right\"><em>Ces statues demandent des excuses officielles du gouvernement japonais pour avoir abus\u00e9 des femmes chinoises durant l&#8217;occupation de Hong Kong.<\/em><\/p>\n\n\n\n<figure class=\"wp-block-image\"><a href=\"https:\/\/sebetanne.co.uk\/hkblog\/wp-content\/uploads\/2019\/01\/20181220_050.jpg\"><img loading=\"lazy\" decoding=\"async\" width=\"1024\" height=\"683\" src=\"http:\/\/sebetanne.co.uk\/hkblog\/wp-content\/uploads\/2019\/01\/20181220_050-1024x683.jpg\" alt=\"\" class=\"wp-image-1043\" srcset=\"https:\/\/sebetanne.co.uk\/hkblog\/wp-content\/uploads\/2019\/01\/20181220_050-1024x683.jpg 1024w, https:\/\/sebetanne.co.uk\/hkblog\/wp-content\/uploads\/2019\/01\/20181220_050-300x200.jpg 300w, https:\/\/sebetanne.co.uk\/hkblog\/wp-content\/uploads\/2019\/01\/20181220_050-768x512.jpg 768w, https:\/\/sebetanne.co.uk\/hkblog\/wp-content\/uploads\/2019\/01\/20181220_050-840x560.jpg 840w, https:\/\/sebetanne.co.uk\/hkblog\/wp-content\/uploads\/2019\/01\/20181220_050-120x80.jpg 120w, https:\/\/sebetanne.co.uk\/hkblog\/wp-content\/uploads\/2019\/01\/20181220_050-360x240.jpg 360w, https:\/\/sebetanne.co.uk\/hkblog\/wp-content\/uploads\/2019\/01\/20181220_050-600x400.jpg 600w\" sizes=\"auto, (max-width: 1024px) 100vw, 1024px\" \/><\/a><\/figure>\n\n\n\n<figure class=\"wp-block-image\"><a href=\"https:\/\/sebetanne.co.uk\/hkblog\/wp-content\/uploads\/2019\/01\/20181220_055.jpg\"><img loading=\"lazy\" decoding=\"async\" width=\"768\" height=\"1024\" src=\"http:\/\/sebetanne.co.uk\/hkblog\/wp-content\/uploads\/2019\/01\/20181220_055-768x1024.jpg\" alt=\"\" class=\"wp-image-1044\" srcset=\"https:\/\/sebetanne.co.uk\/hkblog\/wp-content\/uploads\/2019\/01\/20181220_055-768x1024.jpg 768w, https:\/\/sebetanne.co.uk\/hkblog\/wp-content\/uploads\/2019\/01\/20181220_055-225x300.jpg 225w\" sizes=\"auto, (max-width: 768px) 100vw, 768px\" \/><\/a><figcaption>And another bamboo scaffolding \/ <em>Un autre echafaudage en bambou<\/em><\/figcaption><\/figure>\n","protected":false},"excerpt":{"rendered":"<p>That was Sebastien&#8217;s parents first day in Hong Kong so we took it easy with a stroll in Central. It[&#8230;]<\/p>\n","protected":false},"author":1,"featured_media":1040,"parent":1735,"menu_order":18,"comment_status":"closed","ping_status":"closed","template":"template-fullwidth.php","meta":{"footnotes":""},"class_list":["post-1219","page","type-page","status-publish","has-post-thumbnail","hentry"],"post_mailing_queue_ids":[],"_links":{"self":[{"href":"https:\/\/sebetanne.co.uk\/hkblog\/wp-json\/wp\/v2\/pages\/1219","targetHints":{"allow":["GET"]}}],"collection":[{"href":"https:\/\/sebetanne.co.uk\/hkblog\/wp-json\/wp\/v2\/pages"}],"about":[{"href":"https:\/\/sebetanne.co.uk\/hkblog\/wp-json\/wp\/v2\/types\/page"}],"author":[{"embeddable":true,"href":"https:\/\/sebetanne.co.uk\/hkblog\/wp-json\/wp\/v2\/users\/1"}],"replies":[{"embeddable":true,"href":"https:\/\/sebetanne.co.uk\/hkblog\/wp-json\/wp\/v2\/comments?post=1219"}],"version-history":[{"count":1,"href":"https:\/\/sebetanne.co.uk\/hkblog\/wp-json\/wp\/v2\/pages\/1219\/revisions"}],"predecessor-version":[{"id":33534,"href":"https:\/\/sebetanne.co.uk\/hkblog\/wp-json\/wp\/v2\/pages\/1219\/revisions\/33534"}],"up":[{"embeddable":true,"href":"https:\/\/sebetanne.co.uk\/hkblog\/wp-json\/wp\/v2\/pages\/1735"}],"wp:featuredmedia":[{"embeddable":true,"href":"https:\/\/sebetanne.co.uk\/hkblog\/wp-json\/wp\/v2\/media\/1040"}],"wp:attachment":[{"href":"https:\/\/sebetanne.co.uk\/hkblog\/wp-json\/wp\/v2\/media?parent=1219"}],"curies":[{"name":"wp","href":"https:\/\/api.w.org\/{rel}","templated":true}]}}