{"id":12078,"date":"2022-08-24T07:48:02","date_gmt":"2022-08-24T07:48:02","guid":{"rendered":"https:\/\/sebetanne.co.uk\/hkblog\/?page_id=12078"},"modified":"2022-08-24T07:58:10","modified_gmt":"2022-08-24T07:58:10","slug":"southern-ridges-14-08-2022","status":"publish","type":"page","link":"https:\/\/sebetanne.co.uk\/hkblog\/gallery-photos\/singapour\/2022-august-to-december\/southern-ridges-14-08-2022\/","title":{"rendered":"Southern Ridges &#8211; 14-08-2022"},"content":{"rendered":"\n<p>Sunday 14th, we didn&#8217;t know what to do so I looked at the map and spotted a green area near our current accommodation. It was around 30 minutes walk and looked like a park of some sort. So off we went! It was very hot! We arrived at Southern Ridges and walked at the tree top level. Amazing! (Kids were scared to fall, to get attacked by insects or others but I found this extraordinary!)<\/p>\n\n\n\n<p class=\"has-text-align-right\"><em>Dimanche 14, nous ne savions pas quoi faire alors j&#8217;ai regard\u00e9 la carte et j&#8217;ai rep\u00e9r\u00e9 une zone verte pr\u00e8s de notre logement actuel. C&#8217;\u00e9tait \u00e0 environ 30 minutes \u00e0 pied et ressemblait \u00e0 un parc quelconque. Alors, en route ! Il faisait tr\u00e8s chaud ! Nous avons march\u00e9 au niveau de la cime des arbres dans Southern Ridges. \u00c9poustouflant ! (Les enfants avaient peur de tomber, de se faire attaquer par des insectes ou autres bestioles, mais, moi, j&#8217;ai trouv\u00e9 cela extraordinaire !)<\/em><\/p>\n\n\n\n<figure class=\"wp-block-gallery has-nested-images columns-2 is-cropped wp-block-gallery-1 is-layout-flex wp-block-gallery-is-layout-flex\">\n<figure class=\"wp-block-image size-large\"><a href=\"https:\/\/sebetanne.co.uk\/hkblog\/wp-content\/uploads\/2022\/08\/20220814_163736-Copy.jpg\"><img loading=\"lazy\" decoding=\"async\" width=\"768\" height=\"1024\" data-id=\"12094\" src=\"https:\/\/sebetanne.co.uk\/hkblog\/wp-content\/uploads\/2022\/08\/20220814_163736-Copy-768x1024.jpg\" alt=\"\" class=\"wp-image-12094\" srcset=\"https:\/\/sebetanne.co.uk\/hkblog\/wp-content\/uploads\/2022\/08\/20220814_163736-Copy-768x1024.jpg 768w, https:\/\/sebetanne.co.uk\/hkblog\/wp-content\/uploads\/2022\/08\/20220814_163736-Copy-225x300.jpg 225w, https:\/\/sebetanne.co.uk\/hkblog\/wp-content\/uploads\/2022\/08\/20220814_163736-Copy-1152x1536.jpg 1152w, https:\/\/sebetanne.co.uk\/hkblog\/wp-content\/uploads\/2022\/08\/20220814_163736-Copy.jpg 1500w\" sizes=\"auto, (max-width: 768px) 100vw, 768px\" \/><\/a><\/figure>\n\n\n\n<figure class=\"wp-block-image size-large\"><a href=\"https:\/\/sebetanne.co.uk\/hkblog\/wp-content\/uploads\/2022\/08\/20220814_163751-Copy.jpg\"><img loading=\"lazy\" decoding=\"async\" width=\"768\" height=\"1024\" data-id=\"12095\" src=\"https:\/\/sebetanne.co.uk\/hkblog\/wp-content\/uploads\/2022\/08\/20220814_163751-Copy-768x1024.jpg\" alt=\"\" class=\"wp-image-12095\" srcset=\"https:\/\/sebetanne.co.uk\/hkblog\/wp-content\/uploads\/2022\/08\/20220814_163751-Copy-768x1024.jpg 768w, https:\/\/sebetanne.co.uk\/hkblog\/wp-content\/uploads\/2022\/08\/20220814_163751-Copy-225x300.jpg 225w, https:\/\/sebetanne.co.uk\/hkblog\/wp-content\/uploads\/2022\/08\/20220814_163751-Copy-1152x1536.jpg 1152w, https:\/\/sebetanne.co.uk\/hkblog\/wp-content\/uploads\/2022\/08\/20220814_163751-Copy.jpg 1500w\" sizes=\"auto, (max-width: 768px) 100vw, 768px\" \/><\/a><\/figure>\n\n\n\n<figure class=\"wp-block-image size-large\"><a href=\"https:\/\/sebetanne.co.uk\/hkblog\/wp-content\/uploads\/2022\/08\/20220814_163848-Copy.jpg\"><img loading=\"lazy\" decoding=\"async\" width=\"768\" height=\"1024\" data-id=\"12092\" src=\"https:\/\/sebetanne.co.uk\/hkblog\/wp-content\/uploads\/2022\/08\/20220814_163848-Copy-768x1024.jpg\" alt=\"\" class=\"wp-image-12092\" srcset=\"https:\/\/sebetanne.co.uk\/hkblog\/wp-content\/uploads\/2022\/08\/20220814_163848-Copy-768x1024.jpg 768w, https:\/\/sebetanne.co.uk\/hkblog\/wp-content\/uploads\/2022\/08\/20220814_163848-Copy-225x300.jpg 225w, https:\/\/sebetanne.co.uk\/hkblog\/wp-content\/uploads\/2022\/08\/20220814_163848-Copy-1152x1536.jpg 1152w, https:\/\/sebetanne.co.uk\/hkblog\/wp-content\/uploads\/2022\/08\/20220814_163848-Copy.jpg 1500w\" sizes=\"auto, (max-width: 768px) 100vw, 768px\" \/><\/a><\/figure>\n\n\n\n<figure class=\"wp-block-image size-large\"><a href=\"https:\/\/sebetanne.co.uk\/hkblog\/wp-content\/uploads\/2022\/08\/20220814_163950-Copy.jpg\"><img loading=\"lazy\" decoding=\"async\" width=\"768\" height=\"1024\" data-id=\"12093\" src=\"https:\/\/sebetanne.co.uk\/hkblog\/wp-content\/uploads\/2022\/08\/20220814_163950-Copy-768x1024.jpg\" alt=\"\" class=\"wp-image-12093\" srcset=\"https:\/\/sebetanne.co.uk\/hkblog\/wp-content\/uploads\/2022\/08\/20220814_163950-Copy-768x1024.jpg 768w, https:\/\/sebetanne.co.uk\/hkblog\/wp-content\/uploads\/2022\/08\/20220814_163950-Copy-225x300.jpg 225w, https:\/\/sebetanne.co.uk\/hkblog\/wp-content\/uploads\/2022\/08\/20220814_163950-Copy-1152x1536.jpg 1152w, https:\/\/sebetanne.co.uk\/hkblog\/wp-content\/uploads\/2022\/08\/20220814_163950-Copy.jpg 1500w\" sizes=\"auto, (max-width: 768px) 100vw, 768px\" \/><\/a><\/figure>\n<\/figure>\n\n\n\n<p>On the way back, we crossed the big road walking on Alexandra Arch.<\/p>\n\n\n\n<p class=\"has-text-align-right\"><em>Au retour, nous avons travers\u00e9 la grande route en passant sur Alexandra Arch.<\/em><\/p>\n\n\n\n<figure class=\"wp-block-gallery has-nested-images columns-default is-cropped wp-block-gallery-2 is-layout-flex wp-block-gallery-is-layout-flex\">\n<figure class=\"wp-block-image size-large\"><a href=\"https:\/\/sebetanne.co.uk\/hkblog\/wp-content\/uploads\/2022\/08\/20220814_164714-scaled.jpg\"><img loading=\"lazy\" decoding=\"async\" width=\"1920\" height=\"2560\" data-id=\"12079\" src=\"https:\/\/sebetanne.co.uk\/hkblog\/wp-content\/uploads\/2022\/08\/20220814_164714-scaled.jpg\" alt=\"\" class=\"wp-image-12079\" srcset=\"https:\/\/sebetanne.co.uk\/hkblog\/wp-content\/uploads\/2022\/08\/20220814_164714-scaled.jpg 1920w, https:\/\/sebetanne.co.uk\/hkblog\/wp-content\/uploads\/2022\/08\/20220814_164714-225x300.jpg 225w, https:\/\/sebetanne.co.uk\/hkblog\/wp-content\/uploads\/2022\/08\/20220814_164714-768x1024.jpg 768w, https:\/\/sebetanne.co.uk\/hkblog\/wp-content\/uploads\/2022\/08\/20220814_164714-1152x1536.jpg 1152w, https:\/\/sebetanne.co.uk\/hkblog\/wp-content\/uploads\/2022\/08\/20220814_164714-1536x2048.jpg 1536w\" sizes=\"auto, (max-width: 1920px) 100vw, 1920px\" \/><\/a><\/figure>\n\n\n\n<figure class=\"wp-block-image size-large\"><a href=\"https:\/\/sebetanne.co.uk\/hkblog\/wp-content\/uploads\/2022\/08\/20220814_164743-scaled.jpg\"><img loading=\"lazy\" decoding=\"async\" width=\"768\" height=\"1024\" data-id=\"12096\" src=\"https:\/\/sebetanne.co.uk\/hkblog\/wp-content\/uploads\/2022\/08\/20220814_164743-768x1024.jpg\" alt=\"\" class=\"wp-image-12096\" srcset=\"https:\/\/sebetanne.co.uk\/hkblog\/wp-content\/uploads\/2022\/08\/20220814_164743-768x1024.jpg 768w, https:\/\/sebetanne.co.uk\/hkblog\/wp-content\/uploads\/2022\/08\/20220814_164743-225x300.jpg 225w, https:\/\/sebetanne.co.uk\/hkblog\/wp-content\/uploads\/2022\/08\/20220814_164743-1152x1536.jpg 1152w, https:\/\/sebetanne.co.uk\/hkblog\/wp-content\/uploads\/2022\/08\/20220814_164743-1536x2048.jpg 1536w, https:\/\/sebetanne.co.uk\/hkblog\/wp-content\/uploads\/2022\/08\/20220814_164743-scaled.jpg 1920w\" sizes=\"auto, (max-width: 768px) 100vw, 768px\" \/><\/a><\/figure>\n<\/figure>\n\n\n\n<p>And then we took the bus to go home \ud83d\ude42<\/p>\n\n\n\n<p class=\"has-text-align-right\"><em>Et nous sommes rentr\u00e9s en bus \u00e0 la maison<\/em> \ud83d\ude42<\/p>\n","protected":false},"excerpt":{"rendered":"<p>Sunday 14th, we didn&#8217;t know what to do so I looked at the map and spotted a green area near[&#8230;]<\/p>\n","protected":false},"author":1,"featured_media":12079,"parent":11520,"menu_order":2,"comment_status":"closed","ping_status":"closed","template":"template-fullwidth.php","meta":{"footnotes":""},"class_list":["post-12078","page","type-page","status-publish","has-post-thumbnail","hentry"],"post_mailing_queue_ids":[],"_links":{"self":[{"href":"https:\/\/sebetanne.co.uk\/hkblog\/wp-json\/wp\/v2\/pages\/12078","targetHints":{"allow":["GET"]}}],"collection":[{"href":"https:\/\/sebetanne.co.uk\/hkblog\/wp-json\/wp\/v2\/pages"}],"about":[{"href":"https:\/\/sebetanne.co.uk\/hkblog\/wp-json\/wp\/v2\/types\/page"}],"author":[{"embeddable":true,"href":"https:\/\/sebetanne.co.uk\/hkblog\/wp-json\/wp\/v2\/users\/1"}],"replies":[{"embeddable":true,"href":"https:\/\/sebetanne.co.uk\/hkblog\/wp-json\/wp\/v2\/comments?post=12078"}],"version-history":[{"count":2,"href":"https:\/\/sebetanne.co.uk\/hkblog\/wp-json\/wp\/v2\/pages\/12078\/revisions"}],"predecessor-version":[{"id":12115,"href":"https:\/\/sebetanne.co.uk\/hkblog\/wp-json\/wp\/v2\/pages\/12078\/revisions\/12115"}],"up":[{"embeddable":true,"href":"https:\/\/sebetanne.co.uk\/hkblog\/wp-json\/wp\/v2\/pages\/11520"}],"wp:featuredmedia":[{"embeddable":true,"href":"https:\/\/sebetanne.co.uk\/hkblog\/wp-json\/wp\/v2\/media\/12079"}],"wp:attachment":[{"href":"https:\/\/sebetanne.co.uk\/hkblog\/wp-json\/wp\/v2\/media?parent=12078"}],"curies":[{"name":"wp","href":"https:\/\/api.w.org\/{rel}","templated":true}]}}