{"id":11504,"date":"2022-08-15T02:45:36","date_gmt":"2022-08-15T02:45:36","guid":{"rendered":"https:\/\/sebetanne.co.uk\/hkblog\/?page_id=11504"},"modified":"2022-08-17T03:47:43","modified_gmt":"2022-08-17T03:47:43","slug":"around-raffles-place-09-08-2022","status":"publish","type":"page","link":"https:\/\/sebetanne.co.uk\/hkblog\/gallery-photos\/singapour\/2022-august-to-december\/around-raffles-place-09-08-2022\/","title":{"rendered":"Around Raffles Place &#8211; 09-08-2022"},"content":{"rendered":"\n<p>9th August is Emilie&#8217;s birthday but it&#8217;s also Singapore Independence day. It was also our second day in Singapore so we took the underground (called MRT) to Raffles Place and walked around to see what the &#8220;centre&#8221; of Singapore looked like.<\/p>\n\n\n\n<p class=\"has-text-align-right\"><em>Le 9 ao\u00fbt est l\u2019anniversaire d\u2019Emilie, mais c\u2019est aussi la f\u00eate nationale de Singapour. Comme c\u2019\u00e9tait notre deuxi\u00e8me jour \u00e0 Singapour, nous avons pris le m\u00e9tro (appel\u00e9 MRT) jusqu\u2019\u00e0 Raffles Place pour explorer le \u00ab centre \u00bb de Singapour.<\/em><\/p>\n\n\n\n<figure class=\"wp-block-gallery has-nested-images columns-default is-cropped wp-block-gallery-1 is-layout-flex wp-block-gallery-is-layout-flex\">\n<figure class=\"wp-block-image size-large\"><a href=\"https:\/\/sebetanne.co.uk\/hkblog\/wp-content\/uploads\/2022\/08\/20220809_171145-scaled.jpg\"><img loading=\"lazy\" decoding=\"async\" width=\"768\" height=\"1024\" data-id=\"11699\" src=\"https:\/\/sebetanne.co.uk\/hkblog\/wp-content\/uploads\/2022\/08\/20220809_171145-768x1024.jpg\" alt=\"\" class=\"wp-image-11699\" srcset=\"https:\/\/sebetanne.co.uk\/hkblog\/wp-content\/uploads\/2022\/08\/20220809_171145-768x1024.jpg 768w, https:\/\/sebetanne.co.uk\/hkblog\/wp-content\/uploads\/2022\/08\/20220809_171145-225x300.jpg 225w, https:\/\/sebetanne.co.uk\/hkblog\/wp-content\/uploads\/2022\/08\/20220809_171145-1152x1536.jpg 1152w, https:\/\/sebetanne.co.uk\/hkblog\/wp-content\/uploads\/2022\/08\/20220809_171145-1536x2048.jpg 1536w, https:\/\/sebetanne.co.uk\/hkblog\/wp-content\/uploads\/2022\/08\/20220809_171145-scaled.jpg 1920w\" sizes=\"auto, (max-width: 768px) 100vw, 768px\" \/><\/a><\/figure>\n\n\n\n<figure class=\"wp-block-image size-large\"><a href=\"https:\/\/sebetanne.co.uk\/hkblog\/wp-content\/uploads\/2022\/08\/20220809_171335-Copy-scaled.jpg\"><img loading=\"lazy\" decoding=\"async\" width=\"768\" height=\"1024\" data-id=\"11686\" src=\"https:\/\/sebetanne.co.uk\/hkblog\/wp-content\/uploads\/2022\/08\/20220809_171335-Copy-768x1024.jpg\" alt=\"\" class=\"wp-image-11686\" srcset=\"https:\/\/sebetanne.co.uk\/hkblog\/wp-content\/uploads\/2022\/08\/20220809_171335-Copy-768x1024.jpg 768w, https:\/\/sebetanne.co.uk\/hkblog\/wp-content\/uploads\/2022\/08\/20220809_171335-Copy-225x300.jpg 225w, https:\/\/sebetanne.co.uk\/hkblog\/wp-content\/uploads\/2022\/08\/20220809_171335-Copy-1152x1536.jpg 1152w, https:\/\/sebetanne.co.uk\/hkblog\/wp-content\/uploads\/2022\/08\/20220809_171335-Copy-1536x2048.jpg 1536w, https:\/\/sebetanne.co.uk\/hkblog\/wp-content\/uploads\/2022\/08\/20220809_171335-Copy-scaled.jpg 1920w\" sizes=\"auto, (max-width: 768px) 100vw, 768px\" \/><\/a><\/figure>\n\n\n\n<figure class=\"wp-block-image size-large\"><a href=\"https:\/\/sebetanne.co.uk\/hkblog\/wp-content\/uploads\/2022\/08\/20220809_171349-scaled.jpg\"><img loading=\"lazy\" decoding=\"async\" width=\"768\" height=\"1024\" data-id=\"11689\" src=\"https:\/\/sebetanne.co.uk\/hkblog\/wp-content\/uploads\/2022\/08\/20220809_171349-768x1024.jpg\" alt=\"\" class=\"wp-image-11689\" srcset=\"https:\/\/sebetanne.co.uk\/hkblog\/wp-content\/uploads\/2022\/08\/20220809_171349-768x1024.jpg 768w, https:\/\/sebetanne.co.uk\/hkblog\/wp-content\/uploads\/2022\/08\/20220809_171349-225x300.jpg 225w, https:\/\/sebetanne.co.uk\/hkblog\/wp-content\/uploads\/2022\/08\/20220809_171349-1152x1536.jpg 1152w, https:\/\/sebetanne.co.uk\/hkblog\/wp-content\/uploads\/2022\/08\/20220809_171349-1536x2048.jpg 1536w, https:\/\/sebetanne.co.uk\/hkblog\/wp-content\/uploads\/2022\/08\/20220809_171349-scaled.jpg 1920w\" sizes=\"auto, (max-width: 768px) 100vw, 768px\" \/><\/a><\/figure>\n\n\n\n<figure class=\"wp-block-image size-large\"><a href=\"https:\/\/sebetanne.co.uk\/hkblog\/wp-content\/uploads\/2022\/08\/20220809_171819-scaled.jpg\"><img loading=\"lazy\" decoding=\"async\" width=\"768\" height=\"1024\" data-id=\"11684\" src=\"https:\/\/sebetanne.co.uk\/hkblog\/wp-content\/uploads\/2022\/08\/20220809_171819-768x1024.jpg\" alt=\"\" class=\"wp-image-11684\" srcset=\"https:\/\/sebetanne.co.uk\/hkblog\/wp-content\/uploads\/2022\/08\/20220809_171819-768x1024.jpg 768w, https:\/\/sebetanne.co.uk\/hkblog\/wp-content\/uploads\/2022\/08\/20220809_171819-225x300.jpg 225w, https:\/\/sebetanne.co.uk\/hkblog\/wp-content\/uploads\/2022\/08\/20220809_171819-1152x1536.jpg 1152w, https:\/\/sebetanne.co.uk\/hkblog\/wp-content\/uploads\/2022\/08\/20220809_171819-1536x2048.jpg 1536w, https:\/\/sebetanne.co.uk\/hkblog\/wp-content\/uploads\/2022\/08\/20220809_171819-scaled.jpg 1920w\" sizes=\"auto, (max-width: 768px) 100vw, 768px\" \/><\/a><\/figure>\n\n\n\n<figure class=\"wp-block-image size-large\"><a href=\"https:\/\/sebetanne.co.uk\/hkblog\/wp-content\/uploads\/2022\/08\/20220809_172241-scaled.jpg\"><img loading=\"lazy\" decoding=\"async\" width=\"768\" height=\"1024\" data-id=\"11703\" src=\"https:\/\/sebetanne.co.uk\/hkblog\/wp-content\/uploads\/2022\/08\/20220809_172241-768x1024.jpg\" alt=\"\" class=\"wp-image-11703\" srcset=\"https:\/\/sebetanne.co.uk\/hkblog\/wp-content\/uploads\/2022\/08\/20220809_172241-768x1024.jpg 768w, https:\/\/sebetanne.co.uk\/hkblog\/wp-content\/uploads\/2022\/08\/20220809_172241-225x300.jpg 225w, https:\/\/sebetanne.co.uk\/hkblog\/wp-content\/uploads\/2022\/08\/20220809_172241-1152x1536.jpg 1152w, https:\/\/sebetanne.co.uk\/hkblog\/wp-content\/uploads\/2022\/08\/20220809_172241-1536x2048.jpg 1536w, https:\/\/sebetanne.co.uk\/hkblog\/wp-content\/uploads\/2022\/08\/20220809_172241-scaled.jpg 1920w\" sizes=\"auto, (max-width: 768px) 100vw, 768px\" \/><\/a><\/figure>\n\n\n\n<figure class=\"wp-block-image size-large\"><a href=\"https:\/\/sebetanne.co.uk\/hkblog\/wp-content\/uploads\/2022\/08\/20220809_172327-scaled.jpg\"><img loading=\"lazy\" decoding=\"async\" width=\"768\" height=\"1024\" data-id=\"11683\" src=\"https:\/\/sebetanne.co.uk\/hkblog\/wp-content\/uploads\/2022\/08\/20220809_172327-768x1024.jpg\" alt=\"\" class=\"wp-image-11683\" srcset=\"https:\/\/sebetanne.co.uk\/hkblog\/wp-content\/uploads\/2022\/08\/20220809_172327-768x1024.jpg 768w, https:\/\/sebetanne.co.uk\/hkblog\/wp-content\/uploads\/2022\/08\/20220809_172327-225x300.jpg 225w, https:\/\/sebetanne.co.uk\/hkblog\/wp-content\/uploads\/2022\/08\/20220809_172327-1152x1536.jpg 1152w, https:\/\/sebetanne.co.uk\/hkblog\/wp-content\/uploads\/2022\/08\/20220809_172327-1536x2048.jpg 1536w, https:\/\/sebetanne.co.uk\/hkblog\/wp-content\/uploads\/2022\/08\/20220809_172327-scaled.jpg 1920w\" sizes=\"auto, (max-width: 768px) 100vw, 768px\" \/><\/a><\/figure>\n\n\n\n<figure class=\"wp-block-image size-large\"><a href=\"https:\/\/sebetanne.co.uk\/hkblog\/wp-content\/uploads\/2022\/08\/20220809_173416-scaled.jpg\"><img loading=\"lazy\" decoding=\"async\" width=\"768\" height=\"1024\" data-id=\"11691\" src=\"https:\/\/sebetanne.co.uk\/hkblog\/wp-content\/uploads\/2022\/08\/20220809_173416-768x1024.jpg\" alt=\"\" class=\"wp-image-11691\" srcset=\"https:\/\/sebetanne.co.uk\/hkblog\/wp-content\/uploads\/2022\/08\/20220809_173416-768x1024.jpg 768w, https:\/\/sebetanne.co.uk\/hkblog\/wp-content\/uploads\/2022\/08\/20220809_173416-225x300.jpg 225w, https:\/\/sebetanne.co.uk\/hkblog\/wp-content\/uploads\/2022\/08\/20220809_173416-1152x1536.jpg 1152w, https:\/\/sebetanne.co.uk\/hkblog\/wp-content\/uploads\/2022\/08\/20220809_173416-1536x2048.jpg 1536w, https:\/\/sebetanne.co.uk\/hkblog\/wp-content\/uploads\/2022\/08\/20220809_173416-scaled.jpg 1920w\" sizes=\"auto, (max-width: 768px) 100vw, 768px\" \/><\/a><\/figure>\n\n\n\n<figure class=\"wp-block-image size-large\"><a href=\"https:\/\/sebetanne.co.uk\/hkblog\/wp-content\/uploads\/2022\/08\/20220809_173306-scaled.jpg\"><img loading=\"lazy\" decoding=\"async\" width=\"768\" height=\"1024\" data-id=\"11701\" src=\"https:\/\/sebetanne.co.uk\/hkblog\/wp-content\/uploads\/2022\/08\/20220809_173306-768x1024.jpg\" alt=\"\" class=\"wp-image-11701\" srcset=\"https:\/\/sebetanne.co.uk\/hkblog\/wp-content\/uploads\/2022\/08\/20220809_173306-768x1024.jpg 768w, https:\/\/sebetanne.co.uk\/hkblog\/wp-content\/uploads\/2022\/08\/20220809_173306-225x300.jpg 225w, https:\/\/sebetanne.co.uk\/hkblog\/wp-content\/uploads\/2022\/08\/20220809_173306-1152x1536.jpg 1152w, https:\/\/sebetanne.co.uk\/hkblog\/wp-content\/uploads\/2022\/08\/20220809_173306-1536x2048.jpg 1536w, https:\/\/sebetanne.co.uk\/hkblog\/wp-content\/uploads\/2022\/08\/20220809_173306-scaled.jpg 1920w\" sizes=\"auto, (max-width: 768px) 100vw, 768px\" \/><\/a><\/figure>\n<\/figure>\n\n\n\n<p>In preparation for the national day parade later in the day, streets were cordoned off. There was no car but a lot of people wearing red and white (like the Singapore flag!)<\/p>\n\n\n\n<p class=\"has-text-align-right\"><em>En pr\u00e9paration du d\u00e9fil\u00e9 de la f\u00eate nationale un peu plus tard dans la journ\u00e9e, les rues \u00e9taient interdites \u00e0 la circulation. Il n&#8217;y avait donc pas de voiture mais beaucoup de gens habill\u00e9s en rouge et blanc (comme le drapeau de Singapour !)<\/em><\/p>\n\n\n\n<figure class=\"wp-block-gallery has-nested-images columns-default is-cropped wp-block-gallery-2 is-layout-flex wp-block-gallery-is-layout-flex\">\n<figure class=\"wp-block-image size-large\"><a href=\"https:\/\/sebetanne.co.uk\/hkblog\/wp-content\/uploads\/2022\/08\/20220809_171135-scaled.jpg\"><img loading=\"lazy\" decoding=\"async\" width=\"2560\" height=\"1920\" data-id=\"11685\" src=\"https:\/\/sebetanne.co.uk\/hkblog\/wp-content\/uploads\/2022\/08\/20220809_171135-scaled.jpg\" alt=\"\" class=\"wp-image-11685\" srcset=\"https:\/\/sebetanne.co.uk\/hkblog\/wp-content\/uploads\/2022\/08\/20220809_171135-scaled.jpg 2560w, https:\/\/sebetanne.co.uk\/hkblog\/wp-content\/uploads\/2022\/08\/20220809_171135-300x225.jpg 300w, https:\/\/sebetanne.co.uk\/hkblog\/wp-content\/uploads\/2022\/08\/20220809_171135-1024x768.jpg 1024w, https:\/\/sebetanne.co.uk\/hkblog\/wp-content\/uploads\/2022\/08\/20220809_171135-768x576.jpg 768w, https:\/\/sebetanne.co.uk\/hkblog\/wp-content\/uploads\/2022\/08\/20220809_171135-1536x1152.jpg 1536w, https:\/\/sebetanne.co.uk\/hkblog\/wp-content\/uploads\/2022\/08\/20220809_171135-2048x1536.jpg 2048w\" sizes=\"auto, (max-width: 2560px) 100vw, 2560px\" \/><\/a><\/figure>\n\n\n\n<figure class=\"wp-block-image size-large\"><a href=\"https:\/\/sebetanne.co.uk\/hkblog\/wp-content\/uploads\/2022\/08\/20220809_171526-scaled.jpg\"><img loading=\"lazy\" decoding=\"async\" width=\"2560\" height=\"1920\" data-id=\"11705\" src=\"https:\/\/sebetanne.co.uk\/hkblog\/wp-content\/uploads\/2022\/08\/20220809_171526-scaled.jpg\" alt=\"\" class=\"wp-image-11705\" srcset=\"https:\/\/sebetanne.co.uk\/hkblog\/wp-content\/uploads\/2022\/08\/20220809_171526-scaled.jpg 2560w, https:\/\/sebetanne.co.uk\/hkblog\/wp-content\/uploads\/2022\/08\/20220809_171526-300x225.jpg 300w, https:\/\/sebetanne.co.uk\/hkblog\/wp-content\/uploads\/2022\/08\/20220809_171526-1024x768.jpg 1024w, https:\/\/sebetanne.co.uk\/hkblog\/wp-content\/uploads\/2022\/08\/20220809_171526-768x576.jpg 768w, https:\/\/sebetanne.co.uk\/hkblog\/wp-content\/uploads\/2022\/08\/20220809_171526-1536x1152.jpg 1536w, https:\/\/sebetanne.co.uk\/hkblog\/wp-content\/uploads\/2022\/08\/20220809_171526-2048x1536.jpg 2048w\" sizes=\"auto, (max-width: 2560px) 100vw, 2560px\" \/><\/a><\/figure>\n\n\n\n<figure class=\"wp-block-image size-large\"><a href=\"https:\/\/sebetanne.co.uk\/hkblog\/wp-content\/uploads\/2022\/08\/20220809_172512-scaled.jpg\"><img loading=\"lazy\" decoding=\"async\" width=\"2560\" height=\"1920\" data-id=\"11702\" src=\"https:\/\/sebetanne.co.uk\/hkblog\/wp-content\/uploads\/2022\/08\/20220809_172512-scaled.jpg\" alt=\"\" class=\"wp-image-11702\" srcset=\"https:\/\/sebetanne.co.uk\/hkblog\/wp-content\/uploads\/2022\/08\/20220809_172512-scaled.jpg 2560w, https:\/\/sebetanne.co.uk\/hkblog\/wp-content\/uploads\/2022\/08\/20220809_172512-300x225.jpg 300w, https:\/\/sebetanne.co.uk\/hkblog\/wp-content\/uploads\/2022\/08\/20220809_172512-1024x768.jpg 1024w, https:\/\/sebetanne.co.uk\/hkblog\/wp-content\/uploads\/2022\/08\/20220809_172512-768x576.jpg 768w, https:\/\/sebetanne.co.uk\/hkblog\/wp-content\/uploads\/2022\/08\/20220809_172512-1536x1152.jpg 1536w, https:\/\/sebetanne.co.uk\/hkblog\/wp-content\/uploads\/2022\/08\/20220809_172512-2048x1536.jpg 2048w\" sizes=\"auto, (max-width: 2560px) 100vw, 2560px\" \/><\/a><\/figure>\n\n\n\n<figure class=\"wp-block-image size-large\"><a href=\"https:\/\/sebetanne.co.uk\/hkblog\/wp-content\/uploads\/2022\/08\/20220809_172649-Copy.jpg\"><img loading=\"lazy\" decoding=\"async\" width=\"2400\" height=\"1800\" data-id=\"11704\" src=\"https:\/\/sebetanne.co.uk\/hkblog\/wp-content\/uploads\/2022\/08\/20220809_172649-Copy.jpg\" alt=\"\" class=\"wp-image-11704\" srcset=\"https:\/\/sebetanne.co.uk\/hkblog\/wp-content\/uploads\/2022\/08\/20220809_172649-Copy.jpg 2400w, https:\/\/sebetanne.co.uk\/hkblog\/wp-content\/uploads\/2022\/08\/20220809_172649-Copy-300x225.jpg 300w, https:\/\/sebetanne.co.uk\/hkblog\/wp-content\/uploads\/2022\/08\/20220809_172649-Copy-1024x768.jpg 1024w, https:\/\/sebetanne.co.uk\/hkblog\/wp-content\/uploads\/2022\/08\/20220809_172649-Copy-768x576.jpg 768w, https:\/\/sebetanne.co.uk\/hkblog\/wp-content\/uploads\/2022\/08\/20220809_172649-Copy-1536x1152.jpg 1536w, https:\/\/sebetanne.co.uk\/hkblog\/wp-content\/uploads\/2022\/08\/20220809_172649-Copy-2048x1536.jpg 2048w\" sizes=\"auto, (max-width: 2400px) 100vw, 2400px\" \/><\/a><\/figure>\n\n\n\n<figure class=\"wp-block-image size-large\"><a href=\"https:\/\/sebetanne.co.uk\/hkblog\/wp-content\/uploads\/2022\/08\/20220809_173341-scaled.jpg\"><img loading=\"lazy\" decoding=\"async\" width=\"2560\" height=\"1920\" data-id=\"11700\" src=\"https:\/\/sebetanne.co.uk\/hkblog\/wp-content\/uploads\/2022\/08\/20220809_173341-scaled.jpg\" alt=\"\" class=\"wp-image-11700\" srcset=\"https:\/\/sebetanne.co.uk\/hkblog\/wp-content\/uploads\/2022\/08\/20220809_173341-scaled.jpg 2560w, https:\/\/sebetanne.co.uk\/hkblog\/wp-content\/uploads\/2022\/08\/20220809_173341-300x225.jpg 300w, https:\/\/sebetanne.co.uk\/hkblog\/wp-content\/uploads\/2022\/08\/20220809_173341-1024x768.jpg 1024w, https:\/\/sebetanne.co.uk\/hkblog\/wp-content\/uploads\/2022\/08\/20220809_173341-768x576.jpg 768w, https:\/\/sebetanne.co.uk\/hkblog\/wp-content\/uploads\/2022\/08\/20220809_173341-1536x1152.jpg 1536w, https:\/\/sebetanne.co.uk\/hkblog\/wp-content\/uploads\/2022\/08\/20220809_173341-2048x1536.jpg 2048w\" sizes=\"auto, (max-width: 2560px) 100vw, 2560px\" \/><\/a><figcaption>A whiff of Canary Wharf \/ <em>Un peu comme \u00e0 Canary Wharf<\/em><\/figcaption><\/figure>\n<\/figure>\n\n\n\n<p>There was a definite London vibe!<\/p>\n\n\n\n<p class=\"has-text-align-right\"><em>On se serait crus \u00e0 Londres !<\/em><\/p>\n\n\n\n<figure class=\"wp-block-gallery has-nested-images columns-default is-cropped wp-block-gallery-3 is-layout-flex wp-block-gallery-is-layout-flex\">\n<figure class=\"wp-block-image size-large\"><img loading=\"lazy\" decoding=\"async\" width=\"1920\" height=\"2560\" data-id=\"11690\" src=\"https:\/\/sebetanne.co.uk\/hkblog\/wp-content\/uploads\/2022\/08\/20220809_175256-scaled.jpg\" alt=\"\" class=\"wp-image-11690\" srcset=\"https:\/\/sebetanne.co.uk\/hkblog\/wp-content\/uploads\/2022\/08\/20220809_175256-scaled.jpg 1920w, https:\/\/sebetanne.co.uk\/hkblog\/wp-content\/uploads\/2022\/08\/20220809_175256-225x300.jpg 225w, https:\/\/sebetanne.co.uk\/hkblog\/wp-content\/uploads\/2022\/08\/20220809_175256-768x1024.jpg 768w, https:\/\/sebetanne.co.uk\/hkblog\/wp-content\/uploads\/2022\/08\/20220809_175256-1152x1536.jpg 1152w, https:\/\/sebetanne.co.uk\/hkblog\/wp-content\/uploads\/2022\/08\/20220809_175256-1536x2048.jpg 1536w\" sizes=\"auto, (max-width: 1920px) 100vw, 1920px\" \/><figcaption>Cheers! \/ A la votre !<\/figcaption><\/figure>\n<\/figure>\n","protected":false},"excerpt":{"rendered":"<p>9th August is Emilie&#8217;s birthday but it&#8217;s also Singapore Independence day. It was also our second day in Singapore so[&#8230;]<\/p>\n","protected":false},"author":1,"featured_media":11517,"parent":11520,"menu_order":1,"comment_status":"open","ping_status":"closed","template":"template-fullwidth.php","meta":{"footnotes":""},"class_list":["post-11504","page","type-page","status-publish","has-post-thumbnail","hentry"],"post_mailing_queue_ids":[],"_links":{"self":[{"href":"https:\/\/sebetanne.co.uk\/hkblog\/wp-json\/wp\/v2\/pages\/11504","targetHints":{"allow":["GET"]}}],"collection":[{"href":"https:\/\/sebetanne.co.uk\/hkblog\/wp-json\/wp\/v2\/pages"}],"about":[{"href":"https:\/\/sebetanne.co.uk\/hkblog\/wp-json\/wp\/v2\/types\/page"}],"author":[{"embeddable":true,"href":"https:\/\/sebetanne.co.uk\/hkblog\/wp-json\/wp\/v2\/users\/1"}],"replies":[{"embeddable":true,"href":"https:\/\/sebetanne.co.uk\/hkblog\/wp-json\/wp\/v2\/comments?post=11504"}],"version-history":[{"count":4,"href":"https:\/\/sebetanne.co.uk\/hkblog\/wp-json\/wp\/v2\/pages\/11504\/revisions"}],"predecessor-version":[{"id":11720,"href":"https:\/\/sebetanne.co.uk\/hkblog\/wp-json\/wp\/v2\/pages\/11504\/revisions\/11720"}],"up":[{"embeddable":true,"href":"https:\/\/sebetanne.co.uk\/hkblog\/wp-json\/wp\/v2\/pages\/11520"}],"wp:featuredmedia":[{"embeddable":true,"href":"https:\/\/sebetanne.co.uk\/hkblog\/wp-json\/wp\/v2\/media\/11517"}],"wp:attachment":[{"href":"https:\/\/sebetanne.co.uk\/hkblog\/wp-json\/wp\/v2\/media?parent=11504"}],"curies":[{"name":"wp","href":"https:\/\/api.w.org\/{rel}","templated":true}]}}