{"id":10577,"date":"2022-07-07T13:50:46","date_gmt":"2022-07-07T13:50:46","guid":{"rendered":"https:\/\/sebetanne.co.uk\/hkblog\/?page_id=10577"},"modified":"2022-07-07T13:51:30","modified_gmt":"2022-07-07T13:51:30","slug":"st-stephens-cemetery-05-06-2022","status":"publish","type":"page","link":"https:\/\/sebetanne.co.uk\/hkblog\/gallery-photos\/hong-kong\/2022-2\/st-stephens-cemetery-05-06-2022\/","title":{"rendered":"St Stephen&#8217;s Cemetery &#8211; 05-06-2022"},"content":{"rendered":"\n<p>St Stephen&#8217;s is in Stanley, not too far from where we lived. My Italian teacher went there a few months ago and told me how beautiful it was. So I wanted to see with my own eyes. What a beautiful place to rest! With the view to the sea! It is an old cemetery not much in use anymore. It was sad to see so many children&#8217;s graves. Interestingly, there where different religions and nationalities side by side as it is a military cemetery last used in the 40&#8217;s during the Japanese occupation of Hong Kong.<\/p>\n\n\n\n<p class=\"has-text-align-right\"><em>Le cimeti\u00e8re de St Stephen est \u00e0 Stanley, pas trop loin de chez nous. Ma prof d&#8217;italien y est all\u00e9e il y a quelques mois et m&#8217;a dit \u00e0 quel point c&#8217;\u00e9tait beau. Alors je voulais voir de mes propres yeux. Quel bel endroit ! Avec la vue sur la mer ! Ce cimeti\u00e8re est vieux. Les tombes datent du d\u00e9but du 20e si\u00e8cle. C&#8217;\u00e9tait triste de voir tant de tombes d&#8217;enfants. Fait int\u00e9ressant, il y a diff\u00e9rentes religions et nationalit\u00e9s c\u00f4te \u00e0 c\u00f4te parce que c&#8217;est un cimeti\u00e8re militaire utilis\u00e9 pour la derni\u00e8re fois dans les ann\u00e9es 40 pendant l&#8217;occupation japonaise de Hong Kong.<\/em><\/p>\n\n\n\n<figure class=\"wp-block-gallery has-nested-images columns-default is-cropped wp-block-gallery-1 is-layout-flex wp-block-gallery-is-layout-flex\">\n<figure class=\"wp-block-image size-large\"><a href=\"https:\/\/sebetanne.co.uk\/hkblog\/wp-content\/uploads\/2022\/07\/20220605_160430-1.jpg\"><img loading=\"lazy\" decoding=\"async\" width=\"1897\" height=\"2479\" data-id=\"10606\" src=\"https:\/\/sebetanne.co.uk\/hkblog\/wp-content\/uploads\/2022\/07\/20220605_160430-1.jpg\" alt=\"\" class=\"wp-image-10606\" srcset=\"https:\/\/sebetanne.co.uk\/hkblog\/wp-content\/uploads\/2022\/07\/20220605_160430-1.jpg 1897w, https:\/\/sebetanne.co.uk\/hkblog\/wp-content\/uploads\/2022\/07\/20220605_160430-1-230x300.jpg 230w, https:\/\/sebetanne.co.uk\/hkblog\/wp-content\/uploads\/2022\/07\/20220605_160430-1-784x1024.jpg 784w, https:\/\/sebetanne.co.uk\/hkblog\/wp-content\/uploads\/2022\/07\/20220605_160430-1-768x1004.jpg 768w, https:\/\/sebetanne.co.uk\/hkblog\/wp-content\/uploads\/2022\/07\/20220605_160430-1-1175x1536.jpg 1175w, https:\/\/sebetanne.co.uk\/hkblog\/wp-content\/uploads\/2022\/07\/20220605_160430-1-1567x2048.jpg 1567w\" sizes=\"auto, (max-width: 1897px) 100vw, 1897px\" \/><\/a><\/figure>\n<figcaption class=\"blocks-gallery-caption\">A bit more about the cemetery \/ <em>Un peu plus de d\u00e9tails sur le cimeti\u00e8re<\/em><\/figcaption><\/figure>\n\n\n\n<figure class=\"wp-block-gallery has-nested-images columns-default is-cropped wp-block-gallery-2 is-layout-flex wp-block-gallery-is-layout-flex\">\n<figure class=\"wp-block-image size-large\"><a href=\"https:\/\/sebetanne.co.uk\/hkblog\/wp-content\/uploads\/2022\/07\/20220605_160919-scaled.jpg\"><img loading=\"lazy\" decoding=\"async\" width=\"1024\" height=\"768\" data-id=\"10589\" src=\"https:\/\/sebetanne.co.uk\/hkblog\/wp-content\/uploads\/2022\/07\/20220605_160919-1024x768.jpg\" alt=\"\" class=\"wp-image-10589\" srcset=\"https:\/\/sebetanne.co.uk\/hkblog\/wp-content\/uploads\/2022\/07\/20220605_160919-1024x768.jpg 1024w, https:\/\/sebetanne.co.uk\/hkblog\/wp-content\/uploads\/2022\/07\/20220605_160919-300x225.jpg 300w, https:\/\/sebetanne.co.uk\/hkblog\/wp-content\/uploads\/2022\/07\/20220605_160919-768x576.jpg 768w, https:\/\/sebetanne.co.uk\/hkblog\/wp-content\/uploads\/2022\/07\/20220605_160919-1536x1152.jpg 1536w, https:\/\/sebetanne.co.uk\/hkblog\/wp-content\/uploads\/2022\/07\/20220605_160919-2048x1536.jpg 2048w\" sizes=\"auto, (max-width: 1024px) 100vw, 1024px\" \/><\/a><\/figure>\n\n\n\n<figure class=\"wp-block-image size-large\"><a href=\"https:\/\/sebetanne.co.uk\/hkblog\/wp-content\/uploads\/2022\/07\/20220605_161657-scaled.jpg\"><img loading=\"lazy\" decoding=\"async\" width=\"1024\" height=\"768\" data-id=\"10586\" src=\"https:\/\/sebetanne.co.uk\/hkblog\/wp-content\/uploads\/2022\/07\/20220605_161657-1024x768.jpg\" alt=\"\" class=\"wp-image-10586\" srcset=\"https:\/\/sebetanne.co.uk\/hkblog\/wp-content\/uploads\/2022\/07\/20220605_161657-1024x768.jpg 1024w, https:\/\/sebetanne.co.uk\/hkblog\/wp-content\/uploads\/2022\/07\/20220605_161657-300x225.jpg 300w, https:\/\/sebetanne.co.uk\/hkblog\/wp-content\/uploads\/2022\/07\/20220605_161657-768x576.jpg 768w, https:\/\/sebetanne.co.uk\/hkblog\/wp-content\/uploads\/2022\/07\/20220605_161657-1536x1152.jpg 1536w, https:\/\/sebetanne.co.uk\/hkblog\/wp-content\/uploads\/2022\/07\/20220605_161657-2048x1536.jpg 2048w\" sizes=\"auto, (max-width: 1024px) 100vw, 1024px\" \/><\/a><\/figure>\n\n\n\n<figure class=\"wp-block-image size-large\"><a href=\"https:\/\/sebetanne.co.uk\/hkblog\/wp-content\/uploads\/2022\/07\/20220605_161912-Copy.jpg\"><img loading=\"lazy\" decoding=\"async\" width=\"1024\" height=\"768\" data-id=\"10590\" src=\"https:\/\/sebetanne.co.uk\/hkblog\/wp-content\/uploads\/2022\/07\/20220605_161912-Copy-1024x768.jpg\" alt=\"\" class=\"wp-image-10590\" srcset=\"https:\/\/sebetanne.co.uk\/hkblog\/wp-content\/uploads\/2022\/07\/20220605_161912-Copy-1024x768.jpg 1024w, https:\/\/sebetanne.co.uk\/hkblog\/wp-content\/uploads\/2022\/07\/20220605_161912-Copy-300x225.jpg 300w, https:\/\/sebetanne.co.uk\/hkblog\/wp-content\/uploads\/2022\/07\/20220605_161912-Copy-768x576.jpg 768w, https:\/\/sebetanne.co.uk\/hkblog\/wp-content\/uploads\/2022\/07\/20220605_161912-Copy-1536x1152.jpg 1536w, https:\/\/sebetanne.co.uk\/hkblog\/wp-content\/uploads\/2022\/07\/20220605_161912-Copy-2048x1536.jpg 2048w\" sizes=\"auto, (max-width: 1024px) 100vw, 1024px\" \/><\/a><\/figure>\n\n\n\n<figure class=\"wp-block-image size-large\"><a href=\"https:\/\/sebetanne.co.uk\/hkblog\/wp-content\/uploads\/2022\/07\/20220605_162003-Copy.jpg\"><img loading=\"lazy\" decoding=\"async\" width=\"1024\" height=\"768\" data-id=\"10597\" src=\"https:\/\/sebetanne.co.uk\/hkblog\/wp-content\/uploads\/2022\/07\/20220605_162003-Copy-1024x768.jpg\" alt=\"\" class=\"wp-image-10597\" srcset=\"https:\/\/sebetanne.co.uk\/hkblog\/wp-content\/uploads\/2022\/07\/20220605_162003-Copy-1024x768.jpg 1024w, https:\/\/sebetanne.co.uk\/hkblog\/wp-content\/uploads\/2022\/07\/20220605_162003-Copy-300x225.jpg 300w, https:\/\/sebetanne.co.uk\/hkblog\/wp-content\/uploads\/2022\/07\/20220605_162003-Copy-768x576.jpg 768w, https:\/\/sebetanne.co.uk\/hkblog\/wp-content\/uploads\/2022\/07\/20220605_162003-Copy-1536x1152.jpg 1536w, https:\/\/sebetanne.co.uk\/hkblog\/wp-content\/uploads\/2022\/07\/20220605_162003-Copy-2048x1536.jpg 2048w\" sizes=\"auto, (max-width: 1024px) 100vw, 1024px\" \/><\/a><\/figure>\n\n\n\n<figure class=\"wp-block-image size-large\"><a href=\"https:\/\/sebetanne.co.uk\/hkblog\/wp-content\/uploads\/2022\/07\/20220605_160949-scaled.jpg\"><img loading=\"lazy\" decoding=\"async\" width=\"768\" height=\"1024\" data-id=\"10585\" src=\"https:\/\/sebetanne.co.uk\/hkblog\/wp-content\/uploads\/2022\/07\/20220605_160949-768x1024.jpg\" alt=\"\" class=\"wp-image-10585\" srcset=\"https:\/\/sebetanne.co.uk\/hkblog\/wp-content\/uploads\/2022\/07\/20220605_160949-768x1024.jpg 768w, https:\/\/sebetanne.co.uk\/hkblog\/wp-content\/uploads\/2022\/07\/20220605_160949-225x300.jpg 225w, https:\/\/sebetanne.co.uk\/hkblog\/wp-content\/uploads\/2022\/07\/20220605_160949-1152x1536.jpg 1152w, https:\/\/sebetanne.co.uk\/hkblog\/wp-content\/uploads\/2022\/07\/20220605_160949-1536x2048.jpg 1536w, https:\/\/sebetanne.co.uk\/hkblog\/wp-content\/uploads\/2022\/07\/20220605_160949-scaled.jpg 1920w\" sizes=\"auto, (max-width: 768px) 100vw, 768px\" \/><\/a><\/figure>\n\n\n\n<figure class=\"wp-block-image size-large\"><a href=\"https:\/\/sebetanne.co.uk\/hkblog\/wp-content\/uploads\/2022\/07\/20220605_162434-Copy.jpg\"><img loading=\"lazy\" decoding=\"async\" width=\"768\" height=\"1024\" data-id=\"10598\" src=\"https:\/\/sebetanne.co.uk\/hkblog\/wp-content\/uploads\/2022\/07\/20220605_162434-Copy-768x1024.jpg\" alt=\"\" class=\"wp-image-10598\" srcset=\"https:\/\/sebetanne.co.uk\/hkblog\/wp-content\/uploads\/2022\/07\/20220605_162434-Copy-768x1024.jpg 768w, https:\/\/sebetanne.co.uk\/hkblog\/wp-content\/uploads\/2022\/07\/20220605_162434-Copy-225x300.jpg 225w, https:\/\/sebetanne.co.uk\/hkblog\/wp-content\/uploads\/2022\/07\/20220605_162434-Copy-1152x1536.jpg 1152w, https:\/\/sebetanne.co.uk\/hkblog\/wp-content\/uploads\/2022\/07\/20220605_162434-Copy-1536x2048.jpg 1536w, https:\/\/sebetanne.co.uk\/hkblog\/wp-content\/uploads\/2022\/07\/20220605_162434-Copy.jpg 1875w\" sizes=\"auto, (max-width: 768px) 100vw, 768px\" \/><\/a><\/figure>\n\n\n\n<figure class=\"wp-block-image size-large\"><a href=\"https:\/\/sebetanne.co.uk\/hkblog\/wp-content\/uploads\/2022\/07\/20220605_162228-scaled.jpg\"><img loading=\"lazy\" decoding=\"async\" width=\"1024\" height=\"768\" data-id=\"10587\" src=\"https:\/\/sebetanne.co.uk\/hkblog\/wp-content\/uploads\/2022\/07\/20220605_162228-1024x768.jpg\" alt=\"\" class=\"wp-image-10587\" srcset=\"https:\/\/sebetanne.co.uk\/hkblog\/wp-content\/uploads\/2022\/07\/20220605_162228-1024x768.jpg 1024w, https:\/\/sebetanne.co.uk\/hkblog\/wp-content\/uploads\/2022\/07\/20220605_162228-300x225.jpg 300w, https:\/\/sebetanne.co.uk\/hkblog\/wp-content\/uploads\/2022\/07\/20220605_162228-768x576.jpg 768w, https:\/\/sebetanne.co.uk\/hkblog\/wp-content\/uploads\/2022\/07\/20220605_162228-1536x1152.jpg 1536w, https:\/\/sebetanne.co.uk\/hkblog\/wp-content\/uploads\/2022\/07\/20220605_162228-2048x1536.jpg 2048w\" sizes=\"auto, (max-width: 1024px) 100vw, 1024px\" \/><\/a><\/figure>\n<\/figure>\n","protected":false},"excerpt":{"rendered":"<p>St Stephen&#8217;s is in Stanley, not too far from where we lived. My Italian teacher went there a few months[&#8230;]<\/p>\n","protected":false},"author":1,"featured_media":10584,"parent":10544,"menu_order":2,"comment_status":"open","ping_status":"closed","template":"","meta":{"footnotes":""},"class_list":["post-10577","page","type-page","status-publish","has-post-thumbnail","hentry"],"post_mailing_queue_ids":[],"_links":{"self":[{"href":"https:\/\/sebetanne.co.uk\/hkblog\/wp-json\/wp\/v2\/pages\/10577","targetHints":{"allow":["GET"]}}],"collection":[{"href":"https:\/\/sebetanne.co.uk\/hkblog\/wp-json\/wp\/v2\/pages"}],"about":[{"href":"https:\/\/sebetanne.co.uk\/hkblog\/wp-json\/wp\/v2\/types\/page"}],"author":[{"embeddable":true,"href":"https:\/\/sebetanne.co.uk\/hkblog\/wp-json\/wp\/v2\/users\/1"}],"replies":[{"embeddable":true,"href":"https:\/\/sebetanne.co.uk\/hkblog\/wp-json\/wp\/v2\/comments?post=10577"}],"version-history":[{"count":2,"href":"https:\/\/sebetanne.co.uk\/hkblog\/wp-json\/wp\/v2\/pages\/10577\/revisions"}],"predecessor-version":[{"id":10607,"href":"https:\/\/sebetanne.co.uk\/hkblog\/wp-json\/wp\/v2\/pages\/10577\/revisions\/10607"}],"up":[{"embeddable":true,"href":"https:\/\/sebetanne.co.uk\/hkblog\/wp-json\/wp\/v2\/pages\/10544"}],"wp:featuredmedia":[{"embeddable":true,"href":"https:\/\/sebetanne.co.uk\/hkblog\/wp-json\/wp\/v2\/media\/10584"}],"wp:attachment":[{"href":"https:\/\/sebetanne.co.uk\/hkblog\/wp-json\/wp\/v2\/media?parent=10577"}],"curies":[{"name":"wp","href":"https:\/\/api.w.org\/{rel}","templated":true}]}}